{"id":12139,"date":"2026-02-27T20:11:50","date_gmt":"2026-02-27T23:11:50","guid":{"rendered":"https:\/\/sexysiempre.com\/web\/?post_type=product&#038;p=12139"},"modified":"2026-02-27T20:11:51","modified_gmt":"2026-02-27T23:11:51","slug":"heat-wave-con-efecto-calor-y-control-por-app","status":"publish","type":"product","link":"https:\/\/sexysiempre.com\/web\/producto\/heat-wave-con-efecto-calor-y-control-por-app","title":{"rendered":"Heat Wave con efecto calor y control por app"},"content":{"rendered":"<p style=\"text-align: center;\">SA-2569<\/p>\n<p style=\"text-align: center;\">Satisfyer sigue sorprendiendo con la mejor calidad y dise\u00f1o en el mercado de Juguetes para Adultos.<\/p>\n<p style=\"text-align: center;\">Vibrador dise\u00f1ado para penetraci\u00f3n vaginal, estimulaci\u00f3n de Punto G y estimulaci\u00f3n clitorial, con efecto \u00abcalor\u00bb que puede ser manejado mediante una app gratuita. Resistente al agua, se sugiere utilizar con lubricante acuoso.<\/p>\n","protected":false},"excerpt":{"rendered":"<p>SA-2569 Satisfyer sigue sorprendiendo con la mejor calidad y dise\u00f1o en el mercado de Juguetes para Adultos. Vibrador dise\u00f1ado para penetraci\u00f3n vaginal, estimulaci\u00f3n de Punto G y estimulaci\u00f3n clitorial, con efecto \u00abcalor\u00bb que puede ser manejado mediante una app gratuita. Resistente al agua, se sugiere utilizar con lubricante acuoso.<\/p>\n","protected":false},"featured_media":12140,"template":"","meta":[],"product_brand":[],"product_cat":[6,275],"product_tag":[473,666],"class_list":{"0":"post-12139","1":"product","2":"type-product","3":"status-publish","4":"has-post-thumbnail","6":"product_cat-juguetes-accesorios-y-sexshop","7":"product_cat-alta-gama-rotadores-y-otros","8":"product_tag-satisfyer","9":"product_tag-sexshop-ushtierra-del-fuego","11":"first","12":"instock","13":"shipping-taxable","14":"product-type-simple"},"_links":{"self":[{"href":"https:\/\/sexysiempre.com\/web\/wp-json\/wp\/v2\/product\/12139","targetHints":{"allow":["GET"]}}],"collection":[{"href":"https:\/\/sexysiempre.com\/web\/wp-json\/wp\/v2\/product"}],"about":[{"href":"https:\/\/sexysiempre.com\/web\/wp-json\/wp\/v2\/types\/product"}],"wp:featuredmedia":[{"embeddable":true,"href":"https:\/\/sexysiempre.com\/web\/wp-json\/wp\/v2\/media\/12140"}],"wp:attachment":[{"href":"https:\/\/sexysiempre.com\/web\/wp-json\/wp\/v2\/media?parent=12139"}],"wp:term":[{"taxonomy":"product_brand","embeddable":true,"href":"https:\/\/sexysiempre.com\/web\/wp-json\/wp\/v2\/product_brand?post=12139"},{"taxonomy":"product_cat","embeddable":true,"href":"https:\/\/sexysiempre.com\/web\/wp-json\/wp\/v2\/product_cat?post=12139"},{"taxonomy":"product_tag","embeddable":true,"href":"https:\/\/sexysiempre.com\/web\/wp-json\/wp\/v2\/product_tag?post=12139"}],"curies":[{"name":"wp","href":"https:\/\/api.w.org\/{rel}","templated":true}]}}