{"id":12148,"date":"2026-02-27T20:32:48","date_gmt":"2026-02-27T23:32:48","guid":{"rendered":"https:\/\/sexysiempre.com\/web\/?post_type=product&#038;p=12148"},"modified":"2026-02-27T20:33:01","modified_gmt":"2026-02-27T23:33:01","slug":"dual-kiss-black-succionador-de-clitoris-y-vibrador","status":"publish","type":"product","link":"https:\/\/sexysiempre.com\/web\/producto\/dual-kiss-black-succionador-de-clitoris-y-vibrador","title":{"rendered":"Dual Kiss Black Succionador de Cl\u00edtoris y vibrador."},"content":{"rendered":"<p style=\"text-align: center;\">SA-3009<\/p>\n<p style=\"text-align: center;\">Tan est\u00e9tico como placentero, en su parte superior succiona cl\u00edtoris y en todo su mango vibra permitiendo penetraci\u00f3n. Recargable por USB, resistente al agua, se sugiere utilizar con lubricante acuoso.<\/p>\n<p style=\"text-align: center;\">Otro producto de Satisfyer con la mejor calidad y dise\u00f1o.<\/p>\n","protected":false},"excerpt":{"rendered":"<p>SA-3009 Tan est\u00e9tico como placentero, en su parte superior succiona cl\u00edtoris y en todo su mango vibra permitiendo penetraci\u00f3n. Recargable por USB, resistente al agua, se sugiere utilizar con lubricante acuoso. Otro producto de Satisfyer con la mejor calidad y dise\u00f1o.<\/p>\n","protected":false},"featured_media":12149,"template":"","meta":[],"product_brand":[],"product_cat":[6,275],"product_tag":[473,446,357,146,25],"class_list":{"0":"post-12148","1":"product","2":"type-product","3":"status-publish","4":"has-post-thumbnail","6":"product_cat-juguetes-accesorios-y-sexshop","7":"product_cat-alta-gama-rotadores-y-otros","8":"product_tag-satisfyer","9":"product_tag-sexshop-ushuaia-2","10":"product_tag-succionador","11":"product_tag-tierra-del-fuego","12":"product_tag-vibrador","14":"first","15":"instock","16":"shipping-taxable","17":"product-type-simple"},"_links":{"self":[{"href":"https:\/\/sexysiempre.com\/web\/wp-json\/wp\/v2\/product\/12148","targetHints":{"allow":["GET"]}}],"collection":[{"href":"https:\/\/sexysiempre.com\/web\/wp-json\/wp\/v2\/product"}],"about":[{"href":"https:\/\/sexysiempre.com\/web\/wp-json\/wp\/v2\/types\/product"}],"wp:featuredmedia":[{"embeddable":true,"href":"https:\/\/sexysiempre.com\/web\/wp-json\/wp\/v2\/media\/12149"}],"wp:attachment":[{"href":"https:\/\/sexysiempre.com\/web\/wp-json\/wp\/v2\/media?parent=12148"}],"wp:term":[{"taxonomy":"product_brand","embeddable":true,"href":"https:\/\/sexysiempre.com\/web\/wp-json\/wp\/v2\/product_brand?post=12148"},{"taxonomy":"product_cat","embeddable":true,"href":"https:\/\/sexysiempre.com\/web\/wp-json\/wp\/v2\/product_cat?post=12148"},{"taxonomy":"product_tag","embeddable":true,"href":"https:\/\/sexysiempre.com\/web\/wp-json\/wp\/v2\/product_tag?post=12148"}],"curies":[{"name":"wp","href":"https:\/\/api.w.org\/{rel}","templated":true}]}}