{"id":12151,"date":"2026-02-27T20:48:45","date_gmt":"2026-02-27T23:48:45","guid":{"rendered":"https:\/\/sexysiempre.com\/web\/?post_type=product&#038;p=12151"},"modified":"2026-02-27T20:48:59","modified_gmt":"2026-02-27T23:48:59","slug":"succionador-curvy-1-satisfyer","status":"publish","type":"product","link":"https:\/\/sexysiempre.com\/web\/producto\/succionador-curvy-1-satisfyer","title":{"rendered":"Succionador Curvy 1 Satisfyer"},"content":{"rendered":"<p style=\"text-align: center;\">SA-7496-55<\/p>\n<div style=\"text-align: center;\">Vibrador de ondas de presi\u00f3n que envuelve suavemente el cl\u00edtoris gracias a su delicado cabezal de silicona y\u00a0 lleva a alcanzar unos impresionantes orgasmos gracias a la estimulaci\u00f3n de las ondas de presi\u00f3n sin contacto y a las exquisitas vibraciones. Selecciona entre los excitantes niveles de intensidad de las ondas de presi\u00f3n y comb\u00ednalos libremente con los programas de vibraci\u00f3n; es muy sencillo dejar que este generador de placer te llene de ondas de excitaci\u00f3n. \u00bfTe gusta disfrutar de tu bienestar sexual bajo la ducha o en una relajante ba\u00f1era llena de espuma? No hay ning\u00fan problema, ya que el Curvy es impermeable (grado de protecci\u00f3n IPX7) y por lo tanto te puede acompa\u00f1ar en una aventura apasionante. Si pierde su potencia, puedes recargar f\u00e1cilmente y de forma ecol\u00f3gica las bater\u00edas de iones de litio utilizando el cable de carga magn\u00e9tico por USB proporcionado.<\/div>\n<div style=\"text-align: center;\"><\/div>\n<div style=\"text-align: center;\">\u00bfQu\u00e9 ventajas ofrece la aplicaci\u00f3n Satisfyer Connect?<\/div>\n<div style=\"text-align: center;\">Lo especial de esta belleza no es \u00fanicamente su forma ergon\u00f3mica y su impresionante rendimiento, sino tambi\u00e9n la posibilidad de aportar una nueva perspectiva a tu vida amorosa a trav\u00e9s de la aplicaci\u00f3n de control. Con la aplicaci\u00f3n Satisfyer Connect, disponible de forma gratuita para Android e iOS, puedes conectar el Satisfyer Curvy\u00a0 a tu smartphone mediante Bluetooth o Internet, y utilizarlo luego como control remoto. Si lo deseas, incluso tu Apple Watch y tu tableta pueden encargarse de controlar la estimulaci\u00f3n de tu cl\u00edtoris. Con la aplicaci\u00f3n puedes transformar el sonido ambiental en vibraciones apasionantes que puedes experimentar directamente a trav\u00e9s de tu Satisfyer. Incluso es posible pasar listas de reproducci\u00f3n enteras de Spotify como ritmos para tu proveedor de placer. Por supuesto, tambi\u00e9n puedes entregar el control a tu pareja o a otros usuarios y dejar que te estimulen a trav\u00e9s de la aplicaci\u00f3n, ya sea en directo, a distancia o a trav\u00e9s de videochat. El camino hacia los orgasmos pulsantes nunca ha sido tan f\u00e1cil.<\/div>\n<div style=\"text-align: center;\">Evidentemente, la aplicaci\u00f3n Satisfyer Connect cumple con el RGPD y con las normas de protecci\u00f3n de datos alemanas y europeas. Gracias a la continua encriptaci\u00f3n que hemos implementado, el juego sexual en pareja quedar\u00e1 exclusivamente entre vosotros.<\/div>\n<div style=\"text-align: center;\">\u00a1Atr\u00e9vete ahora mismo a probar el Satisfyer Curvy\u00a0 con el innovador control mediante la aplicaci\u00f3n y dale un nuevo sentido a tus relaciones sexuales!<\/div>\n","protected":false},"excerpt":{"rendered":"<p>SA-7496-55 Vibrador de ondas de presi\u00f3n que envuelve suavemente el cl\u00edtoris gracias a su delicado cabezal de silicona y\u00a0 lleva a alcanzar unos impresionantes orgasmos gracias a la estimulaci\u00f3n de las ondas de presi\u00f3n sin contacto y a las exquisitas vibraciones. Selecciona entre los excitantes niveles de intensidad de las ondas de presi\u00f3n y comb\u00ednalos [&hellip;]<\/p>\n","protected":false},"featured_media":12153,"template":"","meta":[],"product_brand":[],"product_cat":[6,275],"product_tag":[446,357,146],"class_list":{"0":"post-12151","1":"product","2":"type-product","3":"status-publish","4":"has-post-thumbnail","6":"product_cat-juguetes-accesorios-y-sexshop","7":"product_cat-alta-gama-rotadores-y-otros","8":"product_tag-sexshop-ushuaia-2","9":"product_tag-succionador","10":"product_tag-tierra-del-fuego","12":"first","13":"instock","14":"shipping-taxable","15":"product-type-simple"},"_links":{"self":[{"href":"https:\/\/sexysiempre.com\/web\/wp-json\/wp\/v2\/product\/12151","targetHints":{"allow":["GET"]}}],"collection":[{"href":"https:\/\/sexysiempre.com\/web\/wp-json\/wp\/v2\/product"}],"about":[{"href":"https:\/\/sexysiempre.com\/web\/wp-json\/wp\/v2\/types\/product"}],"wp:featuredmedia":[{"embeddable":true,"href":"https:\/\/sexysiempre.com\/web\/wp-json\/wp\/v2\/media\/12153"}],"wp:attachment":[{"href":"https:\/\/sexysiempre.com\/web\/wp-json\/wp\/v2\/media?parent=12151"}],"wp:term":[{"taxonomy":"product_brand","embeddable":true,"href":"https:\/\/sexysiempre.com\/web\/wp-json\/wp\/v2\/product_brand?post=12151"},{"taxonomy":"product_cat","embeddable":true,"href":"https:\/\/sexysiempre.com\/web\/wp-json\/wp\/v2\/product_cat?post=12151"},{"taxonomy":"product_tag","embeddable":true,"href":"https:\/\/sexysiempre.com\/web\/wp-json\/wp\/v2\/product_tag?post=12151"}],"curies":[{"name":"wp","href":"https:\/\/api.w.org\/{rel}","templated":true}]}}