{"id":12161,"date":"2026-02-28T17:06:52","date_gmt":"2026-02-28T20:06:52","guid":{"rendered":"https:\/\/sexysiempre.com\/web\/?post_type=product&#038;p=12161"},"modified":"2026-02-28T17:08:46","modified_gmt":"2026-02-28T20:08:46","slug":"classic-blossom-pro-2-la-rosa-de-sarisfyer","status":"publish","type":"product","link":"https:\/\/sexysiempre.com\/web\/producto\/classic-blossom-pro-2-la-rosa-de-sarisfyer","title":{"rendered":"Classic Blossom Pro 2, \u00bb La Rosa de Satisfyer\u00bb"},"content":{"rendered":"<p style=\"text-align: center;\">SA-6004<\/p>\n<p style=\"text-align: center;\">Succionador con membrana en silicona hipoalerg\u00e9nica, en peque\u00f1o tama\u00f1o, resistente al agua, nueva tecnolog\u00eda Liquid Air imita la oleada sensual del agua en movimiento. Once programas de ondas de presi\u00f3n y estimulaci\u00f3n del cl\u00edtoris sin contacto. Es otro producto de excelente de Satisfyer.<\/p>\n","protected":false},"excerpt":{"rendered":"<p>SA-6004 Succionador con membrana en silicona hipoalerg\u00e9nica, en peque\u00f1o tama\u00f1o, resistente al agua, nueva tecnolog\u00eda Liquid Air imita la oleada sensual del agua en movimiento. Once programas de ondas de presi\u00f3n y estimulaci\u00f3n del cl\u00edtoris sin contacto. Es otro producto de excelente de Satisfyer.<\/p>\n","protected":false},"featured_media":12163,"template":"","meta":[],"product_brand":[],"product_cat":[6,275],"product_tag":[473,446,459,146],"class_list":{"0":"post-12161","1":"product","2":"type-product","3":"status-publish","4":"has-post-thumbnail","6":"product_cat-juguetes-accesorios-y-sexshop","7":"product_cat-alta-gama-rotadores-y-otros","8":"product_tag-satisfyer","9":"product_tag-sexshop-ushuaia-2","10":"product_tag-succionadores","11":"product_tag-tierra-del-fuego","13":"first","14":"instock","15":"shipping-taxable","16":"product-type-simple"},"_links":{"self":[{"href":"https:\/\/sexysiempre.com\/web\/wp-json\/wp\/v2\/product\/12161","targetHints":{"allow":["GET"]}}],"collection":[{"href":"https:\/\/sexysiempre.com\/web\/wp-json\/wp\/v2\/product"}],"about":[{"href":"https:\/\/sexysiempre.com\/web\/wp-json\/wp\/v2\/types\/product"}],"wp:featuredmedia":[{"embeddable":true,"href":"https:\/\/sexysiempre.com\/web\/wp-json\/wp\/v2\/media\/12163"}],"wp:attachment":[{"href":"https:\/\/sexysiempre.com\/web\/wp-json\/wp\/v2\/media?parent=12161"}],"wp:term":[{"taxonomy":"product_brand","embeddable":true,"href":"https:\/\/sexysiempre.com\/web\/wp-json\/wp\/v2\/product_brand?post=12161"},{"taxonomy":"product_cat","embeddable":true,"href":"https:\/\/sexysiempre.com\/web\/wp-json\/wp\/v2\/product_cat?post=12161"},{"taxonomy":"product_tag","embeddable":true,"href":"https:\/\/sexysiempre.com\/web\/wp-json\/wp\/v2\/product_tag?post=12161"}],"curies":[{"name":"wp","href":"https:\/\/api.w.org\/{rel}","templated":true}]}}