{"id":12164,"date":"2026-02-28T17:17:07","date_gmt":"2026-02-28T20:17:07","guid":{"rendered":"https:\/\/sexysiempre.com\/web\/?post_type=product&#038;p=12164"},"modified":"2026-02-28T18:08:23","modified_gmt":"2026-02-28T21:08:23","slug":"orca-mucho-mas-que-un-succionador","status":"publish","type":"product","link":"https:\/\/sexysiempre.com\/web\/producto\/orca-mucho-mas-que-un-succionador","title":{"rendered":"Orca, mucho mas que un succionador"},"content":{"rendered":"<p style=\"text-align: center;\">SA-8689<\/p>\n<p style=\"text-align: center;\">Estimulaci\u00f3n de cl\u00edtoris por ondas de presi\u00f3n y vibraci\u00f3n, en silicona hipoalerg\u00e9nica. Posee 12 programas de vibraci\u00f3n y 11 intensidades de tecnolog\u00eda de ondas a presi\u00f3n con dos motores de control por separado y adem\u00e1s su modo susurro es altamente atrapante.<\/p>\n","protected":false},"excerpt":{"rendered":"<p>SA-8689 Estimulaci\u00f3n de cl\u00edtoris por ondas de presi\u00f3n y vibraci\u00f3n, en silicona hipoalerg\u00e9nica. Posee 12 programas de vibraci\u00f3n y 11 intensidades de tecnolog\u00eda de ondas a presi\u00f3n con dos motores de control por separado y adem\u00e1s su modo susurro es altamente atrapante.<\/p>\n","protected":false},"featured_media":12165,"template":"","meta":[],"product_brand":[],"product_cat":[6,275],"product_tag":[473,446,459,146],"class_list":{"0":"post-12164","1":"product","2":"type-product","3":"status-publish","4":"has-post-thumbnail","6":"product_cat-juguetes-accesorios-y-sexshop","7":"product_cat-alta-gama-rotadores-y-otros","8":"product_tag-satisfyer","9":"product_tag-sexshop-ushuaia-2","10":"product_tag-succionadores","11":"product_tag-tierra-del-fuego","13":"first","14":"instock","15":"shipping-taxable","16":"product-type-simple"},"_links":{"self":[{"href":"https:\/\/sexysiempre.com\/web\/wp-json\/wp\/v2\/product\/12164","targetHints":{"allow":["GET"]}}],"collection":[{"href":"https:\/\/sexysiempre.com\/web\/wp-json\/wp\/v2\/product"}],"about":[{"href":"https:\/\/sexysiempre.com\/web\/wp-json\/wp\/v2\/types\/product"}],"wp:featuredmedia":[{"embeddable":true,"href":"https:\/\/sexysiempre.com\/web\/wp-json\/wp\/v2\/media\/12165"}],"wp:attachment":[{"href":"https:\/\/sexysiempre.com\/web\/wp-json\/wp\/v2\/media?parent=12164"}],"wp:term":[{"taxonomy":"product_brand","embeddable":true,"href":"https:\/\/sexysiempre.com\/web\/wp-json\/wp\/v2\/product_brand?post=12164"},{"taxonomy":"product_cat","embeddable":true,"href":"https:\/\/sexysiempre.com\/web\/wp-json\/wp\/v2\/product_cat?post=12164"},{"taxonomy":"product_tag","embeddable":true,"href":"https:\/\/sexysiempre.com\/web\/wp-json\/wp\/v2\/product_tag?post=12164"}],"curies":[{"name":"wp","href":"https:\/\/api.w.org\/{rel}","templated":true}]}}