{"id":12167,"date":"2026-02-28T17:27:29","date_gmt":"2026-02-28T20:27:29","guid":{"rendered":"https:\/\/sexysiempre.com\/web\/?post_type=product&#038;p=12167"},"modified":"2026-03-14T17:13:56","modified_gmt":"2026-03-14T20:13:56","slug":"supernova-vibracion-y-succion-clitorial-y-g-spot-stimulation-air-pulse","status":"publish","type":"product","link":"https:\/\/sexysiempre.com\/web\/producto\/supernova-vibracion-y-succion-clitorial-y-g-spot-stimulation-air-pulse","title":{"rendered":"Supernova, vibraci\u00f3n y succi\u00f3n. Clitorial y G-Spot Stimulation. Air Pulse"},"content":{"rendered":"<p style=\"text-align: center;\">SA-9735<\/p>\n<p style=\"text-align: center;\">Con dise\u00f1o flexible y maleable, permite penetraci\u00f3n vaginal y succi\u00f3n clitorial al mismo tiempo o en forma alternada. Estimulaci\u00f3n del cl\u00edtoris por ondas de presi\u00f3n y estimulaci\u00f3n del Punto G por vibraci\u00f3n. Posee 12 programas de vibraci\u00f3n y 11 intensidades de tecnolog\u00eda de ondas a presi\u00f3n, con dos motores de control por separado. Impermeable con modo susurro. Recargable por USB.<\/p>\n<p style=\"text-align: center;\">S\u00f3lo Satisfyer puede brindar tanto dise\u00f1o, calidad y placer en un s\u00f3lo producto.<\/p>\n","protected":false},"excerpt":{"rendered":"<p>SA-9735 Con dise\u00f1o flexible y maleable, permite penetraci\u00f3n vaginal y succi\u00f3n clitorial al mismo tiempo o en forma alternada. Estimulaci\u00f3n del cl\u00edtoris por ondas de presi\u00f3n y estimulaci\u00f3n del Punto G por vibraci\u00f3n. Posee 12 programas de vibraci\u00f3n y 11 intensidades de tecnolog\u00eda de ondas a presi\u00f3n, con dos motores de control por separado. Impermeable [&hellip;]<\/p>\n","protected":false},"featured_media":12168,"template":"","meta":[],"product_brand":[],"product_cat":[6,275],"product_tag":[473,446,459,146,89],"class_list":{"0":"post-12167","1":"product","2":"type-product","3":"status-publish","4":"has-post-thumbnail","6":"product_cat-juguetes-accesorios-y-sexshop","7":"product_cat-alta-gama-rotadores-y-otros","8":"product_tag-satisfyer","9":"product_tag-sexshop-ushuaia-2","10":"product_tag-succionadores","11":"product_tag-tierra-del-fuego","12":"product_tag-vibradores-2","14":"first","15":"outofstock","16":"shipping-taxable","17":"product-type-simple"},"_links":{"self":[{"href":"https:\/\/sexysiempre.com\/web\/wp-json\/wp\/v2\/product\/12167","targetHints":{"allow":["GET"]}}],"collection":[{"href":"https:\/\/sexysiempre.com\/web\/wp-json\/wp\/v2\/product"}],"about":[{"href":"https:\/\/sexysiempre.com\/web\/wp-json\/wp\/v2\/types\/product"}],"wp:featuredmedia":[{"embeddable":true,"href":"https:\/\/sexysiempre.com\/web\/wp-json\/wp\/v2\/media\/12168"}],"wp:attachment":[{"href":"https:\/\/sexysiempre.com\/web\/wp-json\/wp\/v2\/media?parent=12167"}],"wp:term":[{"taxonomy":"product_brand","embeddable":true,"href":"https:\/\/sexysiempre.com\/web\/wp-json\/wp\/v2\/product_brand?post=12167"},{"taxonomy":"product_cat","embeddable":true,"href":"https:\/\/sexysiempre.com\/web\/wp-json\/wp\/v2\/product_cat?post=12167"},{"taxonomy":"product_tag","embeddable":true,"href":"https:\/\/sexysiempre.com\/web\/wp-json\/wp\/v2\/product_tag?post=12167"}],"curies":[{"name":"wp","href":"https:\/\/api.w.org\/{rel}","templated":true}]}}