{"id":12170,"date":"2026-02-28T17:35:26","date_gmt":"2026-02-28T20:35:26","guid":{"rendered":"https:\/\/sexysiempre.com\/web\/?post_type=product&#038;p=12170"},"modified":"2026-02-28T17:35:27","modified_gmt":"2026-02-28T20:35:27","slug":"panda-adorable-panda-look","status":"publish","type":"product","link":"https:\/\/sexysiempre.com\/web\/producto\/panda-adorable-panda-look","title":{"rendered":"Panda..!! Adorable Panda Look."},"content":{"rendered":"<p style=\"text-align: center;\">SA-5878<\/p>\n<p style=\"text-align: center;\">Estimulaci\u00f3n de cl\u00edtoris por onda de presi\u00f3n y vibraci\u00f3n. Silicona hipoalerg\u00e9nica super agradable al cuerpo. Impermeable con 12 programas de vibraci\u00f3n y 11 intensidades de tecnolog\u00eda de ondas a presi\u00f3n, con dos motores independientes que pueden manejarse en forma conjunta o por separado.<\/p>\n<p style=\"text-align: center;\">Panda es sin duda, otro de los maravillosos productos de Satisfyer.<\/p>\n","protected":false},"excerpt":{"rendered":"<p>SA-5878 Estimulaci\u00f3n de cl\u00edtoris por onda de presi\u00f3n y vibraci\u00f3n. Silicona hipoalerg\u00e9nica super agradable al cuerpo. Impermeable con 12 programas de vibraci\u00f3n y 11 intensidades de tecnolog\u00eda de ondas a presi\u00f3n, con dos motores independientes que pueden manejarse en forma conjunta o por separado. Panda es sin duda, otro de los maravillosos productos de Satisfyer.<\/p>\n","protected":false},"featured_media":12171,"template":"","meta":[],"product_brand":[],"product_cat":[6,275],"product_tag":[473,667,459],"class_list":{"0":"post-12170","1":"product","2":"type-product","3":"status-publish","4":"has-post-thumbnail","6":"product_cat-juguetes-accesorios-y-sexshop","7":"product_cat-alta-gama-rotadores-y-otros","8":"product_tag-satisfyer","9":"product_tag-sexshop-ushuaitierra-del-fuego","10":"product_tag-succionadores","12":"first","13":"instock","14":"shipping-taxable","15":"product-type-simple"},"_links":{"self":[{"href":"https:\/\/sexysiempre.com\/web\/wp-json\/wp\/v2\/product\/12170","targetHints":{"allow":["GET"]}}],"collection":[{"href":"https:\/\/sexysiempre.com\/web\/wp-json\/wp\/v2\/product"}],"about":[{"href":"https:\/\/sexysiempre.com\/web\/wp-json\/wp\/v2\/types\/product"}],"wp:featuredmedia":[{"embeddable":true,"href":"https:\/\/sexysiempre.com\/web\/wp-json\/wp\/v2\/media\/12171"}],"wp:attachment":[{"href":"https:\/\/sexysiempre.com\/web\/wp-json\/wp\/v2\/media?parent=12170"}],"wp:term":[{"taxonomy":"product_brand","embeddable":true,"href":"https:\/\/sexysiempre.com\/web\/wp-json\/wp\/v2\/product_brand?post=12170"},{"taxonomy":"product_cat","embeddable":true,"href":"https:\/\/sexysiempre.com\/web\/wp-json\/wp\/v2\/product_cat?post=12170"},{"taxonomy":"product_tag","embeddable":true,"href":"https:\/\/sexysiempre.com\/web\/wp-json\/wp\/v2\/product_tag?post=12170"}],"curies":[{"name":"wp","href":"https:\/\/api.w.org\/{rel}","templated":true}]}}