{"id":12271,"date":"2026-04-25T15:18:12","date_gmt":"2026-04-25T18:18:12","guid":{"rendered":"https:\/\/sexysiempre.com\/web\/?post_type=product&#038;p=12271"},"modified":"2026-04-25T15:18:13","modified_gmt":"2026-04-25T18:18:13","slug":"monsters-minotaurio","status":"publish","type":"product","link":"https:\/\/sexysiempre.com\/web\/producto\/monsters-minotaurio","title":{"rendered":"Monsters Minotaurio"},"content":{"rendered":"<p style=\"text-align: center;\">PL-08148<\/p>\n<p style=\"text-align: center;\">L\u00ednea Power para hacer realidad tus fantas\u00edas, en silicona premium, firme y flexible a la vez, apto para arn\u00e9s.<\/p>\n<p style=\"text-align: center;\">Medidas aproximadas 21 x 4.5cm<\/p>\n","protected":false},"excerpt":{"rendered":"<p>PL-08148 L\u00ednea Power para hacer realidad tus fantas\u00edas, en silicona premium, firme y flexible a la vez, apto para arn\u00e9s. Medidas aproximadas 21 x 4.5cm<\/p>\n","protected":false},"featured_media":12272,"template":"","meta":[],"product_brand":[],"product_cat":[6,18],"product_tag":[679,147,446,146],"class_list":{"0":"post-12271","1":"product","2":"type-product","3":"status-publish","4":"has-post-thumbnail","6":"product_cat-juguetes-accesorios-y-sexshop","7":"product_cat-vibradores-jelly-ventosas-y-macizos","8":"product_tag-consoladores-monsters","9":"product_tag-rio-grande","10":"product_tag-sexshop-ushuaia-2","11":"product_tag-tierra-del-fuego","13":"first","14":"instock","15":"shipping-taxable","16":"product-type-simple"},"_links":{"self":[{"href":"https:\/\/sexysiempre.com\/web\/wp-json\/wp\/v2\/product\/12271","targetHints":{"allow":["GET"]}}],"collection":[{"href":"https:\/\/sexysiempre.com\/web\/wp-json\/wp\/v2\/product"}],"about":[{"href":"https:\/\/sexysiempre.com\/web\/wp-json\/wp\/v2\/types\/product"}],"wp:featuredmedia":[{"embeddable":true,"href":"https:\/\/sexysiempre.com\/web\/wp-json\/wp\/v2\/media\/12272"}],"wp:attachment":[{"href":"https:\/\/sexysiempre.com\/web\/wp-json\/wp\/v2\/media?parent=12271"}],"wp:term":[{"taxonomy":"product_brand","embeddable":true,"href":"https:\/\/sexysiempre.com\/web\/wp-json\/wp\/v2\/product_brand?post=12271"},{"taxonomy":"product_cat","embeddable":true,"href":"https:\/\/sexysiempre.com\/web\/wp-json\/wp\/v2\/product_cat?post=12271"},{"taxonomy":"product_tag","embeddable":true,"href":"https:\/\/sexysiempre.com\/web\/wp-json\/wp\/v2\/product_tag?post=12271"}],"curies":[{"name":"wp","href":"https:\/\/api.w.org\/{rel}","templated":true}]}}