{"id":12274,"date":"2026-04-25T15:26:16","date_gmt":"2026-04-25T18:26:16","guid":{"rendered":"https:\/\/sexysiempre.com\/web\/?post_type=product&#038;p=12274"},"modified":"2026-04-25T15:26:16","modified_gmt":"2026-04-25T18:26:16","slug":"mighty-one-satisfyer","status":"publish","type":"product","link":"https:\/\/sexysiempre.com\/web\/producto\/mighty-one-satisfyer","title":{"rendered":"Mighty One, Satisfyer."},"content":{"rendered":"<p style=\"text-align: center;\">SA-1975<\/p>\n<p style=\"text-align: center;\">Anillo vibrador en silicona hipoalerg\u00e9nica, mas resistencia debido al excitante efecto de retenci\u00f3n sangu\u00ednea con vibraciones diferentes.\u00a0 Posibilita\u00a0 manejarse desde cualquier celular mediante una app gratuita. Recargable por usb. Es Satisfyer&#8230;.calidad inigualable!<\/p>\n","protected":false},"excerpt":{"rendered":"<p>SA-1975 Anillo vibrador en silicona hipoalerg\u00e9nica, mas resistencia debido al excitante efecto de retenci\u00f3n sangu\u00ednea con vibraciones diferentes.\u00a0 Posibilita\u00a0 manejarse desde cualquier celular mediante una app gratuita. Recargable por usb. Es Satisfyer&#8230;.calidad inigualable!<\/p>\n","protected":false},"featured_media":12275,"template":"","meta":[],"product_brand":[],"product_cat":[6,31],"product_tag":[281,147,473,446,146,680],"class_list":{"0":"post-12274","1":"product","2":"type-product","3":"status-publish","4":"has-post-thumbnail","6":"product_cat-juguetes-accesorios-y-sexshop","7":"product_cat-anillos-vibradores","8":"product_tag-anillos-vibradores-2","9":"product_tag-rio-grande","10":"product_tag-satisfyer","11":"product_tag-sexshop-ushuaia-2","12":"product_tag-tierra-del-fuego","13":"product_tag-usb","15":"first","16":"instock","17":"shipping-taxable","18":"product-type-simple"},"_links":{"self":[{"href":"https:\/\/sexysiempre.com\/web\/wp-json\/wp\/v2\/product\/12274","targetHints":{"allow":["GET"]}}],"collection":[{"href":"https:\/\/sexysiempre.com\/web\/wp-json\/wp\/v2\/product"}],"about":[{"href":"https:\/\/sexysiempre.com\/web\/wp-json\/wp\/v2\/types\/product"}],"wp:featuredmedia":[{"embeddable":true,"href":"https:\/\/sexysiempre.com\/web\/wp-json\/wp\/v2\/media\/12275"}],"wp:attachment":[{"href":"https:\/\/sexysiempre.com\/web\/wp-json\/wp\/v2\/media?parent=12274"}],"wp:term":[{"taxonomy":"product_brand","embeddable":true,"href":"https:\/\/sexysiempre.com\/web\/wp-json\/wp\/v2\/product_brand?post=12274"},{"taxonomy":"product_cat","embeddable":true,"href":"https:\/\/sexysiempre.com\/web\/wp-json\/wp\/v2\/product_cat?post=12274"},{"taxonomy":"product_tag","embeddable":true,"href":"https:\/\/sexysiempre.com\/web\/wp-json\/wp\/v2\/product_tag?post=12274"}],"curies":[{"name":"wp","href":"https:\/\/api.w.org\/{rel}","templated":true}]}}