{"id":2369,"date":"2011-11-25T04:36:45","date_gmt":"2011-11-25T04:36:45","guid":{"rendered":"http:\/\/sexysiempre.com\/web\/?p=2369"},"modified":"2014-06-22T20:10:39","modified_gmt":"2014-06-22T23:10:39","slug":"patito-vibrador","status":"publish","type":"product","link":"https:\/\/sexysiempre.com\/web\/producto\/patito-vibrador","title":{"rendered":"Patito Vibrador"},"content":{"rendered":"<p><strong>C\u00f2digo 3110<\/strong><\/p>\n<p style=\"text-align: justify\">El Patito <strong>vibrador<\/strong> es un <strong>juguete<\/strong> muy simp\u00e0tico que permite disfrutar debajo del agua con total libertad, <strong>estimulando zonas er\u00f2genas<\/strong>.<\/p>\n<p style=\"text-align: justify\">\n","protected":false},"excerpt":{"rendered":"<p>C\u00f2digo 3110 El Patito vibrador es un juguete muy simp\u00e0tico que permite disfrutar debajo del agua con total libertad, estimulando zonas er\u00f2genas.<\/p>\n","protected":false},"featured_media":2370,"template":"","meta":[],"product_brand":[],"product_cat":[6,32],"product_tag":[147,154,146,145],"class_list":{"0":"post-2369","1":"product","2":"type-product","3":"status-publish","4":"has-post-thumbnail","6":"product_cat-juguetes-accesorios-y-sexshop","7":"product_cat-estimuladores-para-ellas","8":"product_tag-rio-grande","9":"product_tag-sexshop","10":"product_tag-tierra-del-fuego","11":"product_tag-ushuaia","13":"first","14":"instock","15":"shipping-taxable","16":"product-type-simple"},"_links":{"self":[{"href":"https:\/\/sexysiempre.com\/web\/wp-json\/wp\/v2\/product\/2369","targetHints":{"allow":["GET"]}}],"collection":[{"href":"https:\/\/sexysiempre.com\/web\/wp-json\/wp\/v2\/product"}],"about":[{"href":"https:\/\/sexysiempre.com\/web\/wp-json\/wp\/v2\/types\/product"}],"wp:featuredmedia":[{"embeddable":true,"href":"https:\/\/sexysiempre.com\/web\/wp-json\/wp\/v2\/media\/2370"}],"wp:attachment":[{"href":"https:\/\/sexysiempre.com\/web\/wp-json\/wp\/v2\/media?parent=2369"}],"wp:term":[{"taxonomy":"product_brand","embeddable":true,"href":"https:\/\/sexysiempre.com\/web\/wp-json\/wp\/v2\/product_brand?post=2369"},{"taxonomy":"product_cat","embeddable":true,"href":"https:\/\/sexysiempre.com\/web\/wp-json\/wp\/v2\/product_cat?post=2369"},{"taxonomy":"product_tag","embeddable":true,"href":"https:\/\/sexysiempre.com\/web\/wp-json\/wp\/v2\/product_tag?post=2369"}],"curies":[{"name":"wp","href":"https:\/\/api.w.org\/{rel}","templated":true}]}}