{"id":2387,"date":"2011-12-03T20:27:16","date_gmt":"2011-12-03T20:27:16","guid":{"rendered":"http:\/\/sexysiempre.com\/web\/?p=2387"},"modified":"2011-12-14T22:50:42","modified_gmt":"2011-12-14T22:50:42","slug":"misterios-de-la-eyaculacion-femenina","status":"publish","type":"product","link":"https:\/\/sexysiempre.com\/web\/producto\/misterios-de-la-eyaculacion-femenina","title":{"rendered":"Misterios de la eyaculaci\u00f2n femenina."},"content":{"rendered":"<p style=\"text-align: justify\"><em>Cuando llega ese momento, el del \u201cgran oooh\u201d, muchas mujeres sienten que expulsan un l\u00edquido\u2026 Para algunas es un gran placer, pero otras se sienten extra\u00f1adas y un poco avergonzadas, sin poderse explicar qu\u00e9 les ha pasado.<\/em><\/p>\n<p style=\"text-align: justify\"><a href=\"http:\/\/sexysiempre.com\/web\/blog\/misterios-de-la-eyaculacion-femenina\/attachment\/misterios-de-la-eyaculacion-femenina\" rel=\"attachment wp-att-2388\"><img fetchpriority=\"high\" decoding=\"async\" class=\"aligncenter size-full wp-image-2388\" src=\"http:\/\/sexysiempre.com\/web\/wp-content\/uploads\/Misterios-de-la-eyaculaci\u00f3n-femenina.jpg\" alt=\"\" width=\"530\" height=\"377\" srcset=\"https:\/\/sexysiempre.com\/web\/wp-content\/uploads\/Misterios-de-la-eyaculaci\u00f3n-femenina.jpg 530w, https:\/\/sexysiempre.com\/web\/wp-content\/uploads\/Misterios-de-la-eyaculaci\u00f3n-femenina-300x213.jpg 300w\" sizes=\"(max-width: 530px) 100vw, 530px\" \/><\/a>La realidad es que entre un 35 a un 40 por ciento de las mujeres, eyacula al tener su orgasmo.\u00a0 Esta experiencia est\u00e1 generalmente asociada con la estimulaci\u00f3n del Punto G; sin embargo, a\u00fan existe mucha controversia a su alrededor, particularmente en cuanto a c\u00f3mo sucede y de qu\u00e9 est\u00e1 compuesto.<br \/>\nLos estudios realizados hasta el momento indican que el l\u00edquido eyaculatorio femenino, al igual que el masculino, es expulsado a trav\u00e9s de la uretra; siendo su cantidad variable\u00a0 de mujer a mujer, e inclusive de una experiencia a otra.\u00a0 Seg\u00fan los registros efectuados por los sex\u00f3logos Beverly Whipple, Edwin Belzer y John Perry en 1980, una mujer puede eyacular desde s\u00f3lo unas pocas gotitas de l\u00edquido hasta varias onzas.<br \/>\nPero\u2026 \u00bfde qu\u00e9 se compone la eyaculaci\u00f3n femenina?\u00a0 Debido a la gran cantidad de l\u00edquido que puede expulsarse, y el canal por donde es conducido, indudablemente hay \u00edntima relaci\u00f3n con la vejiga, y all\u00ed se deposita la orina.\u00a0 Pero al examinar de cerca el l\u00edquido, encontramos que lo eyaculado tan siquiera es del color de la orina \u2013 \u00a1y tampoco huele, sabe, ni mancha como ella!<br \/>\nCuando el l\u00edquido eyacultario fue comparado en estudios de laboratorio con orina, se encontr\u00f3 que presentaba altos niveles de \u00e1cido fosf\u00e1tico prost\u00e1tico y glucosa; mientras que la orina era alta en urea y creatinina.\u00a0 M\u00e1s recientemente, investigadores como el Dr. Gary Schubach han resuelto que se trata de una mezcla de las sustancias descritas por Whipple, Belzer y Perry \u2013 \u00e1cido fosf\u00e1tico prost\u00e1tico, y glucosa \u2013 y orina en su estado puro.<br \/>\nUno de los problemas m\u00e1s comunes relacionados a este tema es la gran falta de informaci\u00f3n en cuanto a la eyaculaci\u00f3n femenina.\u00a0 Son muchas las personas que se confunden con esta experiencia y piensan que, en efecto, no pueden controlar el deseo de orinar durante el orgasmo.\u00a0 Esta falta de conocimiento de que lo que se est\u00e1 produciendo es eyaculaci\u00f3n y no incontinencia resulta en momentos de incomodidad, ansiedad y verg\u00fcenza para quien es \u201cacusada\u201d de haberse orinado.<br \/>\nEs importante tener en cuenta que la incontinencia urinaria, a diferencia de la eyaculaci\u00f3n femenina, puede darse cuando la persona tose, estornuda o estalla en carcajadas.\u00a0\u00a0<strong>La eyaculaci\u00f3n s\u00f3lo se genera mediante la liberaci\u00f3n org\u00e1smica.<\/strong><br \/>\nEs bien importante que no traten de convertir la eyaculaci\u00f3n femenina en una meta.\u00a0 El tenerla de ninguna manera se\u00f1ala madurez ni capacidad sexual, es una experiencia muy particular que, de producirse, debe ser aceptada como absolutamente normal y verse como una oportunidad m\u00e1s de expresarse sexualmente.\u00a0 Cabe resaltar que la eyaculaci\u00f3n de la mujer, a diferencia de la del hombre (que es org\u00e1smica y reproductiva), no tiene otro prop\u00f3sito que no sea provocar placer sexual.\u00a0 Por lo tanto, si tienes la dicha de tenerla, \u00a1disfr\u00fatala!<\/p>\n<p style=\"text-align: justify\">Fuente: universoalessandra.com<\/p>\n","protected":false},"excerpt":{"rendered":"<p>Cuando llega ese momento, el del \u201cgran oooh\u201d, muchas mujeres sienten que expulsan un l\u00edquido\u2026 Para algunas es un gran placer, pero otras se sienten extra\u00f1adas y un poco avergonzadas, sin poderse explicar qu\u00e9 les ha pasado. La realidad es que entre un 35 a un 40 por ciento de las mujeres, eyacula al tener [&hellip;]<\/p>\n","protected":false},"featured_media":2388,"template":"","meta":[],"product_brand":[],"product_cat":[],"product_tag":[149,147,148,146,145],"class_list":{"0":"post-2387","1":"product","2":"type-product","3":"status-publish","4":"has-post-thumbnail","6":"product_tag-eyaculacion","7":"product_tag-rio-grande","8":"product_tag-sex-shop","9":"product_tag-tierra-del-fuego","10":"product_tag-ushuaia","12":"first","13":"instock","14":"shipping-taxable","15":"product-type-simple"},"_links":{"self":[{"href":"https:\/\/sexysiempre.com\/web\/wp-json\/wp\/v2\/product\/2387","targetHints":{"allow":["GET"]}}],"collection":[{"href":"https:\/\/sexysiempre.com\/web\/wp-json\/wp\/v2\/product"}],"about":[{"href":"https:\/\/sexysiempre.com\/web\/wp-json\/wp\/v2\/types\/product"}],"wp:featuredmedia":[{"embeddable":true,"href":"https:\/\/sexysiempre.com\/web\/wp-json\/wp\/v2\/media\/2388"}],"wp:attachment":[{"href":"https:\/\/sexysiempre.com\/web\/wp-json\/wp\/v2\/media?parent=2387"}],"wp:term":[{"taxonomy":"product_brand","embeddable":true,"href":"https:\/\/sexysiempre.com\/web\/wp-json\/wp\/v2\/product_brand?post=2387"},{"taxonomy":"product_cat","embeddable":true,"href":"https:\/\/sexysiempre.com\/web\/wp-json\/wp\/v2\/product_cat?post=2387"},{"taxonomy":"product_tag","embeddable":true,"href":"https:\/\/sexysiempre.com\/web\/wp-json\/wp\/v2\/product_tag?post=2387"}],"curies":[{"name":"wp","href":"https:\/\/api.w.org\/{rel}","templated":true}]}}