{"id":2400,"date":"2011-12-22T03:57:49","date_gmt":"2011-12-22T03:57:49","guid":{"rendered":"http:\/\/sexysiempre.com\/web\/?p=2400"},"modified":"2011-12-22T03:57:49","modified_gmt":"2011-12-22T03:57:49","slug":"mananero-el-mejor-sexo-del-dia","status":"publish","type":"product","link":"https:\/\/sexysiempre.com\/web\/producto\/mananero-el-mejor-sexo-del-dia","title":{"rendered":"Ma\u00f1anero: El mejor sexo del d\u00eca?"},"content":{"rendered":"<p style=\"text-align: justify\">Tener relaciones al despertar mejora la calidad de vida, ayuda a adelgazar y aumenta las sensaciones er\u00f3ticas. \u00bfTen\u00e9s fiaca? \u00bfTe da verg\u00fcenza? Consejos para relajarte y gozar.<\/p>\n<p style=\"text-align: justify\">Una investigaci\u00f3n de la Queen\u00b4s University de Belfast, en Londres, concluy\u00f3 que el sexo matutino mejora la calidad de vida y el funcionamiento de los \u00f3rganos del cuerpo. Para obtener los beneficios, sugieren practicarlo al menos tres veces por semana.<\/p>\n<p>El estudio, publicado en la revista New Scientist, se hizo en el 2008 pero todav\u00eda anda dando vueltas en la Web. Parece que el p\u00fablico quiere saber: \u00bfconviene tener relaciones en cuanto nos despertamos?<\/p>\n<p>\u201cEl sexo por la ma\u00f1ana tiene varias particularidades, todas a favor\u201d, confirm\u00f3 a Entremujeres el doctor Walter Ghedin, m\u00e9dico psiquiatra y sex\u00f3logo.<\/p>\n<p>\u201cEl cuerpo est\u00e1 m\u00e1s descansado y, por lo tanto, mejor dispuesto para el encuentro. Durante el sue\u00f1o se producen distintos procesos fisiol\u00f3gicos que \u00b4limpian la mente\u00b4 de las impurezas o residuos que se generan durante el d\u00eda. Las capacidades mentales est\u00e1n m\u00e1s despejadas, con m\u00e1s capacidad para la concentraci\u00f3n y el registro mayor de las sensaciones er\u00f3ticas y las fantas\u00edas. Adem\u00e1s, si durante la noche se tuvieron sue\u00f1os er\u00f3ticos, hay m\u00e1s deseo\u201d, enumera.<\/p>\n<p style=\"text-align: justify\"><strong>Los 5 beneficios<\/strong><\/p>\n<p>El estudio brit\u00e1nico defini\u00f3 las causas por las que el \u201cma\u00f1anero\u201d mejora nuestra salud:<\/p>\n<p><strong>1 \u2212 Aumenta las defensas<\/strong><\/p>\n<p>El sexo matutino genera anticuerpos que se encargan de la funci\u00f3n inmunol\u00f3gica y nos protegen frente al ataque de los microorganismos pat\u00f3genos.<\/p>\n<p><strong>2\u2212 Protege el coraz\u00f3n<\/strong><\/p>\n<p>Tener sexo al despertarnos previene las enfermedades cardiovasculares, mejora la circulaci\u00f3n sangu\u00ednea, reduce la presi\u00f3n y disminuye el riesgo de infarto.<\/p>\n<p><strong>3\u2212 Ayuda a bajar de peso\u00a0<\/strong><\/p>\n<p>Quema unas 300 calor\u00edas por hora, lo que sirve para perder y mantener el peso corporal. Adem\u00e1s, por ser\u00a0<a href=\"http:\/\/www.entremujeres.com\/pareja-y-sexo\/sexo\/sexing-sexo-placer-pareja-orgasmo-ejercicio-adelgazar-calorias_0_565743517.html\" target=\"_blank\">un buen ejercicio<\/a>, disminuye el riesgo de diabetes, fortalece los huesos, articulaciones y m\u00fasculos y alivia dolores cr\u00f3nicos como la artritis o la migra\u00f1a.<\/p>\n<p><strong>4.\u2212 Nos pone lindas<\/strong><\/p>\n<p>El orgasmo aumenta los niveles de estr\u00f3geno y hormonas directamente relacionados con el brillo y la suavidad de la piel. Tambi\u00e9n es un aliado para la salud del pelo.<\/p>\n<p><strong>5.\u2212 Aumenta los niveles de testosterona<\/strong><\/p>\n<p>Al practicar sexo matutino, los hombres tienen un beneficio extra: producen m\u00e1s testosterona. Eso los ayuda a fortificar los huesos y prevenir la osteoporosis.<\/p>\n<p style=\"text-align: justify\"><strong>\u00bfTe da verg\u00fcenza? \u00a1Liberate!\u00a0<\/strong><\/p>\n<p>Muchas mujeres no queremos tener sexo a la ma\u00f1ana porque nos disgusta nuestro aspecto. Y es entendible: estamos despeinadas, sin maquillaje y\u2026 \u00a1Ni siquiera nos lavamos los dientes!<\/p>\n<p>Pero nada deber\u00eda impedir el placer. \u201cLos olores corporales son estimulantes. Recordemos que por higiene y pudor hemos aprendido a ocultarlos, pero son un componente que remite al encuentro m\u00e1s animal\u00bb, opina Ghedin.<\/p>\n<p>Adem\u00e1s, seg\u00fan el sex\u00f3logo, el ma\u00f1anero permite ser menos convencional y con menos inhibiciones. No tiene que ir precedido de las cl\u00e1sicas pautas de \u00ab<a href=\"http:\/\/www.entremujeres.com\/pareja-y-sexo\/sexo\/sexo-pareja-deseo-hombre-mujer-falta_de_sexo-columnista_0_559144178.html\" target=\"_blank\">qui\u00e9n toma la iniciativa<\/a>\u00bb o \u00ablo hacemos cuando estemos m\u00e1s tranquilos\u00bb. El sexo ma\u00f1anero no permite excusas o pudores: gusta o no gusta.<\/p>\n<p style=\"text-align: justify\">\n<p style=\"text-align: justify\"><strong>Y a vos&#8230; \u00bfLa fiaca o la verg\u00fcenza te limitan? \u00bfO te despert\u00e1s lista para el placer?<\/strong><\/p>\n<p style=\"text-align: justify\">Fuente: \u00a0www.entremujeres.com<\/p>\n<p style=\"text-align: justify\"><a href=\"http:\/\/sexysiempre.com\/web\/blog\/mananero-el-mejor-sexo-del-dia\/attachment\/mananeros\" rel=\"attachment wp-att-2401\"><img fetchpriority=\"high\" decoding=\"async\" class=\"aligncenter size-full wp-image-2401\" src=\"http:\/\/sexysiempre.com\/web\/wp-content\/uploads\/Ma\u00f1aneros.jpg\" alt=\"\" width=\"648\" height=\"326\" srcset=\"https:\/\/sexysiempre.com\/web\/wp-content\/uploads\/Ma\u00f1aneros.jpg 648w, https:\/\/sexysiempre.com\/web\/wp-content\/uploads\/Ma\u00f1aneros-600x302.jpg 600w, https:\/\/sexysiempre.com\/web\/wp-content\/uploads\/Ma\u00f1aneros-300x150.jpg 300w\" sizes=\"(max-width: 648px) 100vw, 648px\" \/><\/a><\/p>\n","protected":false},"excerpt":{"rendered":"<p>Tener relaciones al despertar mejora la calidad de vida, ayuda a adelgazar y aumenta las sensaciones er\u00f3ticas. \u00bfTen\u00e9s fiaca? \u00bfTe da verg\u00fcenza? Consejos para relajarte y gozar. Una investigaci\u00f3n de la Queen\u00b4s University de Belfast, en Londres, concluy\u00f3 que el sexo matutino mejora la calidad de vida y el funcionamiento de los \u00f3rganos del cuerpo. [&hellip;]<\/p>\n","protected":false},"featured_media":2401,"template":"","meta":[],"product_brand":[],"product_cat":[],"product_tag":[153,147,150,152,151,146],"class_list":{"0":"post-2400","1":"product","2":"type-product","3":"status-publish","4":"has-post-thumbnail","6":"product_tag-juguetes-adultos","7":"product_tag-rio-grande","8":"product_tag-sexshop-ushuaia","9":"product_tag-sexy","10":"product_tag-tierra-del","11":"product_tag-tierra-del-fuego","13":"first","14":"instock","15":"shipping-taxable","16":"product-type-simple"},"_links":{"self":[{"href":"https:\/\/sexysiempre.com\/web\/wp-json\/wp\/v2\/product\/2400","targetHints":{"allow":["GET"]}}],"collection":[{"href":"https:\/\/sexysiempre.com\/web\/wp-json\/wp\/v2\/product"}],"about":[{"href":"https:\/\/sexysiempre.com\/web\/wp-json\/wp\/v2\/types\/product"}],"wp:featuredmedia":[{"embeddable":true,"href":"https:\/\/sexysiempre.com\/web\/wp-json\/wp\/v2\/media\/2401"}],"wp:attachment":[{"href":"https:\/\/sexysiempre.com\/web\/wp-json\/wp\/v2\/media?parent=2400"}],"wp:term":[{"taxonomy":"product_brand","embeddable":true,"href":"https:\/\/sexysiempre.com\/web\/wp-json\/wp\/v2\/product_brand?post=2400"},{"taxonomy":"product_cat","embeddable":true,"href":"https:\/\/sexysiempre.com\/web\/wp-json\/wp\/v2\/product_cat?post=2400"},{"taxonomy":"product_tag","embeddable":true,"href":"https:\/\/sexysiempre.com\/web\/wp-json\/wp\/v2\/product_tag?post=2400"}],"curies":[{"name":"wp","href":"https:\/\/api.w.org\/{rel}","templated":true}]}}