{"id":2412,"date":"2011-12-24T02:47:44","date_gmt":"2011-12-24T02:47:44","guid":{"rendered":"http:\/\/sexysiempre.com\/web\/?p=2412"},"modified":"2011-12-24T02:47:44","modified_gmt":"2011-12-24T02:47:44","slug":"sitios-hot-5-propuestas-para-disfrutar-en-pareja","status":"publish","type":"product","link":"https:\/\/sexysiempre.com\/web\/producto\/sitios-hot-5-propuestas-para-disfrutar-en-pareja","title":{"rendered":"Sitios hot: 5 propuestas para disfrutar en pareja!"},"content":{"rendered":"<p style=\"text-align: justify\">La Web estalla en videos, fotos y juegos de alta temperatura. Le preguntamos a dos sex\u00f3logos y nos dieron el visto bueno: ayudan a generar fantas\u00edas y a romper la rutina. Te presentamos los sitios m\u00e1s tentadores.<\/p>\n<p style=\"text-align: justify\">Es innegable que la tecnolog\u00eda se mete en la vida de las personas y la cama no es una excepci\u00f3n. \u00bfConviene hacerle un lugarcito? \u201cInternet puede ser una buena aliada como est\u00edmulo er\u00f3tico\u201d, confirm\u00f3 a Entremujeres el doctor\u00a0<a href=\"http:\/\/walterghedin.blogspot.com\/\" target=\"_blank\">Walter Ghedin<\/a>, m\u00e9dico psiquiatra y sex\u00f3logo.<\/p>\n<p style=\"text-align: justify\">\u201cMuchas parejas suelen buscar alternativas para explorar y alimentar la sexualidad. Los sitios de Internet son una buena propuesta, as\u00ed como tambi\u00e9n los videos pornogr\u00e1ficos o los films er\u00f3ticos\u201d, coincide la licenciada\u00a0<a href=\"http:\/\/www.intimisimasandra.com\/\" target=\"_blank\">Sandra Lustgarten<\/a>, psic\u00f3loga y sex\u00f3loga.<\/p>\n<p style=\"text-align: justify\">\n<p style=\"text-align: justify\"><strong>\u00bfSolos o juntitos?<\/strong><\/p>\n<p style=\"text-align: justify\">Seg\u00fan Ghedin, lo mejor es que haya un acuerdo sobre el uso de la Web o que sea compartido. \u201cConozco muchas parejas que se sienten desplazadas cuando uno de ellos encuentra placer en estos sitios y la otra no. Hasta se llega a pensar que s\u00f3lo es un refuerzo del autoerotismo\u201d, cuenta.<\/p>\n<p style=\"text-align: justify\">En la misma l\u00ednea, Sandra enumera lo que estos sitios NO son: no son un medio para distraerse, no son una demostraci\u00f3n de falta de inter\u00e9s, ni son un indicativo de la falta de atracci\u00f3n. \u201cLa pareja debe entender que es en pos de mejorar la sexualidad. El di\u00e1logo previo para consensuar la finalidad del juego es importante\u201d, agrega la licenciada.<\/p>\n<p style=\"text-align: justify\">\n<p style=\"text-align: justify\"><strong>Placer en un click<br \/>\n<\/strong><\/p>\n<p style=\"text-align: justify\">Seg\u00fan los especialistas, estos son los usos y beneficios de los sitios hot:<\/p>\n<p style=\"text-align: justify\">* Son un interesante recurso para la \u201centrada en calor\u201d. Sin duda, nos ayudan a levantar la temperatura.<\/p>\n<p style=\"text-align: justify\">* Dan est\u00edmulos para enriquecer la vida sexual: hacer nuevas posiciones, probar juguetes er\u00f3ticos y explorar nuevos lugares de la casa (o de la vida). En fin, nos ayudan a romper la rutina.<\/p>\n<p style=\"text-align: justify\">* Son generadores de fantas\u00edas sexuales, que nos dan creatividad para imaginar y conocer un mundo no explorado.<\/p>\n<p style=\"text-align: justify\">* \u00a0Brindan una multiplicidad de im\u00e1genes para todos los gustos: heterosexuales, gays, swingers, tr\u00edos, etc. Y, para los m\u00e1s tradicionales, es una forma de conocer todo lo que existe. Probar o no, es otro tema. Somos adultos y podemos averiguar o chusmear sin correr riesgos.<\/p>\n<p style=\"text-align: justify\">\n<p style=\"text-align: justify\"><strong>Qu\u00e9 sitios mirar<\/strong><\/p>\n<p style=\"text-align: justify\">Hay varias opciones que te pueden interesar:<\/p>\n<p style=\"text-align: justify\"><strong>*\u00a0<a href=\"http:\/\/www.lustcinema.com\/\" target=\"_blank\">Lust Cinema<\/a>:<\/strong>\u00a0es una productora de \u201cpel\u00edculas para adultos que son diferentes, pensadas para personas que disfrutan del buen cine\u201d. Su fundadora es Erika Lust, licenciada en Ciencias Pol\u00edticas, ultra feminista y autora del libro \u201cPorno para mujeres\u201d. Todos sus productos tienen una mirada femenina: \u201c5 historias hot para ella\u201d, \u201cPrisi\u00f3n rosa\u201d, \u201cXfemmes\u201d, entre otros. En el sitio se pueden ver gratis los trailers y algunas escenas.<\/p>\n<p style=\"text-align: justify\"><strong>*\u00a0<a href=\"http:\/\/www.dondeelplacertelleve.com\/#\/home\/\" target=\"_blank\">Prime TV<\/a>:<\/strong>\u00a0la marca de preservativos lanz\u00f3 un ciclo de videos. Con una est\u00e9tica seria y cuidada, abarcan temas como la primera cita, las fantas\u00edas y los juegos er\u00f3ticos. Lo m\u00e1s innovador es la interactividad: la historia se detiene en un punto donde vos eleg\u00eds qu\u00e9 camino seguir. Una especie de \u201cElige tu primera aventura\u201d, pero para adultos\u2026<\/p>\n<p style=\"text-align: justify\"><strong>*\u00a0<a href=\"http:\/\/www.candidaroyalle.com\/\" target=\"_blank\">Candida Royalle<\/a>:<\/strong>\u00a0esta mujer, directora de la productora Femme, fue pionera (desde 1984) en adaptar el cine er\u00f3tico al gusto femenino. Agreg\u00f3 di\u00e1logos antes y despu\u00e9s de los encuentros y redujo los primeros planos expl\u00edcitos. Pod\u00e9s ver gratis el\u00a0<a href=\"http:\/\/www.candidaroyalle.com\/trailer.html\" target=\"_blank\">trailer<\/a>\u00a0de una pel\u00edcula. Tambi\u00e9n el<a href=\"http:\/\/www.candidaroyalle.com\/catalog.html\" target=\"_blank\">cat\u00e1logo<\/a>\u00a0de filmes que est\u00e1n disponibles on line, con un costo.<\/p>\n<p style=\"text-align: justify\"><strong><a href=\"http:\/\/www.playboytvla.com\/\" target=\"_blank\">* Playboy TV:<\/a>\u00a0<\/strong>su fuerte son las mujeres exuberantes. Tiene un amplio archivo de fotos, repleto de cuerpos an\u00f3nimos y otros conocidos, como el de Luciana Salazar y Pamela David. Una secci\u00f3n interesante es la de videos, divididos en categor\u00edas y con rankings de los m\u00e1s vistos y los m\u00e1s votados.<\/p>\n<p style=\"text-align: justify\"><strong>*<a href=\"http:\/\/www.entremujeres.com\/pareja-y-sexo\/pareja-test-sexo-pasion-rutina_0_257374268.html\" target=\"_blank\">\u00a0Tests para hacer en pareja<\/a>:<\/strong>\u00a0\u00bfCu\u00e1nto saben de sexo? \u00bfLo de ustedes es pura pasi\u00f3n? \u00bfQu\u00e9 tipo de pareja son? \u00bfQui\u00e9n lleva los pantalones? \u00bfNecesitan una \u00abpuesta a punto\u00bb? Estos son los cuestionarios que te proponemos para divertirse y responder de a dos.<\/p>\n<p style=\"text-align: justify\">\n<p style=\"text-align: justify\">\u201cTodo es v\u00e1lido mientras exista acuerdo entre personas adultas\u201d, nos dice Ghedin. Por eso, esta lista naci\u00f3 como un incentivo, que lejos de limitarnos busca todo lo contrario: ser una puerta abierta a las nuevas experiencias. Si te da verg\u00fcenza, no te preocupes: queda entre vos, tu pareja y tu computadora.<\/p>\n<p style=\"text-align: justify\">\n<p style=\"text-align: justify\"><strong>\u00bfTe gustan este tipo de sitios? \u00bfLos mir\u00e1s sola y en secreto? Si tu pareja los mira, \u00bfcre\u00e9s que es porque perdi\u00f3 inter\u00e9s en vos? \u00bfO te sum\u00e1s y los disfrut\u00e1s de a dos? \u00bfAlg\u00fan otro sitio o gadget para recomendar?<\/strong><\/p>\n<p style=\"text-align: justify\">Fuente: \u00a0www.entremujeres.com<a href=\"http:\/\/sexysiempre.com\/web\/blog\/sitios-hot-5-propuestas-para-disfrutar-en-pareja\/attachment\/videos-y-peliculas-blog\" rel=\"attachment wp-att-2413\"><img fetchpriority=\"high\" decoding=\"async\" class=\"aligncenter size-full wp-image-2413\" src=\"http:\/\/sexysiempre.com\/web\/wp-content\/uploads\/videos-y-pel\u00ecculas-blog.jpg\" alt=\"\" width=\"648\" height=\"326\" srcset=\"https:\/\/sexysiempre.com\/web\/wp-content\/uploads\/videos-y-pel\u00ecculas-blog.jpg 648w, https:\/\/sexysiempre.com\/web\/wp-content\/uploads\/videos-y-pel\u00ecculas-blog-600x302.jpg 600w, https:\/\/sexysiempre.com\/web\/wp-content\/uploads\/videos-y-pel\u00ecculas-blog-300x150.jpg 300w\" sizes=\"(max-width: 648px) 100vw, 648px\" \/><\/a><\/p>\n","protected":false},"excerpt":{"rendered":"<p>La Web estalla en videos, fotos y juegos de alta temperatura. Le preguntamos a dos sex\u00f3logos y nos dieron el visto bueno: ayudan a generar fantas\u00edas y a romper la rutina. Te presentamos los sitios m\u00e1s tentadores. Es innegable que la tecnolog\u00eda se mete en la vida de las personas y la cama no es [&hellip;]<\/p>\n","protected":false},"featured_media":2413,"template":"","meta":[],"product_brand":[],"product_cat":[],"product_tag":[157,155,159,78,147,154,152,146,145],"class_list":{"0":"post-2412","1":"product","2":"type-product","3":"status-publish","4":"has-post-thumbnail","6":"product_tag-fantasias-2","7":"product_tag-juguetes-para-adultos","8":"product_tag-lenceria-hot","9":"product_tag-lubricantes","10":"product_tag-rio-grande","11":"product_tag-sexshop","12":"product_tag-sexy","13":"product_tag-tierra-del-fuego","14":"product_tag-ushuaia","16":"first","17":"instock","18":"shipping-taxable","19":"product-type-simple"},"_links":{"self":[{"href":"https:\/\/sexysiempre.com\/web\/wp-json\/wp\/v2\/product\/2412","targetHints":{"allow":["GET"]}}],"collection":[{"href":"https:\/\/sexysiempre.com\/web\/wp-json\/wp\/v2\/product"}],"about":[{"href":"https:\/\/sexysiempre.com\/web\/wp-json\/wp\/v2\/types\/product"}],"wp:featuredmedia":[{"embeddable":true,"href":"https:\/\/sexysiempre.com\/web\/wp-json\/wp\/v2\/media\/2413"}],"wp:attachment":[{"href":"https:\/\/sexysiempre.com\/web\/wp-json\/wp\/v2\/media?parent=2412"}],"wp:term":[{"taxonomy":"product_brand","embeddable":true,"href":"https:\/\/sexysiempre.com\/web\/wp-json\/wp\/v2\/product_brand?post=2412"},{"taxonomy":"product_cat","embeddable":true,"href":"https:\/\/sexysiempre.com\/web\/wp-json\/wp\/v2\/product_cat?post=2412"},{"taxonomy":"product_tag","embeddable":true,"href":"https:\/\/sexysiempre.com\/web\/wp-json\/wp\/v2\/product_tag?post=2412"}],"curies":[{"name":"wp","href":"https:\/\/api.w.org\/{rel}","templated":true}]}}