{"id":2437,"date":"2012-01-22T21:39:46","date_gmt":"2012-01-22T21:39:46","guid":{"rendered":"http:\/\/sexysiempre.com\/web\/?p=2437"},"modified":"2012-01-22T21:40:22","modified_gmt":"2012-01-22T21:40:22","slug":"vacaciones-suma-sexo-al-descanso","status":"publish","type":"product","link":"https:\/\/sexysiempre.com\/web\/producto\/vacaciones-suma-sexo-al-descanso","title":{"rendered":"Vacaciones: sum\u00e1 sexo al descanso!!"},"content":{"rendered":"<p>En los d\u00edas de descanso se puede rescatar algo de esa esencia que nos conquist\u00f3. Puede ser un momento de reeducar los sentidos e invertir el tiempo libre para acercarnos. Tips para mejorar el encuentro er\u00f3tico-sexual.<\/p>\n<p><a href=\"http:\/\/sexysiempre.com\/web\/blog\/vacaciones-suma-sexo-al-descanso\/attachment\/pareja-vacaciones-getty-playa-intimidad_mujima20101221_0013_36\" rel=\"attachment wp-att-2438\"><img fetchpriority=\"high\" decoding=\"async\" class=\"aligncenter size-full wp-image-2438\" src=\"http:\/\/sexysiempre.com\/web\/wp-content\/uploads\/pareja-vacaciones-getty-playa-intimidad_MUJIMA20101221_0013_36.jpg\" alt=\"\" width=\"648\" height=\"326\" srcset=\"https:\/\/sexysiempre.com\/web\/wp-content\/uploads\/pareja-vacaciones-getty-playa-intimidad_MUJIMA20101221_0013_36.jpg 648w, https:\/\/sexysiempre.com\/web\/wp-content\/uploads\/pareja-vacaciones-getty-playa-intimidad_MUJIMA20101221_0013_36-600x302.jpg 600w, https:\/\/sexysiempre.com\/web\/wp-content\/uploads\/pareja-vacaciones-getty-playa-intimidad_MUJIMA20101221_0013_36-300x150.jpg 300w\" sizes=\"(max-width: 648px) 100vw, 648px\" \/><\/a><\/p>\n<p style=\"text-align: justify\">Las exigencias de la vida cotidiana nos dan ansiedad, agobio y dificultad para contactarnos. Por eso, cuando llega el verano aumenta la ilusi\u00f3n de un cambio en todo sentido: f\u00edsico, social, psicol\u00f3gico, y por supuesto, sexual.<\/p>\n<p style=\"text-align: justify\">Muchas personas esperan reencontrarse con su pareja, como si m\u00e1gicamente se pudiera recuperar la disposici\u00f3n para el goce. Pero las cosas no suceden como se planearon: no coinciden los deseos, surgen conflictos irresueltos, hay \u00abobligaciones\u00bb sociales o cercan\u00eda de los hijos.<\/p>\n<p style=\"text-align: justify\">No es cuesti\u00f3n de sacarse el disfraz de \u201claburante\u201d y ponerse uno de vacaciones, como si s\u00f3lo fuera cambiar un conjunto de pautas&#8230;<\/p>\n<p style=\"text-align: justify\"><strong>Lo que s\u00ed podemos lograr<\/strong><\/p>\n<p style=\"text-align: justify\">Hay que usar el tiempo libre para generar alternativas posibles para el encuentro er\u00f3tico.<\/p>\n<p style=\"text-align: justify\">Tenemos que abrir los canales sensoriales. Recuperar los recursos olvidados de la conquista: la mirada, el humor, la insinuaci\u00f3n, la seducci\u00f3n, las caricias, las paseos y las \u201cescapadas\u201d solos.<\/p>\n<p style=\"text-align: justify\">Es fundamental que la imagen sensual del compa\u00f1ero se instale nuevamente como prioridad en el plano mental. Se piensa y escucha con frecuencia: \u201cya no es lo que era\u201d, \u201cperdi\u00f3 el encanto\u201d, \u201cno hace nada para conquistarme\u201d, etc.<\/p>\n<p style=\"text-align: justify\">Por supuesto que no se puede volver a aquello que fue. El tiempo y la vida pasa para todos. Pero s\u00ed, se puede rescatar algo de esa esencia que nos conquist\u00f3. Para lograrlo, hay que reeducar los sentidos.<\/p>\n<p style=\"text-align: justify\"><strong>Tips para mejorar el encuentro er\u00f3tico-sexual en las vacaciones:<\/strong><\/p>\n<p style=\"text-align: justify\">*\u00a0 Acordar salidas que ayuden a estar juntos. Evitar el exceso de reuniones sociales \u201cpara cumplir\u201d.<\/p>\n<p style=\"text-align: justify\">*\u00a0 Abrirse a la b\u00fasqueda de encuentros er\u00f3ticos.<\/p>\n<p style=\"text-align: justify\">*\u00a0 Defender la intimidad. Generar los tiempos para el contacto a solas con la pareja.<\/p>\n<p style=\"text-align: justify\">*\u00a0 Cambiar los lugares para tener sexo.<\/p>\n<p style=\"text-align: justify\">*\u00a0 Romper con la rutina sexual: darse todo el tiempo para el juego previo, ser espont\u00e1neos, verbalizar fantas\u00edas, incluir juguetes sexuales, etc.<\/p>\n<p style=\"text-align: justify\">Puede ser una invitaci\u00f3n para mejorar la vida sexual. Ser\u00eda bueno continuarlo durante todo el a\u00f1o. Es cuesti\u00f3n de propon\u00e9rselo, no olvidarlo, ni posponerlo hasta las pr\u00f3ximas vacaciones.<\/p>\n<p style=\"text-align: justify\">Fuente: www.entremujeres.com<\/p>\n<p style=\"text-align: justify\"><a href=\"http:\/\/sexysiempre.com\/web\/blog\/vacaciones-suma-sexo-al-descanso\/attachment\/pareja-vacaciones-getty-playa-intimidad_mujima20101221_0013_36\" rel=\"attachment wp-att-2438\"><br \/>\n<\/a><\/p>\n","protected":false},"excerpt":{"rendered":"<p>En los d\u00edas de descanso se puede rescatar algo de esa esencia que nos conquist\u00f3. Puede ser un momento de reeducar los sentidos e invertir el tiempo libre para acercarnos. Tips para mejorar el encuentro er\u00f3tico-sexual. Las exigencias de la vida cotidiana nos dan ansiedad, agobio y dificultad para contactarnos. Por eso, cuando llega el [&hellip;]<\/p>\n","protected":false},"featured_media":2438,"template":"","meta":[],"product_brand":[],"product_cat":[],"product_tag":[155,78,147,154,146,145],"class_list":{"0":"post-2437","1":"product","2":"type-product","3":"status-publish","4":"has-post-thumbnail","6":"product_tag-juguetes-para-adultos","7":"product_tag-lubricantes","8":"product_tag-rio-grande","9":"product_tag-sexshop","10":"product_tag-tierra-del-fuego","11":"product_tag-ushuaia","13":"first","14":"instock","15":"shipping-taxable","16":"product-type-simple"},"_links":{"self":[{"href":"https:\/\/sexysiempre.com\/web\/wp-json\/wp\/v2\/product\/2437","targetHints":{"allow":["GET"]}}],"collection":[{"href":"https:\/\/sexysiempre.com\/web\/wp-json\/wp\/v2\/product"}],"about":[{"href":"https:\/\/sexysiempre.com\/web\/wp-json\/wp\/v2\/types\/product"}],"wp:featuredmedia":[{"embeddable":true,"href":"https:\/\/sexysiempre.com\/web\/wp-json\/wp\/v2\/media\/2438"}],"wp:attachment":[{"href":"https:\/\/sexysiempre.com\/web\/wp-json\/wp\/v2\/media?parent=2437"}],"wp:term":[{"taxonomy":"product_brand","embeddable":true,"href":"https:\/\/sexysiempre.com\/web\/wp-json\/wp\/v2\/product_brand?post=2437"},{"taxonomy":"product_cat","embeddable":true,"href":"https:\/\/sexysiempre.com\/web\/wp-json\/wp\/v2\/product_cat?post=2437"},{"taxonomy":"product_tag","embeddable":true,"href":"https:\/\/sexysiempre.com\/web\/wp-json\/wp\/v2\/product_tag?post=2437"}],"curies":[{"name":"wp","href":"https:\/\/api.w.org\/{rel}","templated":true}]}}