{"id":2444,"date":"2012-01-24T00:19:11","date_gmt":"2012-01-24T00:19:11","guid":{"rendered":"http:\/\/sexysiempre.com\/web\/?p=2444"},"modified":"2012-01-24T00:19:11","modified_gmt":"2012-01-24T00:19:11","slug":"la-falta-de-deseo-en-el-podio-de-las-disfunciones-femeninas","status":"publish","type":"product","link":"https:\/\/sexysiempre.com\/web\/producto\/la-falta-de-deseo-en-el-podio-de-las-disfunciones-femeninas","title":{"rendered":"La falta de deseo, en el podio de las disfunciones femeninas"},"content":{"rendered":"<h4 id=\"titulo_noticia\">La falta de deseo, en el podio de las disfunciones femeninas:<\/h4>\n<p style=\"text-align: justify\">Especialistas del Hospital Durand estudiaron el comportamiento de 453 mujeres y comprobaron que el 44% presentaba alteraciones del deseo y tambi\u00e9n durante el orgasmo. Recetas para solucionarlo.<\/p>\n<p><a href=\"http:\/\/sexysiempre.com\/web\/blog\/la-falta-de-deseo-en-el-podio-de-las-disfunciones-femeninas\/attachment\/pareja-sexo-problemas-discusion-pelea-impotencia-falta_de_sexo_mujima20110531_0024_36\" rel=\"attachment wp-att-2445\"><img fetchpriority=\"high\" decoding=\"async\" class=\"aligncenter size-full wp-image-2445\" src=\"http:\/\/sexysiempre.com\/web\/wp-content\/uploads\/pareja-sexo-problemas-discusion-pelea-impotencia-falta_de_sexo_MUJIMA20110531_0024_36.jpg\" alt=\"\" width=\"648\" height=\"326\" srcset=\"https:\/\/sexysiempre.com\/web\/wp-content\/uploads\/pareja-sexo-problemas-discusion-pelea-impotencia-falta_de_sexo_MUJIMA20110531_0024_36.jpg 648w, https:\/\/sexysiempre.com\/web\/wp-content\/uploads\/pareja-sexo-problemas-discusion-pelea-impotencia-falta_de_sexo_MUJIMA20110531_0024_36-600x302.jpg 600w, https:\/\/sexysiempre.com\/web\/wp-content\/uploads\/pareja-sexo-problemas-discusion-pelea-impotencia-falta_de_sexo_MUJIMA20110531_0024_36-300x150.jpg 300w\" sizes=\"(max-width: 648px) 100vw, 648px\" \/><\/a><\/p>\n<p style=\"text-align: justify\">La disminuci\u00f3n del deseo sexual suele ir acomod\u00e1ndose en la cama en silencio. Hay quienes leen esa falta de ganas como el s\u00edntoma de una cat\u00e1strofe inminente: una pareja que no va m\u00e1s, una<a href=\"http:\/\/www.entremujeres.com\/pareja-y-sexo\/causas-infidelidad-masculina_0_499750157.html\" target=\"_blank\"><strong>infidelidad<\/strong><\/a>\u00a0mal disimulada o el precio de la rutina. Otros comprenden que el deseo sexual no es una perilla que se enciende por generaci\u00f3n espont\u00e1nea. Lo cierto es que esta\u00a0<strong>falta de apetito sexual\u00a0<\/strong>\u2013de ah\u00ed que informalmente se la haya empezado a llamar<strong>\u2018anorexia sexual\u2019<\/strong>\u2013 ya afecta casi a la mitad de las mujeres que llegan a la consulta.<\/p>\n<p style=\"text-align: justify\">La Divisi\u00f3n Ginecolog\u00eda del Hospital Durand midi\u00f3 la prevalencia de disfunciones sexuales entre 453 mujeres atendidas en los \u00faltimos dos a\u00f1os (tanto quienes consultaron por alguna alteraci\u00f3n en la respuesta sexual como quienes fueron a los controles ginecol\u00f3gicos de rutina). El resultado \u2013 presentado en el Congreso de la Sociedad Latinoamericana de Medicina Sexual, en septiembre \u2013 mostr\u00f3 que\u00a0<strong>un 44% de ellas ten\u00eda una alteraci\u00f3n del deseo<\/strong>, justamente la chispa que suele condicionar todo lo que sigue. Cuatro de cada 10 presentaron alteraciones en el orgasmo, un 14% en la excitaci\u00f3n y otro 14%, dolor en el coito.<\/p>\n<p style=\"text-align: justify\">\u201cEl hecho de que se est\u00e9 perdiendo el deseo entre los m\u00e1s j\u00f3venes nos lleva a pensar que no tiene que ver con razones fisiol\u00f3gicas (como la disminuci\u00f3n de hormonas durante el climaterio) sino con h\u00e1bitos sexuales o par\u00e1metros culturales\u201d, razona Beatriz Literat, m\u00e9dica sex\u00f3loga y ginec\u00f3loga de Halitus. \u201cPor lo general, la sensaci\u00f3n es que la iniciaci\u00f3n sexual temprana, la libertad de no tener que comprometerse y de poder tener relaciones sexuales sin demasiada trascendencia o que haya mujeres que cuentan en los medios las cirug\u00edas que se hicieron, derivaron en una\u00a0<strong>p\u00e9rdida de la curiosidad<\/strong>, del misterio, de lo espont\u00e1neo. Hoy muchas chicas incluso se preguntan: \u00bfSer\u00e1 as\u00ed o habr\u00e1 tomado\u00a0<a href=\"http:\/\/www.entremujeres.com\/pareja-y-sexo\/hombres\/viagra-pareja-sexo-clarin_mujer-pastilla-impotencia-ereccion-erectil-sildenafil_0_604739637.html\" target=\"_blank\"><strong>Viagra<\/strong><\/a>? Todo esto desestimula mucho el\u00a0<strong><a href=\"http:\/\/www.entremujeres.com\/pareja-y-sexo\/sexo\/Deseo-puesta-escena_0_571742899.html\" target=\"_blank\">deseo<\/a><\/strong>\u201d.<\/p>\n<p style=\"text-align: justify\">Sin embargo, son pocas las que llegan al consultorio habiendo despejado la X: \u201cMuchas de ellas, reci\u00e9n en la confianza de la consulta ginecol\u00f3gica, cuentan que sienten dolor, ardor o molestias despu\u00e9s de una relaci\u00f3n sexual. Eso, por lo general, se debe a la falta de lubricaci\u00f3n, porque muchas parejas van directo a la penetraci\u00f3n antes de que se inicie la excitaci\u00f3n\u201d, describe Alicia Figueroa, tocoginec\u00f3loga del Hospital Durand. La falta de deseo parece entonces un escudo contra el dolor que vendr\u00e1.<\/p>\n<p style=\"text-align: justify\">Si bien las causas del deseo sexual inhibido pueden buscarse en el climaterio, en historias de abuso, en personas atrapadas por el estr\u00e9s o la depresi\u00f3n y hasta en prejuicios religiosos y morales, la mayor\u00eda de las veces son psicol\u00f3gicas, culturales o relacionadas con la din\u00e1mica vincular. \u201cHay un malentendido con respecto a las caracter\u00edsticas propias del deseo: se lo espera siempre ligado a lo natural, a lo espont\u00e1neo, a lo instintivo. Y en la sexualidad pareciera que es un mal s\u00edntoma tener que ir en busca del deseo. As\u00ed muchas parejas se apoltronan, convencidas de que el deseo s\u00f3lo llega como maripositas en la panza, lo que sucede por lo general s\u00f3lo al principio de cada relaci\u00f3n\u201d, explica la psic\u00f3loga y sex\u00f3loga Adriana Arias. \u201cPor eso un tratamiento efectivo consiste en\u00a0<a href=\"http:\/\/www.entremujeres.com\/pareja-y-sexo\/sexo\/sexualidad-desestructurate-desea-goza_0_525547510.html\" target=\"_blank\"><strong>reeducar los h\u00e1bitos de la pareja<\/strong><\/a>: ense\u00f1arles a eliminar la cabeza, enemiga de la er\u00f3tica, y motivarlos a que usen la imaginaci\u00f3n y construyan\u00a0<a href=\"http:\/\/www.entremujeres.com\/pareja-y-sexo\/sexo\/fantasias_sexuales-hombre-mujer-deseo-sexo_0_366563350.html\" target=\"_blank\"><strong>fantas\u00edas<\/strong><\/a>, el verdadero lenguaje de la er\u00f3tica\u201d.<\/p>\n<p style=\"text-align: justify\">Lo cierto es que cuando llegan a la consulta \u2013las pocas veces que llegan de a dos\u2013 los especialistas se encuentran con que cargan con una lista de sobreentendidos o malentendidos (incluso quienes llevan d\u00e9cadas en pareja): \u201cElla cuenta \u2018\u00e9l va directo a la penetraci\u00f3n y no hace nada para que me excite antes\u2019 y \u00e9l se queda helado porque cre\u00eda que estaba chocha por su rendimiento\u201d, describe Arias. \u201cOtros no se atreven a construir fantas\u00edas porque suelen pensar que son las hermanas bobas de la realidad. Por ejemplo, la mayor\u00eda de las mujeres fantasean con incluir a otras mujeres en la cama y eso no las convierte en homosexuales reprimidas\u201d, explica.<\/p>\n<p style=\"text-align: justify\">Existe una\u00a0<strong>receta<\/strong>\u00a0para no resignarse a ir a la cama s\u00f3lo para dormir cola con cola. La tiene Arias: \u201cGanas de tener ganas\u201d.<\/p>\n<p style=\"text-align: justify\">Fuente: www.entremujeres.com<\/p>\n","protected":false},"excerpt":{"rendered":"<p>La falta de deseo, en el podio de las disfunciones femeninas: Especialistas del Hospital Durand estudiaron el comportamiento de 453 mujeres y comprobaron que el 44% presentaba alteraciones del deseo y tambi\u00e9n durante el orgasmo. Recetas para solucionarlo. La disminuci\u00f3n del deseo sexual suele ir acomod\u00e1ndose en la cama en silencio. Hay quienes leen esa [&hellip;]<\/p>\n","protected":false},"featured_media":2445,"template":"","meta":[],"product_brand":[],"product_cat":[],"product_tag":[158,155,154,146,145],"class_list":{"0":"post-2444","1":"product","2":"type-product","3":"status-publish","4":"has-post-thumbnail","6":"product_tag-erotico","7":"product_tag-juguetes-para-adultos","8":"product_tag-sexshop","9":"product_tag-tierra-del-fuego","10":"product_tag-ushuaia","12":"first","13":"instock","14":"shipping-taxable","15":"product-type-simple"},"_links":{"self":[{"href":"https:\/\/sexysiempre.com\/web\/wp-json\/wp\/v2\/product\/2444","targetHints":{"allow":["GET"]}}],"collection":[{"href":"https:\/\/sexysiempre.com\/web\/wp-json\/wp\/v2\/product"}],"about":[{"href":"https:\/\/sexysiempre.com\/web\/wp-json\/wp\/v2\/types\/product"}],"wp:featuredmedia":[{"embeddable":true,"href":"https:\/\/sexysiempre.com\/web\/wp-json\/wp\/v2\/media\/2445"}],"wp:attachment":[{"href":"https:\/\/sexysiempre.com\/web\/wp-json\/wp\/v2\/media?parent=2444"}],"wp:term":[{"taxonomy":"product_brand","embeddable":true,"href":"https:\/\/sexysiempre.com\/web\/wp-json\/wp\/v2\/product_brand?post=2444"},{"taxonomy":"product_cat","embeddable":true,"href":"https:\/\/sexysiempre.com\/web\/wp-json\/wp\/v2\/product_cat?post=2444"},{"taxonomy":"product_tag","embeddable":true,"href":"https:\/\/sexysiempre.com\/web\/wp-json\/wp\/v2\/product_tag?post=2444"}],"curies":[{"name":"wp","href":"https:\/\/api.w.org\/{rel}","templated":true}]}}