{"id":2459,"date":"2012-01-29T21:56:10","date_gmt":"2012-01-29T21:56:10","guid":{"rendered":"http:\/\/sexysiempre.com\/web\/?p=2459"},"modified":"2012-01-29T21:56:11","modified_gmt":"2012-01-29T21:56:11","slug":"%c2%bfte-aburris-como-recuperar-la-sorpresa","status":"publish","type":"product","link":"https:\/\/sexysiempre.com\/web\/producto\/%c2%bfte-aburris-como-recuperar-la-sorpresa","title":{"rendered":"\u00bfTe aburr\u00eds? C\u00f3mo recuperar la sorpresa?"},"content":{"rendered":"<p style=\"text-align: justify\">Muchos hombres y mujeres se aman, pero se aburren. Existen distintas maneras de alejarse de la monoton\u00eda y recuperar la pasi\u00f3n.<\/p>\n<p style=\"text-align: justify\"><a href=\"http:\/\/sexysiempre.com\/web\/blog\/%c2%bfte-aburris-como-recuperar-la-sorpresa\/attachment\/pareja-television-tele_mujima20110602_0036_29\" rel=\"attachment wp-att-2460\"><img fetchpriority=\"high\" decoding=\"async\" class=\"aligncenter size-full wp-image-2460\" src=\"http:\/\/sexysiempre.com\/web\/wp-content\/uploads\/pareja-television-tele_MUJIMA20110602_0036_29.jpg\" alt=\"\" width=\"648\" height=\"326\" srcset=\"https:\/\/sexysiempre.com\/web\/wp-content\/uploads\/pareja-television-tele_MUJIMA20110602_0036_29.jpg 648w, https:\/\/sexysiempre.com\/web\/wp-content\/uploads\/pareja-television-tele_MUJIMA20110602_0036_29-600x302.jpg 600w, https:\/\/sexysiempre.com\/web\/wp-content\/uploads\/pareja-television-tele_MUJIMA20110602_0036_29-300x150.jpg 300w\" sizes=\"(max-width: 648px) 100vw, 648px\" \/><\/a><\/p>\n<p style=\"text-align: justify\">En la vida de pareja las buenas intenciones se deben convertir en acciones concretas que sacudan lo cotidiano. Si no estamos atentos, la rutina se apodera de todos los espacios de encuentro e intimidad.<\/p>\n<p style=\"text-align: justify\">No estoy hablando de generar grandes cambios que provoquen movidas de igual tenor, me refiero a peque\u00f1os hechos que nos devuelvan algo de la audacia y la espontaneidad de los primeros rodeos amorosos.<\/p>\n<p style=\"text-align: justify\">En esta vor\u00e1gine de exigencias laborales, crianza de los hijos y otras demandas, cumplir con el \u201cdeber ser\u201d es prioridad. Pero poco o nada se dice (y menos se hace) de ser \u201cbuen amante\u201d. Pareciera que las estrategias de conquista hubieran quedado en el pasado.<\/p>\n<p style=\"text-align: justify\">Pensamos que ser un buen amante es sostener un rol puramente sexual. Pero olvidamos que todo amante debe saber seducir, sorprender, comunicar con el lenguaje verbal y corporal, y un aspecto que muchos olvidan: tener buen humor.<\/p>\n<p style=\"text-align: justify\">\n<p style=\"text-align: justify\"><strong>Dar por sentado<\/strong><\/p>\n<p style=\"text-align: justify\">Muchas personas creen que la vida en pareja es una secuencia de etapas: noviazgo, casamiento, tener hijos, criarlos, esperar que crezcan y hagan su vida, reencuentro con la pareja y no saber qu\u00e9 hacer juntos\u2026 Y as\u00ed hasta el final. Muchas uniones dan por sentado que \u00abdebe ser as\u00ed\u201d.<\/p>\n<p style=\"text-align: justify\">Los deseos de cambio quedan relegados y reci\u00e9n aparecen cuando se dan por cumplidos los deberes anteriores. Surge la necesidad de \u201cser uno mismo\u201d y exigir igual proceso en el otro con el fin de que el v\u00ednculo recupere intensidad. Es aqu\u00ed cuando surgen propuestas para salir, para estar m\u00e1s tiempo juntos, y para rescatar el placer sexual. En el mejor de los casos, ambos asumen este compromiso de reencuentro.<\/p>\n<p style=\"text-align: justify\">En casos menos felices, tantos a\u00f1os de monoton\u00eda fueron creando h\u00e1bitos dif\u00edciles de erradicar. \u201cDejame tranquilo, no me vengas con cosas nuevas\u201d, suele ser una frase que se escucha con frecuencia de la boca de muchos hombres. O \u201csi mi marido no me acompa\u00f1a no salgo a ning\u00fan lado\u201d, dicen muchas mujeres.<\/p>\n<p style=\"text-align: justify\">\n<p style=\"text-align: justify\"><strong>No s\u00e9 con qui\u00e9n estoy<\/strong><\/p>\n<p style=\"text-align: justify\">En otros casos el aburrimiento se instala porque uno ha decidido crecer, desarrollarse en alguna actividad y el otro se queda instalado en la \u201ccomodidad\u201d de la rutina. El desequilibrio puede ser tan manifiesto que la persona en pleno desarrollo cree estar viviendo con un extra\u00f1o. Puede haber oposici\u00f3n, comentarios despectivos o indiferencia.<\/p>\n<p style=\"text-align: justify\">Hay mujeres que deciden salir de sus casas para estudiar, trabajar, recuperar la vida social (favorecida por las redes sociales), o programar actividades de cuidado personal (deportes, grupos de ayuda, etc.). La vivencia de soledad se acompa\u00f1a de bronca hasta la resignaci\u00f3n: \u201cyo no voy a dejar de hacer porque a \u00e9l se le antoja\u201d. Las mujeres de hoy defienden sus motivaciones de desarrollo ante el rechazo de sus hombres mon\u00f3tonos.<\/p>\n<p style=\"text-align: justify\">\n<p style=\"text-align: justify\"><strong>Personalidades aburridas<\/strong><\/p>\n<p style=\"text-align: justify\">Los hombres obsesivos son los m\u00e1s aburridos: rigidez de pensamiento, conductas predecibles, tendencia al perfeccionismo, poca expresi\u00f3n emocional, sexo escaso y \u201ctradicional\u201d, etc.<\/p>\n<p style=\"text-align: justify\">Aunque hay mujeres obsesivas, las sumisas o dependientes le ganan en frecuencia. Se entregan a las tareas del hogar con abnegaci\u00f3n, hacen todo lo que el hombre quiere y sufren porque temen ser abandonadas. Las quejas constantes, el pesimismo, el conflicto como tema de toda comunicaci\u00f3n y las actitudes posesivas son otras formas de instalar el tedio.<\/p>\n<p style=\"text-align: justify\">\n<p style=\"text-align: justify\"><strong>Tips para romper con el aburrimiento \u00a0<\/strong><\/p>\n<p style=\"text-align: justify\">*\u00a0 Con el amor no basta. Hay que \u201ctrabajar\u201d para mantener la intensidad.<\/p>\n<p style=\"text-align: justify\">*\u00a0 No se requieren grandes acciones: un llamado cari\u00f1oso, la sorpresa, una invitaci\u00f3n, el contacto afectivo, la insinuaci\u00f3n sexual, etc.<\/p>\n<p style=\"text-align: justify\">*\u00a0 No aferrarse a esquemas preconcebidos, cada pareja debe construir su forma de atravesar las etapas vitales.<\/p>\n<p style=\"text-align: justify\">*\u00a0 Por cada problema evaluar una soluci\u00f3n o una alternativa de cambio.<\/p>\n<p style=\"text-align: justify\">*\u00a0 Atreverse a incorporar variantes en el contacto er\u00f3tico-sexual.<\/p>\n<p style=\"text-align: justify\">*\u00a0 No subestimar el ocio, las actividades recreativas o expresivas.<\/p>\n<p style=\"text-align: justify\">*\u00a0 Defender la capacidad para disfrutar.<\/p>\n<p style=\"text-align: justify\">\n<p style=\"text-align: justify\"><strong>Por el doctor Walter Ghedin.\u00a0M\u00e9dico psiquiatra y sex\u00f3logo.<\/strong><\/p>\n<p style=\"text-align: justify\">Fuente: www.entremujeres.com<\/p>\n","protected":false},"excerpt":{"rendered":"<p>Muchos hombres y mujeres se aman, pero se aburren. Existen distintas maneras de alejarse de la monoton\u00eda y recuperar la pasi\u00f3n. En la vida de pareja las buenas intenciones se deben convertir en acciones concretas que sacudan lo cotidiano. Si no estamos atentos, la rutina se apodera de todos los espacios de encuentro e intimidad. [&hellip;]<\/p>\n","protected":false},"featured_media":2460,"template":"","meta":[],"product_brand":[],"product_cat":[],"product_tag":[155,147,154,146,145],"class_list":{"0":"post-2459","1":"product","2":"type-product","3":"status-publish","4":"has-post-thumbnail","6":"product_tag-juguetes-para-adultos","7":"product_tag-rio-grande","8":"product_tag-sexshop","9":"product_tag-tierra-del-fuego","10":"product_tag-ushuaia","12":"first","13":"instock","14":"shipping-taxable","15":"product-type-simple"},"_links":{"self":[{"href":"https:\/\/sexysiempre.com\/web\/wp-json\/wp\/v2\/product\/2459","targetHints":{"allow":["GET"]}}],"collection":[{"href":"https:\/\/sexysiempre.com\/web\/wp-json\/wp\/v2\/product"}],"about":[{"href":"https:\/\/sexysiempre.com\/web\/wp-json\/wp\/v2\/types\/product"}],"wp:featuredmedia":[{"embeddable":true,"href":"https:\/\/sexysiempre.com\/web\/wp-json\/wp\/v2\/media\/2460"}],"wp:attachment":[{"href":"https:\/\/sexysiempre.com\/web\/wp-json\/wp\/v2\/media?parent=2459"}],"wp:term":[{"taxonomy":"product_brand","embeddable":true,"href":"https:\/\/sexysiempre.com\/web\/wp-json\/wp\/v2\/product_brand?post=2459"},{"taxonomy":"product_cat","embeddable":true,"href":"https:\/\/sexysiempre.com\/web\/wp-json\/wp\/v2\/product_cat?post=2459"},{"taxonomy":"product_tag","embeddable":true,"href":"https:\/\/sexysiempre.com\/web\/wp-json\/wp\/v2\/product_tag?post=2459"}],"curies":[{"name":"wp","href":"https:\/\/api.w.org\/{rel}","templated":true}]}}