{"id":2932,"date":"2012-05-26T23:09:27","date_gmt":"2012-05-27T02:09:27","guid":{"rendered":"http:\/\/sexysiempre.com\/web\/?p=2932"},"modified":"2012-05-26T23:09:28","modified_gmt":"2012-05-27T02:09:28","slug":"quien-tiene-mas-ganas","status":"publish","type":"product","link":"https:\/\/sexysiempre.com\/web\/producto\/quien-tiene-mas-ganas","title":{"rendered":"\u00bfQui\u00e9n tiene m\u00e1s ganas?"},"content":{"rendered":"<p style=\"text-align: justify\">Un estudio analiza c\u00f3mo mujeres y hombres vivimos el apetito er\u00f3tico y la satisfacci\u00f3n en la cama. Adem\u00e1s, el paso del tiempo como un condicionante.<strong><\/strong><\/p>\n<h6>Dr. Walter Ghedin<\/h6>\n<p><a href=\"http:\/\/sexysiempre.com\/web\/blog\/quien-tiene-mas-ganas\/attachment\/deseo_sexual-sexo-pareja-getty_mujima20120524_0011_31\" rel=\"attachment wp-att-2933\"><img fetchpriority=\"high\" decoding=\"async\" class=\"aligncenter size-full wp-image-2933\" src=\"http:\/\/sexysiempre.com\/web\/wp-content\/uploads\/deseo_sexual-sexo-pareja-getty_MUJIMA20120524_0011_31.jpg\" alt=\"\" width=\"648\" height=\"326\" srcset=\"https:\/\/sexysiempre.com\/web\/wp-content\/uploads\/deseo_sexual-sexo-pareja-getty_MUJIMA20120524_0011_31.jpg 648w, https:\/\/sexysiempre.com\/web\/wp-content\/uploads\/deseo_sexual-sexo-pareja-getty_MUJIMA20120524_0011_31-600x302.jpg 600w, https:\/\/sexysiempre.com\/web\/wp-content\/uploads\/deseo_sexual-sexo-pareja-getty_MUJIMA20120524_0011_31-300x150.jpg 300w\" sizes=\"(max-width: 648px) 100vw, 648px\" \/><\/a><\/p>\n<p style=\"text-align: justify\">El deseo sexual sigue siendo motivo de investigaciones que buscan saber sus aspectos cuantitativos y sus cualidades: intensidad, oscilaciones y diferencias respecto al g\u00e9nero.<\/p>\n<p style=\"text-align: justify\">Un\u00a0art\u00edculo publicado en la revista Journal of Sex &amp; Marital\u00a0Therapy concluye que las mujeres son m\u00e1s propensas\u00a0que los hombres a experimentar una<a href=\"http:\/\/www.entremujeres.com\/vida-sana\/salud\/anorexia_sexual-falta-deseo-mujeres-salud-sociedad_0_617338324.html\" target=\"_blank\">disminuci\u00f3n del deseo\u00a0sexual<\/a>\u00a0a medida que el v\u00ednculo amoroso progresa en el tiempo. El\u00a0estudio reuni\u00f3 a 170 personas (hombres y mujeres de entre 18\u00a0y 25 a\u00f1os, con aproximadamente dos a\u00f1os de v\u00ednculo heterosexual).<\/p>\n<p style=\"text-align: justify\">Los investigadores coinciden en que es dif\u00edcil extrapolar los resultados a v\u00ednculos constituidos por adultos\u00a0de m\u00e1s edad y m\u00e1s tiempo de compromiso mutuo. La elecci\u00f3n de j\u00f3venes no es azarosa: pone en evidencia lo que sucede con el deseo sexual cuando se comienza con los primeros escarceos amorosos\u00a0y a\u00fan no se han asumido compromisos mayores como la convivencia, el matrimonio o la responsabilidad de ser padres.<\/p>\n<p style=\"text-align: justify\"><strong>La influencia de los patrones de g\u00e9nero<\/strong><\/p>\n<p style=\"text-align: justify\">Los hombres j\u00f3venes de la misma muestra reportaron altos \u00edndices de deseo, que no decayeron con el paso del tiempo. Una de las explicaciones posibles\u00a0asocian su \u00abapetito\u00bb a los f\u00e9rreos patrones de g\u00e9nero: \u00ablos hombres\u00a0<a href=\"http:\/\/www.entremujeres.com\/pareja-y-sexo\/hombres-siempre-listos-varon-hombre-sexualidad-sexo-educacion_sexual_0_454154666.html\" target=\"_blank\">deben estar preparados<\/a>\u00a0para el sexo\u00bb.<\/p>\n<p style=\"text-align: justify\">A pesar de los\u00a0cambios en la masculinidad,\u00a0a\u00fan se sostienen a ultranza las reglas de rendimiento, potencia, fuerza\u00a0viril, buena erecci\u00f3n\u00a0y jactancia entre el grupo de pares.<\/p>\n<p style=\"text-align: justify\">Por el contrario,\u00a0las normativas de g\u00e9nero propias de la feminidad no incluyen al deseo sexual como prioridad. Resaltan el amor rom\u00e1ntico, la distribuci\u00f3n afectiva dentro del grupo\u00a0familiar, el deseo de ser madres y el cuidado de la prole.<\/p>\n<p style=\"text-align: justify\">Los estudios\u00a0sobre las diferencias en la expresi\u00f3n del deseo\u00a0entre los\u00a0hombres y las mujeres se ver\u00edan influidos por las cl\u00e1sicas (y resistentes) normativas de g\u00e9nero.<\/p>\n<p style=\"text-align: justify\"><strong>\u00bfLa satisfacci\u00f3n es masculina?<\/strong><\/p>\n<p style=\"text-align: justify\">Otra de las evidencias del estudio revela que los hombres valoran m\u00e1s la\u00a0satisfacci\u00f3n sexual que la longitud en el tiempo de la relaci\u00f3n. En otras palabras: los varones mantienen alto su deseo si la relaci\u00f3n es placentera, no importa si es breve o prolongada.<\/p>\n<p style=\"text-align: justify\">En cambio, para las damas la longitud del v\u00ednculo puede hacer\u00a0decrecer el deseo sexual pero aumentar la intensidad en otras \u00e1reas\u00a0como el compromiso, el amor rom\u00e1ntico, la concreci\u00f3n de proyectos comunes y la maternidad.<\/p>\n<p style=\"text-align: justify\"><strong>Trabajar para el deseo<\/strong><\/p>\n<p style=\"text-align: justify\">Es probable que el hombre conf\u00ede m\u00e1s en la expresi\u00f3n libre y espont\u00e1nea de su deseo. Los varones\u00a0naturalizan la fuerza\u00a0deseante con un aspecto\u00a0inherente\u00a0a la masculinidad. Dicha\u00a0creencia genera confianza, por lo tanto se preocupan menos por\u00a0el juego previo\u00a0o por cualquier \u00abtrabajo\u00bb para estimular al deseo.<\/p>\n<p style=\"text-align: justify\">La\u00a0presencia de disfunciones sexuales\u00a0los lleva a pensar\u00a0que el deseo necesita de acciones\u00a0para estimularlo y que\u00a0la prolongaci\u00f3n del encuentro er\u00f3tico incrementa el deseo sexual y el conocimiento de las sensaciones placenteras del propio cuerpo y el cuerpo del otro.<\/p>\n<p style=\"text-align: justify\">Muchos son reticentes o minimizan los efectos del contacto er\u00f3tico. Dan prioridad\u00a0a la penetraci\u00f3n\u00a0como si fuera el objetivo fundamental. Basan la satisfacci\u00f3n sexual en el coito y se pierden la riqueza de los est\u00edmulos que brinda\u00a0la prolongaci\u00f3n del encuentro.<\/p>\n<p style=\"text-align: justify\">En cambio, las mujeres\u00a0son defensoras del caldeamiento er\u00f3tico. Lo necesitan para incrementar el deseo, para tener buena lubricaci\u00f3n y obtener mejores orgasmos.<\/p>\n<p style=\"text-align: justify\">\n<p style=\"text-align: justify\"><strong>Por el doctor Walter Ghedin, m\u00e9dico psiquiatra y psicoterapeuta, autor de \u201cAmores ansiosos y otras cuestiones del amor\u201d, de ediciones Lea.<\/strong><\/p>\n<p style=\"text-align: justify\">Fuente: www.entremujeres.com<\/p>\n","protected":false},"excerpt":{"rendered":"<p>Un estudio analiza c\u00f3mo mujeres y hombres vivimos el apetito er\u00f3tico y la satisfacci\u00f3n en la cama. Adem\u00e1s, el paso del tiempo como un condicionante. Dr. Walter Ghedin El deseo sexual sigue siendo motivo de investigaciones que buscan saber sus aspectos cuantitativos y sus cualidades: intensidad, oscilaciones y diferencias respecto al g\u00e9nero. Un\u00a0art\u00edculo publicado en [&hellip;]<\/p>\n","protected":false},"featured_media":2933,"template":"","meta":[],"product_brand":[],"product_cat":[],"product_tag":[178,147,154,177,146,145],"class_list":{"0":"post-2932","1":"product","2":"type-product","3":"status-publish","4":"has-post-thumbnail","6":"product_tag-erotismo","7":"product_tag-rio-grande","8":"product_tag-sexshop","9":"product_tag-sexualidad","10":"product_tag-tierra-del-fuego","11":"product_tag-ushuaia","13":"first","14":"instock","15":"shipping-taxable","16":"product-type-simple"},"_links":{"self":[{"href":"https:\/\/sexysiempre.com\/web\/wp-json\/wp\/v2\/product\/2932","targetHints":{"allow":["GET"]}}],"collection":[{"href":"https:\/\/sexysiempre.com\/web\/wp-json\/wp\/v2\/product"}],"about":[{"href":"https:\/\/sexysiempre.com\/web\/wp-json\/wp\/v2\/types\/product"}],"wp:featuredmedia":[{"embeddable":true,"href":"https:\/\/sexysiempre.com\/web\/wp-json\/wp\/v2\/media\/2933"}],"wp:attachment":[{"href":"https:\/\/sexysiempre.com\/web\/wp-json\/wp\/v2\/media?parent=2932"}],"wp:term":[{"taxonomy":"product_brand","embeddable":true,"href":"https:\/\/sexysiempre.com\/web\/wp-json\/wp\/v2\/product_brand?post=2932"},{"taxonomy":"product_cat","embeddable":true,"href":"https:\/\/sexysiempre.com\/web\/wp-json\/wp\/v2\/product_cat?post=2932"},{"taxonomy":"product_tag","embeddable":true,"href":"https:\/\/sexysiempre.com\/web\/wp-json\/wp\/v2\/product_tag?post=2932"}],"curies":[{"name":"wp","href":"https:\/\/api.w.org\/{rel}","templated":true}]}}