{"id":2974,"date":"2012-06-09T00:59:12","date_gmt":"2012-06-09T03:59:12","guid":{"rendered":"http:\/\/sexysiempre.com\/web\/?p=2974"},"modified":"2012-06-09T00:59:12","modified_gmt":"2012-06-09T03:59:12","slug":"el-se-apura-un-tipico-problema-en-la-cama","status":"publish","type":"product","link":"https:\/\/sexysiempre.com\/web\/producto\/el-se-apura-un-tipico-problema-en-la-cama","title":{"rendered":"\u201c\u00c9l se apura\u201d: un t\u00edpico problema en la cama."},"content":{"rendered":"<p style=\"text-align: justify\">\u00bfEl final llega cuando vos reci\u00e9n est\u00e1s arrancando? No te preocupes, a muchas mujeres les pasa. Para buscar soluciones, habla un experto en sexo t\u00e1ntrico.<\/p>\n<h6 style=\"text-align: justify\">Dr. Daniel Ciuciulete<\/h6>\n<p><a href=\"http:\/\/sexysiempre.com\/web\/blog\/el-se-apura-un-tipico-problema-en-la-cama\/attachment\/el-se-apura\" rel=\"attachment wp-att-2975\"><img fetchpriority=\"high\" decoding=\"async\" class=\"aligncenter size-full wp-image-2975\" src=\"http:\/\/sexysiempre.com\/web\/wp-content\/uploads\/el-se-apura.jpg\" alt=\"\" width=\"648\" height=\"326\" srcset=\"https:\/\/sexysiempre.com\/web\/wp-content\/uploads\/el-se-apura.jpg 648w, https:\/\/sexysiempre.com\/web\/wp-content\/uploads\/el-se-apura-600x302.jpg 600w, https:\/\/sexysiempre.com\/web\/wp-content\/uploads\/el-se-apura-300x150.jpg 300w\" sizes=\"(max-width: 648px) 100vw, 648px\" \/><\/a><\/p>\n<p style=\"text-align: justify\">Existe una diferencia notable entre el tiempo necesario (mucho m\u00e1s corto) para que un hombre alcance el estado de orgasmo y el tiempo necesario (bastante m\u00e1s largo) para que una mujer pueda lograr el \u00e9xtasis.<\/p>\n<p style=\"text-align: justify\">En promedio, el tiempo necesario para que una mujer pueda lograr un orgasmo profundo y satisfactorio es de 30 a 45 minutos. Si el hombre \u00abtermina\u00bb antes de este tiempo, la mujer no puede vivir plenamente el orgasmo.<\/p>\n<p style=\"text-align: justify\">Eventualmente ella puede vivir el orgasmo clitoridiano, pero es m\u00e1s superficial que el orgasmo vaginal y c\u00e9rvico-uterino. En cambio, si el acto amoroso dura m\u00e1s tiempo (y con\u00a0<a href=\"http:\/\/www.entremujeres.com\/pareja-y-sexo\/sexo-tantrico-tantra-sexual-orgasmo-penetracion-eyaculacion-climax-sexologia-placer_0_341365868.html\" target=\"_blank\">continencia sexual t\u00e1ntrica<\/a>\u00a0puede durar varias horas), la mujer puede vivir orgasmos m\u00faltiples con un importante aumento de la energ\u00eda vital, afectiva y mental.<\/p>\n<p style=\"text-align: justify\"><strong>Distintas formas de \u201cllegar\u201d<\/strong><\/p>\n<p style=\"text-align: justify\">Durante el acto er\u00f3tico, la mujer secreta diferentes tipos de l\u00edquidos (<a href=\"http:\/\/www.entremujeres.com\/pareja-y-sexo\/Eyaculacion-femenina-mito-realidad-punto_G-orgasmo-placer-sexualidad_0_440356029.html\" target=\"_blank\">eyaculaci\u00f3n femenina<\/a>). Representan el potencial energ\u00e9tico de la mujer y son equivalentes al esperma masculino. Se diferencian, entonces, de los l\u00edquidos de lubricaci\u00f3n.<\/p>\n<p style=\"text-align: justify\">Durante el orgasmo femenino hay contracciones espec\u00edficas que eliminan estos l\u00edquidos y esto representa la p\u00e9rdida del potencial vital de la mujer. M\u00e1s all\u00e1 de que exista un corto per\u00edodo de placer, despu\u00e9s el nivel energ\u00e9tico general baja considerablemente.<\/p>\n<p style=\"text-align: justify\">Por el contrario, si la mujer vive el orgasmo sin perder estas potencialidades, ella puede tener m\u00e1s y m\u00e1s energ\u00eda y puede vivir orgasmos m\u00faltiples m\u00e1s y m\u00e1s refinados. Practicando el\u00a0<a href=\"http:\/\/www.entremujeres.com\/pareja-y-sexo\/sexo-tantrico-tantra-sexual-orgasmo-penetracion-eyaculacion-climax-sexologia-placer_0_341365868.html\" target=\"_blank\">amor t\u00e1ntrico con continencia sexual<\/a>, los amantes viven experiencias amorosas cada vez m\u00e1s intensas. Tienen un horizonte pr\u00e1cticamente ilimitado de conciencia, amor y felicidad.<\/p>\n<p style=\"text-align: justify\">Si practica el amor t\u00e1ntrico con orgasmos sin descarga, o sea respeta la continencia sexual, el hombre logra un estado de gran potencia y puede hacer el amor durante varias horas y le concede a la mujer la posibilidad de vivir m\u00faltiples orgasmos.<\/p>\n<p style=\"text-align: justify\"><strong>\u00a0<\/strong><\/p>\n<p style=\"text-align: justify\"><strong>Por Daniel Ciuciulete, fundador del Instituto de yoga y ciencias alternativas (ATMAN) de Argentina. Es profesor de yoga y tantra, doctor en medicina por la Universidad Acad\u00e9mica de Bucarest (Rumania) y especialista en Ayurveda.<\/strong><\/p>\n<p style=\"text-align: justify\">Fuente: www.entremujeres.com<\/p>\n","protected":false},"excerpt":{"rendered":"<p>\u00bfEl final llega cuando vos reci\u00e9n est\u00e1s arrancando? No te preocupes, a muchas mujeres les pasa. Para buscar soluciones, habla un experto en sexo t\u00e1ntrico. Dr. Daniel Ciuciulete Existe una diferencia notable entre el tiempo necesario (mucho m\u00e1s corto) para que un hombre alcance el estado de orgasmo y el tiempo necesario (bastante m\u00e1s largo) [&hellip;]<\/p>\n","protected":false},"featured_media":2975,"template":"","meta":[],"product_brand":[],"product_cat":[],"product_tag":[178,181,147,154,177,146,145],"class_list":{"0":"post-2974","1":"product","2":"type-product","3":"status-publish","4":"has-post-thumbnail","6":"product_tag-erotismo","7":"product_tag-orgasmos","8":"product_tag-rio-grande","9":"product_tag-sexshop","10":"product_tag-sexualidad","11":"product_tag-tierra-del-fuego","12":"product_tag-ushuaia","14":"first","15":"instock","16":"shipping-taxable","17":"product-type-simple"},"_links":{"self":[{"href":"https:\/\/sexysiempre.com\/web\/wp-json\/wp\/v2\/product\/2974","targetHints":{"allow":["GET"]}}],"collection":[{"href":"https:\/\/sexysiempre.com\/web\/wp-json\/wp\/v2\/product"}],"about":[{"href":"https:\/\/sexysiempre.com\/web\/wp-json\/wp\/v2\/types\/product"}],"wp:featuredmedia":[{"embeddable":true,"href":"https:\/\/sexysiempre.com\/web\/wp-json\/wp\/v2\/media\/2975"}],"wp:attachment":[{"href":"https:\/\/sexysiempre.com\/web\/wp-json\/wp\/v2\/media?parent=2974"}],"wp:term":[{"taxonomy":"product_brand","embeddable":true,"href":"https:\/\/sexysiempre.com\/web\/wp-json\/wp\/v2\/product_brand?post=2974"},{"taxonomy":"product_cat","embeddable":true,"href":"https:\/\/sexysiempre.com\/web\/wp-json\/wp\/v2\/product_cat?post=2974"},{"taxonomy":"product_tag","embeddable":true,"href":"https:\/\/sexysiempre.com\/web\/wp-json\/wp\/v2\/product_tag?post=2974"}],"curies":[{"name":"wp","href":"https:\/\/api.w.org\/{rel}","templated":true}]}}