{"id":3024,"date":"2012-12-02T18:51:50","date_gmt":"2012-12-02T21:51:50","guid":{"rendered":"http:\/\/sexysiempre.com\/web\/?p=3024"},"modified":"2012-12-02T18:53:16","modified_gmt":"2012-12-02T21:53:16","slug":"tanga-con-cierre-total","status":"publish","type":"product","link":"https:\/\/sexysiempre.com\/web\/producto\/tanga-con-cierre-total","title":{"rendered":"Tanga con cierre total!!"},"content":{"rendered":"<p><strong>C\u00f3digo M 034<\/strong><\/p>\n<p>Tanga en lycra con cierre \u00edntegro!! Talle \u00fanico. Colores: blanco, negro, fucsia, reptil, leopardo, fluo, rojo.<a href=\"http:\/\/sexysiempre.com\/web\/lenceria-erotica\/tanga-con-cierre-total\/attachment\/img040\" rel=\"attachment wp-att-3025\"><img fetchpriority=\"high\" decoding=\"async\" class=\"aligncenter size-medium wp-image-3025\" src=\"http:\/\/sexysiempre.com\/web\/wp-content\/uploads\/img040-300x282.jpg\" alt=\"\" width=\"300\" height=\"282\" srcset=\"https:\/\/sexysiempre.com\/web\/wp-content\/uploads\/img040-300x282.jpg 300w, https:\/\/sexysiempre.com\/web\/wp-content\/uploads\/img040-600x565.jpg 600w, https:\/\/sexysiempre.com\/web\/wp-content\/uploads\/img040-1024x963.jpg 1024w\" sizes=\"(max-width: 300px) 100vw, 300px\" \/><\/a><\/p>\n","protected":false},"excerpt":{"rendered":"<p>C\u00f3digo M 034 Tanga en lycra con cierre \u00edntegro!! Talle \u00fanico. Colores: blanco, negro, fucsia, reptil, leopardo, fluo, rojo.<\/p>\n","protected":false},"featured_media":3025,"template":"","meta":[],"product_brand":[],"product_cat":[5,76],"product_tag":[158,156,182,147,154,152,145],"class_list":{"0":"post-3024","1":"product","2":"type-product","3":"status-publish","4":"has-post-thumbnail","6":"product_cat-lenceria-erotica","7":"product_cat-tangas-zungas-medias-portaligas","8":"product_tag-erotico","9":"product_tag-hot","10":"product_tag-lenceria","11":"product_tag-rio-grande","12":"product_tag-sexshop","13":"product_tag-sexy","14":"product_tag-ushuaia","16":"first","17":"instock","18":"shipping-taxable","19":"product-type-simple"},"_links":{"self":[{"href":"https:\/\/sexysiempre.com\/web\/wp-json\/wp\/v2\/product\/3024","targetHints":{"allow":["GET"]}}],"collection":[{"href":"https:\/\/sexysiempre.com\/web\/wp-json\/wp\/v2\/product"}],"about":[{"href":"https:\/\/sexysiempre.com\/web\/wp-json\/wp\/v2\/types\/product"}],"wp:featuredmedia":[{"embeddable":true,"href":"https:\/\/sexysiempre.com\/web\/wp-json\/wp\/v2\/media\/3025"}],"wp:attachment":[{"href":"https:\/\/sexysiempre.com\/web\/wp-json\/wp\/v2\/media?parent=3024"}],"wp:term":[{"taxonomy":"product_brand","embeddable":true,"href":"https:\/\/sexysiempre.com\/web\/wp-json\/wp\/v2\/product_brand?post=3024"},{"taxonomy":"product_cat","embeddable":true,"href":"https:\/\/sexysiempre.com\/web\/wp-json\/wp\/v2\/product_cat?post=3024"},{"taxonomy":"product_tag","embeddable":true,"href":"https:\/\/sexysiempre.com\/web\/wp-json\/wp\/v2\/product_tag?post=3024"}],"curies":[{"name":"wp","href":"https:\/\/api.w.org\/{rel}","templated":true}]}}