{"id":3241,"date":"2012-12-03T03:56:37","date_gmt":"2012-12-03T06:56:37","guid":{"rendered":"http:\/\/sexysiempre.com\/web\/?p=3241"},"modified":"2012-12-03T03:56:37","modified_gmt":"2012-12-03T06:56:37","slug":"juegos-previos-el-camino-hacia-el-orgasmo","status":"publish","type":"product","link":"https:\/\/sexysiempre.com\/web\/producto\/juegos-previos-el-camino-hacia-el-orgasmo","title":{"rendered":"Juegos previos: el camino hacia el orgasmo"},"content":{"rendered":"<p style=\"text-align: justify\"><strong>Muchas veces la etapa de besos o caricias no dura lo suficiente y eso impide desarrollar con totalidad la capacidad org\u00e1smica. Consejos de un especialista.<\/strong><\/p>\n<p style=\"text-align: justify\"><a href=\"http:\/\/sexysiempre.com\/web\/blog\/juegos-previos-el-camino-hacia-el-orgasmo\/attachment\/pareja\" rel=\"attachment wp-att-3242\"><img fetchpriority=\"high\" decoding=\"async\" class=\"aligncenter size-medium wp-image-3242\" src=\"http:\/\/sexysiempre.com\/web\/wp-content\/uploads\/pareja-300x215.jpg\" alt=\"\" width=\"300\" height=\"215\" srcset=\"https:\/\/sexysiempre.com\/web\/wp-content\/uploads\/pareja-300x215.jpg 300w, https:\/\/sexysiempre.com\/web\/wp-content\/uploads\/pareja.jpg 400w\" sizes=\"(max-width: 300px) 100vw, 300px\" \/><\/a><\/p>\n<p>Para los juegos previos es fundamental hacer hincapi\u00e9 en el sentido del tacto. Incluye, necesariamente, besos, caricias y abrazos; del hombre hacia la mujer y viceversa.<\/p>\n<p>Debe ponerse en pr\u00e1ctica un procedimiento importante: luego de las caricias y los besos, hay que explorar la extensi\u00f3n de la piel de todo el cuerpo. El hombre debe dedicarse a estimular a trav\u00e9s de caricias la zona clitoridiana durante un per\u00edodo de largos minutos.<\/p>\n<p>Es imposible indicar siquiera de manera aproximada el tiempo durante el que deber\u00edan aplicarse las caricias. Cada mujer es un mundo. La duraci\u00f3n suele oscilar en relaci\u00f3n con el cansancio previo, con los vaivenes emocionales y con el estado general de salud.<\/p>\n<p>La estimulaci\u00f3n de la\u00a0<a href=\"http:\/\/www.entremujeres.com\/pareja-y-sexo\/sexo\/sexo-pareja-Alessandra_Rampolla-sexologa-punto_g-placer-orgasmo-clitoris_0_675532523.html\" target=\"_blank\">zona clitoridiana<\/a>\u00a0se extiende hasta que la mujer indica la necesidad de ser penetrada. En el juego previo se encuentra incluido el\u00a0<a href=\"http:\/\/www.entremujeres.com\/pareja-y-sexo\/sexo\/sexo-sexo_oral-placer-orgasmo-fellatio-pareja-columinista_0_545945482.html\" target=\"_blank\">sexo oral<\/a>\u00a0de ambos.<\/p>\n<p>Muchas mujeres se niegan a tener orgasmos durante el per\u00edodo de juego previo. A ellas les perturba pensar que estas pr\u00e1cticas son\u00a0<a href=\"http:\/\/www.entremujeres.com\/pareja-y-sexo\/masturbacion-placer-sexo-sexualidad-orgasmo-anorgasmia-clitoris-autoestimular_0_311368874.html\" target=\"_blank\">masturbatorias<\/a>\u00a0y que muchas veces les impiden el orgasmo por penetraci\u00f3n. Por el contrario, tener orgasmos durante los juegos previos es, con frecuencia, el proleg\u00f3meno de la\u00a0<a href=\"http:\/\/www.entremujeres.com\/pareja-y-sexo\/sexo\/pareja-sexo-orgasmo-multiple-encadenado-multiorgasmo-placer-sexual-amante-columnista_0_694130696.html\" target=\"_blank\">multiplicidad org\u00e1smica<\/a>\u00a0femenina.<\/p>\n<p>Muchas mujeres sienten que los juegos sexuales previos\u00a0<a href=\"http:\/\/www.entremujeres.com\/pareja-y-sexo\/sexo\/sexo-orgasmo-hombre-mujer-tantra-eyaculacion_0_515348566.html\" target=\"_blank\">no duran lo suficiente<\/a>, lo cual les impide desarrollar con totalidad su capacidad org\u00e1smica. Lo peor es no manifestarlo a sus compa\u00f1eros por temor a que se ofendan, a que no quieran tener m\u00e1s relaciones sexuales o, incluso, a que las abandonen.<\/p>\n<p>Lejos de considerar que estas mujeres son \u201cninfoman\u00edacas\u201d o \u201csupersexuadas\u201d, deberemos ver que la fuerza de su impulso sexual y su fuerza vital son caracter\u00edsticas normales. En realidad, deber\u00edan ser reglas antes que excepciones, si no fuera por las inhibiciones sociales a las que contin\u00faan sometidas las mujeres en el marco de nuestra cultura.<\/p>\n<p>&nbsp;<\/p>\n<p><strong>Extractos del pr\u00f3logo de\u00a0<\/strong><strong>Juan Carlos Kusnetzoff en la \u201cGu\u00eda ilustrada del orgasmo femenino\u201d, de Fernanda Cohen (editorial Libros del Zorzal). Kusnetzoff es m\u00e9dico psiquiatra y director del programa de sexolog\u00eda cl\u00ednica y la c\u00e1tedra libre de Sexolog\u00eda y salud reproductiva de la Facultad de Medicina de la Universidad de Buenos Aires.<\/strong><\/p>\n<p>Fuente:www.entremujeres.com<\/p>\n","protected":false},"excerpt":{"rendered":"<p>Muchas veces la etapa de besos o caricias no dura lo suficiente y eso impide desarrollar con totalidad la capacidad org\u00e1smica. Consejos de un especialista. Para los juegos previos es fundamental hacer hincapi\u00e9 en el sentido del tacto. Incluye, necesariamente, besos, caricias y abrazos; del hombre hacia la mujer y viceversa. Debe ponerse en pr\u00e1ctica [&hellip;]<\/p>\n","protected":false},"featured_media":3242,"template":"","meta":[],"product_brand":[],"product_cat":[],"product_tag":[210,147,154,177,145],"class_list":{"0":"post-3241","1":"product","2":"type-product","3":"status-publish","4":"has-post-thumbnail","6":"product_tag-orgasmo","7":"product_tag-rio-grande","8":"product_tag-sexshop","9":"product_tag-sexualidad","10":"product_tag-ushuaia","12":"first","13":"instock","14":"shipping-taxable","15":"product-type-simple"},"_links":{"self":[{"href":"https:\/\/sexysiempre.com\/web\/wp-json\/wp\/v2\/product\/3241","targetHints":{"allow":["GET"]}}],"collection":[{"href":"https:\/\/sexysiempre.com\/web\/wp-json\/wp\/v2\/product"}],"about":[{"href":"https:\/\/sexysiempre.com\/web\/wp-json\/wp\/v2\/types\/product"}],"wp:featuredmedia":[{"embeddable":true,"href":"https:\/\/sexysiempre.com\/web\/wp-json\/wp\/v2\/media\/3242"}],"wp:attachment":[{"href":"https:\/\/sexysiempre.com\/web\/wp-json\/wp\/v2\/media?parent=3241"}],"wp:term":[{"taxonomy":"product_brand","embeddable":true,"href":"https:\/\/sexysiempre.com\/web\/wp-json\/wp\/v2\/product_brand?post=3241"},{"taxonomy":"product_cat","embeddable":true,"href":"https:\/\/sexysiempre.com\/web\/wp-json\/wp\/v2\/product_cat?post=3241"},{"taxonomy":"product_tag","embeddable":true,"href":"https:\/\/sexysiempre.com\/web\/wp-json\/wp\/v2\/product_tag?post=3241"}],"curies":[{"name":"wp","href":"https:\/\/api.w.org\/{rel}","templated":true}]}}