{"id":3274,"date":"2013-01-29T01:38:11","date_gmt":"2013-01-29T04:38:11","guid":{"rendered":"http:\/\/sexysiempre.com\/web\/?p=3274"},"modified":"2013-01-29T01:38:11","modified_gmt":"2013-01-29T04:38:11","slug":"sexo-en-la-primera-cita-que-opinan-los-hombres","status":"publish","type":"product","link":"https:\/\/sexysiempre.com\/web\/producto\/sexo-en-la-primera-cita-que-opinan-los-hombres","title":{"rendered":"Sexo en la primera cita: \u00bfQu\u00e9 opinan los hombres?"},"content":{"rendered":"<p style=\"text-align: justify\">La mayor\u00eda de los varones aprueban que las mujeres se animen a ir directo a la cama, seg\u00fan los resultados de una encuesta. El estudio rompe uno de los principales mitos al momento de conocer a una persona.<\/p>\n<p><a href=\"http:\/\/sexysiempre.com\/web\/blog\/sexo-en-la-primera-cita-que-opinan-los-hombres\/attachment\/hgm1rhu7uyo1_500\" rel=\"attachment wp-att-3275\"><img fetchpriority=\"high\" decoding=\"async\" class=\"aligncenter size-medium wp-image-3275\" src=\"http:\/\/sexysiempre.com\/web\/wp-content\/uploads\/Hgm1rhu7uyo1_500-199x300.jpg\" alt=\"\" width=\"199\" height=\"300\" srcset=\"https:\/\/sexysiempre.com\/web\/wp-content\/uploads\/Hgm1rhu7uyo1_500-199x300.jpg 199w, https:\/\/sexysiempre.com\/web\/wp-content\/uploads\/Hgm1rhu7uyo1_500.jpg 465w\" sizes=\"(max-width: 199px) 100vw, 199px\" \/><\/a><\/p>\n<p style=\"text-align: justify\">Cuando se trata de tener sexo en la primera cita, la mayor\u00eda de las mujeres piensan que no deben hacerlo porque los hombres las ver\u00edan como demasiado \u201cr\u00e1pidas\u201d para entablar una relaci\u00f3n seria. Sin embargo, los tiempos han cambiado. Al menos eso deslizan los resultados de una encuesta realizada en Brasil por Match.com, una compa\u00f1\u00eda de citas on line.<\/p>\n<p style=\"text-align: justify\">Ante la pregunta \u00absi tuviste sexo en la primera cita, \u00bfqu\u00e9 pens\u00e1s de ella?\u00bb, los resultados fueron:<\/p>\n<p style=\"text-align: justify\">* El 55% de los hombres manifest\u00f3 que no juzgar\u00eda a la mujer. \u00abEs algo natural para ambos\u00bb, respondieron.<\/p>\n<p style=\"text-align: justify\">* El 19% consider\u00f3 que si pas\u00f3 es porque ella estaba realmente interesada en \u00e9l.<\/p>\n<p style=\"text-align: justify\">* Para el 13%, \u00abes una mujer interesante que conf\u00eda en ella misma\u00bb.<\/p>\n<p style=\"text-align: justify\">* Solo el 13% restante respondi\u00f3 que \u00abes una mujer muy arriesgada como para mantener otro tipo de relaci\u00f3n\u00bb.<\/p>\n<p style=\"text-align: justify\">Por lo que parece, ellos ven al sexo en la primera cita como algo normal y no juzgan a las mujeres por esta raz\u00f3n. \u201cEn el momento de decidir si ir a la cama o no, primero hay que tener en cuenta el deseo: si hay ganas, \u00bfpor qu\u00e9 resistirse? Existe el prejuicio de que la mente de las mujeres es m\u00e1s complicada que la de los hombres: razonan m\u00e1s, tienen en cuenta la opini\u00f3n de otras personas, piensan qu\u00e9 pasar\u00e1 en el futuro, y se hacen miles de cuestionamientos que les impiden disfrutar el momento\u201d, opina Claudio Gandelman, CEO de Match.com para Latinoam\u00e9rica.<\/p>\n<p style=\"text-align: justify\">\u201cCada persona tiene su modo de actuar y de pensar, y debe ser respetada. Nadie ser\u00e1 juzgado por hacer lo que tiene ganas de hacer. Cada uno es responsable de sus actos y de la b\u00fasqueda de la propia felicidad. Entonces, si algo dar\u00e1 satisfacci\u00f3n, la primera pregunta que habr\u00eda que hacerse es: \u00bfpor qu\u00e9 no?\u201d, concluye Gandelman.<\/p>\n<div>\u00a0Fuente: www.entremujeres.com<\/div>\n","protected":false},"excerpt":{"rendered":"<p>La mayor\u00eda de los varones aprueban que las mujeres se animen a ir directo a la cama, seg\u00fan los resultados de una encuesta. El estudio rompe uno de los principales mitos al momento de conocer a una persona. Cuando se trata de tener sexo en la primera cita, la mayor\u00eda de las mujeres piensan que [&hellip;]<\/p>\n","protected":false},"featured_media":3275,"template":"","meta":[],"product_brand":[],"product_cat":[],"product_tag":[212,171,177],"class_list":{"0":"post-3274","1":"product","2":"type-product","3":"status-publish","4":"has-post-thumbnail","6":"product_tag-primera-vez","7":"product_tag-sexo","8":"product_tag-sexualidad","10":"first","11":"instock","12":"shipping-taxable","13":"product-type-simple"},"_links":{"self":[{"href":"https:\/\/sexysiempre.com\/web\/wp-json\/wp\/v2\/product\/3274","targetHints":{"allow":["GET"]}}],"collection":[{"href":"https:\/\/sexysiempre.com\/web\/wp-json\/wp\/v2\/product"}],"about":[{"href":"https:\/\/sexysiempre.com\/web\/wp-json\/wp\/v2\/types\/product"}],"wp:featuredmedia":[{"embeddable":true,"href":"https:\/\/sexysiempre.com\/web\/wp-json\/wp\/v2\/media\/3275"}],"wp:attachment":[{"href":"https:\/\/sexysiempre.com\/web\/wp-json\/wp\/v2\/media?parent=3274"}],"wp:term":[{"taxonomy":"product_brand","embeddable":true,"href":"https:\/\/sexysiempre.com\/web\/wp-json\/wp\/v2\/product_brand?post=3274"},{"taxonomy":"product_cat","embeddable":true,"href":"https:\/\/sexysiempre.com\/web\/wp-json\/wp\/v2\/product_cat?post=3274"},{"taxonomy":"product_tag","embeddable":true,"href":"https:\/\/sexysiempre.com\/web\/wp-json\/wp\/v2\/product_tag?post=3274"}],"curies":[{"name":"wp","href":"https:\/\/api.w.org\/{rel}","templated":true}]}}