{"id":3462,"date":"2013-08-03T23:10:20","date_gmt":"2013-08-04T02:10:20","guid":{"rendered":"http:\/\/sexysiempre.com\/web\/?p=3462"},"modified":"2013-08-03T23:10:20","modified_gmt":"2013-08-04T02:10:20","slug":"bolas-chinas-como-se-usan-para-que-sirven","status":"publish","type":"product","link":"https:\/\/sexysiempre.com\/web\/producto\/bolas-chinas-como-se-usan-para-que-sirven","title":{"rendered":"Bolas Chinas: C\u00f3mo se usan?? Para qu\u00e9 sirven??"},"content":{"rendered":"<p style=\"text-align: justify\">La historia de las bolas chinas es tan antigua como el Jap\u00f3n feudal. Dice la leyenda que las\u00a0<strong>bolas chinas o \u00abBen Wa\u00bb<\/strong>\u00a0se crearon para satisfacer las necesidades sexuales del emperador de aquella \u00e9poca. Pero, \u00bfqu\u00e9 era lo que quer\u00eda el emperador?, realmente el fin de las bolas chinas era preparar a las concubinas antes de tener relaciones sexuales para no tener que esperar que la vagina lubricara. Pero en el Jap\u00f3n de aquella \u00e9poca no s\u00f3lo las usaban las concubinas del emperador, sino tambi\u00e9n las Geishas, por eso tambi\u00e9n se denominan\u00a0 \u00ab<strong>bolas de geisha<\/strong>\u00ab. El famoso Museo de la Antigua Cultura Sexual China en Shanghai, expone objetos sexuales milenarios (desde la \u00e9poca del neol\u00edtico).<\/p>\n<p style=\"text-align: justify\">\n<p style=\"text-align: justify\">Hoy en d\u00eda con el avance de la tecnolog\u00eda se utilizan materiales muy agradables para la vagina y de f\u00e1cil esterilizaci\u00f3n como la Silicona en grado m\u00e9dico (Pc-ABS), este material es uno de los que mejor tolera el cuerpo, adem\u00e1s tiene una vida larga y es muy c\u00f3modo de limpiar.<\/p>\n<p style=\"text-align: justify\"><strong>Las bolas chinas<\/strong>\u00a0o bolas de geisha se limpian con agua y jab\u00f3n y se dejan secar al aire para que no retengan nig\u00fan \u00abpelillo\u00bb de los trapos o toallas que utilizamos para secarlas.<\/p>\n<p style=\"text-align: justify\">Y ahora, despu\u00e9s de esta introducci\u00f3n a uno de los juguetes sexuales m\u00e1s demandados por las mujeres nos preguntamos:\u00a0<strong>\u00bfc\u00f3mo se utilizan las bolas chinas?<\/strong><\/p>\n<p style=\"text-align: justify\">Es tan f\u00e1cil como ponerte un tamp\u00f3n. As\u00ed de sencillo. Se trata de dos bolas del tama\u00f1o de un albaricoque que est\u00e1n unidas por un cuerda, la cual, al igual que con los tampones, sirve para introducirlas y sacarlas de tu vagina.<\/p>\n<p style=\"text-align: justify\">Puedes usar lubricante especial para estos<strong>\u00a0juguetes er\u00f3ticos<\/strong>\u00a0y as\u00ed te ser\u00e1 m\u00e1s f\u00e1cil pon\u00e9rtelas.<\/p>\n<p style=\"text-align: justify\">Se pueden usar de forma personal o en compa\u00f1\u00eda. Si las usas en solitario piensa que son uno de los<strong>juguetes sexuales\u00a0<\/strong>m\u00e1s discreto. Las introduces en tu vagina y con el movimiento de la pelvis al andar, subir las escaleras, bailar, etc unas peque\u00f1as bolas en el interior de las grandes se mover\u00e1n generando una vibraci\u00f3n cin\u00e9tica muy estimulante.<\/p>\n<p style=\"text-align: justify\">Las bolas chinas se utilizan tambi\u00e9n para realizar los\u00a0<strong>ejercicios de Kegel<\/strong>\u00a0y fortalecer los m\u00fasculos vaginales. Como pesan un poquito y tu vagina nota un cuerpo extra\u00f1o dentro, la tendencia de los m\u00fasculos es a contraerse para que no se caigan, de esta manera estar\u00e1s fortaleciendo toda la zona y las contracciones al tener un orgasmo ser\u00e1n mayores. Para tu chico el placer aumentar\u00e1 desde el punto de vista de la presi\u00f3n, ya que tus musculos vaginales se contraer\u00e1n con m\u00e1s fuerza sobre su pene, \u00a1\u00a1\u00a1no podr\u00e1 cre\u00e9rselo!!!<\/p>\n<p style=\"text-align: justify\">Hay muchos tipos de bolas chinas, vaginales y anales, con estr\u00edas o lisas, con<strong>\u00a0vibrador\u00a0<\/strong>o sin el. Lo mejor es que en la tienda de juguetes er\u00f3ticos que te las compres te informen bien de c\u00f3mo es cada una para ver cu\u00e1l es la que m\u00e1s te gusta. Pru\u00e9balas hasta que encuentres el modelo que m\u00e1s se adapta a tu sexualidad.<\/p>\n<p style=\"text-align: justify\">Fuente: Cosmop\u00f3litan web<\/p>\n","protected":false},"excerpt":{"rendered":"<p>La historia de las bolas chinas es tan antigua como el Jap\u00f3n feudal. Dice la leyenda que las\u00a0bolas chinas o \u00abBen Wa\u00bb\u00a0se crearon para satisfacer las necesidades sexuales del emperador de aquella \u00e9poca. Pero, \u00bfqu\u00e9 era lo que quer\u00eda el emperador?, realmente el fin de las bolas chinas era preparar a las concubinas antes de [&hellip;]<\/p>\n","protected":false},"featured_media":3464,"template":"","meta":[],"product_brand":[],"product_cat":[],"product_tag":[221,222,147,150,146],"class_list":{"0":"post-3462","1":"product","2":"type-product","3":"status-publish","4":"has-post-thumbnail","6":"product_tag-bolas-chinas","7":"product_tag-ejercicios-kegel","8":"product_tag-rio-grande","9":"product_tag-sexshop-ushuaia","10":"product_tag-tierra-del-fuego","12":"first","13":"instock","14":"shipping-taxable","15":"product-type-simple"},"_links":{"self":[{"href":"https:\/\/sexysiempre.com\/web\/wp-json\/wp\/v2\/product\/3462","targetHints":{"allow":["GET"]}}],"collection":[{"href":"https:\/\/sexysiempre.com\/web\/wp-json\/wp\/v2\/product"}],"about":[{"href":"https:\/\/sexysiempre.com\/web\/wp-json\/wp\/v2\/types\/product"}],"wp:featuredmedia":[{"embeddable":true,"href":"https:\/\/sexysiempre.com\/web\/wp-json\/wp\/v2\/media\/3464"}],"wp:attachment":[{"href":"https:\/\/sexysiempre.com\/web\/wp-json\/wp\/v2\/media?parent=3462"}],"wp:term":[{"taxonomy":"product_brand","embeddable":true,"href":"https:\/\/sexysiempre.com\/web\/wp-json\/wp\/v2\/product_brand?post=3462"},{"taxonomy":"product_cat","embeddable":true,"href":"https:\/\/sexysiempre.com\/web\/wp-json\/wp\/v2\/product_cat?post=3462"},{"taxonomy":"product_tag","embeddable":true,"href":"https:\/\/sexysiempre.com\/web\/wp-json\/wp\/v2\/product_tag?post=3462"}],"curies":[{"name":"wp","href":"https:\/\/api.w.org\/{rel}","templated":true}]}}