{"id":3467,"date":"2013-08-07T22:56:12","date_gmt":"2013-08-08T01:56:12","guid":{"rendered":"http:\/\/sexysiempre.com\/web\/?p=3467"},"modified":"2013-08-07T22:56:29","modified_gmt":"2013-08-08T01:56:29","slug":"de-puritana-a-transgresora-como-se-clasifica-tu-pareja","status":"publish","type":"product","link":"https:\/\/sexysiempre.com\/web\/producto\/de-puritana-a-transgresora-como-se-clasifica-tu-pareja","title":{"rendered":"De puritana a transgresora: \u00bfc\u00f3mo se clasifica tu pareja?"},"content":{"rendered":"<h4 id=\"titulo_noticia\" style=\"text-align: justify\">De puritana a transgresora: \u00bfc\u00f3mo se clasifica tu pareja?<\/h4>\n<p style=\"text-align: justify\">Seg\u00fan las posiciones sexuales y los juegos er\u00f3ticos que vos y tu pareja se animan a practicar, un experto les arroja una clasificaci\u00f3n de su v\u00ednculo. Pueden ser puritanos, tradicionales, normativos, evolucionados, transgresores o paraf\u00edlicos. \u00a1Para ponerse a prueba!<\/p>\n<p style=\"text-align: justify\">En funci\u00f3n del abanico de\u00a0<a href=\"http:\/\/www.entremujeres.com\/pareja-y-sexo\/sexo\/posiciones-sexuales-dr-kusnetzoff_0_715128564.html\" target=\"_blank\">pr\u00e1cticas sexuales\u00a0<\/a>que existen, se han clasificado a las parejas en varios grupos, adjudic\u00e1ndoles una denominaci\u00f3n que puede ser descriptiva y caracterizadora de su referente de conducta. Este ejercicio sistematizador ha dado lugar a la creaci\u00f3n de las siguientes variantes:<\/p>\n<p style=\"text-align: justify\"><strong>Pareja puritana<\/strong><\/p>\n<p style=\"text-align: justify\">Sexualidad restrictiva que, por razones religiosas, est\u00e1 orientada a la reproducci\u00f3n.<\/p>\n<p style=\"text-align: justify\">Representa a menos del 5% de las parejas.<\/p>\n<p style=\"text-align: justify\"><strong>Pareja tradicional<\/strong><\/p>\n<p style=\"text-align: justify\"><strong>Posiciones:\u00a0<\/strong>misionero y cuchara.<\/p>\n<p style=\"text-align: justify\"><strong>Juegos sexuales:<\/strong>\u00a0caricias, besos, abrazos y masturbaciones.<\/p>\n<p style=\"text-align: justify\">A este colectivo pertenecen alrededor del 20% de las parejas, aunque su tendencia es decreciente debido a la influencia de unos modelos sexuales m\u00e1s permisivos que los que ellas practican.<\/p>\n<p style=\"text-align: justify\"><strong>Pareja normativa<\/strong><\/p>\n<p style=\"text-align: justify\"><strong>Posiciones:<\/strong>\u00a0las anteriores y, adem\u00e1s, mujer encima, desde atr\u00e1s, sentados y de pie.<\/p>\n<p style=\"text-align: justify\"><strong>Juegos sexuales:<\/strong>\u00a0los anteriores y, adem\u00e1s, estimulaci\u00f3n digito-vaginal, felaci\u00f3n y cunnilingus.<\/p>\n<p style=\"text-align: justify\"><strong>Variantes espor\u00e1dicas:\u00a0<\/strong>uso de material visual erotizante.<\/p>\n<p style=\"text-align: justify\">\u00abNormativo\u00bb significa que es el porcentaje m\u00e1s numeroso, alrededor del 35% de las parejas, y que las pautas de comportamiento se corresponden con los usos y costumbres aceptados por la moral sexual predominante.<\/p>\n<p style=\"text-align: justify\"><strong>Pareja evolucionada<\/strong><\/p>\n<p style=\"text-align: justify\"><strong>Posiciones:\u00a0<\/strong>todas las anteriores, pero con variantes y mayor sofisticaci\u00f3n en la ejecuci\u00f3n. El coito anal en forma espor\u00e1dica.<\/p>\n<p style=\"text-align: justify\"><strong>Juegos sexuales:\u00a0<\/strong>los anteriores y, adem\u00e1s, felaci\u00f3n y cunnilingus simult\u00e1neos (posici\u00f3n 69), felaci\u00f3n con aceptaci\u00f3n de semen en la boca, estimulaci\u00f3n digito-anal, uso de complementos er\u00f3tico- sexuales.<\/p>\n<p style=\"text-align: justify\"><strong>Variantes espor\u00e1dicas:<\/strong>\u00a0sadomasoquismo y fetichismo suave, estimulaci\u00f3n digito-ano-vaginal, analingus, felaci\u00f3n con ingesti\u00f3n de semen.<\/p>\n<p style=\"text-align: justify\">En este regitro de comportamiento sexual podr\u00eda situarse alrededor del 25% de las parejas y, algunas de ellas, si llegan a este nivel demasiado j\u00f3venes pueden evolucionar hacia la pareja transgresora.<\/p>\n<p style=\"text-align: justify\"><strong>Pareja transgresora<\/strong><\/p>\n<p style=\"text-align: justify\"><strong>Posiciones:<\/strong>\u00a0las anteriores y, adem\u00e1s, variantes del coito anal y vaginal.<\/p>\n<p style=\"text-align: justify\"><strong>Juegos sexuales:\u00a0<\/strong>mayor frecuencia de las anteriores m\u00e1s algunas variantes ocasionales como intercambios de parejas y tr\u00edos.<\/p>\n<p style=\"text-align: justify\"><strong>Variantes espor\u00e1dico-situacionales:<\/strong>\u00a0lluvia dorada (urofilia).<\/p>\n<p style=\"text-align: justify\">La pareja transgresora sabe o intuye que su conducta no es mayoritaria &#8211; puesto que lo practican, m\u00e1s o menos, el 10% de las parejas &#8211; pero eso no le genera sentimiento de culpa, sino de aceptaci\u00f3n de sus peculiaridades.<\/p>\n<p style=\"text-align: justify\"><strong>Pareja paraf\u00edlica<\/strong><\/p>\n<p style=\"text-align: justify\">Sus pautas de conducta se sit\u00faan fuera de lo normal-normativo. Se habla de parafilia no solo por lo at\u00edpico del comportamiento, sino tambi\u00e9n por la frecuencia, grado de exclusividad y nivel de desviaci\u00f3n con respecto a las parejas transgresoras, que son las que marcan el l\u00edmite de la sexualidad normativa.<\/p>\n<p style=\"text-align: justify\">Dentro de la sexualidad paraf\u00edlica que se practica en pareja, hemos establecido dos categor\u00edas:<\/p>\n<p style=\"text-align: justify\"><strong>* Parafilias \u00edntimas:\u00a0<\/strong>las que dentro de la pareja incorporan rituales desviados de la norma. Incluimos el exhibicionismo-voyeurismo, el fetichismo, el sadomasoquismo y la dominaci\u00f3n-sumisi\u00f3n.<\/p>\n<p style=\"text-align: justify\"><strong>* Parafilias relacionadas:<\/strong>\u00a0las que transgreden el principio de sexualidad monog\u00e1mica incorporando una o varias personas a la relaci\u00f3n. Incluimos el tr\u00edo, el intercambio de parejas y el sexo en grupo.<\/p>\n<p style=\"text-align: justify\">Aproximadamente el 5% de las parejas est\u00e1n en esta categor\u00eda.<\/p>\n<p style=\"text-align: justify\">Una vez fijados estos referentes debe quedar claro que lo son a t\u00edtulo meramente orientativo, puesto que la intensi\u00f3n no es crear l\u00edmites de inclusi\u00f3n o exclusi\u00f3n, sino contribuir a divulgar la realidad de la pareja y acercar la moral p\u00fablica al comportamiento sexual para que cada cual decida lo que desea permitirse sin traicionar su instinto ni sacrificar sus valores.<\/p>\n<p style=\"text-align: justify\">Estas variantes no son compartimientos estancos sino referentes permeables cuyos l\u00edmites no est\u00e1n claramente definidos, porque una de las propiedades de la sexualidad es su plasticidad y capacidad de evoluci\u00f3n. Por eso, puede ser que una persona al cambiar de pareja se vea a s\u00ed misma situada en una variante contigua, aunque es dif\u00edcil que quien ha formado una pareja tradicional pase de pronto a una transgresora.<\/p>\n<p>&nbsp;<\/p>\n<p><strong>Extractos del libro \u201cSexo sabio\u201d (editorial Grijalbo), de Antoni Bolinches, psic\u00f3logo cl\u00ednico, sex\u00f3logo y master en sexualidad humana.<\/strong><\/p>\n<p><strong>\u00a0Fuente: www.entremujeres.com<\/strong><\/p>\n","protected":false},"excerpt":{"rendered":"<p>De puritana a transgresora: \u00bfc\u00f3mo se clasifica tu pareja? Seg\u00fan las posiciones sexuales y los juegos er\u00f3ticos que vos y tu pareja se animan a practicar, un experto les arroja una clasificaci\u00f3n de su v\u00ednculo. Pueden ser puritanos, tradicionales, normativos, evolucionados, transgresores o paraf\u00edlicos. \u00a1Para ponerse a prueba! En funci\u00f3n del abanico de\u00a0pr\u00e1cticas sexuales\u00a0que existen, [&hellip;]<\/p>\n","protected":false},"featured_media":3468,"template":"","meta":[],"product_brand":[],"product_cat":[],"product_tag":[224,147,154,177,146,223,145],"class_list":{"0":"post-3467","1":"product","2":"type-product","3":"status-publish","4":"has-post-thumbnail","6":"product_tag-puritana","7":"product_tag-rio-grande","8":"product_tag-sexshop","9":"product_tag-sexualidad","10":"product_tag-tierra-del-fuego","11":"product_tag-trasngresora","12":"product_tag-ushuaia","14":"first","15":"instock","16":"shipping-taxable","17":"product-type-simple"},"_links":{"self":[{"href":"https:\/\/sexysiempre.com\/web\/wp-json\/wp\/v2\/product\/3467","targetHints":{"allow":["GET"]}}],"collection":[{"href":"https:\/\/sexysiempre.com\/web\/wp-json\/wp\/v2\/product"}],"about":[{"href":"https:\/\/sexysiempre.com\/web\/wp-json\/wp\/v2\/types\/product"}],"wp:featuredmedia":[{"embeddable":true,"href":"https:\/\/sexysiempre.com\/web\/wp-json\/wp\/v2\/media\/3468"}],"wp:attachment":[{"href":"https:\/\/sexysiempre.com\/web\/wp-json\/wp\/v2\/media?parent=3467"}],"wp:term":[{"taxonomy":"product_brand","embeddable":true,"href":"https:\/\/sexysiempre.com\/web\/wp-json\/wp\/v2\/product_brand?post=3467"},{"taxonomy":"product_cat","embeddable":true,"href":"https:\/\/sexysiempre.com\/web\/wp-json\/wp\/v2\/product_cat?post=3467"},{"taxonomy":"product_tag","embeddable":true,"href":"https:\/\/sexysiempre.com\/web\/wp-json\/wp\/v2\/product_tag?post=3467"}],"curies":[{"name":"wp","href":"https:\/\/api.w.org\/{rel}","templated":true}]}}