{"id":3478,"date":"2013-08-30T01:46:06","date_gmt":"2013-08-30T04:46:06","guid":{"rendered":"http:\/\/sexysiempre.com\/web\/?p=3478"},"modified":"2013-08-30T01:46:06","modified_gmt":"2013-08-30T04:46:06","slug":"hipersexuales-los-que-siempre-tienen-ganas","status":"publish","type":"product","link":"https:\/\/sexysiempre.com\/web\/producto\/hipersexuales-los-que-siempre-tienen-ganas","title":{"rendered":"\u201cHipersexuales\u201d: los que siempre tienen ganas"},"content":{"rendered":"<h4 id=\"titulo_noticia\" style=\"text-align: justify\">\u201cHipersexuales\u201d: los que siempre tienen ganas.<\/h4>\n<p style=\"text-align: justify\"><strong>A veces el m\u00e1s dispuesto es el hombre; otras, la mujer. El deseo constante de uno choca con la rigidez y el esquematismo del otro. \u00bfQu\u00e9 hacer?<\/strong><\/p>\n<p style=\"text-align: justify\"><strong><a>Dr. Walter Ghedin<\/a><\/strong><\/p>\n<p style=\"text-align: justify\">\n<p style=\"text-align: justify\"><strong>Caso 1: hombres muy deseosos con\u00a0<label>mujeres<\/label>apocadas<\/strong><\/p>\n<p>Hay hombres que gustan mucho del sexo y quieren que sus mujeres los acompa\u00f1en cuerpo a cuerpo. Ellos est\u00e1n siempre bien dispuestos y lo hacen saber con gestos, dobles mensajes, llamados hot y un cuerpo preparado para el sexo.<\/p>\n<p>Piden de sus damas igual participaci\u00f3n y compromiso. Sin embargo, no siempre consiguen la paridad. Hay mujeres que no alcanzan tal nivel de excitaci\u00f3n y otras que, a\u00fan teniendo un buen nivel de deseo, parecen apocadas ante sus maridos o parejas \u201chipersexuales\u201d.<\/p>\n<p>Ellas creen que tienen un deseo sexual bajo cuando en realidad el deseo del compa\u00f1ero est\u00e1 aumentado. Estas mujeres pueden replegar su iniciativa ante el avance prioritario de sus parejas. En algunos casos se dejan llevar con una mezcla de placer y temor: \u201csi no lo complazco se va a ir con otra\u201d.<\/p>\n<p><strong>Caso 2: mujeres expansivas con hombres esquem\u00e1ticos<\/strong><\/p>\n<p>Las mujeres expansivas que se vinculan con hombres obstinados, conformistas, formales, r\u00edgidos, respetuosos de reglas, tratar\u00e1n de amoldarse a ellos hasta el pronto aburrimiento. En cambio mostrar\u00e1n su verdadero car\u00e1cter en el trabajo, con amigas y en toda situaci\u00f3n social.<\/p>\n<p>Son mujeres que se apagan al atardecer y se encienden a la ma\u00f1ana, cuando comienzan sus actividades fuera de la atenci\u00f3n de su c\u00f3nyuge. Esperan que ellos las recuerden durante el d\u00eda, les manden mensajes, llamados telef\u00f3nicos, planeen una salida, pero ellos, nada. Nunca una sorpresa.<\/p>\n<p>El d\u00eda de sexo ser\u00e1 alguno del fin de semana, con suerte los dos, siempre con el mismo ritual: ellos se acercan, tocan los mismos puntos er\u00f3genos, y todo se repite.<\/p>\n<p>Las mujeres expansivas, independientes, siempre voluntariosas, incansables, directivas, buscadoras de placer, ahora se han convertido en seres insatisfechos, hartos de la apat\u00eda conyugal.<\/p>\n<p>Las disfunciones sexuales hacen su aparici\u00f3n: p\u00e9rdida de entusiasmo, del erotismo, del deseo sexual. Ellas desean algo diferente que colme el profundo descontento. Se ilusionan pensando en un cambio promisorio. Esperan durante el noviazgo, la maternidad, la crianza de los hijos, la menopausia. Esperan que el hombre se relaje y se active durante el invierno, luego, durante el verano. Y nada.<\/p>\n<p style=\"text-align: justify\">Cuando se les pregunta: \u201c\u00bfalguna vez fue diferente?\u201d, responden sorprendidas \u201c\u00a1No!\u201d Raro es que sus hombres r\u00edgidos lleguen a satisfacerlas y a mejorar el encuentro er\u00f3tico-sexual. Estos hombres necesitan revisar sus conductas y relajar sus defensas. \u00a0<strong><\/strong><\/p>\n<p style=\"text-align: justify\">\n<p style=\"text-align: justify\"><strong>\u00bfQu\u00e9 hacer?<\/strong><\/p>\n<p>\u00bfVos sos la apocada o la expansiva? No importa, \u00a1trat\u00e1 de intercambiar los roles! Las parejas deben asumir el compromiso de enriquecer el encuentro para que no se convierta en rutina. \u00bfQuer\u00e9s intentarlo? Mir\u00e1 estos consejos para\u00a0<a href=\"http:\/\/www.entremujeres.com\/pareja-y-sexo\/sexo\/sexo-pareja-deseo-hombre-mujer-falta_de_sexo-columnista_0_559144178.html\" target=\"_blank\">mejorar la toma de iniciativa.<\/a><\/p>\n<p><strong>Por el doctor Walter Ghedin, m\u00e9dico psiquiatra y sex\u00f3logo.<\/strong><\/p>\n<p style=\"text-align: justify\">Fuente:www.entremujeres.com<\/p>\n<p><strong>\u00a0<\/strong><\/p>\n","protected":false},"excerpt":{"rendered":"<p>\u201cHipersexuales\u201d: los que siempre tienen ganas. A veces el m\u00e1s dispuesto es el hombre; otras, la mujer. El deseo constante de uno choca con la rigidez y el esquematismo del otro. \u00bfQu\u00e9 hacer? Dr. Walter Ghedin Caso 1: hombres muy deseosos con\u00a0mujeresapocadas Hay hombres que gustan mucho del sexo y quieren que sus mujeres los [&hellip;]<\/p>\n","protected":false},"featured_media":3479,"template":"","meta":[],"product_brand":[],"product_cat":[],"product_tag":[227,147,154,177,146,145],"class_list":{"0":"post-3478","1":"product","2":"type-product","3":"status-publish","4":"has-post-thumbnail","6":"product_tag-deseo","7":"product_tag-rio-grande","8":"product_tag-sexshop","9":"product_tag-sexualidad","10":"product_tag-tierra-del-fuego","11":"product_tag-ushuaia","13":"first","14":"instock","15":"shipping-taxable","16":"product-type-simple"},"_links":{"self":[{"href":"https:\/\/sexysiempre.com\/web\/wp-json\/wp\/v2\/product\/3478","targetHints":{"allow":["GET"]}}],"collection":[{"href":"https:\/\/sexysiempre.com\/web\/wp-json\/wp\/v2\/product"}],"about":[{"href":"https:\/\/sexysiempre.com\/web\/wp-json\/wp\/v2\/types\/product"}],"wp:featuredmedia":[{"embeddable":true,"href":"https:\/\/sexysiempre.com\/web\/wp-json\/wp\/v2\/media\/3479"}],"wp:attachment":[{"href":"https:\/\/sexysiempre.com\/web\/wp-json\/wp\/v2\/media?parent=3478"}],"wp:term":[{"taxonomy":"product_brand","embeddable":true,"href":"https:\/\/sexysiempre.com\/web\/wp-json\/wp\/v2\/product_brand?post=3478"},{"taxonomy":"product_cat","embeddable":true,"href":"https:\/\/sexysiempre.com\/web\/wp-json\/wp\/v2\/product_cat?post=3478"},{"taxonomy":"product_tag","embeddable":true,"href":"https:\/\/sexysiempre.com\/web\/wp-json\/wp\/v2\/product_tag?post=3478"}],"curies":[{"name":"wp","href":"https:\/\/api.w.org\/{rel}","templated":true}]}}