{"id":3483,"date":"2013-08-30T01:58:50","date_gmt":"2013-08-30T04:58:50","guid":{"rendered":"http:\/\/sexysiempre.com\/web\/?p=3483"},"modified":"2013-08-30T01:58:51","modified_gmt":"2013-08-30T04:58:51","slug":"las-mujeres-y-el-porno-por-que-no","status":"publish","type":"product","link":"https:\/\/sexysiempre.com\/web\/producto\/las-mujeres-y-el-porno-por-que-no","title":{"rendered":"Las mujeres y el porno: \u00bfPor qu\u00e9 no?"},"content":{"rendered":"<h4 id=\"titulo_noticia\" style=\"text-align: justify\">Las mujeres y el porno: \u00bfPor qu\u00e9 no?<\/h4>\n<div>\n<h6 style=\"text-align: justify\"><a>Lic. Adriana Arias<\/a><\/h6>\n<p style=\"text-align: justify\">\n<p style=\"text-align: justify\">A m\u00ed no me pasa nada con eso, al contrario, me desagrada,<a href=\"http:\/\/www.entremujeres.com\/vida-sana\/salud\/anorexia_sexual-falta-deseo-mujeres-salud-sociedad_0_617338324.html\" target=\"_blank\">\u00a0me saca las ganas<\/a>, me pone de p\u00e9simo humor. En principio, no veo la necesidad, y si la hay estamos en el horno&#8230; Quiere decir que no somos est\u00edmulo suficiente entre nosotros dos. Por otra parte, me enferma que \u00e9l se erotice con esas minas que aparecen en\u00a0<a href=\"http:\/\/www.entremujeres.com\/pareja-y-sexo\/sexo\/Erotismo-compartir-TV-playboy_tv-tv_for_2-pareja-sexo-erotismo-pornografia-porno-programa-adultos-television_0_700130056.html\" target=\"_blank\">esas pel\u00edculas<\/a>, y mucho peor cuando se excitan entre ellas, \u00a1un espanto!. Adem\u00e1s, no me digas que no est\u00e1 todo trucado. A m\u00ed me contaron que son cuestiones de c\u00e1mara, lentes y esas cosas, y ni decir que les hacen tomar kilos de\u00a0<a href=\"http:\/\/www.entremujeres.com\/pareja-y-sexo\/hombres\/viagra-pareja-sexo-clarin_mujer-pastilla-impotencia-ereccion-erectil-sildenafil_0_604739637.html\" target=\"_blank\">Viagra\u00a0<\/a>y todo tipo de pastillas para que aguanten m\u00e1s&#8230; Y mejor no me meto con el tema ideol\u00f3gico y social: esas pobres minas est\u00e1n sometidas y esclavizadas para ganarse unos pesos. Es un tema jodido, \u00bfviste? Eso hay que tenerlo en cuenta. Hay abuso, la\u00a0<label>mujer<\/label>\u00a0siempre aparece dominada en el acto sexual y se espera que, adem\u00e1s, est\u00e9 contenta&#8230; \u00bfQu\u00e9 se piensan los tipos? \u00bfCreen que somos como animales? No lo tolero. \u00bfY el<a href=\"http:\/\/www.entremujeres.com\/pareja-y-sexo\/pareja\/sexo-pareja-amor-touch-casual-psicologa-columnista_0_525547534.html\" target=\"_blank\">amor en el sexo?<\/a>\u00a0El amor pasa a un segundo plano en estas pel\u00edculas, se reduce a la genitalidad y listo. Cuando veo a mi\u00a0<a id=\"_GPLITA_0\" title=\"Powered by Text-Enhance\" href=\"http:\/\/www.entremujeres.com\/pareja-y-sexo\/sexo\/pornografia-mujer-erotismo-sexo-erotismo-porno_0_292770756.html#\">pareja<\/a>\u00a0enganchado en la compu mirando\u00a0<a href=\"http:\/\/www.entremujeres.com\/pareja-y-sexo\/sexo\/pornografia-impotencia-problemas_sexuales-porno-peliculas-xxx-internet_0_591540917.html\" target=\"_blank\">porno por Internet<\/a>\u00a0me provoca una mezcla de asco y de pena enormes. Le pregunto: \u00bfNo te alcanzo? \u00bfNo te soy suficiente? Y al rato lo miro con desprecio y le digo eso que se imaginan&#8230; Y m\u00e1s: te quedaste en la pubertad, no llegaste ni siquiera a la adolescencia. Adem\u00e1s, hay cosas m\u00e1s importantes en una pareja, en un matrimonio, cosas mucho m\u00e1s valiosas y sanas. Porque es un poco enfermizo esto del porno&#8230;\u00bb.<\/p>\n<p style=\"text-align: justify\">Este podr\u00eda ser un discurso t\u00edpico del modelo<label>femenino<\/label>\u00a0mitificado y cristalizado seg\u00fan las expectativas culturales que se nos adjudican. Este concepto se apoya en el hecho de que la\u00a0<a href=\"http:\/\/www.entremujeres.com\/pareja-y-sexo\/hombres-siempre-listos-varon-hombre-sexualidad-sexo-educacion_sexual_0_454154666.html\" target=\"_blank\">tendencia er\u00f3tica del var\u00f3n<\/a>\u00a0se asienta, -presos de su anatom\u00eda- en la respuesta ante determinados disparadores externos, (principalmente olfativos, visuales o auditivos) o internos (las fantas\u00edas sexuales), mientras que supone a las mujeres asociadas a un\u00a0<a href=\"http:\/\/www.entremujeres.com\/pareja-y-sexo\/pareja\/Mujer-sexualidad-existe-estimulacion-adecuada-diana_resnicoff-clitoris-orgasmo-cuerpo-placer_0_596940376.html\" target=\"_blank\">erotismo<\/a>ligado a la ternura y la amorosidad. Esta posici\u00f3n ideol\u00f3gica relega el tr\u00e1nsito por franjas er\u00f3ticas m\u00e1s amplias y expandidas a las mujeres que est\u00e1n fuera del sistema aceptado: l\u00e9ase, las<a href=\"http:\/\/www.entremujeres.com\/pareja-y-sexo\/sexo\/cobrar-sexo-prostitucion-sexualidad-fantasias_0_593340742.html\" target=\"_blank\">prostitutas<\/a>.<\/p>\n<p style=\"text-align: justify\">As\u00ed como muchas de las diferencias sociales y culturales se han transformado y derribado a partir del inmenso desarrollo de nuestro g\u00e9nero en las \u00faltimas d\u00e9cadas, tambi\u00e9n el abordaje de la sexualidad y las posibilidades otorgadas a nuestro deseo se han ampliado.<\/p>\n<p style=\"text-align: justify\">Estos cambios no anulan las diferencias sino las desigualdades y permiten sumar e integrar los recursos er\u00f3ticos de ambos g\u00e9neros. As\u00ed como el var\u00f3n ha podido desarrollar su potencial amatorio -gracias al derecho de las mujeres de expresar las formas de su deseo- y hoy se permite\u00a0<a id=\"_GPLITA_1\" title=\"Powered by Text-Enhance\" href=\"http:\/\/www.entremujeres.com\/pareja-y-sexo\/sexo\/pornografia-mujer-erotismo-sexo-erotismo-porno_0_292770756.html#\">disfrutar<\/a>del pr\u00f3logo er\u00f3tico amoroso y de ese modo desatarse de su formato genital, tambi\u00e9n las mujeres estamos pudiendo permitirnos develar nuestros prejuicios,\u00a0<a href=\"http:\/\/www.entremujeres.com\/pareja-y-sexo\/sexo\/fantasias_sexuales-juegos_sexuales-sexo-trios-masturbacion-viagra-porno-disfraces-pareja-placer-hombres_0_719328198.html\" target=\"_blank\">jugar con nuestra imaginaci\u00f3n<\/a>\u00a0y sumergirnos en el juego que propone la\u00a0<a href=\"http:\/\/www.entremujeres.com\/pareja-y-sexo\/sexo-porno-pornografia-para_adultos-mujeres-internet-sitios-portales_0_297570249.html\" target=\"_blank\">pornograf\u00eda\u00a0<\/a>como recurso sexual.<\/p>\n<p style=\"text-align: justify\">La pornograf\u00eda actual est\u00e1 mostrando algo que antes s\u00f3lo exist\u00eda en el clandestino mundo masculino de prostitutas y\u00a0<a href=\"http:\/\/www.entremujeres.com\/pareja-y-sexo\/segunda-lugar-nadie-desea-ghedin-walter-segundo-amante_0_456554416.html\" target=\"_blank\">amantes<\/a>. Nunca con la\u00a0<a href=\"http:\/\/www.entremujeres.com\/pareja-y-sexo\/sexo\/Alessandra_Rampolla-columnista-sexo-pareja-mujeres-hombres-sexologa_0_668933180.html\" target=\"_blank\">mujer de su casa.<\/a>\u00a0Ahora, ellas tambi\u00e9n se atreven a habilitar los mismos permisos en su sexualidad. El tiempo pas\u00f3, el intercambio de roles se profundiz\u00f3 y, por qu\u00e9 no, esa indiscreci\u00f3n tan femenina se nos volvi\u00f3 inevitable, haciendo que husme\u00e1ramos otros mundos.<\/p>\n<p style=\"text-align: justify\">Si bien las pel\u00edculas porno cl\u00e1sicas mantienen el formato elemental de \u00abmacho montando a la hembra\u00bb, sobreexhibici\u00f3n del\u00a0<a href=\"http:\/\/www.entremujeres.com\/pareja-y-sexo\/pene-datos_0_374362570.html\" target=\"_blank\">pene<\/a>, acentuaci\u00f3n en primer plano de las\u00a0<a href=\"http:\/\/www.entremujeres.com\/pareja-y-sexo\/cuerpo-mujer-sexualidad-columnista-Kusnetzoff-placer-sexo-orgasmo-punto_g_0_437356268.html\" target=\"_blank\">zonas er\u00f3genas genitales<\/a>(senos, gl\u00fateos, vulva)\u00bb, la inclusi\u00f3n de la mujer como consumidora gener\u00f3 cambios en el dise\u00f1o de las mismas. Hoy nos encontramos con pornos m\u00e1s elaboradas, con mayor contenido argumentativo y cierto desarrollo est\u00e9tico que suma al producto de manera significativa.<\/p>\n<p style=\"text-align: justify\">En s\u00edntesis&#8230; En la sexualidad, todo lo que sume al objetivo del placer mutuo en tanto no afecte negativamente a ninguno de los integrantes de la pareja, todo lo que alimente el \u00abnosotros\u00bb vincular, todo lo que expanda y libere, todo lo que enfrente la tendencia cultural a constre\u00f1irnos er\u00f3ticamente, ser\u00e1 siempre bienvenido.<\/p>\n<p style=\"text-align: justify\"><b>Por la licenciada Adriana Arias, psic\u00f3loga y sex\u00f3loga, co-autora de los libros Locas y Fuertes y Bichos y Bichas del Cortejo, junto a Cristina Lobaiza (Del Nuevo Extremo).<\/b><\/p>\n<p><b>\u00a0Fuente: www.entremujeres.com<\/b><\/p>\n<p>&nbsp;<\/p>\n<\/div>\n","protected":false},"excerpt":{"rendered":"<p>Las mujeres y el porno: \u00bfPor qu\u00e9 no? Lic. Adriana Arias A m\u00ed no me pasa nada con eso, al contrario, me desagrada,\u00a0me saca las ganas, me pone de p\u00e9simo humor. En principio, no veo la necesidad, y si la hay estamos en el horno&#8230; Quiere decir que no somos est\u00edmulo suficiente entre nosotros dos. [&hellip;]<\/p>\n","protected":false},"featured_media":3484,"template":"","meta":[],"product_brand":[],"product_cat":[],"product_tag":[178,147,228,154,150,177,146,145],"class_list":{"0":"post-3483","1":"product","2":"type-product","3":"status-publish","4":"has-post-thumbnail","6":"product_tag-erotismo","7":"product_tag-rio-grande","8":"product_tag-rio-grande-tierra-del-fuego","9":"product_tag-sexshop","10":"product_tag-sexshop-ushuaia","11":"product_tag-sexualidad","12":"product_tag-tierra-del-fuego","13":"product_tag-ushuaia","15":"first","16":"instock","17":"shipping-taxable","18":"product-type-simple"},"_links":{"self":[{"href":"https:\/\/sexysiempre.com\/web\/wp-json\/wp\/v2\/product\/3483","targetHints":{"allow":["GET"]}}],"collection":[{"href":"https:\/\/sexysiempre.com\/web\/wp-json\/wp\/v2\/product"}],"about":[{"href":"https:\/\/sexysiempre.com\/web\/wp-json\/wp\/v2\/types\/product"}],"wp:featuredmedia":[{"embeddable":true,"href":"https:\/\/sexysiempre.com\/web\/wp-json\/wp\/v2\/media\/3484"}],"wp:attachment":[{"href":"https:\/\/sexysiempre.com\/web\/wp-json\/wp\/v2\/media?parent=3483"}],"wp:term":[{"taxonomy":"product_brand","embeddable":true,"href":"https:\/\/sexysiempre.com\/web\/wp-json\/wp\/v2\/product_brand?post=3483"},{"taxonomy":"product_cat","embeddable":true,"href":"https:\/\/sexysiempre.com\/web\/wp-json\/wp\/v2\/product_cat?post=3483"},{"taxonomy":"product_tag","embeddable":true,"href":"https:\/\/sexysiempre.com\/web\/wp-json\/wp\/v2\/product_tag?post=3483"}],"curies":[{"name":"wp","href":"https:\/\/api.w.org\/{rel}","templated":true}]}}