{"id":3493,"date":"2013-09-08T18:52:18","date_gmt":"2013-09-08T21:52:18","guid":{"rendered":"http:\/\/sexysiempre.com\/web\/?p=3493"},"modified":"2013-09-08T18:57:36","modified_gmt":"2013-09-08T21:57:36","slug":"hombres-multi-orgasmicos-te-damos-las-claves","status":"publish","type":"product","link":"https:\/\/sexysiempre.com\/web\/producto\/hombres-multi-orgasmicos-te-damos-las-claves","title":{"rendered":"Hombres multi org\u00e1smicos? Te damos las claves!!"},"content":{"rendered":"<p style=\"text-align: justify\"><strong>Hombres multi org\u00e1smicos? Te damos las claves!!<\/strong><\/p>\n<p style=\"text-align: justify\"><em>Muchos, muchos ooooooooooooohs\u2026 las mujeres siempre hablamos de eso y perseguimos la multiplicidad de orgasmos! Esa explosi\u00f3n que nos eleva a otra dimensi\u00f3n! Creemos que experimentar multi-orgasmos es exclusivo de nosotras, pero he aqu\u00ed una maravillosa noticias para Ellos: los hombres tambi\u00e9n pueden disfrutar de este placer casi m\u00edtico!<\/em><\/p>\n<p style=\"text-align: justify\"><strong>Eyaculaci\u00f3n y orgasmos: un d\u00fao \u201cdivisible\u201d!<\/strong><br \/>\nDesafortunadamente, pocos hombres saben que son capaces de tenerlos, y menos a\u00fan se han dado la tarea de aprender y practicar las t\u00e9cnicas que perfeccionar\u00edan su multiplicidad org\u00e1smica.<br \/>\nLo primero que debemos saber es que el orgasmo y la eyaculaci\u00f3n son dos procesos diferentes, aunque tradicionalmente se den en simult\u00e1neo. Es decir que es posible tener una eyaculaci\u00f3n sin sentir el placer del orgasmo, as\u00ed como es posible tener un orgasmo sin que exista la eyaculaci\u00f3n. El truco est\u00e1 en aprender a diferenciarlos y manejarlos como solistas, aunque puedan hacer un d\u00fao de vez en cuando.<br \/>\nEs importante que sepamos que un multi-orgasmo masculino no significa retomar r\u00e1pidamente la erecci\u00f3n despu\u00e9s de la eyaculaci\u00f3n; sino poder mantener la erecci\u00f3n y tener varios orgasmos seguidos antes de la salida del semen.<\/p>\n<p style=\"text-align: justify\"><strong>La pregunta del mill\u00f3n: \u00bfc\u00f3mo lo logro?<br \/>\n<\/strong>No se desesperen\u2026 ya vamos para all\u00ed\u2026 y aqu\u00ed te damos algunas claves para que puedas ser un hombre multi-org\u00e1smico. Eso s\u00ed, debes tener paciencia y ejercitarte mucho, no como si fueras a un gimnasio, pero s\u00ed con la misma pasi\u00f3n que le dedicas a agrandar tus b\u00edceps.<\/p>\n<ul style=\"text-align: justify\">\n<li><em>Aprende a controlar la eyaculaci\u00f3n<\/em>:\u00a0como dijimos antes, es vital aprender a separar la eyaculaci\u00f3n del orgasmo. Para ello, debes fortalecer los m\u00fasculos pubocox\u00edgeos (grupo de m\u00fasculos que se extienden desde el hueso p\u00fabico hasta el c\u00f3ccix) mediante los ejercicios Kegel.\u00a0 La idea es realizar una serie de contracciones con el PC (m\u00fasculo pubocox\u00edgeo), las mismas contracciones que realizas cuando quieres detener la orina. Este ejercicio debes practicarlo durante varias semanas, haciendo un promedio de 20 a 25 contracciones diarias. Esto mismo lo vas a hacer durante el acto sexual, pero interrumpiendo la eyaculaci\u00f3n, hasta alcanzar el orgasmo! Luego, ver\u00e1s que tu pene sigue erecto, pues a\u00fan no has eyaculado\u2026 Y vuelves a repetir el proceso\u2026 Claro, todas las veces en que te sea posible controlar la eyaculaci\u00f3n. Entonces, estar\u00e1s experimentando\u00a0<strong>MULTI-ORGASMOS!<\/strong><\/li>\n<li><em>Maneja la tensi\u00f3n sexual<\/em>:\u00a0tambi\u00e9n debes aprender a manejar la tensi\u00f3n sexual que se produce en tu cuerpo.\u00a0 Esto se trabaja mediante una serie de ejercicios de masturbaci\u00f3n extensa que te ayudar\u00e1n a dominar tu propia excitaci\u00f3n.<\/li>\n<li><em>Respira adecuadamente<\/em>:\u00a0la respiraci\u00f3n adecuada es imprescindible para lograr multiplicidad org\u00e1smica en el hombre.\u00a0 Cuando un hombre est\u00e1 altamente excitado y acerc\u00e1ndose a su reflejo eyaculatorio, la capacidad que tenga para respirar profundamente y ralentizar el ritmo card\u00edaco hace una gran diferencia en el resultado multi-org\u00e1smico. As\u00ed que no olviden respirar correctamente, inspirando por la nariz dejando que sobresalga el vientre, y expirando hasta que sientan que el pene y los test\u00edculos se elevan un poquito.<\/li>\n<li><em>Presiones claves<\/em>:\u00a0hay tres puntos clave en el pene: uno justo debajo del glande (cabeza); otro, alrededor de la base;\u00a0 y por \u00faltimo, un punto sobre el perineo. Presiona alguno de estos tres puntos, para controlar la eyaculaci\u00f3n. Esta t\u00e9cnica que se utiliza como parte del tratamiento de eyaculadores precoces, resulta muy eficientes para perfeccionar las experiencias multi-org\u00e1smicas en el hombre.<\/li>\n<\/ul>\n<p style=\"text-align: justify\">As\u00ed que chicos, p\u00f3nganse a practicar y an\u00edmense a alcanzar el m\u00e1s celestial de los placeres, una y otra vez\u2026 y otra vez\u2026 y un poquito m\u00e1aaaaaaaaaas\u2026<\/p>\n<p style=\"text-align: justify\">Fuente: www.universoalessandra.com<\/p>\n<p>&nbsp;<\/p>\n","protected":false},"excerpt":{"rendered":"<p>Hombres multi org\u00e1smicos? Te damos las claves!! Muchos, muchos ooooooooooooohs\u2026 las mujeres siempre hablamos de eso y perseguimos la multiplicidad de orgasmos! Esa explosi\u00f3n que nos eleva a otra dimensi\u00f3n! Creemos que experimentar multi-orgasmos es exclusivo de nosotras, pero he aqu\u00ed una maravillosa noticias para Ellos: los hombres tambi\u00e9n pueden disfrutar de este placer casi [&hellip;]<\/p>\n","protected":false},"featured_media":3494,"template":"","meta":[],"product_brand":[],"product_cat":[],"product_tag":[230,149,229,147,150,146],"class_list":{"0":"post-3493","1":"product","2":"type-product","3":"status-publish","4":"has-post-thumbnail","6":"product_tag-excitacion","7":"product_tag-eyaculacion","8":"product_tag-multi-orgasmo","9":"product_tag-rio-grande","10":"product_tag-sexshop-ushuaia","11":"product_tag-tierra-del-fuego","13":"first","14":"instock","15":"shipping-taxable","16":"product-type-simple"},"_links":{"self":[{"href":"https:\/\/sexysiempre.com\/web\/wp-json\/wp\/v2\/product\/3493","targetHints":{"allow":["GET"]}}],"collection":[{"href":"https:\/\/sexysiempre.com\/web\/wp-json\/wp\/v2\/product"}],"about":[{"href":"https:\/\/sexysiempre.com\/web\/wp-json\/wp\/v2\/types\/product"}],"wp:featuredmedia":[{"embeddable":true,"href":"https:\/\/sexysiempre.com\/web\/wp-json\/wp\/v2\/media\/3494"}],"wp:attachment":[{"href":"https:\/\/sexysiempre.com\/web\/wp-json\/wp\/v2\/media?parent=3493"}],"wp:term":[{"taxonomy":"product_brand","embeddable":true,"href":"https:\/\/sexysiempre.com\/web\/wp-json\/wp\/v2\/product_brand?post=3493"},{"taxonomy":"product_cat","embeddable":true,"href":"https:\/\/sexysiempre.com\/web\/wp-json\/wp\/v2\/product_cat?post=3493"},{"taxonomy":"product_tag","embeddable":true,"href":"https:\/\/sexysiempre.com\/web\/wp-json\/wp\/v2\/product_tag?post=3493"}],"curies":[{"name":"wp","href":"https:\/\/api.w.org\/{rel}","templated":true}]}}