{"id":3505,"date":"2013-09-22T01:02:51","date_gmt":"2013-09-22T04:02:51","guid":{"rendered":"http:\/\/sexysiempre.com\/web\/?p=3505"},"modified":"2013-09-22T01:02:51","modified_gmt":"2013-09-22T04:02:51","slug":"eterno-dilema-se-puede-ser-bisexual","status":"publish","type":"product","link":"https:\/\/sexysiempre.com\/web\/producto\/eterno-dilema-se-puede-ser-bisexual","title":{"rendered":"Eterno dilema&#8230; \u00bfSe puede ser bisexual?"},"content":{"rendered":"<h4 id=\"titulo_noticia\" style=\"text-align: justify\">Eterno dilema&#8230; \u00bfSe puede ser bisexual?<\/h4>\n<p style=\"text-align: justify\">\u00bfMecanismo psicol\u00f3gico o intento de expansi\u00f3n del mundo er\u00f3tico? La bisexualidad abarca a aquellas personas que tienen la capacidad de amar y\/o desear a personas de los dos sexos. En esencia, es una orientaci\u00f3n sexual como lo son la homosexualidad y la heterosexualidad. Pero tambi\u00e9n es una posibilidad \u00abmental\u00bb que podemos explorar sin culpas.<\/p>\n<h6 style=\"text-align: justify\"><a>Lic. Adriana Arias<\/a><\/h6>\n<p style=\"text-align: justify\">La bisexualidad abarca a aquellos sujetos que tienen la capacidad de amar a personas tanto de su propio sexo como de otro sexo. Esta capacidad puede incluir la atracci\u00f3n f\u00edsica, sexual y emocional. La bisexualidad no implica la renuncia al propio sexo ni la negaci\u00f3n del rol que se posee como hombre o como mujer lo que genera que, en algunos casos, quienes eligen este modo sexual tiendan a esconder sus pr\u00e1cticas para no afectar su faceta heterosexual frente al entorno.<\/p>\n<p style=\"text-align: justify\">Ciertamente, esta inclinaci\u00f3n sexual no ata\u00f1e al g\u00e9nero social al que se pertenece. Se trata de un mecanismo psicol\u00f3gico en el que tanto podemos encontrar una predominancia de la confusi\u00f3n respecto a las apetencias sexuales en la que se entrelazan los sentimientos (esta apreciaci\u00f3n de la bisexualidad como confusi\u00f3n nos llevar\u00eda a la existencia de cierta ambig\u00fcedad en la construcci\u00f3n temprana de su identidad) como, desde otro punto de vista, podr\u00edamos verla como un intento de ampliaci\u00f3n y expansi\u00f3n del mundo er\u00f3tico y la b\u00fasqueda de nuevas experiencias. Pero una cosa es transitar por una etapa de confusi\u00f3n y otra muy distinta es que la bisexualidad sea en s\u00ed misma y estructuralmente una confusi\u00f3n. En esencia, la bisexualidad es una orientaci\u00f3n sexual como lo es la homosexualidad y la heterosexualidad.<\/p>\n<p style=\"text-align: justify\">Ser bisexual no define nuestro estilo de vida o nuestra conducta sexual. Las personas bisexuales pueden ser mon\u00f3gamas, poliamorosas o incluso c\u00e9libes, tanto como lo son las personas heterosexuales, las lesbianas y los gays. Muchos bisexuales tienen relaciones sexuales con personas de un solo sexo o no las tienen con nadie, y a\u00fan as\u00ed se consideran bisexuales. Otras personas, en cambio, tienen relaciones con personas de ambos sexos y no se identifican como bisexuales.<\/p>\n<p style=\"text-align: justify\">Es err\u00f3neo sostener la creencia de que la bisexualidad roza la perversi\u00f3n transgrediendo los c\u00f3digos aceptables o ubicarla alrededor de la idea de voracidad o compulsi\u00f3n sexual. Del mismo modo, es tambi\u00e9n equivocado conjeturar \u2013prejuiciosamente- que en todos los casos se tratar\u00eda de una homosexualidad reprimida y desplazada.<\/p>\n<p style=\"text-align: justify\">Definir nuestra sexualidad es un proceso profundo que en algunos casos puede ser muy complejo. Existe un fuerte determinismo cultural y social que nos espera biol\u00f3gica, gen\u00e9rica y sexualmente hombres o mujeres.<\/p>\n<p style=\"text-align: justify\">Sin embargo, en distintas fases de la vida podemos sentirnos atra\u00eddos por ambos sexos. Esto se ve habitualmente en los juegos sexuales infantiles (donde podemos sentir deseo y jugarlo, tanto con el primo o la prima, el compa\u00f1ero o la compa\u00f1era del grado) o en la pubertad en la que al mismo tiempo que nos enamoramos perdidamente de nuestro primer amor (heterosexual) desarrollamos un intenso erotismo con nuestros pares de g\u00e9nero. Las atracciones pueden cambiar con el tiempo siendo la tendencia que se acomoden al modelo piramidal heterosexual con inclinaci\u00f3n hacia la monogamia.<\/p>\n<p style=\"text-align: justify\"><strong>\u00a0<\/strong><\/p>\n<p style=\"text-align: justify\"><strong>Los matices<\/strong><\/p>\n<p style=\"text-align: justify\">Si tomamos a la bisexualidad como una elecci\u00f3n que implique los actos sexuales del sujeto en cuesti\u00f3n y que forme parte de su identidad sexual y social deber\u00edamos enrolarlo dentro de las diferentes tipos de modalidad sexual: hetero, homo bi, transex, travestismo, etc. En estos procesos, el sujeto ampl\u00eda la zona de su deseo sexual hacia los dos sexos si bien, en la mayor\u00eda de los casos, hay siempre una tendencia hacia un sexo m\u00e1s que hacia el otro. El sujeto se asume hetero u homo y, al mismo tiempo, extiende su pr\u00e1ctica sexual al otro sexo.<\/p>\n<p style=\"text-align: justify\">Este tipo de experiencia sexual tiende a reservarse socialmente ya que no tiene-hasta hoy- una aceptaci\u00f3n de la media social en la que nos movemos. Por lo tanto, el sujeto se maneja en su condici\u00f3n de g\u00e9nero hacia el afuera o bien acuerda con su pareja la posibilidad de incluir vivencias de intercambio sexual que le permitan desarrollar su apetencia sexual.<\/p>\n<p style=\"text-align: justify\">\n<p style=\"text-align: justify\"><strong>Nosotras, ellos y las fantas\u00edas<\/strong><\/p>\n<p style=\"text-align: justify\">Si bien las estad\u00edsticas dicen que son m\u00e1s los hombres los que se ubican dentro de esta particularidad, el hecho es que las mujeres tenemos m\u00e1s aprobado el erotismo hacia nuestras cong\u00e9neres. Las mujeres podemos hablar, hacer contacto, manifestar afecto, tocar, besar e incluso compartir sexo con mujeres m\u00e1s que los hombres entre ellos.<\/p>\n<p style=\"text-align: justify\">A esta altura, y m\u00e1s all\u00e1 de la definici\u00f3n y desarrollo del tema bisexualidad como estructura sexual y social, es importante e interesante hablar del lugar que ocupan las\u00a0<a href=\"http:\/\/www.entremujeres.com\/pareja-y-sexo\/significan-fantasias-homosexualidad_0_334766536.html\" target=\"_blank\"><strong>fantas\u00edas<\/strong><\/a>\u00a0con partenaires del mismo sexo en el imaginario de todos nosotros. De hecho, se considera que somos esencialmente bisexuales en nuestra estructura m\u00e1s all\u00e1 de lo cerca o lejos que estemos de este reconocimiento y del permiso que nos otorguemos para habitarlo. Y digo habitarlo, no digo realizarlo, no hablo de hacerlo acto. Agrego -y subrayo- que las fantas\u00edas son un salvoconducto de primer orden en el enriquecimiento de nuestra er\u00f3tica; que cobijar y jugar con lo ilusorio suma y habilita permisos; que no quiere decir que desplegarlas implique tener que hacerlas realidad y que la imaginaci\u00f3n es el lugar donde nuestros sentidos se mueven a sus anchas. Todos alojamos la capacidad de amar y desear a ambos sexos sin que ello atente contra nuestra heterosexualidad elegida. Solo se trata de ofrecernos la posibilidad de ejercerla en mayor libertad.<\/p>\n<p style=\"text-align: justify\">\n<p style=\"text-align: justify\"><strong>Lic. Adriana Arias, psic\u00f3loga y sex\u00f3loga, co-autora de los libros \u00abLocas y Fuertes\u00bb y \u00abBichos y Bichas del Cortejo\u00bb, junto a Cristina Lobaiza (Del Nuevo Extremo)<\/strong><\/p>\n<p>\u00a0Fuente: www.entremujeres.com<\/p>\n","protected":false},"excerpt":{"rendered":"<p>Eterno dilema&#8230; \u00bfSe puede ser bisexual? \u00bfMecanismo psicol\u00f3gico o intento de expansi\u00f3n del mundo er\u00f3tico? La bisexualidad abarca a aquellas personas que tienen la capacidad de amar y\/o desear a personas de los dos sexos. En esencia, es una orientaci\u00f3n sexual como lo son la homosexualidad y la heterosexualidad. Pero tambi\u00e9n es una posibilidad \u00abmental\u00bb [&hellip;]<\/p>\n","protected":false},"featured_media":3506,"template":"","meta":[],"product_brand":[],"product_cat":[],"product_tag":[232,234,157,233,147,154,145],"class_list":{"0":"post-3505","1":"product","2":"type-product","3":"status-publish","4":"has-post-thumbnail","6":"product_tag-bisexualidad","7":"product_tag-deseos-sexuales","8":"product_tag-fantasias-2","9":"product_tag-homosexualidad","10":"product_tag-rio-grande","11":"product_tag-sexshop","12":"product_tag-ushuaia","14":"first","15":"instock","16":"shipping-taxable","17":"product-type-simple"},"_links":{"self":[{"href":"https:\/\/sexysiempre.com\/web\/wp-json\/wp\/v2\/product\/3505","targetHints":{"allow":["GET"]}}],"collection":[{"href":"https:\/\/sexysiempre.com\/web\/wp-json\/wp\/v2\/product"}],"about":[{"href":"https:\/\/sexysiempre.com\/web\/wp-json\/wp\/v2\/types\/product"}],"wp:featuredmedia":[{"embeddable":true,"href":"https:\/\/sexysiempre.com\/web\/wp-json\/wp\/v2\/media\/3506"}],"wp:attachment":[{"href":"https:\/\/sexysiempre.com\/web\/wp-json\/wp\/v2\/media?parent=3505"}],"wp:term":[{"taxonomy":"product_brand","embeddable":true,"href":"https:\/\/sexysiempre.com\/web\/wp-json\/wp\/v2\/product_brand?post=3505"},{"taxonomy":"product_cat","embeddable":true,"href":"https:\/\/sexysiempre.com\/web\/wp-json\/wp\/v2\/product_cat?post=3505"},{"taxonomy":"product_tag","embeddable":true,"href":"https:\/\/sexysiempre.com\/web\/wp-json\/wp\/v2\/product_tag?post=3505"}],"curies":[{"name":"wp","href":"https:\/\/api.w.org\/{rel}","templated":true}]}}