{"id":3514,"date":"2013-10-10T21:23:43","date_gmt":"2013-10-11T00:23:43","guid":{"rendered":"http:\/\/sexysiempre.com\/web\/?p=3514"},"modified":"2013-10-10T21:23:43","modified_gmt":"2013-10-11T00:23:43","slug":"el-sexo-puede-aliviar-el-dolor-de-cabeza","status":"publish","type":"product","link":"https:\/\/sexysiempre.com\/web\/producto\/el-sexo-puede-aliviar-el-dolor-de-cabeza","title":{"rendered":"El sexo puede aliviar el dolor de cabeza"},"content":{"rendered":"<h4 id=\"titulo_noticia\">El sexo puede aliviar el dolor de cabeza<\/h4>\n<p>Un nuevo estudio sugiere que tener relaciones sexuales podr\u00eda ser una forma natural de calmar las cefaleas y la migra\u00f1a.<\/p>\n<p style=\"text-align: justify\">\u201cHoy no, me duele la cabeza\u201d ya no ser\u00e1 una excusa v\u00e1lida. En realidad, deber\u00eda ser todo lo contrario. Es que un equipo de neur\u00f3logos de la Universidad de M\u00fcnster, Alemania, descubri\u00f3 que tener relaciones sexuales podr\u00eda lograr \u201cla desaparici\u00f3n parcial o total\u201d de las\u00a0<a href=\"http:\/\/www.entremujeres.com\/vida-sana\/salud\/columnista-dolor_de_cabeza-migrana-cefalea-duele-aspirina-calmar-como-parar-analgesico-medicamento-medicina_0_352164791.html\" target=\"_blank\">cefaleas\u00a0<\/a>y la\u00a0<a href=\"http:\/\/www.entremujeres.com\/vida-sana\/salud\/migrana-dolor_de_cabeza-mujeres-salud_0_551344965.html\" target=\"_blank\">migra\u00f1a<\/a>. Incluso, ser\u00eda m\u00e1s efectivo que tomar ciertos\u00a0<a href=\"http:\/\/www.entremujeres.com\/vida-sana\/salud\/aspirina-analgesicos-dolor_de_cabeza-ibuprofeno-paracetamol-migrana-salud-automedicacion-abuso-exceso_0_778122267.html\" target=\"_blank\">analg\u00e9sicos<\/a>.<\/p>\n<p style=\"text-align: justify\">Para llegar a esa conclusion los cient\u00edficos estudiaron a 800 personas que padecen\u00a0<a href=\"http:\/\/www.entremujeres.com\/vida-sana\/salud\/migrana-dolor_de_cabeza-mujeres-salud_0_551344965.html\" target=\"_blank\">migra\u00f1a\u00a0<\/a>y a 200 que sufren\u00a0<a href=\"http:\/\/www.entremujeres.com\/vida-sana\/salud\/columnista-dolor_de_cabeza-migrana-cefalea-duele-aspirina-calmar-como-parar-analgesico-medicamento-medicina_0_352164791.html\" target=\"_blank\">dolores de cabeza<\/a>\u00a0con frecuencia. Tuvieron que completar un cuestionario an\u00f3nimo sobre su actividad en pareja durante los episodios de malestar y, luego, debieron escribir c\u00f3mo repercute el sexo en sus sensaciones.<\/p>\n<p style=\"text-align: justify\">Cerca del 20% de los participantes inform\u00f3 que despu\u00e9s de un encuentro placentero el dolor hab\u00eda desaparecido por completo y el 51% manifest\u00f3 que sinti\u00f3 algo de alivio. Seg\u00fan los cient\u00edficos, la mejora se explicar\u00eda porque al tener relaciones se produce una liberaci\u00f3n de endorfinas, que son los \u201cmata-dolores\u201d naturales del cerebro.<\/p>\n<p style=\"text-align: justify\">Adem\u00e1s, notaron que ya muchas personas usan la actividad sexual como tratamiento. Seg\u00fan los registros, el 36% de los hombres expres\u00f3 que ya aplica este divertido m\u00e9todo y el 19% de las mujeres asegura haberlo adoptado. Reconocieron que una vez que discubrieron que el sexo era la clave, empezaron a aprovecharlo para sentirse mejor.<\/p>\n<p style=\"text-align: justify\">Fuente: www.entremujeres.com<\/p>\n","protected":false},"excerpt":{"rendered":"<p>El sexo puede aliviar el dolor de cabeza Un nuevo estudio sugiere que tener relaciones sexuales podr\u00eda ser una forma natural de calmar las cefaleas y la migra\u00f1a. \u201cHoy no, me duele la cabeza\u201d ya no ser\u00e1 una excusa v\u00e1lida. En realidad, deber\u00eda ser todo lo contrario. Es que un equipo de neur\u00f3logos de la [&hellip;]<\/p>\n","protected":false},"featured_media":3515,"template":"","meta":[],"product_brand":[],"product_cat":[],"product_tag":[147,235,171,150,146],"class_list":{"0":"post-3514","1":"product","2":"type-product","3":"status-publish","4":"has-post-thumbnail","6":"product_tag-rio-grande","7":"product_tag-seduccion","8":"product_tag-sexo","9":"product_tag-sexshop-ushuaia","10":"product_tag-tierra-del-fuego","12":"first","13":"instock","14":"shipping-taxable","15":"product-type-simple"},"_links":{"self":[{"href":"https:\/\/sexysiempre.com\/web\/wp-json\/wp\/v2\/product\/3514","targetHints":{"allow":["GET"]}}],"collection":[{"href":"https:\/\/sexysiempre.com\/web\/wp-json\/wp\/v2\/product"}],"about":[{"href":"https:\/\/sexysiempre.com\/web\/wp-json\/wp\/v2\/types\/product"}],"wp:featuredmedia":[{"embeddable":true,"href":"https:\/\/sexysiempre.com\/web\/wp-json\/wp\/v2\/media\/3515"}],"wp:attachment":[{"href":"https:\/\/sexysiempre.com\/web\/wp-json\/wp\/v2\/media?parent=3514"}],"wp:term":[{"taxonomy":"product_brand","embeddable":true,"href":"https:\/\/sexysiempre.com\/web\/wp-json\/wp\/v2\/product_brand?post=3514"},{"taxonomy":"product_cat","embeddable":true,"href":"https:\/\/sexysiempre.com\/web\/wp-json\/wp\/v2\/product_cat?post=3514"},{"taxonomy":"product_tag","embeddable":true,"href":"https:\/\/sexysiempre.com\/web\/wp-json\/wp\/v2\/product_tag?post=3514"}],"curies":[{"name":"wp","href":"https:\/\/api.w.org\/{rel}","templated":true}]}}