{"id":366,"date":"2011-09-06T02:56:25","date_gmt":"2011-09-06T02:56:25","guid":{"rendered":"http:\/\/sexysiempre.com\/web\/?p=366"},"modified":"2022-05-30T19:51:14","modified_gmt":"2022-05-30T22:51:14","slug":"geles-y-lubricantes-retardante-de-eyaculacion","status":"publish","type":"product","link":"https:\/\/sexysiempre.com\/web\/producto\/geles-y-lubricantes-retardante-de-eyaculacion","title":{"rendered":"Gel Retardante de Eyaculaci\u00f2n."},"content":{"rendered":"<div style=\"text-align: center;\"><b>Gel intimo Retardante de eyaculaci\u00f2n.<\/b><\/div>\n<div style=\"text-align: center;\"><\/div>\n<div style=\"text-align: center;\"><\/div>\n<div style=\"text-align: center;\"><span style=\"color: #212529; font-family: Open Sans, sans-serif; font-size: large;\">Se encuentra especialmente formulado para prolongar la erecci\u00f3n, retardando la eyaculaci\u00f3n y asegurando una relaci\u00f3n prolongada y placentera. Entre sus componentes se encuentran los principios activos ligeramente desensibilizadores como extracto de malva silvestre, extracto de avena y glicerina. Su uso es muy sencillo, se debe aplicar en el glande y detr\u00e0s de los test\u00ecculos masajeando suavemente la zona y a seguir jugango..!!<\/span><\/div>\n","protected":false},"excerpt":{"rendered":"<p>Gel intimo Retardante de eyaculaci\u00f2n. Se encuentra especialmente formulado para prolongar la erecci\u00f3n, retardando la eyaculaci\u00f3n y asegurando una relaci\u00f3n prolongada y placentera. Entre sus componentes se encuentran los principios activos ligeramente desensibilizadores como extracto de malva silvestre, extracto de avena y glicerina. Su uso es muy sencillo, se debe aplicar en el glande y [&hellip;]<\/p>\n","protected":false},"featured_media":9563,"template":"","meta":[],"product_brand":[],"product_cat":[6,20],"product_tag":[77,78,79],"class_list":{"0":"post-366","1":"product","2":"type-product","3":"status-publish","4":"has-post-thumbnail","6":"product_cat-juguetes-accesorios-y-sexshop","7":"product_cat-aceites-geles-y-lubricantes","8":"product_tag-geles","9":"product_tag-lubricantes","10":"product_tag-retardantes","12":"first","13":"instock","14":"shipping-taxable","15":"product-type-simple"},"_links":{"self":[{"href":"https:\/\/sexysiempre.com\/web\/wp-json\/wp\/v2\/product\/366","targetHints":{"allow":["GET"]}}],"collection":[{"href":"https:\/\/sexysiempre.com\/web\/wp-json\/wp\/v2\/product"}],"about":[{"href":"https:\/\/sexysiempre.com\/web\/wp-json\/wp\/v2\/types\/product"}],"wp:featuredmedia":[{"embeddable":true,"href":"https:\/\/sexysiempre.com\/web\/wp-json\/wp\/v2\/media\/9563"}],"wp:attachment":[{"href":"https:\/\/sexysiempre.com\/web\/wp-json\/wp\/v2\/media?parent=366"}],"wp:term":[{"taxonomy":"product_brand","embeddable":true,"href":"https:\/\/sexysiempre.com\/web\/wp-json\/wp\/v2\/product_brand?post=366"},{"taxonomy":"product_cat","embeddable":true,"href":"https:\/\/sexysiempre.com\/web\/wp-json\/wp\/v2\/product_cat?post=366"},{"taxonomy":"product_tag","embeddable":true,"href":"https:\/\/sexysiempre.com\/web\/wp-json\/wp\/v2\/product_tag?post=366"}],"curies":[{"name":"wp","href":"https:\/\/api.w.org\/{rel}","templated":true}]}}