{"id":3668,"date":"2013-11-02T02:00:15","date_gmt":"2013-11-02T05:00:15","guid":{"rendered":"http:\/\/sexysiempre.com\/web\/?p=3668"},"modified":"2013-11-02T02:00:15","modified_gmt":"2013-11-02T05:00:15","slug":"los-cinco-tipos-de-fantasias-de-las-mujeres-tras-las-50-sombras-de-grey","status":"publish","type":"product","link":"https:\/\/sexysiempre.com\/web\/producto\/los-cinco-tipos-de-fantasias-de-las-mujeres-tras-las-50-sombras-de-grey","title":{"rendered":"Los cinco tipos de fantas\u00edas de las mujeres (tras &#8216;Las 50 sombras de Grey&#8217;)"},"content":{"rendered":"<p>En 1973, un libro revolucion\u00f3 el mercado editorial anglosaj\u00f3n casi en la misma medida en que lo ha hecho\u00a0<em>50 sombras de Grey\u00a0<\/em>(Grijalbo). En\u00a0<em>My Secret Garden<\/em>\u00a0(\u201cMi jard\u00edn secreto\u201d),\u00a0<strong>Nancy Friday<\/strong>\u00a0explicaba cu\u00e1les eran\u00a0<strong>las fantas\u00edas sexuales m\u00e1s comunes de las mujeres de su \u00e9poca<\/strong>, tras llevar a cabo un gran n\u00famero de entrevistas personales, enojada despu\u00e9s de que un editor rechazase una de sus novelas en las que una mujer refer\u00eda una fantas\u00eda sexual. Eran tiempos en los que un art\u00edculo de\u00a0<em>Cosmopolitan<\/em>\u00a0recordaba que \u201clas mujeres no tienen fantas\u00edas sexuales, punto. Los hombres s\u00ed\u201d, pero tambi\u00e9n, los a\u00f1os de la revoluci\u00f3n sexual y del auge de la industria del porno.<\/p>\n<p>El libro signific\u00f3 todo un hito en cuanto que record\u00f3 a muchos hombres que ellas tambi\u00e9n tienen fantas\u00edas, y permiti\u00f3 a muchas mujeres darse cuenta de que su imaginaci\u00f3n no ten\u00eda nada de especial, ya que sus fantas\u00edas eran compartidas por otras compa\u00f1eras del mismo sexo, por lo que\u00a0<strong>no deb\u00edan tener miedo a manifestarlas en voz alta<\/strong>. \u00bfCu\u00e1les eran las fantas\u00edas m\u00e1s repetidas entre las mujeres americanas de comienzos de los setenta? Muchas de ellas tiene bastante que ver con la que\u00a0<a href=\"http:\/\/www.elconfidencial.com\/alma-corazon-vida\/2012\/07\/29\/asi-son-nuestras-fantasias-sexuales-mas-frecuentes-102740\/\">se han reportado durante los \u00faltimos a\u00f1os<\/a>, a saber: dominaci\u00f3n, sadomasoquismo, sexo con desconocidos, j\u00f3venes, hombres de raza negra, fetiches, transgresi\u00f3n y las algo m\u00e1s pol\u00e9micas fantas\u00edas de violaci\u00f3n, incesto o prostituci\u00f3n.<\/p>\n<p>Una de las preguntas m\u00e1s habituales entre las mujeres es &#8216;\u00bfsoy normal?&#8217;Ahora, 40 a\u00f1os despu\u00e9s de la publicaci\u00f3n del ensayo, y aprovechando (por qu\u00e9 no) el tir\u00f3n de la c\u00e9lebre trilog\u00eda de\u00a0<strong>E.L. James<\/strong>,\u00a0<strong>Emily Dubberley<\/strong>, editora de la p\u00e1gina web de educaci\u00f3n sexual\u00a0<a href=\"http:\/\/www.cliterati.co.uk\/\">Cliterati<\/a>, ha intentado repetir la f\u00f3rmula de Sunday en\u00a0<em>Garden of Desires: the Evolution of Women\u2019s Sexual Fantasies<\/em>, que editar\u00e1 en septiembre Black Lace, y que explica\u00a0<strong>de qu\u00e9 manera han evolucionado los deseos de las mujeres<\/strong>\u00a0desde los setenta. El procedimiento es muy similar al del libro de Sunday, puesto que para su realizaci\u00f3n, Dubberley ha llevado a cabo un gran n\u00famero de entrevistas con cientos de mujeres de todas las edades.<\/p>\n<p>Como recordaba la autora en una entrevista con\u00a0<em>The Telegraph<\/em>, \u201cen los 12 a\u00f1os que he trabajado como escritora sobre el sexo, una de las preguntas m\u00e1s habituales entre las mujeres es \u2018\u00bfsoy normal?\u2019\u201d En su opini\u00f3n, Sunday contribuy\u00f3 a hacer desaparecer esa idea de la \u201cnormalidad\u201d y a que las mujeres comprendiesen que \u201c<strong>la diversidad es algo que debe fomentarse y celebrarse<\/strong>\u201d. El objetivo principal de Dubberley ha sido \u201cllamar la atenci\u00f3n sobre la existencia de las fantas\u00edas femeninas y recordar a las mujeres que la idea de que tienen una vida sexual privada es\u00a0<strong>una libertad muy reciente<\/strong>, y no algo que deba darse por hecho o ser ocultado bajo la alfombra\u201d.<\/p>\n<p>\u00bfCu\u00e1l es la diferencia entre los a\u00f1os setenta y el momento actual? Aunque un gran n\u00famero de las fantas\u00edas se repiten \u2013al fin y al cabo, no ha pasado tanto tiempo\u2013, otras tantas indican\u00a0<strong>un nuevo auge de la llamada \u201cvariabilidad de g\u00e9nero\u201d<\/strong>, es decir, la transgresi\u00f3n de los estereotipos de g\u00e9nero asignados de manera cultural. Sin embargo, las fantas\u00edas zoof\u00edlicas que aparec\u00edan de manera m\u00e1s frecuente en el libro de Sunday parecen haber desaparecido casi por completo.<\/p>\n<p>Dubberley ha identificado\u00a0<strong>m\u00e1s de 200 tipos de situaciones imaginadas por las mujeres<\/strong>, pero que ha agrupado en cinco grupos que las hacen m\u00e1s digeribles para las que las tienen, puesto que dicha generalizaci\u00f3n (por ejemplo, el de las fantas\u00edas de violaci\u00f3n como sumisi\u00f3n) permite identificar lo que tienen en com\u00fan con otras fantas\u00edas y darle menos importancia a los aspectos controvertidos de estas. \u00bfCu\u00e1les son?<\/p>\n<p>&nbsp;<\/p>\n<p><strong>Fantas\u00edas de sumisi\u00f3n<\/strong><\/p>\n<p><strong>Christian Grey<\/strong>,\u00a0<strong>Anastasia Steele<\/strong>,\u00a0<em>50 sombras de Grey<\/em>, esposas para las manos y vendas para los ojos. No hace falta decir nada m\u00e1s, \u00bfverdad? Quiz\u00e1 s\u00ed, puesto que esta categor\u00eda no se refiere \u00fanicamente al sadomasoquismo y a los juegos de maestro y esclava,\u00a0sino una amplia variedad de comportamientos en las que la mujer est\u00e1 supeditada al hombre y, por eso mismo, puede conllevar ciertas implicaciones (machistas) con las que muchas pueden no sentirse a gusto. Por eso, este tipo de fantas\u00edas han sido\u00a0<strong>motivo de debate en ciertos c\u00edrculos feministas<\/strong>, en cuanto que perpetuar\u00eda el t\u00f3pico del hombre dominador y la mujer sumisa. Tambi\u00e9n en este grupo se clasificar\u00edan las fantas\u00edas m\u00e1s transgresoras e inconfesables, como la de ser violada (que muchas veces se lleva a la pr\u00e1ctica en un juego de roles consentido por ambos miembros de la pareja). Por supuesto, la sumisi\u00f3n no tiene por qu\u00e9 ser \u00fanicamente f\u00edsica, sino que tambi\u00e9n puede ser psicol\u00f3gica o emocional.<\/p>\n<p><strong>Fantas\u00edas de dominaci\u00f3n<\/strong><\/p>\n<p>La otra cara de la moneda de las fantas\u00edas de sumisi\u00f3n. En este caso es la mujer la que adopta la posici\u00f3n activa, ya sea armada con un l\u00e1tigo y unas esposas, ya sea simplemente\u00a0<strong>tomando la iniciativa en la cama y decidiendo lo que se va a hacer<\/strong>. Se trata de una de las m\u00e1s populares, puesto que un tercio de las mujeres manifestaban haber tenido una as\u00ed semejante en alg\u00fan momento de su vida. Muchas veces, se trata de una simple inversi\u00f3n de los roles tradicionales en los que el hombre es el que da el primer paso y somete a la mujer a hacer lo que \u00e9l desea. Infligir dolor no es imprescindible, aunque Dubberley se\u00f1ala que se trata de un deseo m\u00e1s frecuente de lo que podr\u00edamos pensar. Dentro de este grupo se engloban tambi\u00e9n las fantas\u00edas de ser infiel a la pareja.<\/p>\n<p><strong>Exhibicionismo y\u00a0<em>voyeurismo<\/em><\/strong><\/p>\n<p>En definitiva, ser vista y mirar, la fantas\u00eda m\u00e1s frecuente de todas las recogidas en el libro (aunque, al mismo tiempo,\u00a0<strong>una de las m\u00e1s complicadas de llevar a cabo<\/strong>, al menos en lo que se refiere al exhibicionismo). No se trata \u00fanicamente de irse a retozar al parque con la esperanza de que un despistado te pille en plena faena, sino tambi\u00e9n en dejar la ventana abierta para que el vecino eche una miradita furtiva o, simplemente, dejar la ventana abierta para que todo el bloque se entere de lo que est\u00e1s haciendo. Esta fantas\u00eda explicar\u00eda el auge de las p\u00e1ginas web dedicadas a mostrar fotograf\u00edas expl\u00edcitas o las retransmisiones por webcam del acto sexual de parejas\u00a0<em>amateur<\/em>. Un mecanismo que satisface tanto al exhibicionista como al\u00a0<em>voyeur<\/em>.<\/p>\n<p><strong>Sexo en grupo<\/strong><\/p>\n<p>Donde caben dos, caben tres, reza el dicho popular. Este tipo de fantas\u00edas suelen solaparse con las de dominaci\u00f3n y sumisi\u00f3n, ya que es com\u00fan que aparezcan juntas (como bien ilustr\u00f3\u00a0<strong>Stanley Kubrick<\/strong>\u00a0en la secuencia de la org\u00eda de\u00a0<em>Eyes Wide Shut<\/em>). Hay dos factores que influyen en este tipo de imaginaci\u00f3n: el anonimato (como ocurre con el caso del sexo con un desconocido) y la novedad (mantener relaciones con alguien completamente nuevo, por lo que\u00a0<strong>las fantas\u00edas con otras mujeres<\/strong>\u00a0tienen bastante en com\u00fan con esta categor\u00eda).<\/p>\n<p><strong>Un amante<\/strong><\/p>\n<p>La \u00faltima de las categor\u00edas es la de las llamadas \u201cpartners fantasies\u201d, consistentes, b\u00e1sicamente, en tener una persona dedicada exclusivamente a ti de manera sexual, y que puede ser incluso tu propia pareja. Puede sonar poco excitante, pero al fin y al cabo, se trata de algo que est\u00e1 al alcance de todo el mundo. Aunque no tanto sus variantes, como son mantener una relaci\u00f3n sexual con un famoso, un amante, un amigo o un compa\u00f1ero de trabajo.<\/p>\n","protected":false},"excerpt":{"rendered":"<p>En 1973, un libro revolucion\u00f3 el mercado editorial anglosaj\u00f3n casi en la misma medida en que lo ha hecho\u00a050 sombras de Grey\u00a0(Grijalbo). En\u00a0My Secret Garden\u00a0(\u201cMi jard\u00edn secreto\u201d),\u00a0Nancy Friday\u00a0explicaba cu\u00e1les eran\u00a0las fantas\u00edas sexuales m\u00e1s comunes de las mujeres de su \u00e9poca, tras llevar a cabo un gran n\u00famero de entrevistas personales, enojada despu\u00e9s de que un [&hellip;]<\/p>\n","protected":false},"featured_media":3669,"template":"","meta":[],"product_brand":[],"product_cat":[],"product_tag":[242,253,155,147,154,146,145],"class_list":{"0":"post-3668","1":"product","2":"type-product","3":"status-publish","4":"has-post-thumbnail","6":"product_tag-cincuenta-sombras-de-grey","7":"product_tag-fantasias-eroticas","8":"product_tag-juguetes-para-adultos","9":"product_tag-rio-grande","10":"product_tag-sexshop","11":"product_tag-tierra-del-fuego","12":"product_tag-ushuaia","14":"first","15":"instock","16":"shipping-taxable","17":"product-type-simple"},"_links":{"self":[{"href":"https:\/\/sexysiempre.com\/web\/wp-json\/wp\/v2\/product\/3668","targetHints":{"allow":["GET"]}}],"collection":[{"href":"https:\/\/sexysiempre.com\/web\/wp-json\/wp\/v2\/product"}],"about":[{"href":"https:\/\/sexysiempre.com\/web\/wp-json\/wp\/v2\/types\/product"}],"wp:featuredmedia":[{"embeddable":true,"href":"https:\/\/sexysiempre.com\/web\/wp-json\/wp\/v2\/media\/3669"}],"wp:attachment":[{"href":"https:\/\/sexysiempre.com\/web\/wp-json\/wp\/v2\/media?parent=3668"}],"wp:term":[{"taxonomy":"product_brand","embeddable":true,"href":"https:\/\/sexysiempre.com\/web\/wp-json\/wp\/v2\/product_brand?post=3668"},{"taxonomy":"product_cat","embeddable":true,"href":"https:\/\/sexysiempre.com\/web\/wp-json\/wp\/v2\/product_cat?post=3668"},{"taxonomy":"product_tag","embeddable":true,"href":"https:\/\/sexysiempre.com\/web\/wp-json\/wp\/v2\/product_tag?post=3668"}],"curies":[{"name":"wp","href":"https:\/\/api.w.org\/{rel}","templated":true}]}}