{"id":3731,"date":"2013-11-11T20:32:27","date_gmt":"2013-11-11T23:32:27","guid":{"rendered":"http:\/\/sexysiempre.com\/web\/?p=3731"},"modified":"2013-11-11T20:32:27","modified_gmt":"2013-11-11T23:32:27","slug":"bullying-sexual-por-que-las-mujeres-son-putas-y-los-hombres-heroes","status":"publish","type":"product","link":"https:\/\/sexysiempre.com\/web\/producto\/bullying-sexual-por-que-las-mujeres-son-putas-y-los-hombres-heroes","title":{"rendered":"\u201cBullying sexual\u201d: \u00bfpor qu\u00e9 las mujeres son putas y los hombres, h\u00e9roes?"},"content":{"rendered":"<p>\u00bfPor qu\u00e9 ante una misma situaci\u00f3n \u2013como el hecho de tener sexo ocasional- las mujeres son tildadas de \u201cr\u00e1pidas\u201d y los hombres son aplaudidos? El proyecto \u00abUnslut\u00bb lucha contra la afici\u00f3n social que averg\u00fcenza y negativiza la sexualidad femenina y culpa a las mujeres v\u00edctimas de agresiones sexuales.<\/p>\n<p style=\"text-align: justify\">\u201cTe pueden llamar \u2018puta\u2019 por la forma en la que te vest\u00eds, por disfrutar del sexo, por rechazarlo o por ofender a alguien por un tema que no tiene nada que ver con el sexo. Podr\u00eda decir que hasta el hecho de existir y ser mujer ya parece suficiente para que te lo digan\u201d, lamenta Emily Lindin, fundadora de The Unslut Project, una iniciativa que lucha contra el estigma social que negativiza la sexualidad femenina y culpa a las mujeres v\u00edctimas de insultos, bullying o acoso sexual.<\/p>\n<p style=\"text-align: justify\">Tal como menciona el art\u00edculo del blog S-Moda del diario El Pa\u00eds, The Unslut Project busca combatir el \u201cbullying sexual\u201d, tal como el que sufri\u00f3 la canadiense Rehtaeh Parsons: tras una violaci\u00f3n en grupo, sus compa\u00f1eros de escuela la torturaban con las fotos de la agresi\u00f3n sexual que circularon en redes. La chica se suicid\u00f3 al poco tiempo.<\/p>\n<p style=\"text-align: justify\">Emily nunca fue violada pero s\u00ed fue tildada como la \u201cchica r\u00e1pida\u201d de su colegio. Tras conocer varias historias de j\u00f3venes que pasaron por algo similar, decidi\u00f3 crear este proyecto, que empez\u00f3 con compartir al mundo el diario \u00edntimo que escribi\u00f3 cuando ten\u00eda entre 11 y 14 a\u00f1os. \u201cPubliqu\u00e9 estas entradas en la Web una a la vez, sin cambiar una sola palabra con excepci\u00f3n de los nombres de las personas involucradas, incluido el m\u00edo. Cada breve comentario que est\u00e1 entre par\u00e9ntesis en cada post, tiene la intenci\u00f3n de dar alivio desde mi perspectiva actual, m\u00e1s de una d\u00e9cada m\u00e1s tarde\u201d, explica en su\u00a0<a href=\"http:\/\/www.unslutproject.com\/\" target=\"_blank\">sitio web<\/a>.<\/p>\n<p style=\"text-align: justify\">Su historia gener\u00f3 que otras mujeres se animen a contar sus propias experiencias. Son duras, impactantes. Algunas dicen: \u201cMientras que la violaci\u00f3n era una experiencia horrible y dolorosa, el hostigamiento y la incredulidad de mi historia era a\u00fan peor\u201d; \u201cdos chicos que cre\u00eda que eran amigos se rieron cuando se enteraron de que me violaron y me dec\u00edan que era una \u2018puta\u2019 que \u2018abr\u00eda las piernas a todo el mundo\u2019\u201d; o \u201cdurante mucho tiempo me sent\u00ed avergonzada de eso y me trataron como si fuera mi culpa\u201d.<\/p>\n<p style=\"text-align: justify\">Mientras tanto, Emily trabaja en el documental \u201cSlut: A Documentary Film\u201d, que busca generar conciencia acerca de la realidad del \u201cslut shaming\u201d (o \u201cavergonzar a la puta\u201d). \u201cNos centraremos en las historias de estas j\u00f3venes que se suicidaron tras sufrir bullying sexual y preguntaremos a expertos, sex\u00f3logos y psic\u00f3logos para explorar c\u00f3mo podemos cambiar este aspecto en nuestra cultura\u201d, dice la mujer a dicho blog.<\/p>\n<p style=\"text-align: justify\">Con el mismo objetivo, lleg\u00f3 a Buenos Aires\u00a0<a href=\"http:\/\/www.entremujeres.com\/genero\/marcha-Putas-llega-Buenos-Aires_0_536346460.html\" target=\"_blank\">La Marcha de las Putas<\/a>, una r\u00e9plica de las Slutwalks que se hacen alrededor del mundo. \u201cEsta forma de pensar, de justificar la violencia, tambi\u00e9n se vive en nuestro pa\u00eds. Adem\u00e1s de concientizar acerca del derecho de la mujer a vestirse como se sienta mejor, tambi\u00e9n decimos que no hay por qu\u00e9 aguantar silenciosamente aquellos piropos callejeros groseros o aquella mirada que te desnuda, que te deja vulnerable ante los dem\u00e1s. La mujer se arregla para verse bien, para sentirse atractiva, para hacer uso de su derecho a mostrar su sensualidad, pero eso no es sin\u00f3nimo de violencia ni es una invitaci\u00f3n a nada. Queremos vivir en una sociedad con respeto\u201d, dijo Pamela Querejeta Leiva, una de las organizadoras de la iniciativa en Argentina, a\u00a0<a href=\"http:\/\/www.entremujeres.com\/genero\/marcha-Putas-llega-Buenos-Aires_0_536346460.html\" target=\"_blank\">Entremujeres<\/a>.<\/p>\n<p style=\"text-align: justify\">Fuente: www.entremujeres.com<\/p>\n<p style=\"text-align: justify\">\n","protected":false},"excerpt":{"rendered":"<p>\u00bfPor qu\u00e9 ante una misma situaci\u00f3n \u2013como el hecho de tener sexo ocasional- las mujeres son tildadas de \u201cr\u00e1pidas\u201d y los hombres son aplaudidos? El proyecto \u00abUnslut\u00bb lucha contra la afici\u00f3n social que averg\u00fcenza y negativiza la sexualidad femenina y culpa a las mujeres v\u00edctimas de agresiones sexuales. \u201cTe pueden llamar \u2018puta\u2019 por la forma [&hellip;]<\/p>\n","protected":false},"featured_media":3732,"template":"","meta":[],"product_brand":[],"product_cat":[],"product_tag":[155,147,150,146],"class_list":{"0":"post-3731","1":"product","2":"type-product","3":"status-publish","4":"has-post-thumbnail","6":"product_tag-juguetes-para-adultos","7":"product_tag-rio-grande","8":"product_tag-sexshop-ushuaia","9":"product_tag-tierra-del-fuego","11":"first","12":"instock","13":"shipping-taxable","14":"product-type-simple"},"_links":{"self":[{"href":"https:\/\/sexysiempre.com\/web\/wp-json\/wp\/v2\/product\/3731","targetHints":{"allow":["GET"]}}],"collection":[{"href":"https:\/\/sexysiempre.com\/web\/wp-json\/wp\/v2\/product"}],"about":[{"href":"https:\/\/sexysiempre.com\/web\/wp-json\/wp\/v2\/types\/product"}],"wp:featuredmedia":[{"embeddable":true,"href":"https:\/\/sexysiempre.com\/web\/wp-json\/wp\/v2\/media\/3732"}],"wp:attachment":[{"href":"https:\/\/sexysiempre.com\/web\/wp-json\/wp\/v2\/media?parent=3731"}],"wp:term":[{"taxonomy":"product_brand","embeddable":true,"href":"https:\/\/sexysiempre.com\/web\/wp-json\/wp\/v2\/product_brand?post=3731"},{"taxonomy":"product_cat","embeddable":true,"href":"https:\/\/sexysiempre.com\/web\/wp-json\/wp\/v2\/product_cat?post=3731"},{"taxonomy":"product_tag","embeddable":true,"href":"https:\/\/sexysiempre.com\/web\/wp-json\/wp\/v2\/product_tag?post=3731"}],"curies":[{"name":"wp","href":"https:\/\/api.w.org\/{rel}","templated":true}]}}