{"id":3776,"date":"2013-12-04T23:16:05","date_gmt":"2013-12-05T02:16:05","guid":{"rendered":"http:\/\/sexysiempre.com\/web\/?p=3776"},"modified":"2013-12-04T23:16:05","modified_gmt":"2013-12-05T02:16:05","slug":"sexo-30-cosas-para-hacer-antes-de-morir","status":"publish","type":"product","link":"https:\/\/sexysiempre.com\/web\/producto\/sexo-30-cosas-para-hacer-antes-de-morir","title":{"rendered":"Sexo: 30 cosas para hacer antes de morir"},"content":{"rendered":"<p style=\"text-align: justify\"><strong>\u00bfQu\u00e9 experiencias sexuales te gustar\u00eda probar? \u00bfCu\u00e1les son esas fantas\u00edas que quisieras sacar de tu cabeza y llevar a la pr\u00e1ctica? Compartimos un listado de ideas para llevar a tu cama y disfrutar en pareja. \u00bfCu\u00e1ntas te faltan \u00abcumplir\u00bb?<\/strong><\/p>\n<p>1 &#8211; Practicar sexo oral.<\/p>\n<p>2 &#8211; \u00a0Tener sexo \u00abKarezza\u00bb\u00a0<span style=\"text-decoration: underline\"><strong><a href=\"http:\/\/mujnws20120717_0064\/\" target=\"_blank\"><br \/>\n<\/a><\/strong><\/span><\/p>\n<p><span style=\"text-decoration: underline\">3<\/span> &#8211; Masturbarse y ver c\u00f3mo ambos se masturban<strong><a href=\"http:\/\/www.entremujeres.com\/pareja-y-sexo\/masturbacion-placer-sexo-sexualidad-orgasmo-anorgasmia-clitoris-autoestimular_0_311368874.html\" target=\"_blank\"><br \/>\n<\/a><\/strong><\/p>\n<p>4 &#8211; Poner en pr\u00e1ctica (al menos) la mitad de las posturas del Kamasutra<\/p>\n<p>5 &#8211; Tener sexo cibern\u00e9tico y\/o por tel\u00e9fono<\/p>\n<p>6 &#8211; Vendarse los ojos mientras hacen el amor<\/p>\n<p>7 &#8211; Tener relaciones sexuales en un lugar p\u00fablico<\/p>\n<p>8 &#8211; Usar lencer\u00eda s\u00faper sexy<\/p>\n<p>9 &#8211; Animarte a un baile er\u00f3tico<a href=\"http:\/\/www.entremujeres.com\/pareja-y-sexo\/sexo\/Baile_del_cano-strip-tease-pareja-sexo-sensualidad-pole_dance-sexy_0_582541853.html\" target=\"_blank\"><br \/>\n<\/a><\/p>\n<p>10 &#8211; Usar un vibrado<\/p>\n<p>11 &#8211; Atar a tu pareja (y otro d\u00eda, \u00a1dejarte atar!)<\/p>\n<p>12 &#8211; Seducirlo con un disfraz er\u00f3tico<\/p>\n<p>13 &#8211; Practicar sexo t\u00e1ntrico<a href=\"http:\/\/www.entremujeres.com\/pareja-y-sexo\/pareja\/Tantra-Kriya-Yoga-reactivar-energia_0_697730300.html\" target=\"_blank\"><br \/>\n<\/a><\/p>\n<p>14 &#8211; Tener relaciones en la ducha<\/p>\n<p>15 &#8211; Leer literatura er\u00f3tica (y poner en pr\u00e1ctica lo que se les inspire)<a href=\"http:\/\/www.entremujeres.com\/pareja-y-sexo\/sexo\/Cincuenta_sombras_de_Grey-sexo-practicas_sexuales-aniversario-libro-literatura_erotica-mujeres-encuesta_0_933506777.html\" target=\"_blank\"><br \/>\n<\/a><\/p>\n<p>16 &#8211; Tener sexo en un auto<\/p>\n<p>17 &#8211; Probar el role-playing sexual<\/p>\n<p>18 &#8211; Tener relaciones de pie contra una pared<\/p>\n<p>19 &#8211; Hacer el amor en la playa<\/p>\n<p>20 &#8211; Contarse sus fantas\u00edas (y llevarlas a la pr\u00e1ctica.)<a href=\"http:\/\/www.entremujeres.com\/pareja-y-sexo\/sexo\/fantasias_sexuales-hombre-mujer-deseo-sexo_0_366563350.html\" target=\"_blank\"><br \/>\n<\/a><\/p>\n<p>21 &#8211; Tener relaciones sin besos<\/p>\n<p>22 &#8211; Comprar lencer\u00eda juntos<\/p>\n<p>23 &#8211; Despertarlo en el medio de la noche para hacer el amor.<a href=\"http:\/\/www.entremujeres.com\/pareja-y-sexo\/sexo\/sexo-pareja-rutina-placer-sorpresa-frecuencia-momento-dia-cuando-preservativos_0_839916084.html\" target=\"_blank\"><br \/>\n<\/a><\/p>\n<p>24 &#8211; Practicar el fetichismo \u00abh\u00famedo\u00bb o sexo splosh<a href=\"http:\/\/www.entremujeres.com\/pareja-y-sexo\/sexo\/sexo-pareja-practicas_sexuales-splosh-comida-liquido-afrodisiaco-placer_0_856114450.html\" target=\"_blank\"><br \/>\n<\/a><\/p>\n<p>25 &#8211; Tener \u00abrapiditos ma\u00f1aneros\u00bb antes de irse a trabajar.<a href=\"http:\/\/www.entremujeres.com\/pareja-y-sexo\/sexo\/sexo-express-rapido-consejos-pasion-pareja-placer_0_310168991.html\" target=\"_blank\"><br \/>\n<\/a><\/p>\n<p>26 &#8211; Hacer el amor a la luz de las velas<\/p>\n<p>27 -Ver pornografia juntos<\/p>\n<p>28 &#8211; Jugar al \u201cstrip poker\u201d y desnudarse de a poco<\/p>\n<p>29 &#8211; Hacer el amor bajo la lluvia<\/p>\n<p>30 &#8211; Tener sexo anal.<\/p>\n<p>&nbsp;<\/p>\n<p><strong>\u00bfCu\u00e1nto de lo que aparece en la lista ya lo cumpliste? \u00bfQu\u00e9 agregar\u00edas?<\/strong><\/p>\n<p>Fuente:www.sexysiempre.com<\/p>\n","protected":false},"excerpt":{"rendered":"<p>\u00bfQu\u00e9 experiencias sexuales te gustar\u00eda probar? \u00bfCu\u00e1les son esas fantas\u00edas que quisieras sacar de tu cabeza y llevar a la pr\u00e1ctica? Compartimos un listado de ideas para llevar a tu cama y disfrutar en pareja. \u00bfCu\u00e1ntas te faltan \u00abcumplir\u00bb? 1 &#8211; Practicar sexo oral. 2 &#8211; \u00a0Tener sexo \u00abKarezza\u00bb\u00a0 3 &#8211; Masturbarse y ver c\u00f3mo [&hellip;]<\/p>\n","protected":false},"featured_media":3777,"template":"","meta":[],"product_brand":[],"product_cat":[],"product_tag":[155,147,154,146,145],"class_list":{"0":"post-3776","1":"product","2":"type-product","3":"status-publish","4":"has-post-thumbnail","6":"product_tag-juguetes-para-adultos","7":"product_tag-rio-grande","8":"product_tag-sexshop","9":"product_tag-tierra-del-fuego","10":"product_tag-ushuaia","12":"first","13":"instock","14":"shipping-taxable","15":"product-type-simple"},"_links":{"self":[{"href":"https:\/\/sexysiempre.com\/web\/wp-json\/wp\/v2\/product\/3776","targetHints":{"allow":["GET"]}}],"collection":[{"href":"https:\/\/sexysiempre.com\/web\/wp-json\/wp\/v2\/product"}],"about":[{"href":"https:\/\/sexysiempre.com\/web\/wp-json\/wp\/v2\/types\/product"}],"wp:featuredmedia":[{"embeddable":true,"href":"https:\/\/sexysiempre.com\/web\/wp-json\/wp\/v2\/media\/3777"}],"wp:attachment":[{"href":"https:\/\/sexysiempre.com\/web\/wp-json\/wp\/v2\/media?parent=3776"}],"wp:term":[{"taxonomy":"product_brand","embeddable":true,"href":"https:\/\/sexysiempre.com\/web\/wp-json\/wp\/v2\/product_brand?post=3776"},{"taxonomy":"product_cat","embeddable":true,"href":"https:\/\/sexysiempre.com\/web\/wp-json\/wp\/v2\/product_cat?post=3776"},{"taxonomy":"product_tag","embeddable":true,"href":"https:\/\/sexysiempre.com\/web\/wp-json\/wp\/v2\/product_tag?post=3776"}],"curies":[{"name":"wp","href":"https:\/\/api.w.org\/{rel}","templated":true}]}}