{"id":3780,"date":"2013-12-04T23:26:20","date_gmt":"2013-12-05T02:26:20","guid":{"rendered":"http:\/\/sexysiempre.com\/web\/?p=3780"},"modified":"2013-12-04T23:26:20","modified_gmt":"2013-12-05T02:26:20","slug":"te-interesa-el-sexo-anal-tips-para-disfrutarlo","status":"publish","type":"product","link":"https:\/\/sexysiempre.com\/web\/producto\/te-interesa-el-sexo-anal-tips-para-disfrutarlo","title":{"rendered":"\u00bfTe interesa el sexo anal? Tips para disfrutarlo"},"content":{"rendered":"<p style=\"text-align: justify\"><strong>Aunque cada vez nos animamos m\u00e1s a hablar del tema, para nosotras no deja de ser algo complicado tanto dentro como fuera de la cama. Para muchas es, incluso, un tema tab\u00fa del que nos cuesta hablar hasta con amigas. El pudor se impone con la fuerza de lo prohibido, lo sucio, lo feo. Pero, si te interesa, si te gusta, hay tips que ayudan a pasarla bien. Claves para disfrutar de a dos.<\/strong><\/p>\n<p style=\"text-align: justify\">Dice Samantha Jones, la amiga zafada de Sex and the City: \u201ccon un buen\u00a0<a href=\"http:\/\/www.entremujeres.com\/pareja-y-sexo\/sexo-lubricantes-anal-vaginal-placer-climaterio-menopausia-vagina-coito-primer_0_832716822.html\" target=\"_blank\">lubricante\u00a0<\/a>puede llegar a ser muy divertido\u201d. S\u00ed, las\u00a0<a href=\"http:\/\/www.entremujeres.com\/pareja-y-sexo\/sexo\/sexo-pareja-sexuales-sexo_anal-sexo_oral-trios-swinger-petting-Karezza-dogging-tantrico_0_847715288.html\" target=\"_blank\">costumbres sexuales<\/a>\u00a0est\u00e1n cambiando: para bien y para mal, hay muchas novedades. Lo que durante mucho tiempo fue considerado como algo casi \u201canti natural\u201d, ahora se ha convertido en una pr\u00e1ctica cada vez m\u00e1s frecuente. \u00bfA cu\u00e1ntas de nosotras una pareja le pidi\u00f3 tener sexo por la cola? Seguramente a muchas. \u00bfY cu\u00e1ntas accedimos? Con certeza, bastante pocas.<\/p>\n<p style=\"text-align: justify\">\n<p style=\"text-align: justify\"><strong>Buenas noticias<\/strong><\/p>\n<p style=\"text-align: justify\">Hay razones fisiol\u00f3gicas que hacen que esto resulte placentero para las mujeres: los m\u00fasculos org\u00e1smicos y todas las terminaciones nerviosas que se ponen en juego durante el acto sexual incluyen el ano. Su borde, adem\u00e1s, se convierte en una parte s\u00faper sensible cuando es bien estimulada. Aunque cueste creerlo, no es necesario que nos introduzcan algo para que podamos vivir sensaciones incre\u00edbles: con besos y caricias es suficiente para gozar de manera plena.<\/p>\n<p style=\"text-align: justify\">Lo que s\u00ed puede parecer diferente es el acto mismo de la penetraci\u00f3n, ya que la apertura de los esf\u00ednteres es m\u00e1s estrecha que la de la vagina y esto puede hacer que se sienta m\u00e1s intensa. Pero es un mito que siempre duele. El dolor es s\u00f3lo la indicaci\u00f3n de que el ano no est\u00e1 bien relajado y abierto y es un mensaje del propio cuerpo que est\u00e1 pidiendo m\u00e1s tiempo o m\u00e1s suavidad.<\/p>\n<p style=\"text-align: justify\"><strong>\u00a0<\/strong><\/p>\n<p style=\"text-align: justify\"><strong>En pareja, segu\u00ed estos consejos<\/strong><\/p>\n<p style=\"text-align: justify\"><strong>Rel\u00e1jense.\u00a0<\/strong>Es importante<strong>\u00a0<\/strong>que los dos compartan las ganas de hacerlo y se sientan tranquilos con la decisi\u00f3n.<\/p>\n<p style=\"text-align: justify\"><strong>Exc\u00edtense.\u00a0<\/strong>Cuanto m\u00e1s excitados est\u00e9n los dos, m\u00e1s aumentar\u00e1\u00a0<a href=\"http:\/\/www.entremujeres.com\/pareja-y-sexo\/sexo\/sexo-libido-deseo_sexual-pareja-placer-consejos-tips-aumentar_0_805719523.html\" target=\"_blank\">la libido<\/a>\u00a0y mayores ser\u00e1n las ganas de intentar nuevas experiencias y probar nuevos caminos. Hacele lo que sab\u00e9s que le gusta para \u201cponerlo a punto\u201d y dej\u00e1 que \u00e9l te haga lo necesario para que te sientas preparada.<\/p>\n<p style=\"text-align: justify\"><strong>Estrategias.\u00a0<\/strong>Para tener buen sexo anal, los\u00a0<a href=\"http:\/\/www.entremujeres.com\/pareja-y-sexo\/sexo\/columnista-pareja-sexo-orgasmo-Kusnetzoff-sexologo-placer-juegos_previos-besos-caricias_0_710929026.html\" target=\"_blank\">juegos previos\u00a0<\/a>son fundamentales. Las caricias juegan un papel important\u00edsimo en la \u201cpreparaci\u00f3n del terreno\u201d y en la lubricaci\u00f3n de la zona. Lo ideal es que tu pareja comience la estimulaci\u00f3n con besos suaves en la zona y hasta pueden aprovechar alg\u00fan \u201c<a href=\"http:\/\/www.entremujeres.com\/pareja-y-sexo\/sexo\/Alessandra_Rampolla-juguetes_sexuales-pareja-sexo-sex_shop-placer_0_634136643.html\" target=\"_blank\">juguete sexual<\/a>\u201d que tengan. Al mismo tiempo, pedile que te acaricie el cl\u00edtoris\u2026 O animate a acarici\u00e1rtelo vos misma, \u00bfpor qu\u00e9 no?<\/p>\n<p style=\"text-align: justify\"><strong>Listos.<\/strong>\u00a0Cuando ambos se sientan preparados, es el momento de la penetraci\u00f3n. Para facilitarla, lo recomendable es usar un buen\u00a0<a href=\"http:\/\/www.entremujeres.com\/pareja-y-sexo\/sexo-lubricantes-anal-vaginal-placer-climaterio-menopausia-vagina-coito-primer_0_832716822.html\" target=\"_blank\">lubricante<\/a>. Afortunadamente, hay muchos productos de este tipo que te pueden ayudar. Pedile a tu compa\u00f1ero que lo haga sin prisa y suavemente, parando cuando vos se lo pidas.<\/p>\n<p style=\"text-align: justify\"><strong>Las posturas.\u00a0<\/strong>Todas las\u00a0<a href=\"http:\/\/www.entremujeres.com\/pareja-y-sexo\/sexo\/posiciones-sexuales-dr-kusnetzoff_0_715128564.html\" target=\"_blank\">posiciones sexuales\u00a0<\/a>son v\u00e1lidas en el momento de tener sexo por la cola: en cuatro patas, parados, de costado e, incluso, la cl\u00e1sica \u201c<a href=\"http:\/\/www.entremujeres.com\/pareja-y-sexo\/posicion-del-misionero-consejos_0_414558541.html\" target=\"_blank\">del misionero<\/a>\u201d. Lo importante es que est\u00e9n c\u00f3modos y puedan disfrutar los dos.<\/p>\n<p style=\"text-align: justify\"><strong>\u00bfExiste el orgasmo anal?\u00a0<\/strong>Las opiniones<strong>\u00a0<\/strong>est\u00e1n divididas. Para algunos sex\u00f3logos no existe ya que el cl\u00edtoris no es estimulado. Para otros s\u00ed puede darse, pues es una zona que est\u00e1 llena de terminaciones nerviosas que permiten una sensaci\u00f3n inigualablemente placentera. Ser\u00e1 cuesti\u00f3n de probar, \u00bfno?<strong><\/strong><\/p>\n<p style=\"text-align: justify\">\n<p style=\"text-align: justify\">Lo importante es que lo hagas en pareja, siendo respetada en tus deseos y en tus l\u00edmites: el sexo tiene que ser de a dos, con diversi\u00f3n y c\u00f3digos de complicidad. No ten\u00e9s que sentirte obligada a probar algo que no te gusta s\u00f3lo porque el otro lo desea. Si no te gusta, \u00abno gracias\u00bb. Lo decid\u00eds vos.<\/p>\n<p style=\"text-align: justify\">Fuente:www.entremujeres.com<\/p>\n","protected":false},"excerpt":{"rendered":"<p>Aunque cada vez nos animamos m\u00e1s a hablar del tema, para nosotras no deja de ser algo complicado tanto dentro como fuera de la cama. Para muchas es, incluso, un tema tab\u00fa del que nos cuesta hablar hasta con amigas. El pudor se impone con la fuerza de lo prohibido, lo sucio, lo feo. Pero, [&hellip;]<\/p>\n","protected":false},"featured_media":3781,"template":"","meta":[],"product_brand":[],"product_cat":[],"product_tag":[147,258,154,146,145],"class_list":{"0":"post-3780","1":"product","2":"type-product","3":"status-publish","4":"has-post-thumbnail","6":"product_tag-rio-grande","7":"product_tag-sexo-anal","8":"product_tag-sexshop","9":"product_tag-tierra-del-fuego","10":"product_tag-ushuaia","12":"first","13":"instock","14":"shipping-taxable","15":"product-type-simple"},"_links":{"self":[{"href":"https:\/\/sexysiempre.com\/web\/wp-json\/wp\/v2\/product\/3780","targetHints":{"allow":["GET"]}}],"collection":[{"href":"https:\/\/sexysiempre.com\/web\/wp-json\/wp\/v2\/product"}],"about":[{"href":"https:\/\/sexysiempre.com\/web\/wp-json\/wp\/v2\/types\/product"}],"wp:featuredmedia":[{"embeddable":true,"href":"https:\/\/sexysiempre.com\/web\/wp-json\/wp\/v2\/media\/3781"}],"wp:attachment":[{"href":"https:\/\/sexysiempre.com\/web\/wp-json\/wp\/v2\/media?parent=3780"}],"wp:term":[{"taxonomy":"product_brand","embeddable":true,"href":"https:\/\/sexysiempre.com\/web\/wp-json\/wp\/v2\/product_brand?post=3780"},{"taxonomy":"product_cat","embeddable":true,"href":"https:\/\/sexysiempre.com\/web\/wp-json\/wp\/v2\/product_cat?post=3780"},{"taxonomy":"product_tag","embeddable":true,"href":"https:\/\/sexysiempre.com\/web\/wp-json\/wp\/v2\/product_tag?post=3780"}],"curies":[{"name":"wp","href":"https:\/\/api.w.org\/{rel}","templated":true}]}}