{"id":3786,"date":"2013-12-16T00:59:32","date_gmt":"2013-12-16T03:59:32","guid":{"rendered":"http:\/\/sexysiempre.com\/web\/?p=3786"},"modified":"2013-12-16T00:59:32","modified_gmt":"2013-12-16T03:59:32","slug":"swingers-un-remolino-de-fantasias","status":"publish","type":"product","link":"https:\/\/sexysiempre.com\/web\/producto\/swingers-un-remolino-de-fantasias","title":{"rendered":"Swingers: un remolino de fantas\u00edas."},"content":{"rendered":"<p style=\"text-align: justify\"><strong>Para muchos, es una pr\u00e1ctica subversiva. Los que pertenecen a ese mundo inquietante opinan que se trata de un b\u00e1lsamo refundador del deseo. El secreto, dicen, la fidelidad de la pareja.<\/strong><\/p>\n<p style=\"text-align: justify\">\n<p style=\"text-align: justify\">Dos parejas se juntan a comer. Treinta y pico, bien vestidos. Lo usual, nada estridente: una copa de vino, agua sin gas, risotto, almendras\u2026 Toman un trago. La insinuaci\u00f3n la hace una de las chicas. El clima invita y el juego comienza. Lo que hacen quedar\u00e1 en la l\u00ednea en la que el deseo toca lo prohibido. Los encuentros swingers conjugan fantas\u00edas y adrenalina en una esfera donde el placer siempre est\u00e1 al l\u00edmite.<\/p>\n<p><strong>El placer menos pensado<\/strong><\/p>\n<p>El nombre viene del verbo swing, que en ingl\u00e9s, significa oscilar. Y, en las s\u00e1banas, el significado es literal: aunque las variantes son infinitas, esencialmente, el sexo swinger se hace con la pareja del otro frente a la propia. Se empieza de a cuatro pero se pueden sumar m\u00e1s\u2026 \u00bfUna partuza? Los swingers juran que no.<\/p>\n<p>\u201cLas reglas est\u00e1n claras y se pactan de antemano. Mucha gente confunde a los encuentros swingers con una org\u00eda desenfrenada y no es as\u00ed. Siempre se va de a dos y no es un todos contra todos sin control. El swinger goza viendo gozar a su mujer o a su hombre\u201d, asegura Laura (prefiere no dar su apellido), encargada de Anchorena, uno de los complejos swingers de Buenos Aires.<\/p>\n<p>Profesora de Educaci\u00f3n F\u00edsica, entr\u00f3 en la movida hace nueve a\u00f1os, despu\u00e9s de romper con un matrimonio de casi dos d\u00e9cadas. \u201cConoc\u00ed a mi pareja actual y me lo propuso \u00e9l. Ten\u00eda mis reservas, pero cuando prob\u00e9, experiment\u00e9 una sensaci\u00f3n de uni\u00f3n que nunca tuve con parejas anteriores\u201d.<\/p>\n<p>Su primer encuentro fue en el club donde hoy trabaja. En esa \u00e9poca Anchorena era uno de los \u00fanicos pubs de intercambio de parejas. Ocupaba la planta baja de un petit hotel de Barrio Norte. Hoy tiene siete pisos que incluyen pub, reservados, un rest\u00f3 er\u00f3tico, un appart hotel y hasta un sector nudista. Paredes color salm\u00f3n, sillones amplios y luces bajas ayudan a subir los decibeles.<\/p>\n<p>\u201cHay distintos sectores para que todos se sientan c\u00f3modos\u201d, dice Laura y aclara que no a todos les gusta lo mismo: \u201calgunos quieren exhibirse y otros no. Tambi\u00e9n est\u00e1n los que quieren hacerlo en una habitaci\u00f3n del appart\u201d.<\/p>\n<p><strong>De la cama al div\u00e1n<\/strong><\/p>\n<p>El sexo swinger es un remolino de fantas\u00edas. \u201cMezcla elementos del voyeurismo, del men\u00e0ge a trois y de la org\u00eda\u201d, explica el psiquiatra Adri\u00e1n Sapetti, presidente de la Sociedad Argentina de Sexolog\u00eda Humana. Para el m\u00e9dico, el intercambio de parejas no constituye una patolog\u00eda, sino que es una manera m\u00e1s de relacionarse que, como cualquier otra, puede salir bien o mal: \u201cNo todos est\u00e1n preparados para sostener una relaci\u00f3n de este calibre\u201d.<\/p>\n<p>El psiquiatra asegura que muchos de estos encuentros acaban en el div\u00e1n. Los que quedan peor son los hombres: \u201cde alguna manera, tienen que medirse con el otro que est\u00e1 haciendo gozar a su mujer. Todo en un medio de mucha exposici\u00f3n. Y hay que ser capaz de sostener una erecci\u00f3n en ese contexto\u201d.<\/p>\n<p>\u201cPara que una relaci\u00f3n swinger termine bien, la pareja debe funcionar bien antes de emprenderla\u201d, aclara el psic\u00f3logo y sex\u00f3logo Patricio G\u00f3mez Di Leva. El m\u00e9dico asegura que buena parte de los que se inician en una relaci\u00f3n de intercambio supera los treinta a\u00f1os.<\/p>\n<p>Hay parejas homosexuales, pero la mayor\u00eda es hetero. Una manera de reinventarse en la cama despu\u00e9s de mucho tiempo de hacer lo mismo. \u201cLo toman como una aventura, un impasse en la rutina que puede terminar en un encuentro o seguir para el resto de su vida\u201d, explica.<\/p>\n<p><strong>Simplemente, sexo<\/strong><\/p>\n<p>Eduardo y Julia (los nombres son inventados) probaron y les gust\u00f3. Llevan m\u00e1s de veinte a\u00f1os casados, la mitad en el mundo swinger. Dicen que el intercambio le cambi\u00f3 el color a su relaci\u00f3n.<\/p>\n<p>\u201cEst\u00e1bamos en una meseta, en la que el sexo era una rutina. El juego de vernos junto a otros nos ayud\u00f3 a reencontrarnos con nuestro propio deseo\u201d, dice Julia. \u201cVer qu\u00e9 la hace gozar me gu\u00eda a m\u00ed cuando estamos s\u00f3lo nosotros dos\u201d, asegura Eduardo. Es que el encuentro con otras parejas permanece en la cabeza y dispara ratones en casa.<\/p>\n<p>\u201cDespu\u00e9s te mat\u00e1s\u201d, aclara Marcela, relacionista p\u00fablica y swinger ocasional. \u201cCon mi novio vamos cuando tenemos ganas. Es como recargar pilas. Aunque te parezca mentira, por m\u00e1s que nos veamos haci\u00e9ndolo con otro, siempre sentimos que es entre nosotros dos\u201d.<\/p>\n<p>Una de las reglas b\u00e1sicas del mundo swinger es que se entra en pareja. \u201cAlgunos vienen buscando tr\u00edos, pero no es lo m\u00e1s recomendable. Tampoco, que la relaci\u00f3n se haga en cuartos separados. Tu pareja tiene que estar presente, si no termina mal\u201d, profetiza Laura y aclara que vio romper varios matrimonios cuando el intercambio se dio m\u00e1s all\u00e1 de la cama.<\/p>\n<p>\u00bfCelos? No. Un bichito que mezcla un poquito de envidia y mucho de excitaci\u00f3n. \u201cPara el swinger el sexo es s\u00f3lo una m\u00ednima parte de la pareja. La infidelidad es otra cosa\u201d, aclara Laura y cuenta su ejemplo: \u201cNo me molesta ver a mi marido con otra, incluso tampoco saber que tuvo sexo sin m\u00ed, siempre que me lo diga. Ahora si lo pesco mand\u00e1ndose mensajitos o tomando un caf\u00e9 con otra, lo mato\u201d.<\/p>\n<p>\u00bfLa infidelidad es otra cosa? \u00bfPuede mortificar m\u00e1s un mensajito mandado a escondidas que un encuentro er\u00f3tico con un tercero, pero confiado a la pareja? As\u00ed parece, as\u00ed dicen, as\u00ed aseguran y sostienen. \u00bfCon qu\u00e9 derecho desestimar tanta convicci\u00f3n?<\/p>\n<p>Sapetti establece que por moderno que parezca, el sexo de a varios es una vuelta a los or\u00edgenes de la humanidad, un excitante regreso a lo tribal. \u201cSomos mon\u00f3gamos s\u00f3lo porque alguien en un alg\u00fan momento nos dijo que as\u00ed deb\u00eda ser\u201d. Creer o reventar.<\/p>\n<p style=\"text-align: justify\">\n<p style=\"text-align: justify\"><strong>Cuesti\u00f3n de c\u00f3digo<\/strong><\/p>\n<p style=\"text-align: justify\">No hay una sola versi\u00f3n, pero todos coinciden en que estas cl\u00e1usulas constituyen lo que ser\u00eda una especie de \u201cc\u00f3digo\u201d swinger.<\/p>\n<p style=\"text-align: justify\">1. No romper ninguna pareja ni vincularse, er\u00f3tica o sentimentalmente, fuera del encuentro swinger.<br \/>\n2. Asistir a la primera cita swinger dispuesto a no hacer perder el tiempo a los otros.<br \/>\n3. Nunca faltar a las citas acordadas.<br \/>\n4. Nunca imponerse sobre la voluntad de nadie para practicar el swinger, a\u00fan trat\u00e1ndose de la propia pareja.<br \/>\n5. No hablar del estilo de vida swinger con quienes no hayan manifestado inter\u00e9s al respecto. Respetar las ideolog\u00edas y creencias morales de los dem\u00e1s, a\u00fan si no son respetadas las propias.<br \/>\n6. Proteger el propio anonimato como el de otras personas swinger conocidas.<br \/>\n7. Cuidar al m\u00e1ximo la higiene y apariencia personal.<br \/>\n8. No hacer nada que desacredite el estilo de vida swinger.<br \/>\n9. Ser amigable y c\u00e1lido con las amistades swingers, pero nunca invadir los \u00e1mbitos emocionales de otras parejas.<br \/>\n10. Practicar siempre sexo seguro.<\/p>\n<p style=\"text-align: justify\">\n<p style=\"text-align: justify\">por\u00a0\u00a0Elena Peralta \/ Clar\u00edn Mujer<\/p>\n<p style=\"text-align: justify\">Fuente: www.entremujeres.com<\/p>\n","protected":false},"excerpt":{"rendered":"<p>Para muchos, es una pr\u00e1ctica subversiva. Los que pertenecen a ese mundo inquietante opinan que se trata de un b\u00e1lsamo refundador del deseo. El secreto, dicen, la fidelidad de la pareja. Dos parejas se juntan a comer. Treinta y pico, bien vestidos. Lo usual, nada estridente: una copa de vino, agua sin gas, risotto, almendras\u2026 [&hellip;]<\/p>\n","protected":false},"featured_media":3787,"template":"","meta":[],"product_brand":[],"product_cat":[],"product_tag":[147,154,226,146,145],"class_list":{"0":"post-3786","1":"product","2":"type-product","3":"status-publish","4":"has-post-thumbnail","6":"product_tag-rio-grande","7":"product_tag-sexshop","8":"product_tag-swingers","9":"product_tag-tierra-del-fuego","10":"product_tag-ushuaia","12":"first","13":"instock","14":"shipping-taxable","15":"product-type-simple"},"_links":{"self":[{"href":"https:\/\/sexysiempre.com\/web\/wp-json\/wp\/v2\/product\/3786","targetHints":{"allow":["GET"]}}],"collection":[{"href":"https:\/\/sexysiempre.com\/web\/wp-json\/wp\/v2\/product"}],"about":[{"href":"https:\/\/sexysiempre.com\/web\/wp-json\/wp\/v2\/types\/product"}],"wp:featuredmedia":[{"embeddable":true,"href":"https:\/\/sexysiempre.com\/web\/wp-json\/wp\/v2\/media\/3787"}],"wp:attachment":[{"href":"https:\/\/sexysiempre.com\/web\/wp-json\/wp\/v2\/media?parent=3786"}],"wp:term":[{"taxonomy":"product_brand","embeddable":true,"href":"https:\/\/sexysiempre.com\/web\/wp-json\/wp\/v2\/product_brand?post=3786"},{"taxonomy":"product_cat","embeddable":true,"href":"https:\/\/sexysiempre.com\/web\/wp-json\/wp\/v2\/product_cat?post=3786"},{"taxonomy":"product_tag","embeddable":true,"href":"https:\/\/sexysiempre.com\/web\/wp-json\/wp\/v2\/product_tag?post=3786"}],"curies":[{"name":"wp","href":"https:\/\/api.w.org\/{rel}","templated":true}]}}