{"id":3828,"date":"2013-12-19T15:32:12","date_gmt":"2013-12-19T18:32:12","guid":{"rendered":"http:\/\/sexysiempre.com\/web\/?p=3828"},"modified":"2013-12-19T15:32:12","modified_gmt":"2013-12-19T18:32:12","slug":"navidad-hot-festeja-en-pareja","status":"publish","type":"product","link":"https:\/\/sexysiempre.com\/web\/producto\/navidad-hot-festeja-en-pareja","title":{"rendered":"Navidad hot: \u00a1Festej\u00e1 en pareja!"},"content":{"rendered":"<p><strong>\u00bfHarta del lech\u00f3n y el pan dulce? Este a\u00f1o armate una verdadera fiesta. Cenas afrodis\u00edacas, regalos subidos de tono y posiciones sexuales para recibir el 2014 como ustedes se merecen. \u00a1Muchas felicidades!\u00a0<\/strong><\/p>\n<p><strong>Hagan 12 posiciones sexuales&#8230; \u00a1Una por cada mes que se va!.\u00a0<\/strong>No hace falta llevar el Kamasutra a la cama, hacer la parab\u00f3lica humana o probar cosas inc\u00f3modas m\u00e1s dignas de una pel\u00edcula porno que de una buena noche en pareja. \u00bfC\u00f3mo disfrutar m\u00e1s y mejor?\u00a0Adem\u00e1s, toda posici\u00f3n que pruebes va a depender de tus gustos y de las \u201cpilas\u201d que ambos tengan.\u00a0<strong><br \/>\n<\/strong><\/p>\n<p><strong>\u00a0<\/strong><\/p>\n<p><strong>Disfrazate de Mam\u00e1 Noel:\u00a0<\/strong><\/p>\n<p>Los hay en forma de baby doll, vestido o corsette. Y no te olvides de los accesorios: el infaltable gorrito y las medias de red.<\/p>\n<p><strong>La bombacha rosa, m\u00e1s sexy que nunca:\u00a0<\/strong><\/p>\n<p><strong><\/strong>Es, desde hace a\u00f1os, un cl\u00e1sico del arbolito. La regalaban las t\u00edas y las abuelas, pero ahora vienen en versiones m\u00e1s trendy. Las mejores marcas se sumaron a la tradici\u00f3n, de inocencia, tienen muy poco\u2026<\/p>\n<p>&nbsp;<\/p>\n<p><strong>\u00a1El regalo perfecto!<\/strong><\/p>\n<p>El auge de la trilog\u00eda <strong>\u201c50 sombras de Grey\u201d<\/strong> <strong>trajo a la Argentina novedades en juguetes sexuales.<\/strong> Se ampli\u00f3 la oferta de objetos que permiten ir m\u00e1s all\u00e1, pero siempre con glamour y sin tener que pasar l\u00edmites no deseados.\u00a0<a href=\"http:\/\/entremujeres.clarin.com\/pareja-y-sexo\/sexo\/sexo-juguetes_sexuales-eroticos-sadomasoquismo-50_sombras_de_grey-latigo-esposas_0_1012698816.html\" target=\"_blank\"><br \/>\n<\/a><\/p>\n<p>Fuente: www.entremujeres.com<\/p>\n","protected":false},"excerpt":{"rendered":"<p>\u00bfHarta del lech\u00f3n y el pan dulce? Este a\u00f1o armate una verdadera fiesta. Cenas afrodis\u00edacas, regalos subidos de tono y posiciones sexuales para recibir el 2014 como ustedes se merecen. \u00a1Muchas felicidades!\u00a0 Hagan 12 posiciones sexuales&#8230; \u00a1Una por cada mes que se va!.\u00a0No hace falta llevar el Kamasutra a la cama, hacer la parab\u00f3lica humana [&hellip;]<\/p>\n","protected":false},"featured_media":3829,"template":"","meta":[],"product_brand":[],"product_cat":[],"product_tag":[155,147,154,146,145],"class_list":{"0":"post-3828","1":"product","2":"type-product","3":"status-publish","4":"has-post-thumbnail","6":"product_tag-juguetes-para-adultos","7":"product_tag-rio-grande","8":"product_tag-sexshop","9":"product_tag-tierra-del-fuego","10":"product_tag-ushuaia","12":"first","13":"instock","14":"shipping-taxable","15":"product-type-simple"},"_links":{"self":[{"href":"https:\/\/sexysiempre.com\/web\/wp-json\/wp\/v2\/product\/3828","targetHints":{"allow":["GET"]}}],"collection":[{"href":"https:\/\/sexysiempre.com\/web\/wp-json\/wp\/v2\/product"}],"about":[{"href":"https:\/\/sexysiempre.com\/web\/wp-json\/wp\/v2\/types\/product"}],"wp:featuredmedia":[{"embeddable":true,"href":"https:\/\/sexysiempre.com\/web\/wp-json\/wp\/v2\/media\/3829"}],"wp:attachment":[{"href":"https:\/\/sexysiempre.com\/web\/wp-json\/wp\/v2\/media?parent=3828"}],"wp:term":[{"taxonomy":"product_brand","embeddable":true,"href":"https:\/\/sexysiempre.com\/web\/wp-json\/wp\/v2\/product_brand?post=3828"},{"taxonomy":"product_cat","embeddable":true,"href":"https:\/\/sexysiempre.com\/web\/wp-json\/wp\/v2\/product_cat?post=3828"},{"taxonomy":"product_tag","embeddable":true,"href":"https:\/\/sexysiempre.com\/web\/wp-json\/wp\/v2\/product_tag?post=3828"}],"curies":[{"name":"wp","href":"https:\/\/api.w.org\/{rel}","templated":true}]}}