{"id":3856,"date":"2014-01-31T22:35:46","date_gmt":"2014-02-01T01:35:46","guid":{"rendered":"http:\/\/sexysiempre.com\/web\/?p=3856"},"modified":"2014-01-31T22:35:46","modified_gmt":"2014-02-01T01:35:46","slug":"por-que-toda-mujer-deberia-tener-un-vibrador","status":"publish","type":"product","link":"https:\/\/sexysiempre.com\/web\/producto\/por-que-toda-mujer-deberia-tener-un-vibrador","title":{"rendered":"Por qu\u00e9 toda mujer deber\u00eda tener un vibrador ?"},"content":{"rendered":"<p style=\"text-align: justify\"><strong>Act\u00faa como un \u201cmediador\u201d que nos libera de un sexo pautado por \u201clo que se debe\u201d hacer. Ayuda a las mujeres a alcanzar m\u00e1s y mejores orgasmos, mientras que alivia a los hombres de la pesada carga de la virilidad. \u00bfTe parece poco? Te damos m\u00e1s razones para guardar un vibrador en tu mesa de lu<\/strong>z.<\/p>\n<p style=\"text-align: justify\">Si en el siglo XIX las pudorosas damas victorianas sucumb\u00edan ante la propuesta m\u00e9dica de usar un vibrador para disparar orgasmos y descargar as\u00ed la tensi\u00f3n \u201cpat\u00f3gena\u201d, hoy, dos siglos despu\u00e9s, podemos decir que no hab\u00eda nada de pat\u00f3geno en aquellas descargas, pero s\u00ed mucho de placer. En estos tiempos las mujeres se est\u00e1n animando a usar<a href=\"http:\/\/entremujeres.clarin.com\/pareja-y-sexo\/sexo\/Alessandra_Rampolla-juguetes_sexuales-pareja-sexo-sex_shop-placer_0_634136643.html\" target=\"_blank\">juguetes sexuales<\/a>\u00a0y sus parejas hombres a aceptarlos como parte del juego.<\/p>\n<p style=\"text-align: justify\">Las parejas heterosexuales ve\u00edan con cierto prejuicio -no exento de tentaci\u00f3n- c\u00f3mo las uniones homosexuales (tanto de mujeres como de hombres)\u00a0 inclu\u00edan a los vibradores sin tantas vueltas. Fueron las mujeres solas las que descubrieron sus beneficios y luego lo hicieron extensivos a sus hombres, previo aviso y tanteo para que no se sintieran desplazados o celosos por el nuevo admin\u00edculo. No sucedi\u00f3 as\u00ed: los hombres, tentados por la novedad y por la posibilidad de concretar sus fantas\u00edas o hacer realidad en su propia cama la escena de una\u00a0<a href=\"http:\/\/entremujeres.clarin.com\/pareja-y-sexo\/sexo\/porno-xxx-pornografia-pelicula-pornografica-sexo-cine-peliculas-pornograficas_0_908309233.html\" target=\"_blank\">pel\u00edcula porno<\/a>, cedieron gentilmente a la propuesta.<\/p>\n<p style=\"text-align: justify\">No est\u00e1 de m\u00e1s valorar la audacia de estas mujeres dispuestas a escribir (con letra temblorosa o, mejor dicho, vibr\u00e1til), la nueva historia del goce: mujer y hembra unidas por fin gracias a un objeto integrador (la psicolog\u00eda lo llamar\u00eda objeto intermediario).<\/p>\n<p style=\"text-align: justify\">Los hombres tambi\u00e9n cuentan con un aliado que alivia la pesada carga de la virilidad: el pene erecto y preparado para penetrar. Por lo tanto, m\u00e1s all\u00e1 de ser un objeto para obtener placer, el vibrador se convierte en un \u201cmediador\u201d que ayuda a las mujeres y sus parejas a liberarlas de un sexo pautado por \u201clo que se debe\u201d hacer.<\/p>\n<p style=\"text-align: justify\">\n<p style=\"text-align: justify\"><strong>El \u201cvibrato\u201d en el coito<\/strong><\/p>\n<p style=\"text-align: justify\">Durante el coito, los genitales femeninos reciben un volumen mayor de sangre con la consiguiente tumescencia del cl\u00edtoris. Sumado a esto, los nervios pelvianos le aportan la inervaci\u00f3n necesaria para incrementar su sensibilidad. Existe un porcentaje de mujeres que no tienen\u00a0<a href=\"http:\/\/entremujeres.clarin.com\/pareja-y-sexo\/sexo\/secreto-orgasmo-femenino-cerebro-vagina-clitoris_0_826717390.html\" target=\"_blank\">orgasmos\u00a0<\/a>por penetraci\u00f3n, aunque s\u00ed llegan a obtenerlos cuando simult\u00e1neamente, ellas o sus parejas, ejercen alg\u00fan tipo de juego o presi\u00f3n sobre el glande del\u00a0<a href=\"http:\/\/entremujeres.clarin.com\/pareja-y-sexo\/sexo\/clitoris-orgasmo-sexo-vagina-estimulr-tocar-mujer-placer-femenino_0_1067293356.html\" target=\"_blank\">cl\u00edtoris<\/a>.<\/p>\n<p style=\"text-align: justify\">No se sabe a ciencia cierta el por qu\u00e9 de este tipo de respuesta org\u00e1smica m\u00e1s focalizada en este \u00f3rgano. Se supone que se debe a diferencias anat\u00f3micas basadas en la distancia entre el\u00a0<a href=\"http:\/\/entremujeres.clarin.com\/pareja-y-sexo\/sexo\/clitoris-orgasmo-sexo-vagina-estimulr-tocar-mujer-placer-femenino_0_1067293356.html\" target=\"_blank\">cl\u00edtoris\u00a0<\/a>y la uretra: a mayor distancia, la presi\u00f3n del pene sobre la pared superior de la vagina no llega a \u201ctocar\u201d la porci\u00f3n interna o \u201ccola\u201d del cl\u00edtoris.<\/p>\n<p style=\"text-align: justify\">Estas mujeres no son anorg\u00e1smicas (como a veces ellas mismas se diagnostican por no llegar al\u00a0<a href=\"http:\/\/entremujeres.clarin.com\/pareja-y-sexo\/sexo\/secreto-orgasmo-femenino-cerebro-vagina-clitoris_0_826717390.html\" target=\"_blank\">orgasmo\u00a0<\/a>cuando son penetradas): son org\u00e1smicas, s\u00f3lo que necesitan estimular el\u00a0<a href=\"http:\/\/entremujeres.clarin.com\/pareja-y-sexo\/sexo\/clitoris-orgasmo-sexo-vagina-estimulr-tocar-mujer-placer-femenino_0_1067293356.html\" target=\"_blank\">cl\u00edtoris\u00a0<\/a>con los dedos o un vibrador para llegar al orgasmo. El vibrador tambi\u00e9n cumple su acci\u00f3n cuando se usa para estimular las paredes superiores de la vagina por donde discurren las ramas internas del cl\u00edtoris. La presi\u00f3n en esta zona (llamada Punto G) detona el orgasmo.<\/p>\n<p style=\"text-align: justify\">\n<p style=\"text-align: justify\"><strong>Se\u00f1ores: ayuden a sus compa\u00f1eras<\/strong><\/p>\n<p style=\"text-align: justify\">Los hombres, urgidos por la ansiedad de penetrar, pueden llegar al\u00a0<a href=\"http:\/\/entremujeres.clarin.com\/pareja-y-sexo\/hombres\/sexo-orgasmo-masculino-hombre-eyaculacion-mitos-placer-gabriel_rolon-encuentros-libro_0_786521415.html\" target=\"_blank\">orgasmo<\/a>antes que sus compa\u00f1eras. En otros casos ellas \u201cacaban\u201d y se conforman con el placer obtenido. Sin embargo, si sus compa\u00f1eros continuaran estimulando a sus mujeres la respuesta org\u00e1smica podr\u00eda repetirse una y otra vez.<\/p>\n<p style=\"text-align: justify\">Muchas damas no saben que son multiorg\u00e1smicas porque ni ellas ni sus hombres prosiguen con la estimulaci\u00f3n. En estos casos, la ayuda del vibrador permite continuar con el juego er\u00f3tico. Y si ellos despu\u00e9s de\u00a0<a href=\"http:\/\/entremujeres.clarin.com\/pareja-y-sexo\/hombres\/sexo-orgasmo-masculino-hombre-eyaculacion-mitos-placer-gabriel_rolon-encuentros-libro_0_786521415.html\" target=\"_blank\">eyacular\u00a0<\/a>se tiran al costado de la cama con la satisfacci\u00f3n del deber cumplido, acudir al vibrador como compa\u00f1ero supletorio se convierte en una buena opci\u00f3n.<\/p>\n<p style=\"text-align: justify\"><strong>Consejo para la dama: date el permiso para continuar. Para el caballero: si tu objetivo es brindar placer, esta es una buena oportunidad para mostrar solidaridad y empat\u00eda con tu compa\u00f1era.<\/strong><\/p>\n<p style=\"text-align: justify\">\n<p><strong>Por el doctor Walter Ghedin, psiquiatra y sex\u00f3logo.<\/strong><\/p>\n<p><strong>\u00a0Fuente: www.entremujeres.com<\/strong><\/p>\n","protected":false},"excerpt":{"rendered":"<p>Act\u00faa como un \u201cmediador\u201d que nos libera de un sexo pautado por \u201clo que se debe\u201d hacer. Ayuda a las mujeres a alcanzar m\u00e1s y mejores orgasmos, mientras que alivia a los hombres de la pesada carga de la virilidad. \u00bfTe parece poco? Te damos m\u00e1s razones para guardar un vibrador en tu mesa de [&hellip;]<\/p>\n","protected":false},"featured_media":3857,"template":"","meta":[],"product_brand":[],"product_cat":[],"product_tag":[147,154,146,145,89],"class_list":{"0":"post-3856","1":"product","2":"type-product","3":"status-publish","4":"has-post-thumbnail","6":"product_tag-rio-grande","7":"product_tag-sexshop","8":"product_tag-tierra-del-fuego","9":"product_tag-ushuaia","10":"product_tag-vibradores-2","12":"first","13":"instock","14":"shipping-taxable","15":"product-type-simple"},"_links":{"self":[{"href":"https:\/\/sexysiempre.com\/web\/wp-json\/wp\/v2\/product\/3856","targetHints":{"allow":["GET"]}}],"collection":[{"href":"https:\/\/sexysiempre.com\/web\/wp-json\/wp\/v2\/product"}],"about":[{"href":"https:\/\/sexysiempre.com\/web\/wp-json\/wp\/v2\/types\/product"}],"wp:featuredmedia":[{"embeddable":true,"href":"https:\/\/sexysiempre.com\/web\/wp-json\/wp\/v2\/media\/3857"}],"wp:attachment":[{"href":"https:\/\/sexysiempre.com\/web\/wp-json\/wp\/v2\/media?parent=3856"}],"wp:term":[{"taxonomy":"product_brand","embeddable":true,"href":"https:\/\/sexysiempre.com\/web\/wp-json\/wp\/v2\/product_brand?post=3856"},{"taxonomy":"product_cat","embeddable":true,"href":"https:\/\/sexysiempre.com\/web\/wp-json\/wp\/v2\/product_cat?post=3856"},{"taxonomy":"product_tag","embeddable":true,"href":"https:\/\/sexysiempre.com\/web\/wp-json\/wp\/v2\/product_tag?post=3856"}],"curies":[{"name":"wp","href":"https:\/\/api.w.org\/{rel}","templated":true}]}}