{"id":3861,"date":"2014-02-17T19:44:45","date_gmt":"2014-02-17T22:44:45","guid":{"rendered":"http:\/\/sexysiempre.com\/web\/?p=3861"},"modified":"2014-02-17T19:44:45","modified_gmt":"2014-02-17T22:44:45","slug":"trigasmo-desperta-al-mismo-tiempo-tres-puntos-del-placer","status":"publish","type":"product","link":"https:\/\/sexysiempre.com\/web\/producto\/trigasmo-desperta-al-mismo-tiempo-tres-puntos-del-placer","title":{"rendered":"Trigasmo: despert\u00e1 (al mismo tiempo) tres puntos del placer."},"content":{"rendered":"<h1 style=\"text-align: justify\">Trigasmo: despert\u00e1 (al mismo tiempo) tres puntos del placer:<\/h1>\n<p style=\"text-align: justify\">Es un tipo de orgasmo que se alcanza al estimular tres partes del cuerpo femenino en forma simult\u00e1nea. \u00a1Te contamos de qu\u00e9 se trata!<\/p>\n<p style=\"text-align: justify\">\u00a0t\u00e9rmino \u201ctrigasmo\u201d fue creado por la sex\u00f3loga Ava Cadell, quien brinda cursos espec\u00edficos sobre esta t\u00e9cnica. Se refiere a un tipo de orgasmo que se alcanza cuando se estimulan, al mismo tiempo y en forma correcta, tres zonas er\u00f3genas del cuerpo femenino: el\u00a0<a href=\"http:\/\/entremujeres.clarin.com\/pareja-y-sexo\/sexo\/sexo-clitoris-orgasmo-zonas_erogenas-placer-mujer-climax-cuerpo_0_1025897491.html\" target=\"_blank\">cl\u00edtoris<\/a>, el\u00a0<a href=\"http:\/\/entremujeres.clarin.com\/pareja-y-sexo\/sexo\/sexo-pareja-Alessandra_Rampolla-sexologa-punto_g-placer-orgasmo-clitoris_0_675532523.html\" target=\"_blank\">Punto G<\/a>y el\u00a0<a href=\"http:\/\/entremujeres.clarin.com\/pareja-y-sexo\/sexo-anal-en-pareja-consejos_0_321567842.html\" target=\"_blank\">ano<\/a>.<\/p>\n<p style=\"text-align: justify\">\u201cHe estado ense\u00f1ando la combinaci\u00f3n simult\u00e1nea del\u00a0<a href=\"http:\/\/entremujeres.clarin.com\/pareja-y-sexo\/sexo\/sexo-pareja-Alessandra_Rampolla-sexologa-punto_g-placer-orgasmo-clitoris_0_675532523.html\" target=\"_blank\">Punto G<\/a>\u00a0y la estimulaci\u00f3n del\u00a0<a href=\"http:\/\/entremujeres.clarin.com\/pareja-y-sexo\/sexo\/sexo-clitoris-orgasmo-zonas_erogenas-placer-mujer-climax-cuerpo_0_1025897491.html\" target=\"_blank\">cl\u00edtoris\u00a0<\/a>durante varios a\u00f1os. A las parejas les encant\u00f3. Las mujeres aprendieron c\u00f3mo llegar al orgasmo interno y al externo, al mismo tiempo, y los hombres se sent\u00edan como si fueran h\u00e9roes. Por lo tanto, aqu\u00ed est\u00e1 la revoluci\u00f3n: el trigasmo, que incluye tambi\u00e9n el\u00a0<a href=\"http:\/\/entremujeres.clarin.com\/pareja-y-sexo\/sexo-anal-en-pareja-consejos_0_321567842.html\" target=\"_blank\">sexo anal<\/a>\u201d, explica Cadell en su sitio Loveologyuniversity.com.<\/p>\n<p style=\"text-align: justify\">\u00bfNo te anim\u00e1s a incursionar \u201cpor atr\u00e1s\u201d? Seg\u00fan la experta, no es necesario tener una plena penetraci\u00f3n con el fin de experimentar placer. De hecho, tu pareja puede utilizar una pluma, la lengua o el me\u00f1ique para estimular o sumar presi\u00f3n.<\/p>\n<p>Para alcanzar el trigasmo, es clave practicar posturas que ayuden a sincronizar los movimientos:<\/p>\n<p style=\"text-align: justify\"><strong>1) Sexo oral.\u00a0<\/strong>Con la lengua, el hombre estimula el\u00a0<a href=\"http:\/\/entremujeres.clarin.com\/pareja-y-sexo\/sexo\/sexo-clitoris-orgasmo-zonas_erogenas-placer-mujer-climax-cuerpo_0_1025897491.html\" target=\"_blank\">cl\u00edtoris\u00a0<\/a>de la mujer. Mientras, usa uno o dos dedos (con la palma de la mano hacia arriba) para estimular el<a href=\"http:\/\/entremujeres.clarin.com\/pareja-y-sexo\/sexo\/sexo-pareja-Alessandra_Rampolla-sexologa-punto_g-placer-orgasmo-clitoris_0_675532523.html\" target=\"_blank\">Punto G<\/a>\u00a0y, al mismo tiempo, utiliza otro dedo para estimular el\u00a0<a href=\"http:\/\/entremujeres.clarin.com\/pareja-y-sexo\/sexo-anal-en-pareja-consejos_0_321567842.html\" target=\"_blank\">ano<\/a>.<\/p>\n<p style=\"text-align: justify\"><strong>2) La mujer arriba.<\/strong>\u00a0Ella se sienta encima de su compa\u00f1ero e inclina sus caderas contra \u00e9l, para estimular su\u00a0<a href=\"http:\/\/entremujeres.clarin.com\/pareja-y-sexo\/sexo\/sexo-clitoris-orgasmo-zonas_erogenas-placer-mujer-climax-cuerpo_0_1025897491.html\" target=\"_blank\">cl\u00edtoris<\/a>. A trav\u00e9s de la penetraci\u00f3n, se busca alcanzar el\u00a0<a href=\"http:\/\/entremujeres.clarin.com\/pareja-y-sexo\/sexo\/sexo-pareja-Alessandra_Rampolla-sexologa-punto_g-placer-orgasmo-clitoris_0_675532523.html\" target=\"_blank\">Punto G<\/a>. Mientras, el hombre le realiza la\u00a0<a href=\"http:\/\/entremujeres.clarin.com\/pareja-y-sexo\/sexo-anal-en-pareja-consejos_0_321567842.html\" target=\"_blank\">estimulaci\u00f3n anal\u00a0<\/a>con la mano o con un vibrador.<\/p>\n<p style=\"text-align: justify\"><strong>3) En \u201ccuatro patas\u201d.<\/strong>\u00a0En este caso, la mujer autoestimula su\u00a0<a href=\"http:\/\/entremujeres.clarin.com\/pareja-y-sexo\/sexo\/sexo-clitoris-orgasmo-zonas_erogenas-placer-mujer-climax-cuerpo_0_1025897491.html\" target=\"_blank\">cl\u00edtoris\u00a0<\/a>con sus dedos. Mientras, el hombre llega con su mano al\u00a0<a href=\"http:\/\/entremujeres.clarin.com\/pareja-y-sexo\/sexo\/sexo-pareja-Alessandra_Rampolla-sexologa-punto_g-placer-orgasmo-clitoris_0_675532523.html\" target=\"_blank\">Punto G\u00a0<\/a>y, en forma simult\u00e1nea, le realiza\u00a0<a href=\"http:\/\/entremujeres.clarin.com\/pareja-y-sexo\/sexo-anal-en-pareja-consejos_0_321567842.html\" target=\"_blank\">estimulaci\u00f3n anal\u00a0<\/a>con su pene o con un juguete sexual.<\/p>\n<p style=\"text-align: justify\">La mujer tambi\u00e9n puede alcanzar el trigasmo a solas, a trav\u00e9s de la<a href=\"http:\/\/entremujeres.clarin.com\/pareja-y-sexo\/masturbacion-placer-sexo-sexualidad-orgasmo-anorgasmia-clitoris-autoestimular_0_311368874.html\" target=\"_blank\">autoestimulaci\u00f3n\u00a0<\/a>y el uso de\u00a0<a href=\"http:\/\/entremujeres.clarin.com\/pareja-y-sexo\/sexo\/sexo-vibrador-juguetes_sexuales-juguetes_eroticos-dildos-orgasmo_0_1070892968.html\" target=\"_blank\">vibradores<\/a>. En todos los casos, \u201casegurate de experimentar muchas combinaciones posibles, con el fin de determinar lo que m\u00e1s te agrada. Adem\u00e1s, experiment\u00e1 con variaciones de estimulaci\u00f3n, como el uso del agua o de distintos juguetes sexuales\u201d, sugiere Cadell.<\/p>\n<p>Fuentes:\u00a0<a href=\"http:\/\/de10.com.mx\/parejas-pro\/2014\/trigasmo-bomba-atomica-del-orgasmo-17909.html\" target=\"_blank\">De10.mx<\/a>\u00a0\/\u00a0<a href=\"http:\/\/www.loveologyuniversity.com\/LUPages\/DrAvasTriGasm.aspx\" target=\"_blank\">Loveologyuniversity.com<\/a><\/p>\n","protected":false},"excerpt":{"rendered":"<p>Trigasmo: despert\u00e1 (al mismo tiempo) tres puntos del placer: Es un tipo de orgasmo que se alcanza al estimular tres partes del cuerpo femenino en forma simult\u00e1nea. \u00a1Te contamos de qu\u00e9 se trata! \u00a0t\u00e9rmino \u201ctrigasmo\u201d fue creado por la sex\u00f3loga Ava Cadell, quien brinda cursos espec\u00edficos sobre esta t\u00e9cnica. Se refiere a un tipo de [&hellip;]<\/p>\n","protected":false},"featured_media":3862,"template":"","meta":[],"product_brand":[],"product_cat":[],"product_tag":[181,147,154,146,145],"class_list":{"0":"post-3861","1":"product","2":"type-product","3":"status-publish","4":"has-post-thumbnail","6":"product_tag-orgasmos","7":"product_tag-rio-grande","8":"product_tag-sexshop","9":"product_tag-tierra-del-fuego","10":"product_tag-ushuaia","12":"first","13":"instock","14":"shipping-taxable","15":"product-type-simple"},"_links":{"self":[{"href":"https:\/\/sexysiempre.com\/web\/wp-json\/wp\/v2\/product\/3861","targetHints":{"allow":["GET"]}}],"collection":[{"href":"https:\/\/sexysiempre.com\/web\/wp-json\/wp\/v2\/product"}],"about":[{"href":"https:\/\/sexysiempre.com\/web\/wp-json\/wp\/v2\/types\/product"}],"wp:featuredmedia":[{"embeddable":true,"href":"https:\/\/sexysiempre.com\/web\/wp-json\/wp\/v2\/media\/3862"}],"wp:attachment":[{"href":"https:\/\/sexysiempre.com\/web\/wp-json\/wp\/v2\/media?parent=3861"}],"wp:term":[{"taxonomy":"product_brand","embeddable":true,"href":"https:\/\/sexysiempre.com\/web\/wp-json\/wp\/v2\/product_brand?post=3861"},{"taxonomy":"product_cat","embeddable":true,"href":"https:\/\/sexysiempre.com\/web\/wp-json\/wp\/v2\/product_cat?post=3861"},{"taxonomy":"product_tag","embeddable":true,"href":"https:\/\/sexysiempre.com\/web\/wp-json\/wp\/v2\/product_tag?post=3861"}],"curies":[{"name":"wp","href":"https:\/\/api.w.org\/{rel}","templated":true}]}}