{"id":3865,"date":"2014-02-17T19:55:20","date_gmt":"2014-02-17T22:55:20","guid":{"rendered":"http:\/\/sexysiempre.com\/web\/?p=3865"},"modified":"2014-02-17T19:55:20","modified_gmt":"2014-02-17T22:55:20","slug":"7-juegos-sexuales-que-debes-probar","status":"publish","type":"product","link":"https:\/\/sexysiempre.com\/web\/producto\/7-juegos-sexuales-que-debes-probar","title":{"rendered":"7 juegos sexuales que deb\u00e9s probar."},"content":{"rendered":"<p style=\"text-align: justify\"><strong>Sorprend\u00e9 a tu pareja con estas ideas tan er\u00f3ticas como divertidas, recomendadas por la sex\u00f3loga Alessandra Rampolla. Para subir la temperatura y delirar de placer.\u00a0<\/strong><\/p>\n<p style=\"text-align: justify\">Los \u00a0juegos er\u00f3ticos estimulan tanto el cuerpo como la mente, \u00a1y no hay \u00f3rgano sexual m\u00e1s poderoso que nuestros cerebros!\u201d, cuenta la sex\u00f3loga Alessandra Rampolla en su libro Juntos y revueltos, \u00bfpara siempre? (Sudamericana). \u201cSon excelentes para refrescar nuestra vida sexual y convertir tu habitaci\u00f3n o la casa entera en un sal\u00f3n de juegos\u201d, agrega.<\/p>\n<p style=\"text-align: justify\">Pero nos da una advertencia: \u201cvayan de menos a m\u00e1s\u2026 Si nunca en tu vida te disfrazaste, tal vez a tu pareja le resulte chocante que aparezcas de repente vestida como Caperucita roja\u201d. Entonces, la clave es arrancar de a poco, ir tanteando, compartiendo\u00a0<a href=\"http:\/\/www.entremujeres.com\/pareja-y-sexo\/sexo\/fantasias_sexuales-hombre-mujer-deseo-sexo_0_366563350.html\" target=\"_blank\">fantas\u00edas<\/a>&#8230; \u00a1Y animarse a jugar! A continuaci\u00f3n, las propuestas de Alessandra:<\/p>\n<p style=\"text-align: justify\">\n<p style=\"text-align: justify\"><strong>Cita con un desconocido<\/strong><\/p>\n<p style=\"text-align: justify\">\u00bfQu\u00e9 tal tener un amor\u00edo de una noche, pero con nuestra propia pareja? Vestite para matar y citalo en un bar o en una discoteca. Finjan que no se conocen y hagan cosas que saben que erotizar\u00e1n al otro: tal vez pasarle tu pie por la entrepierna o susurrarle que no llev\u00e1s lencer\u00eda puesta o darle un besito h\u00famedo en su oreja\u2026 El calor ir\u00e1 subiendo y, si no pueden resistir, no esperen llegar a casa para comerse a besos.<\/p>\n<p style=\"text-align: justify\">\n<p style=\"text-align: justify\"><strong>Jugar a las cartas<\/strong><\/p>\n<p style=\"text-align: justify\">No suena muy er\u00f3tico, \u00bfverdad? A no ser que suban la apuesta de manera sexy y divertida. Para este juego hay que ponerse en clima: velas, comida rica, vinito, ropa sexy. No vamos a apostar dinero, sino a quitarnos la ropa que llevamos puesta, a hacer un striptease, a complacer a nuestra pareja con alguna fantas\u00eda o con su pr\u00e1ctica sexual favorita. As\u00ed que barajen esas cartitas y apuesten, \u00a1que en este juego ganan los dos!<\/p>\n<p style=\"text-align: justify\">\n<p style=\"text-align: justify\"><strong>Body painting<\/strong><\/p>\n<p style=\"text-align: justify\">\u00bfRecuerdan que cuando \u00e9ramos ni\u00f1os uno de nuestros pasatiempos favoritos era pintar? Pues volvamos hacerlo con nuestras parejas y, en lugar de papel, que nuestro lienzo sea su cuerpo. Usen pinturas para body painting y expl\u00f3rense mutuamente, dando rienda a sus dotes art\u00edsticas. \u00a1Es una forma muy original y sensual de dar inicio al\u00a0<a href=\"http:\/\/www.entremujeres.com\/pareja-y-sexo\/sexo\/columnista-pareja-sexo-orgasmo-Kusnetzoff-sexologo-placer-juegos_previos-besos-caricias_0_710929026.html\" target=\"_blank\">juego previo<\/a>!<\/p>\n<p style=\"text-align: justify\">\n<p style=\"text-align: justify\"><strong>Disfraces<\/strong><\/p>\n<p style=\"text-align: justify\">Tambi\u00e9n podemos jugar a\u00a0<a href=\"http:\/\/www.entremujeres.com\/pareja-y-sexo\/sexo\/fantasias-sexuales-sexo-role_playing-disfraz-roles-juegos-seduccion-pareja-mascaras_0_799120186.html\" target=\"_blank\">ser otra persona<\/a>\u00a0o, incluso, un personaje de ficci\u00f3n. El uso de disfraces es una pr\u00e1ctica que divierte a muchas parejas. Si a\u00fan no se han animado, es momento de probar. De repente \u00e9l puede ser tu s\u00faper sexy Jack Sparrow, muy al estilo de Johnny Depp en Piratas del Caribe. Y chicas, \u00a1an\u00edmense a las pelucas! Escojan una que les quede de maravillas y vivan la fantas\u00eda de ser otra, seduciendo a su pareja como lo hicieron la primera vez.<\/p>\n<p style=\"text-align: justify\">\n<p style=\"text-align: justify\"><strong>Descubr\u00ed los puntos<\/strong><\/p>\n<p style=\"text-align: justify\">En este caso necesitan un perfume. Se recomienda usar aceite con esencias, para que al final se hagan un masaje de esos que elevan la temperatura. El juego consiste en que uno de ustedes dos se coloque peque\u00f1os puntos de perfume en ciertos lugares del cuerpo. El reto es que su pareja logre descubrirlos. El roce de su nariz olfate\u00e1ndonos es s\u00faper, s\u00faper sensual. \u00a1Y mucho m\u00e1s en las\u00a0<a href=\"http:\/\/www.entremujeres.com\/pareja-y-sexo\/sexo\/zonas-erogenas-sexualidad-femenina-dr-_kusnetzoff-mitos-placer_0_893910674.html\" target=\"_blank\">zonas er\u00f3genas<\/a>!<\/p>\n<p style=\"text-align: justify\">\n<p style=\"text-align: justify\"><strong>La dominadora<\/strong><\/p>\n<p style=\"text-align: justify\">Para este juego necesitan unas esposas para atar las manos de su pareja a la cama y un pa\u00f1uelito de seda para tapar sus ojos. Quien asuma el papel del dominador podr\u00e1 jugar con el cuerpo de su pareja, \u00a1hasta enloquecerlo de deseo! S\u00f3lo cuando \u201cya no d\u00e9 m\u00e1s\u201d lo liberamos\u2026 Hagan este juego con mucho cuidado y con la premisa de que el placer es lo esencial.<\/p>\n<p style=\"text-align: justify\">\n<p style=\"text-align: justify\"><strong>C\u00f3manse<\/strong><\/p>\n<p style=\"text-align: justify\">Siempre se habla de esparcir todo el cuerpo con crema batida y empezar a comernos. \u00a1Genial! Pero yo les propongo que lo hagan de una manera diferente. Sin que \u00e9l lo sepa, ten\u00e9 a mano un poquito de miel o salsa de chocolate. Mientras le hac\u00e9s\u00a0<a href=\"http:\/\/www.entremujeres.com\/pareja-y-sexo\/sexo\/sexo-oral-secreto-felicidad-femenina_0_836316437.html\" target=\"_blank\">sexo oral<\/a>, empez\u00e1 a untarlo y a comerte la miel. \u00bfPor qu\u00e9 le va a gustar a tu pareja? Uno, porque lo vas a sorprender y, en segundo lugar, porque la salsa, la crema o lo que uses le genera nuevas sensaciones. Recomiendo la miel porque es bien pegajosa, as\u00ed tus lamidas van a ser mucho m\u00e1s profundas. \u00a1Ojo! Las sustancias o alimentos azucarados no deben usarse internamente (en la uretra o dentro de la vagina) porque pueden causar infecciones. \u00dasenlas siempre en forma externa.<\/p>\n<p style=\"text-align: justify\">Fuente: www.entremujeres.com<\/p>\n","protected":false},"excerpt":{"rendered":"<p>Sorprend\u00e9 a tu pareja con estas ideas tan er\u00f3ticas como divertidas, recomendadas por la sex\u00f3loga Alessandra Rampolla. Para subir la temperatura y delirar de placer.\u00a0 Los \u00a0juegos er\u00f3ticos estimulan tanto el cuerpo como la mente, \u00a1y no hay \u00f3rgano sexual m\u00e1s poderoso que nuestros cerebros!\u201d, cuenta la sex\u00f3loga Alessandra Rampolla en su libro Juntos y [&hellip;]<\/p>\n","protected":false},"featured_media":3866,"template":"","meta":[],"product_brand":[],"product_cat":[],"product_tag":[265,147,154,146,145],"class_list":{"0":"post-3865","1":"product","2":"type-product","3":"status-publish","4":"has-post-thumbnail","6":"product_tag-juegos-sexuales","7":"product_tag-rio-grande","8":"product_tag-sexshop","9":"product_tag-tierra-del-fuego","10":"product_tag-ushuaia","12":"first","13":"instock","14":"shipping-taxable","15":"product-type-simple"},"_links":{"self":[{"href":"https:\/\/sexysiempre.com\/web\/wp-json\/wp\/v2\/product\/3865","targetHints":{"allow":["GET"]}}],"collection":[{"href":"https:\/\/sexysiempre.com\/web\/wp-json\/wp\/v2\/product"}],"about":[{"href":"https:\/\/sexysiempre.com\/web\/wp-json\/wp\/v2\/types\/product"}],"wp:featuredmedia":[{"embeddable":true,"href":"https:\/\/sexysiempre.com\/web\/wp-json\/wp\/v2\/media\/3866"}],"wp:attachment":[{"href":"https:\/\/sexysiempre.com\/web\/wp-json\/wp\/v2\/media?parent=3865"}],"wp:term":[{"taxonomy":"product_brand","embeddable":true,"href":"https:\/\/sexysiempre.com\/web\/wp-json\/wp\/v2\/product_brand?post=3865"},{"taxonomy":"product_cat","embeddable":true,"href":"https:\/\/sexysiempre.com\/web\/wp-json\/wp\/v2\/product_cat?post=3865"},{"taxonomy":"product_tag","embeddable":true,"href":"https:\/\/sexysiempre.com\/web\/wp-json\/wp\/v2\/product_tag?post=3865"}],"curies":[{"name":"wp","href":"https:\/\/api.w.org\/{rel}","templated":true}]}}