{"id":3875,"date":"2014-03-06T18:55:40","date_gmt":"2014-03-06T21:55:40","guid":{"rendered":"http:\/\/sexysiempre.com\/web\/?p=3875"},"modified":"2014-03-06T18:55:40","modified_gmt":"2014-03-06T21:55:40","slug":"10-preguntas-sobre-las-fantasias-sexuales","status":"publish","type":"product","link":"https:\/\/sexysiempre.com\/web\/producto\/10-preguntas-sobre-las-fantasias-sexuales","title":{"rendered":"10 preguntas sobre las fantas\u00edas sexuales"},"content":{"rendered":"<h1 style=\"text-align: justify\">10 preguntas (que todos nos hacemos) sobre las fantas\u00edas sexuales<\/h1>\n<p style=\"text-align: justify\">En el gran universo de las fantas\u00edas er\u00f3ticas la imaginaci\u00f3n es un caballo salvaje. Pero junto con el juego y el deseo de abrirse a nuevas emociones tambi\u00e9n aparecen los miedos, las dudas y las inseguridades. Aqu\u00ed, los consejos del doctor Juan Carlos Kusnetzoff.<\/p>\n<p style=\"text-align: justify\"><strong>Hace ya un tiempo que tengo la fantas\u00eda de estar con una persona de mi mismo sexo. \u00bfSignifica que soy homosexual?\u00bb<\/strong><\/p>\n<p style=\"text-align: justify\">No, no necesariamente. Es muy probable que la curiosidad y la exploraci\u00f3n de vos mismo juegue un papel importante. Es una fantas\u00eda por el momento. En caso de llevarse a cabo deber\u00e1 evaluarse, despu\u00e9s, qu\u00e9 sentimientos gener\u00f3 y si est\u00e1s interesado en que se repita o no.<\/p>\n<p><strong>\u00abLa obsesi\u00f3n de mi esposo porque yo me disfrace de &#8216;colegiala&#8217;, \u00bfno implica que le gusten las nenas?\u00bb<\/strong><\/p>\n<p>Solo implica que quiere divertirse con la fantas\u00eda. No hay que tener miedo ni asustarse con las fantas\u00edas del otro.<\/p>\n<p><strong>\u00abMi marido me cont\u00f3 que siempre tuvo la fantas\u00eda de tener relaciones conmigo pero \u00e9l vestido de mujer y yo de hombre. \u00bfEso ser\u00eda un cambio de roles tradicional?\u00bb<\/strong><\/p>\n<p>No s\u00e9 si \u201ctradicional\u201d, solo s\u00e9 que es un cambio de roles aut\u00e9ntico. Si los dos est\u00e1n de acuerdo en llevar a cabo la fantas\u00eda, puede ser un momento muy gratificante para ambos.<\/p>\n<p><strong>\u00abFantaseo con que mi actual pareja y mi ex est\u00e9n conmigo en una cama. \u00bfEs prudente llevar esto a cabo?\u00bb<\/strong><\/p>\n<p>El resultado, para decirlo r\u00e1pidamente, ser\u00e1 siempre incierto. Puede salir bien, como puede ser un f\u00e1cil incendio de celos. Si tu deseo es fuerte, tambi\u00e9n pueden serlo las consecuencias. Deber\u00e1s hablarlo con mucha delicadeza.<\/p>\n<p><strong>\u00abEn siete a\u00f1os de matrimonio nunca vi\u00a0<\/strong><strong>a mi marido\u00a0<\/strong><strong>masturb\u00e1ndose y me intriga. \u00bfLe digo que quiero verlo o es algo muy privado?\u00bb<\/strong><\/p>\n<p>Todo depender\u00e1 de la confianza y el estilo de la pareja. Probar no cuesta nada y si prueban juntos, mejor.<\/p>\n<p><strong>\u00abMe enter\u00e9 que mi marido me fue infiel y ahora, despu\u00e9s de perdonarlo, me dieron ganas de sumar una tercera persona en la cama. \u00bfSer\u00e1 para vengarme o se despert\u00f3 en m\u00ed una fantas\u00eda antes dormida? Estoy confundida sobre el origen de mi deseo y mis sentimientos.\u00bb<\/strong><\/p>\n<p>Es muy probable que la fantas\u00eda dormida se haya despertado por todo lo que implica la infidelidad y la experiencia vivida. Deber\u00e1s charlarlo con tu compa\u00f1ero para evitar malos entendidos o que la fantas\u00eda se tome como un ajuste de cuentas.<\/p>\n<p><strong>\u00abEstoy teniendo sexo con un compa\u00f1ero de facultad que me esta &#8216;ense\u00f1ando&#8217; sadomasoquismo, ya que siempre fue mi deseo incursionar en esa pr\u00e1ctica. Empezamos con peque\u00f1as mordidas y pellizcones pero ahora se pone cada vez m\u00e1s bruto \u2013incluso me deja marcas\u2013 y si bien me excita tambi\u00e9n me da miedo. \u00bfC\u00f3mo debo controlar la situaci\u00f3n? \u00bfCu\u00e1l es el l\u00edmite?\u00bb<\/strong><\/p>\n<p>El l\u00edmite var\u00eda con cada persona y cada pareja. Generalmente, la tolerancia al dolor y al da\u00f1o impone el l\u00edmite. Deber\u00e1s conocer el l\u00edmite de tu compa\u00f1ero y el tuyo propio, hablarlo mucho para que la experiencia sea tolerable para los dos y genere m\u00e1s placer que dolor.<\/p>\n<p><strong>\u00abMe gusta tener ciber-sexo pero ya estoy llegando a los 40 a\u00f1os, \u00bfdeber\u00eda emprender experiencias &#8216;reales&#8217; y dejar las &#8216;virtuales&#8217;?\u00bb<\/strong><\/p>\n<p>Ese \u201cdeber\u00eda\u201d, est\u00e1 de m\u00e1s. No es una exigencia: es una opci\u00f3n, una alternativa, una manera algo diferente de conseguir disfrutar. Y no es algo que dependa de la edad, sino de una preferencia.<\/p>\n<p><strong>\u00abMi nuevo compa\u00f1ero quiere hacer el amor en lugares p\u00fablicos: una plaza, el cine, un boliche&#8230; Una o dos veces me pareci\u00f3 divertido, pero ahora parece no tener l\u00edmites. \u00bfC\u00f3mo se los pongo? De lo gracioso pas\u00f3 a ser inc\u00f3modo, aunque no quiero &#8216;cortarle&#8217; su fantas\u00eda.\u00bb<\/strong><\/p>\n<p>Los l\u00edmites se ponen dialogando y poni\u00e9ndote firme en tus preferencias, gustos o inconvenientes que se presentan con los gustos de tu compa\u00f1ero. Explicale que no te parece mal concretar sus fantas\u00edas y gustos, pero que tambi\u00e9n \u00e9l debe respetar y entender tus limites.<\/p>\n<p><strong>\u00abMi novio quiere que hagamos el amor, nos grabemos y lo subamos a Internet. \u00bfPor qu\u00e9? No entiendo qu\u00e9 es lo que le atrae.\u00bb<\/strong><\/p>\n<p>Puede haber m\u00faltiples razones, muy variables, para que \u00e9l quiera grabarse en un momento de intimidad con vos. Una de las cuales, seguramente, es porque esta pr\u00e1ctica est\u00e1 de moda en algunos personajes famosos. De todas formas, y sea cual fuere el origen de su fantas\u00eda, est\u00e1 en ambos ponerse de acuerdo para llevarla a cabo o no.<\/p>\n<p style=\"text-align: justify\">\n<p style=\"text-align: justify\"><strong>Extractos del coleccionable \u00abLas 1000 preguntas que siempre te hiciste sobre sexo\u00bb del doctor Juan<\/strong><strong>\u00a0Carlos Kusnetzoff, m\u00e9dico psiquiatra y sex\u00f3logo<\/strong><\/p>\n","protected":false},"excerpt":{"rendered":"<p>10 preguntas (que todos nos hacemos) sobre las fantas\u00edas sexuales En el gran universo de las fantas\u00edas er\u00f3ticas la imaginaci\u00f3n es un caballo salvaje. Pero junto con el juego y el deseo de abrirse a nuevas emociones tambi\u00e9n aparecen los miedos, las dudas y las inseguridades. Aqu\u00ed, los consejos del doctor Juan Carlos Kusnetzoff. Hace [&hellip;]<\/p>\n","protected":false},"featured_media":3876,"template":"","meta":[],"product_brand":[],"product_cat":[],"product_tag":[266,154,146,145],"class_list":{"0":"post-3875","1":"product","2":"type-product","3":"status-publish","4":"has-post-thumbnail","6":"product_tag-fantasias-sexuales","7":"product_tag-sexshop","8":"product_tag-tierra-del-fuego","9":"product_tag-ushuaia","11":"first","12":"instock","13":"shipping-taxable","14":"product-type-simple"},"_links":{"self":[{"href":"https:\/\/sexysiempre.com\/web\/wp-json\/wp\/v2\/product\/3875","targetHints":{"allow":["GET"]}}],"collection":[{"href":"https:\/\/sexysiempre.com\/web\/wp-json\/wp\/v2\/product"}],"about":[{"href":"https:\/\/sexysiempre.com\/web\/wp-json\/wp\/v2\/types\/product"}],"wp:featuredmedia":[{"embeddable":true,"href":"https:\/\/sexysiempre.com\/web\/wp-json\/wp\/v2\/media\/3876"}],"wp:attachment":[{"href":"https:\/\/sexysiempre.com\/web\/wp-json\/wp\/v2\/media?parent=3875"}],"wp:term":[{"taxonomy":"product_brand","embeddable":true,"href":"https:\/\/sexysiempre.com\/web\/wp-json\/wp\/v2\/product_brand?post=3875"},{"taxonomy":"product_cat","embeddable":true,"href":"https:\/\/sexysiempre.com\/web\/wp-json\/wp\/v2\/product_cat?post=3875"},{"taxonomy":"product_tag","embeddable":true,"href":"https:\/\/sexysiempre.com\/web\/wp-json\/wp\/v2\/product_tag?post=3875"}],"curies":[{"name":"wp","href":"https:\/\/api.w.org\/{rel}","templated":true}]}}