{"id":3883,"date":"2014-03-10T23:00:11","date_gmt":"2014-03-11T02:00:11","guid":{"rendered":"http:\/\/sexysiempre.com\/web\/?p=3883"},"modified":"2014-03-10T23:00:11","modified_gmt":"2014-03-11T02:00:11","slug":"el-punto-g-y-el-orgasmo-femenino","status":"publish","type":"product","link":"https:\/\/sexysiempre.com\/web\/producto\/el-punto-g-y-el-orgasmo-femenino","title":{"rendered":"El punto G y el orgasmo femenino"},"content":{"rendered":"<p style=\"text-align: justify\"><strong>En los a\u00f1os 40 el ginec\u00f3logo Alem\u00e1n Ernst Gr\u00e4fenberg descubri\u00f3 por accidente, mientras estudiaba la uretra femenina, una zona de la mujer localizada detr\u00e1s del hueso p\u00fabico y que tomar\u00eda el nombre de su descubridor: punto Gr\u00e4fenberg, o mejor conocido como punto G.<\/strong><\/p>\n<p style=\"text-align: justify\" align=\"center\">Su existencia ha sido motivo de controversia por distintos sectores de la comunidad cient\u00edfica, quienes no se ponen de acuerdo en si su presencia es real o no, y, en caso de existir, cu\u00e1l es su funci\u00f3n dentro del organismo femenino. Se cree que durante el parto, el contacto del feto con el punto G, al momento de nacer, ayuda a que el cuerpo de la mujer propicie su correcta expulsi\u00f3n.<\/p>\n<p style=\"text-align: justify\" align=\"center\">M\u00e1s all\u00e1 de esto, quienes afirman que su existencia es real, atribuyen a este punto una funci\u00f3n er\u00f3gena que es fuente de placer para la mujer y que puede, mediante una correcta estimulaci\u00f3n, ayudar a alcanzar el orgasmo debido a que el punto es, en s\u00ed, un conjunto de nervios que conectan con la columna vertebral, motivo por el que resulta ser un punto tan sensible.<\/p>\n<p align=\"center\">Encontrarlo no siempre resulta f\u00e1cil, esta es una de las razones por las que muchas mujeres afirman no tenerlo. Se dice que est\u00e1 situado entre 2.5 y 7.6 cm. desde la abertura vaginal y, por lo mismo, la autoestimulaci\u00f3n por parte de la mujer resulta complicada; lo mismo ocurre durante el coito, pues intervienen factores como la curvatura del pene.<\/p>\n<p style=\"text-align: justify\" align=\"center\">Algunas formas de estimular directamente el punto G en pareja son muy sencillas y los resultados, s\u00f3lo al hacerlo correctamente, pueden llegar a ser en extremo satisfactorios para ambas partes:<\/p>\n<p style=\"text-align: justify\" align=\"center\">Es necesario que ambos est\u00e9n de acuerdo en llevar a cabo la estimulaci\u00f3n del punto G para evitar una pr\u00e1ctica que pueda llegar a ser desagradable para la mujer.<\/p>\n<p style=\"text-align: justify\" align=\"center\">Si ambos est\u00e1n de acuerdo, es recomendable antes haber estimulado el cl\u00edtoris para que la lubricaci\u00f3n haga m\u00e1s sencillo el contacto posterior con el punto G. No est\u00e1 de m\u00e1s mencionar que el cl\u00edtoris es una zona muy delicada, por lo que durante la estimulaci\u00f3n es necesario hacerlo con delicadeza y usar, de preferencia, guantes de l\u00e1tex. Otra forma de estimularlo es directamente con la lengua.<\/p>\n<p style=\"text-align: justify\" align=\"center\">Una vez que se estimul\u00f3 al cl\u00edtoris, se coloca la palma de la mano viendo hacia arriba y se introduce uno o dos dedos en la vagina de forma que estos recorran su pared frontal. El punto G, como se mencion\u00f3, no se encuentra en una posici\u00f3n generalizada en todas las mujeres, pero s\u00ed se manifiesta en todas como una peque\u00f1a protuberancia; para iniciar con la estimulaci\u00f3n se debe realizar con los dedos un movimiento de atr\u00e1s hacia adelante intercal\u00e1ndose con movimientos circulares, incluso, para un mayor placer, se puede seguir estimulando el cl\u00edtoris con el pulgar de la misma mano o con la lengua. La rapidez de los movimientos debe ir incrementando hasta alcanzar el orgasmo. &#8211;<\/p>\n<p style=\"text-align: justify\" align=\"center\">La correcta estimulaci\u00f3n del punto G es sumamente placentera para una mujer y, en caso de que nunca haya experimentado un orgasmo, sentir\u00e1 una sensaci\u00f3n parecida a querer orinar. Algunas mujeres, durante el orgasmo, expulsan un l\u00edquido que producen las gl\u00e1ndulas Skene y es de aspecto blanquecino, la famosa eyaculaci\u00f3n femenina. &#8211;<\/p>\n<p style=\"text-align: justify\" align=\"center\">Independientemente de la t\u00e9cnica utilizada para la estimulaci\u00f3n del punto G, lo m\u00e1s importante es hacerlo en un contexto de confianza mutua para enriquecer la relaci\u00f3n de pareja en el \u00e1mbito sexual, siempre con higiene y seguridad. &#8211;<\/p>\n<p style=\"text-align: justify\" align=\"center\">Fuente: www.culturacolectiva.com.ar<\/p>\n<p style=\"text-align: justify\" align=\"center\">\n<p style=\"text-align: justify\" align=\"center\">\n<p style=\"text-align: justify\">\n","protected":false},"excerpt":{"rendered":"<p>En los a\u00f1os 40 el ginec\u00f3logo Alem\u00e1n Ernst Gr\u00e4fenberg descubri\u00f3 por accidente, mientras estudiaba la uretra femenina, una zona de la mujer localizada detr\u00e1s del hueso p\u00fabico y que tomar\u00eda el nombre de su descubridor: punto Gr\u00e4fenberg, o mejor conocido como punto G. Su existencia ha sido motivo de controversia por distintos sectores de la [&hellip;]<\/p>\n","protected":false},"featured_media":3884,"template":"","meta":[],"product_brand":[],"product_cat":[],"product_tag":[128,147,154,146,145],"class_list":{"0":"post-3883","1":"product","2":"type-product","3":"status-publish","4":"has-post-thumbnail","6":"product_tag-punto-g","7":"product_tag-rio-grande","8":"product_tag-sexshop","9":"product_tag-tierra-del-fuego","10":"product_tag-ushuaia","12":"first","13":"instock","14":"shipping-taxable","15":"product-type-simple"},"_links":{"self":[{"href":"https:\/\/sexysiempre.com\/web\/wp-json\/wp\/v2\/product\/3883","targetHints":{"allow":["GET"]}}],"collection":[{"href":"https:\/\/sexysiempre.com\/web\/wp-json\/wp\/v2\/product"}],"about":[{"href":"https:\/\/sexysiempre.com\/web\/wp-json\/wp\/v2\/types\/product"}],"wp:featuredmedia":[{"embeddable":true,"href":"https:\/\/sexysiempre.com\/web\/wp-json\/wp\/v2\/media\/3884"}],"wp:attachment":[{"href":"https:\/\/sexysiempre.com\/web\/wp-json\/wp\/v2\/media?parent=3883"}],"wp:term":[{"taxonomy":"product_brand","embeddable":true,"href":"https:\/\/sexysiempre.com\/web\/wp-json\/wp\/v2\/product_brand?post=3883"},{"taxonomy":"product_cat","embeddable":true,"href":"https:\/\/sexysiempre.com\/web\/wp-json\/wp\/v2\/product_cat?post=3883"},{"taxonomy":"product_tag","embeddable":true,"href":"https:\/\/sexysiempre.com\/web\/wp-json\/wp\/v2\/product_tag?post=3883"}],"curies":[{"name":"wp","href":"https:\/\/api.w.org\/{rel}","templated":true}]}}