{"id":3968,"date":"2014-04-07T23:37:40","date_gmt":"2014-04-08T02:37:40","guid":{"rendered":"http:\/\/sexysiempre.com\/web\/?p=3968"},"modified":"2014-04-07T23:37:40","modified_gmt":"2014-04-08T02:37:40","slug":"mitos-y-verdades-sobre-la-masturbacion-en-pareja","status":"publish","type":"product","link":"https:\/\/sexysiempre.com\/web\/producto\/mitos-y-verdades-sobre-la-masturbacion-en-pareja","title":{"rendered":"Mitos y verdades sobre la masturbaci\u00f3n en pareja"},"content":{"rendered":"<p><strong>Hacerla parte de las relaciones sexuales con el otro es una invitaci\u00f3n no solo interesante y gozosa, sino tambi\u00e9n saludable.<\/strong><\/p>\n<p style=\"text-align: justify\">C\u00f3mo incorporar la masturbaci\u00f3n dejando la verg\u00fcenza de lado? \u00bfQu\u00e9 pasa cuando el sexo no tiene fines reproductivos sino meramente placenteros? Seg\u00fan dice el doctor Juan Carlos Kusnetzoff, \u201cel acto masturbatorio, al igual que otros actos no reproductivos \u2013como el coito interrumpido o la homosexualidad, entre otros\u2013, hunde sus ra\u00edces en la Biblia, texto sagrado que hace referencia a un per\u00edodo primitivo donde la Tierra era un p\u00e1ramo totalmente desierto, se eleva la voz potente de Dios que orden\u00f3: &#8216;Creced y Multiplicaos&#8217;. Desde entonces, todo lo que no sea reproductivo fue condenado, mal visto, excluido de lo bueno y necesario. Para muchos sectores religiosos, el problema sigue hasta el presente y se explica, entonces, los problemas con los m\u00e9todos anticonceptivos, con el preservativo, con la homosexualidad y, por supuesto, con la masturbaci\u00f3n\u201d.<\/p>\n<p>Desde On\u00e1n (personaje b\u00edblico que para no darle descendencia a su cu\u00f1ada se retiraba antes del acto sexual y lo conclu\u00eda manualmente) hasta la actualidad, el sexo sin fines reproductivos esta te\u00f1ido de un manto culposo. Lentamente la aceptaci\u00f3n del placer por el placer en s\u00ed mismo, y no mirando exclusivamente a la procreaci\u00f3n, ha ganado terreno y ha sido, incluso, avalado cl\u00ednicamente debido a sus beneficios psicosexuales y corporales.<\/p>\n<p>La pr\u00e1ctica masturbatoria se ha incorporado al encuentro sexual en pareja,\u00a0 ya no como forma contraria al coito, sino como complementaria. Es un juego muy er\u00f3tico que, a su vez, ayuda a perder el miedo y la verg\u00fcenza a ser observados, favorece al conocimiento y la confianza mutua.<\/p>\n<p><strong>Conocerse m\u00e1s<\/strong><\/p>\n<p>Para incorporar el petting \u2013las caricias proporcionadas en pareja\u2013 se puede comenzar con una luz tenue, semivestidos y un lubricante para aumentar las sensaciones. A medida que se van tocando- y desvistiendo- es conveniente que aumente la comunicaci\u00f3n verbal entre ambos, para que el otro sepa los gustos y preferencias del compa\u00f1ero.<\/p>\n<p>Hay algunos factores para tener en cuenta:<\/p>\n<p><strong>* La estimulaci\u00f3n simult\u00e1nea:<\/strong>\u00a0la masturbaci\u00f3n puede practicarse mutuamente entre los integrantes de la pareja, y no solamente por turnos.<\/p>\n<p><strong>* Punto Justo:\u00a0<\/strong>conocer el cuerpo de tu pareja, sus genitales, sus zonas er\u00f3genas es una exploraci\u00f3n sumamente excitante. Que \u00e9l toque, bese, acaricie y frote cl\u00edtoris y senos y que ella haga lo mismo con los test\u00edculos, el perineo y el pene.<\/p>\n<p><strong>* Mirar y dejarse mirar:<\/strong>\u00a0parte del desaf\u00edo es derribar las barreras de la verg\u00fcenza y entregarse a la excitaci\u00f3n que provoca ver al compa\u00f1ero gozando. Una especie de voyeurismo que traer\u00e1 satisfacci\u00f3n sexual para ambos.<\/p>\n<p><strong>* Buscar poses nuevas:<\/strong>\u00a0encontrar las posturas m\u00e1s c\u00f3modas y sensuales para tocarse mutuamente es parte del juego del descubrimiento en pareja.<\/p>\n<p style=\"text-align: justify\">\n<p style=\"text-align: justify\">Fuente: www.entremujeres.com<\/p>\n<p style=\"text-align: justify\"><strong>Extractos del coleccionable \u00abLas 1.000 preguntas que siempre te hiciste sobre sexo\u00bb del doctor Juan Carlos Kusnetzoff, m\u00e9dico psiquiatra y sex\u00f3logo.<\/strong><\/p>\n","protected":false},"excerpt":{"rendered":"<p>Hacerla parte de las relaciones sexuales con el otro es una invitaci\u00f3n no solo interesante y gozosa, sino tambi\u00e9n saludable. C\u00f3mo incorporar la masturbaci\u00f3n dejando la verg\u00fcenza de lado? \u00bfQu\u00e9 pasa cuando el sexo no tiene fines reproductivos sino meramente placenteros? Seg\u00fan dice el doctor Juan Carlos Kusnetzoff, \u201cel acto masturbatorio, al igual que otros [&hellip;]<\/p>\n","protected":false},"featured_media":3969,"template":"","meta":[],"product_brand":[],"product_cat":[],"product_tag":[270,240,147,154,177,146,145],"class_list":{"0":"post-3968","1":"product","2":"type-product","3":"status-publish","4":"has-post-thumbnail","6":"product_tag-masturbacion","7":"product_tag-placer","8":"product_tag-rio-grande","9":"product_tag-sexshop","10":"product_tag-sexualidad","11":"product_tag-tierra-del-fuego","12":"product_tag-ushuaia","14":"first","15":"instock","16":"shipping-taxable","17":"product-type-simple"},"_links":{"self":[{"href":"https:\/\/sexysiempre.com\/web\/wp-json\/wp\/v2\/product\/3968","targetHints":{"allow":["GET"]}}],"collection":[{"href":"https:\/\/sexysiempre.com\/web\/wp-json\/wp\/v2\/product"}],"about":[{"href":"https:\/\/sexysiempre.com\/web\/wp-json\/wp\/v2\/types\/product"}],"wp:featuredmedia":[{"embeddable":true,"href":"https:\/\/sexysiempre.com\/web\/wp-json\/wp\/v2\/media\/3969"}],"wp:attachment":[{"href":"https:\/\/sexysiempre.com\/web\/wp-json\/wp\/v2\/media?parent=3968"}],"wp:term":[{"taxonomy":"product_brand","embeddable":true,"href":"https:\/\/sexysiempre.com\/web\/wp-json\/wp\/v2\/product_brand?post=3968"},{"taxonomy":"product_cat","embeddable":true,"href":"https:\/\/sexysiempre.com\/web\/wp-json\/wp\/v2\/product_cat?post=3968"},{"taxonomy":"product_tag","embeddable":true,"href":"https:\/\/sexysiempre.com\/web\/wp-json\/wp\/v2\/product_tag?post=3968"}],"curies":[{"name":"wp","href":"https:\/\/api.w.org\/{rel}","templated":true}]}}