{"id":3984,"date":"2014-06-03T18:05:58","date_gmt":"2014-06-03T21:05:58","guid":{"rendered":"http:\/\/sexysiempre.com\/web\/?p=3984"},"modified":"2014-06-03T18:05:58","modified_gmt":"2014-06-03T21:05:58","slug":"la-forma-de-tu-rostro-determina-cuales-son-tus-deseos-mas-profundos","status":"publish","type":"product","link":"https:\/\/sexysiempre.com\/web\/producto\/la-forma-de-tu-rostro-determina-cuales-son-tus-deseos-mas-profundos","title":{"rendered":"La forma de tu rostro determina cu\u00e1les son tus deseos m\u00e1s profundos."},"content":{"rendered":"<p style=\"text-align: justify\"><strong><span style=\"color: #000000\">La t\u00e9cnica milenaria de la lectura de las facciones del rostro puede describir los secretos ocultos y los posiciones preferidas de las personas a la hora ir a la cama. \u00bfC\u00f3mo es la nariz de tu amante? \u00bfY sus ojos? \u00a1Descubr\u00ed sus preferencias en el sexo!\u00a0<\/span><\/strong><\/p>\n<p style=\"color: #000000;text-align: justify\">\u00a0En China llevan m\u00e1s de 3000 a\u00f1os practicando la lectura de las facciones de los rostros. Tracey Cox, especialista en relaciones, determina que esta t\u00e9cnica puede ser utilizada para saber cu\u00e1les son los deseos sexuales de cada persona.<\/p>\n<p>Seg\u00fan explica nuestras facciones hablan un lenguaje secreto y nos dicen cu\u00e1les son nuestras caracter\u00edsticas y nuestros deseos escondidos. Pero esto depende de la forma de cada cara, ya que nadie es igual a otro.<\/p>\n<p>El rostro humano genera m\u00e1s de 7000 expresiones distintivas y solo usamos algunas de esas cada d\u00eda para sonre\u00edr, demostrar enojo o sorpresa. El arte de leer las caras nos da claves para saber cu\u00e1les son las posiciones sexuales favoritas de cada uno, si son m\u00e1s fan\u00e1ticos de los besos en el cuello o en la espalda o si son verdaderos adictos al sexo.<\/p>\n<p>Si quer\u00e9s saber cu\u00e1l es el nivel de inter\u00e9s de una persona para tener relaciones sexuales, ahora pod\u00e9s averiguarlo, simplemente observando detalles espec\u00edficos de su rostro.<\/p>\n<p><span style=\"font-weight: inherit;font-style: inherit\"><strong style=\"font-weight: bold;font-style: inherit;color: #000000\">La forma de la nariz<\/strong><\/span><\/p>\n<p><strong style=\"font-weight: bold;font-style: inherit;color: #000000\">*Nariz Finita y puntiaguda:<\/strong>\u00a0suelen ser personas so\u00f1adoras y muy rom\u00e1nticas, porque lo que les gusta el sexo suave y con mucho amor. Sus posiciones sexuales favoritas son las cl\u00e1sicas, ya que no les interesa tener aventuras er\u00f3ticas.<\/p>\n<p><strong style=\"font-weight: bold;font-style: inherit;color: #000000\">*Nariz irregular:<\/strong>\u00a0completamente opuesta a las anteriores, son personas que no solo adoran tener sexo, sino que adem\u00e1s les encanta hacerlo todo el tiempo y en cualquier lugar, y cuanto m\u00e1s osados, mejor.<\/p>\n<p><span style=\"font-weight: inherit;font-style: inherit\"><strong style=\"font-weight: bold;font-style: inherit;color: #000000\">El momento de los ojos<\/strong><\/span><\/p>\n<p><strong style=\"font-weight: bold;font-style: inherit;color: #000000\">* Ojos claros:<\/strong>\u00a0les gusta el sexo r\u00e1pido y que tenga picos de excitaci\u00f3n para aumentar su libido. Se satisfacen muy r\u00e1pido y se sienten poco atra\u00eddos al romanticismo y el mundo cursi.<\/p>\n<p><strong style=\"font-weight: bold;font-style: inherit;color: #000000\">* Ojos oscuros:\u00a0<\/strong>son apasionados y adoran los maratones de sexo. Al principio de las relaciones, son dif\u00edciles de conocer, pero el esfuerzo vale la pena. Se los determina como la dinamita del sexo. Su lugar preferido es la cama, por lo que lo mejor es tenerlos ah\u00ed lo m\u00e1s que puedas.<\/p>\n<p style=\"color: #000000;text-align: justify\"><span style=\"font-weight: inherit;font-style: inherit\"><strong style=\"font-weight: bold;font-style: inherit;color: #000000\">Las cejas<\/strong><\/span><\/p>\n<p><strong style=\"font-weight: bold;font-style: inherit;color: #000000\">* Cejas gruesas y tupidas:<\/strong>\u00a0son los expertos en el sexo. Se alimentan con una dieta de constantes nuevas experiencias, cuanto m\u00e1s er\u00f3ticas, mejor.<\/p>\n<p><strong style=\"font-weight: bold;font-style: inherit;color: #000000\">* Cejas finitas y con poco vello:<\/strong>\u00a0son personas con poco inter\u00e9s en el sexo, pero si en la parte espiritual del amor. Son m\u00e1s rom\u00e1nticos que sensuales.<\/p>\n<p><span style=\"font-weight: inherit;font-style: inherit\"><strong style=\"font-weight: bold;font-style: inherit;color: #000000\">Bocas para todos los gustos<\/strong><\/span><\/p>\n<p><strong style=\"font-weight: bold;font-style: inherit;color: #000000\">* Boca grande:\u00a0<\/strong>los amantes con bocas grandes son desinteresados y se toman todo el tiempo mundo para darle lugar al placer. En el caso de los hombres, cuanto m\u00e1s grande sea la boca, m\u00e1s potentes ser\u00e1n en la cama.<\/p>\n<p><strong style=\"font-weight: bold;font-style: inherit;color: #000000\">* Boca con labio inferior carnoso:<\/strong>\u00a0las personas con labios grandes tienen puntos extra: son aventureros, pero tambi\u00e9n pueden llegar a ser infieles.<\/p>\n<p style=\"color: #000000;text-align: justify\"><strong style=\"font-weight: bold;font-style: inherit;color: #000000\">* Boca ancha:\u00a0<\/strong>describe a personas muy ambiciosas, que en poco tiempo podr\u00edan llegar a convertirse en el rey o la reina del dormitorio.<\/p>\n<p style=\"color: #000000;text-align: justify\"><strong style=\"font-weight: bold;font-style: inherit;color: #000000\">* Boca peque\u00f1a:<\/strong>\u00a0tienen personalidades muy creativas e imaginativas. Pero no todo es color de rosa en sus vidas: porque llegan muy r\u00e1pido al orgasmo por lo que la fiesta con ellos se termina r\u00e1pido. Adem\u00e1s son leales a muy pocos, y no son cari\u00f1osos.<\/p>\n<p><span style=\"font-weight: inherit;font-style: inherit\"><strong style=\"font-weight: bold;font-style: inherit;color: #000000\">Las l\u00edneas de expresi\u00f3n<\/strong><\/span><\/p>\n<p style=\"color: #000000;text-align: justify\"><strong style=\"font-weight: bold;font-style: inherit;color: #000000\">* L\u00edneas delgadas debajo de los p\u00e1rpados inferiores de los ojos:\u00a0<\/strong>son personas con mucho apetito y deseo sexual, que est\u00e1n constantemente listos para tener sexo. En sus estilos de vida nada est\u00e1 prohibido, m\u00e1s osado, mejor.<\/p>\n<p style=\"color: #000000;text-align: justify\"><strong style=\"font-weight: bold;font-style: inherit;color: #000000\">* L\u00edneas finas debajo de la nariz:\u00a0<\/strong>no muchas personas las tienen, pero quienes las poseen determina que nos aquellos a quienes el sexo casi ni les interesa. Necesitan ser amados constantemente y son muy dif\u00edciles de satisfacer.<\/p>\n<p style=\"color: #000000;text-align: justify\">\n<p style=\"color: #000000;text-align: justify\"><strong style=\"font-weight: bold;font-style: inherit;color: #000000\">Fuente: <span style=\"text-decoration: underline\">entremujeres.com<\/span><\/strong><\/p>\n<p style=\"text-align: justify\">\n","protected":false},"excerpt":{"rendered":"<p>La t\u00e9cnica milenaria de la lectura de las facciones del rostro puede describir los secretos ocultos y los posiciones preferidas de las personas a la hora ir a la cama. \u00bfC\u00f3mo es la nariz de tu amante? \u00bfY sus ojos? \u00a1Descubr\u00ed sus preferencias en el sexo!\u00a0 \u00a0En China llevan m\u00e1s de 3000 a\u00f1os practicando la [&hellip;]<\/p>\n","protected":false},"featured_media":3985,"template":"","meta":[],"product_brand":[],"product_cat":[],"product_tag":[147,150,177,146],"class_list":{"0":"post-3984","1":"product","2":"type-product","3":"status-publish","4":"has-post-thumbnail","6":"product_tag-rio-grande","7":"product_tag-sexshop-ushuaia","8":"product_tag-sexualidad","9":"product_tag-tierra-del-fuego","11":"first","12":"instock","13":"shipping-taxable","14":"product-type-simple"},"_links":{"self":[{"href":"https:\/\/sexysiempre.com\/web\/wp-json\/wp\/v2\/product\/3984","targetHints":{"allow":["GET"]}}],"collection":[{"href":"https:\/\/sexysiempre.com\/web\/wp-json\/wp\/v2\/product"}],"about":[{"href":"https:\/\/sexysiempre.com\/web\/wp-json\/wp\/v2\/types\/product"}],"wp:featuredmedia":[{"embeddable":true,"href":"https:\/\/sexysiempre.com\/web\/wp-json\/wp\/v2\/media\/3985"}],"wp:attachment":[{"href":"https:\/\/sexysiempre.com\/web\/wp-json\/wp\/v2\/media?parent=3984"}],"wp:term":[{"taxonomy":"product_brand","embeddable":true,"href":"https:\/\/sexysiempre.com\/web\/wp-json\/wp\/v2\/product_brand?post=3984"},{"taxonomy":"product_cat","embeddable":true,"href":"https:\/\/sexysiempre.com\/web\/wp-json\/wp\/v2\/product_cat?post=3984"},{"taxonomy":"product_tag","embeddable":true,"href":"https:\/\/sexysiempre.com\/web\/wp-json\/wp\/v2\/product_tag?post=3984"}],"curies":[{"name":"wp","href":"https:\/\/api.w.org\/{rel}","templated":true}]}}