{"id":4199,"date":"2014-06-29T21:58:12","date_gmt":"2014-06-30T00:58:12","guid":{"rendered":"http:\/\/sexysiempre.com\/web\/?p=4199"},"modified":"2014-06-29T21:58:12","modified_gmt":"2014-06-30T00:58:12","slug":"que-quieren-las-mujeres-en-la-cama","status":"publish","type":"product","link":"https:\/\/sexysiempre.com\/web\/producto\/que-quieren-las-mujeres-en-la-cama","title":{"rendered":"\u00bfQU\u00c9 QUIEREN LAS MUJERES EN LA CAMA?"},"content":{"rendered":"<p style=\"text-align: justify;\"><span style=\"font-weight: 300;\">Son muchas las mujeres que me consultan, quej\u00e1ndose de que sus vidas sexuales no son\u00a0<\/span><span style=\"font-weight: 300;\">satisfactorias. Y me he dado cuenta de que con frecuencia este sentimiento de frustraci\u00f3n\u00a0se relaciona a que ellas mismas no se han preguntado qu\u00e9 quieren del encuentro\u00a0\u00edntimo. De hecho, a nosotras nos cuesta m\u00e1s que a los hombres admitir y comunicar lo\u00a0que deseamos. Ya sea por verg\u00fcenza, razones culturales, prejuicios o miedo al rechazo,\u00a0mantenemos \u201cen secreto\u201d (y sobre todo con nosotras mismas) lo que realmente\u00a0queremos en la cama.\u00a0As\u00ed que las invito a que hagamos el siguiente ejercicio. Les voy a pasar 10 cosas que yo he\u00a0descubierto que nosotras deseamos de nuestro encuentro sexual. Les propongo que con\u00a0absoluta honestidad descubran con cu\u00e1les m\u00e1s se identifican y que por supuesto, luego se\u00a0lo comuniquen a sus \u00a0parejas.<\/span><\/p>\n<ol style=\"font-weight: 300;\">\n<li style=\"text-align: justify;\"><strong style=\"color: #db0303;\">Sentirnos sexys:\u00a0<\/strong>toda mujer necesita sentirse atractiva y deseada; por m\u00e1s que tenga 20 a\u00f1os de matrimonio. Pero sentirnos sexys no siempre es tan f\u00e1cil. En ocasiones, nosotras mismas nos despojamos de nuestra propia sensualidad. Eso ocurre, por ejemplo, cuando vamos a la cama como si se tratase de una tarea dom\u00e9stica m\u00e1s, porque nos avergonzamos de nuestros cuerpos, o le tememos al rid\u00edculo si hacemos \u201calgo sexy\u201d.<br \/>\nSer sexy no significa posar y lucir como una modelo de Playboy. Significa, sobre todo, sentirnos seguras de nuestras capacidades amatorias, de provocar al otro, de sentir y de hacer sentir!<br \/>\nArreglarnos, ponernos una lencer\u00eda bonita, usar velitas para generar una atm\u00f3sfera er\u00f3tica, siempre ayuda.<br \/>\nPero tambi\u00e9n ellos tienen que hacernos sentirnos sexys!!! Y aqu\u00ed les hablo directamente a ustedes, muchachones: d\u00edganle a su chica cu\u00e1nto les gusta, las partes de sus cuerpos que les atraen, lo bella que se ve esta noche\u2026 Ver\u00e1n que el efecto ser\u00e1 inmediato: ella se soltar\u00e1, ser\u00e1 m\u00e1s activa en la cama, y obviamente, los dos la pasar\u00e1n mucho, pero mucho mejor!<\/li>\n<li style=\"text-align: justify;\"><strong style=\"color: #db0303;\">Tiempo!:\u00a0<\/strong>s\u00ed, necesitamos tiempo!!! Aunque en ocasiones ese sexo arrebatado y salvajemente desaforado sea absolutamente excitante; generalmente necesitamos dedicarle tiempo al juego previo!<br \/>\nPara nosotras es indispensable que haya un ambiente propicio, con caricias, palabras y besos; en cambio para ellos, en la mayor\u00eda de los casos, s\u00f3lo basta con que piensen en sexo para lograr una erecci\u00f3n. A nosotras, excitarnos, nos lleva unos 20 minutitos\u2026 Cuando el juego previo es apropiado se logra la lubricaci\u00f3n vaginal y la erecci\u00f3n del cl\u00edtoris, que es un \u00f3rgano vital en la sexualidad femenina.<\/li>\n<li style=\"text-align: justify;\"><strong style=\"color: #db0303;\">Besos, cari\u00f1os y mimos:\u00a0<\/strong>uno de los reclamos m\u00e1s comunes de las mujeres es que ellos se contentan con la penetraci\u00f3n y listo! La realidad es que las mujeres NECESITAMOS sentirnos consentidas y mimadas. Nos excita y sobre todo, nos hace sentir bien, que nos besen mientras hacemos el amor, que nos transmitan que este momento es m\u00e1s que un encuentro f\u00edsico, que hay intimidad, que hay sentimientos involucrados.<br \/>\nMuchas mujeres no exteriorizan esta necesidad, porque no est\u00e1n seguras de que el sentimiento sea rec\u00edproco y temen ser rechazadas. De ser as\u00ed, deben evaluar esa relaci\u00f3n y sincerarla!!!<\/li>\n<li style=\"text-align: justify;\"><strong style=\"color: #db0303;\">Que descubran nuestras zonas er\u00f3genas:\u00a0<\/strong>todas tenemos un lugarcito en nuestro cuerpo que cuando es besado o acariciado, se nos ponen los pelitos de punta y nos da ese escalofr\u00edo tan riqu\u00edsimo! Para algunas es el cuello, para otras est\u00e1 justo detr\u00e1s de la nuca, y hay quienes pierden el sentido, con un leve soplidito en el o\u00eddo.<br \/>\nFacil\u00edtenle a su pareja el descubrimiento de ese puntito m\u00e1gico, para que ellos salgan de la mayoritaria confusi\u00f3n, que los lleva a tocar sin ton ni son nuestros pezones o dar ese manotazo en nuestras vaginas. \u00bfC\u00f3mo lo hacen? Llevando su manita hacia esa direcci\u00f3n, inclinando el cuello de manera tal que lo inviten a besarlo; o simplemente dici\u00e9ndoselo directa y amorosamente.<\/li>\n<li style=\"text-align: justify;\"><strong style=\"color: #db0303;\">Sexo oral:\u00a0<\/strong>muchas mujeres estamos dispuestas a darlo, pero pocas nos animamos a pedirlo. Y se siente riqu\u00edsimo, porque la leng\u00fcita h\u00fameda sobre el cl\u00edtoris es el pre\u00e1mbulo de un orgasmo casi seguro!<\/li>\n<li style=\"text-align: justify;\"><strong style=\"color: #db0303;\">Palabras de alto voltaje:<\/strong>\u00a0\u201cme matas de placer\u201d; \u201ceres una salvaje\u201d; \u201csoy adicto a ti\u201d\u2026 Bueno, estas frases no son de super alto voltaje, pero ustedes me entienden\u2026 Los grados m\u00e1s altos los dejamos para la intimidad. Pero de verdad: \u00bfa qu\u00e9 mujer no nos gusta que nos digan estas cosas? Nos fascina, nos excita, nos hace sentir sexys, \u00fanicas\u2026 Una palabrita o frase dicha en el momento preciso, derrite hasta la m\u00e1s g\u00e9lida!<br \/>\n\u00bfC\u00f3mo hacemos para que nuestra pareja empiece a decirlas? Pues, una buena manera es comenzando nosotras. Vale la pena animarse\u2026 se los aseguro!!!<\/li>\n<li style=\"text-align: justify;\"><strong style=\"color: #db0303;\">Sentirnos complacidas!\u00a0<\/strong>Recuerdo una paciente que un d\u00eda me dijo: \u201cSiento que mi esposo me usa de retrete!\u201d. Una queja lapidaria y muy triste\u2026 Ella sent\u00eda, como muchas otras mujeres, que su pareja la usaba para satisfacer una funci\u00f3n fisiol\u00f3gica. Entraba, se mov\u00eda un poco, eyaculaba y sal\u00eda. Espantoso! No hay mujer que pueda sentirse bien en la cama de esta manera.<br \/>\nPara nosotras es vital que para \u00e9l sea importante nuestro propio placer, que se esmere en complacernos, que nos explore. Y al respecto, quiero contarles que un estudio del famoso instituto Kinsey descubri\u00f3 que los hombres m\u00e1s felices son aqu\u00e9llos que le dan importancia a los orgasmos de sus parejas. Una raz\u00f3n m\u00e1s para que se atrevan a pedir, para que digan c\u00f3mo les gusta y para darle a sus orgasmos el lugar que se merecen!<\/li>\n<li style=\"text-align: justify;\"><strong style=\"color: #db0303;\">Mirarnos a los ojos!\u00a0<\/strong>Ya sea que nos coman con la mirada o que nos miren tiernamente, \u00a0la sensaci\u00f3n es maravillosa!<br \/>\nPara las mujeres, que nos miren es important\u00edsimo. No s\u00f3lo porque nos sentimos m\u00e1s sensuales, sino porque necesitamos \u201csaber\u201d que \u00e9l est\u00e1 ah\u00ed con nosotras\u2026 Cuando no se detienen a mirarnos, nos transmiten esa sensaci\u00f3n de que est\u00e1n en otro lugar, con otra persona\u2026 Eso no significa que tienen que estar con los ojotes abiertos todo el tiempo, pero s\u00ed comunicarnos con la mirada que en este momento somos \u201cnosotros dos\u201d, absolutamente conectados el uno con el otro.<\/li>\n<li style=\"text-align: justify;\"><strong style=\"color: #db0303;\">Hacer el amor!!!\u00a0<\/strong>el sexo es rico, seguro! Pero hacer el amor es otra cosa\u2026 Y para nosotras, a no ser que estemos en una relaci\u00f3n pasajera o de sexo salvaje, \u201cHACER EL AMOR\u201d con may\u00fasculas es vital. Significa sentirnos realmente amadas. Hacer el amor trasciende lo meramente f\u00edsico, y el placer es pleno: corporal, emocional y espiritual.\u00a0Muchos hombres que realmente aman a sus parejas no saben c\u00f3mo hacerlo. Suele suceder que ellos est\u00e1n muy preocupados por su propia performance (si se mueven bien, si duran lo suficiente, si el miembro est\u00e1 bien erecto) y eso les hace olvidar que un beso profundo y cari\u00f1oso, una sonrisa tierna, una caricia amorosa, nos da mucho m\u00e1s placer que el sorprendente desempe\u00f1o de un actor de una Triple X.<\/li>\n<li style=\"text-align: justify;\"><strong style=\"color: #db0303;\">Hacer el amor cuando todo termina!\u00a0<\/strong>S\u00ed, nada nos hace sentir peor y m\u00e1s vulnerables que un hombre que salta de la cama a ba\u00f1arse, cuando terminamos de hacer el amor. Necesitamos que despu\u00e9s nos acaricien y nos abracen.\u00a0Sabemos que ellos despu\u00e9s de la eyaculaci\u00f3n entran en el per\u00edodo refractario y pueden llegar a quedarse dormidos. Pero \u00bfno les cuesta nada dormirse acurrucaditos, abrazados a nuestro cuerpo, verdad?<\/li>\n<li style=\"text-align: justify;\">Fuente: www.universoalessandra.com<\/li>\n<\/ol>\n","protected":false},"excerpt":{"rendered":"<p>Son muchas las mujeres que me consultan, quej\u00e1ndose de que sus vidas sexuales no son\u00a0satisfactorias. Y me he dado cuenta de que con frecuencia este sentimiento de frustraci\u00f3n\u00a0se relaciona a que ellas mismas no se han preguntado qu\u00e9 quieren del encuentro\u00a0\u00edntimo. De hecho, a nosotras nos cuesta m\u00e1s que a los hombres admitir y comunicar [&hellip;]<\/p>\n","protected":false},"featured_media":4200,"template":"","meta":[],"product_brand":[],"product_cat":[],"product_tag":[178,147,150,177,146],"class_list":{"0":"post-4199","1":"product","2":"type-product","3":"status-publish","4":"has-post-thumbnail","6":"product_tag-erotismo","7":"product_tag-rio-grande","8":"product_tag-sexshop-ushuaia","9":"product_tag-sexualidad","10":"product_tag-tierra-del-fuego","12":"first","13":"instock","14":"shipping-taxable","15":"product-type-simple"},"_links":{"self":[{"href":"https:\/\/sexysiempre.com\/web\/wp-json\/wp\/v2\/product\/4199","targetHints":{"allow":["GET"]}}],"collection":[{"href":"https:\/\/sexysiempre.com\/web\/wp-json\/wp\/v2\/product"}],"about":[{"href":"https:\/\/sexysiempre.com\/web\/wp-json\/wp\/v2\/types\/product"}],"wp:featuredmedia":[{"embeddable":true,"href":"https:\/\/sexysiempre.com\/web\/wp-json\/wp\/v2\/media\/4200"}],"wp:attachment":[{"href":"https:\/\/sexysiempre.com\/web\/wp-json\/wp\/v2\/media?parent=4199"}],"wp:term":[{"taxonomy":"product_brand","embeddable":true,"href":"https:\/\/sexysiempre.com\/web\/wp-json\/wp\/v2\/product_brand?post=4199"},{"taxonomy":"product_cat","embeddable":true,"href":"https:\/\/sexysiempre.com\/web\/wp-json\/wp\/v2\/product_cat?post=4199"},{"taxonomy":"product_tag","embeddable":true,"href":"https:\/\/sexysiempre.com\/web\/wp-json\/wp\/v2\/product_tag?post=4199"}],"curies":[{"name":"wp","href":"https:\/\/api.w.org\/{rel}","templated":true}]}}