{"id":4211,"date":"2014-07-05T19:47:49","date_gmt":"2014-07-05T22:47:49","guid":{"rendered":"http:\/\/sexysiempre.com\/web\/?p=4211"},"modified":"2014-07-05T19:47:49","modified_gmt":"2014-07-05T22:47:49","slug":"metodo-karezza-el-arte-sexual-de-no-llegar-al-orgasmo","status":"publish","type":"product","link":"https:\/\/sexysiempre.com\/web\/producto\/metodo-karezza-el-arte-sexual-de-no-llegar-al-orgasmo","title":{"rendered":"M\u00e9todo Karezza: El arte sexual de no llegar al orgasmo"},"content":{"rendered":"<p style=\"text-align: justify;\"><strong>L<span style=\"color: #555555;\">as relaciones sexuales pueden ser muy variadas, y en muchos sentidos. Las posiciones pueden ser ilimitadas (que haya una que se llame 69 no significa que solo haya 69 tipos\u2026 no nos equivoquemos \u00bfeh?). Seguro que alguna vez habr\u00e9is escuchado hablar del\u00a0<\/span><a style=\"font-weight: bold; color: #669900;\" href=\"http:\/\/es.wikipedia.org\/wiki\/Tantra\" target=\"_blank\">sexo t\u00e1ntrico<\/a><span style=\"color: #555555;\">, cuya finalidad es prolongar la relaci\u00f3n sexual el m\u00e1ximo tiempo posible sin que el hombre llegue demasiado r\u00e1pido al final, ya que las mujeres suelen tardar m\u00e1s en llegar al orgasmo que su compa\u00f1ero masculino (suelen, no siempre sucede as\u00ed). Hoy hablaremos de un tipo de m\u00e9todo similar a este, que \u00faltimamente parece estar muy de moda y que disfrutan sobre todo los hombres:<\/span>el m\u00e9todo Karezza<span style=\"color: #555555;\">.<\/span><\/strong><\/p>\n<p style=\"color: #555555; text-align: justify;\">Parece ser que cada vez m\u00e1s parejas se suman a la moda del sexo Karezza que, como os he comentado, se basa en no llegar nunca al orgasmo. Lo practican parejas cansadas de \u201csiempre lo mismo\u201d, es decir, de tener siempre el mismo tipo de sexo rutinario.\u00a0<strong>Karezza les ofrece un poco de \u201cchispa\u201d a sus relaciones sexuales<\/strong>. La verdad es que cuando te presentan un tipo de relaci\u00f3n sexual donde la finalidad es no llegar nunca al orgasmo piensas \u00bf\u00a1\u00bfC\u00f3mo?!? Pero parece que debe ser bueno, porque est\u00e1 acaparando muchos seguidores \u00faltimamente.<\/p>\n<p style=\"color: #555555; text-align: justify;\"><strong>La palabra Karezza viene de la palabra italiana Carezza, que significa caricia, y se ha escogido para describir este m\u00e9todo porque lo que se busca es un tipo de relaci\u00f3n centrada en el apego y el afecto y no en el climax<\/strong>. La palabra Karezza fue usada por primera vez por la Dra. Alice bunker Stockham en 1896, una obstetra feminista de la \u00e9poca, en Chicago. Ella defend\u00eda la satisfacci\u00f3n sexual tanto para hombres como mujeres (algo l\u00f3gico y normal que mucha gente no parece entender hoy en d\u00eda).<\/p>\n<p style=\"text-align: justify;\">Por tanto,\u00a0<strong>es un tipo de m\u00e9todo para parejas estables<\/strong>, no creo que sea recomendable para sexo espor\u00e1dico con diferentes compa\u00f1er@s sexuales, porque no conseguiremos el mismo resultado, ya que no se suele buscar \u201cafecto\u201d o \u201capego\u201d en este tipo de encuentros, \u00bfno?<\/p>\n<p style=\"text-align: justify;\">En el peri\u00f3dico\u00a0<em>Daily Mail<\/em>\u00a0afirman que\u00a0<strong>este m\u00e9todo ha ayudado a muchas parejas a curar sus matrimonios, inyectar una chispa a su vida sexual, ayudar contra la adicci\u00f3n a la pornograf\u00eda e incluso curar la disfunci\u00f3n er\u00e9ctil<\/strong>.<\/p>\n<p style=\"text-align: justify;\">Por otra parte, seg\u00fan explica Deb Feintech (una consejera sexul de Portland) a\u00a0<em>ABC News<\/em>, el m\u00e9todo Karezza puede ayudar a las parejas a reparar sus relaciones rotas:<\/p>\n<blockquote style=\"font-style: italic;\"><p>\u201cLas personas m\u00e1s interesadas son hombres. Es muy radical para ellos, pero encuentran una intimidad emocional mucho mayor que las emociones de la caza o mentalidad de apareamiento\u201d<\/p><\/blockquote>\n<p style=\"text-align: justify;\">Adem\u00e1s, Feintech a\u00f1ade que\u00a0<strong>este m\u00e9todo no es solo \u00fatil para parejas de mediana edad<\/strong>\u00a0que luchan contra el aburrimiento de un largo matrimonio, sino\u00a0<strong>tambi\u00e9n para parejas j\u00f3venes reci\u00e9n casadas por ejemplo<\/strong>.<\/p>\n<p style=\"text-align: justify;\">Fueten: www.medciencia.com<\/p>\n","protected":false},"excerpt":{"rendered":"<p>Las relaciones sexuales pueden ser muy variadas, y en muchos sentidos. Las posiciones pueden ser ilimitadas (que haya una que se llame 69 no significa que solo haya 69 tipos\u2026 no nos equivoquemos \u00bfeh?). Seguro que alguna vez habr\u00e9is escuchado hablar del\u00a0sexo t\u00e1ntrico, cuya finalidad es prolongar la relaci\u00f3n sexual el m\u00e1ximo tiempo posible sin [&hellip;]<\/p>\n","protected":false},"featured_media":4212,"template":"","meta":[],"product_brand":[],"product_cat":[],"product_tag":[278,147,154,146,145],"class_list":{"0":"post-4211","1":"product","2":"type-product","3":"status-publish","4":"has-post-thumbnail","6":"product_tag-orgasmos-sexualidad","7":"product_tag-rio-grande","8":"product_tag-sexshop","9":"product_tag-tierra-del-fuego","10":"product_tag-ushuaia","12":"first","13":"instock","14":"shipping-taxable","15":"product-type-simple"},"_links":{"self":[{"href":"https:\/\/sexysiempre.com\/web\/wp-json\/wp\/v2\/product\/4211","targetHints":{"allow":["GET"]}}],"collection":[{"href":"https:\/\/sexysiempre.com\/web\/wp-json\/wp\/v2\/product"}],"about":[{"href":"https:\/\/sexysiempre.com\/web\/wp-json\/wp\/v2\/types\/product"}],"wp:featuredmedia":[{"embeddable":true,"href":"https:\/\/sexysiempre.com\/web\/wp-json\/wp\/v2\/media\/4212"}],"wp:attachment":[{"href":"https:\/\/sexysiempre.com\/web\/wp-json\/wp\/v2\/media?parent=4211"}],"wp:term":[{"taxonomy":"product_brand","embeddable":true,"href":"https:\/\/sexysiempre.com\/web\/wp-json\/wp\/v2\/product_brand?post=4211"},{"taxonomy":"product_cat","embeddable":true,"href":"https:\/\/sexysiempre.com\/web\/wp-json\/wp\/v2\/product_cat?post=4211"},{"taxonomy":"product_tag","embeddable":true,"href":"https:\/\/sexysiempre.com\/web\/wp-json\/wp\/v2\/product_tag?post=4211"}],"curies":[{"name":"wp","href":"https:\/\/api.w.org\/{rel}","templated":true}]}}