{"id":4228,"date":"2014-07-08T17:15:13","date_gmt":"2014-07-08T20:15:13","guid":{"rendered":"http:\/\/sexysiempre.com\/web\/?p=4228"},"modified":"2014-07-08T17:15:13","modified_gmt":"2014-07-08T20:15:13","slug":"placer-entre-suenos","status":"publish","type":"product","link":"https:\/\/sexysiempre.com\/web\/producto\/placer-entre-suenos","title":{"rendered":"PLACER ENTRE SUE\u00d1OS\u2026"},"content":{"rendered":"<p style=\"text-align: justify;\"><strong>El erotismo y la sexualidad no se detienen ni siquiera cuando dormimos. \u00bfQui\u00e9n no recuerda, al menos, haber tenido alg\u00fan sue\u00f1o er\u00f3tico? Algunos, pueden ser tan poderosos y tan reales que incluso, mujeres que tienen dificultades en experimentar orgasmos durante sus relaciones sexuales o que jam\u00e1s los han tenido en la vigilia, conocen de qu\u00e9 se trata el Gran Oooh en el mundo de los sue\u00f1os.<\/strong><\/p>\n<p style=\"font-weight: 300; text-align: justify;\">Lo cierto es que los sue\u00f1os er\u00f3ticos no son tan extra\u00f1os como podemos llegar a pensar. Un estudio realizado en la Universidad de Montreal en Canad\u00e1, revela que el 8 por ciento de nuestros sue\u00f1os, tiene alg\u00fan contenido sexual.\u00a0 Y las mujeres son tan dadas a los sue\u00f1os er\u00f3ticos como los hombres, seg\u00fan Antonio Zadra, profesor de psicolog\u00eda de la citada universidad y autor de la investigaci\u00f3n. En eso no hay diferencia, pero s\u00ed en los contenidos de lo que so\u00f1amos.<\/p>\n<p style=\"font-weight: 300; text-align: justify;\"><strong>\u00bfCon qu\u00e9 sue\u00f1an las mujeres?<br \/>\n<\/strong>Las mujeres suelen so\u00f1ar con su pareja actual o ex amantes y tambi\u00e9n celebridades.<br \/>\nEl 18 por ciento de ellas, tiene sue\u00f1os relacionados con un sexo no deseado.<br \/>\nEl 4 por ciento de las mujeres que particip\u00f3 en la investigaci\u00f3n, so\u00f1\u00f3 que sus parejas ten\u00edan un orgasmo.<\/p>\n<p style=\"text-align: justify;\"><strong>\u00bfCon qu\u00e9 sue\u00f1an los hombres?<br \/>\n<\/strong>A diferencia de las mujeres que tienen encuentros on\u00edricos con personas que conocen, los hombres est\u00e1n m\u00e1s predispuestos a tener fantas\u00edas sexuales con personas imaginarias.<br \/>\nS\u00f3lo el cinco por ciento de los hombres, sue\u00f1a con sexo no deseado. Adem\u00e1s, los hombres son mucho m\u00e1s propensos a tener sue\u00f1os con m\u00e1s de una pareja, aunque ninguno de los voluntarios que particip\u00f3 en el estudio report\u00f3 haber so\u00f1ado que su pareja tuviese un orgasmo.<\/p>\n<p style=\"text-align: justify;\"><strong>Revelaciones on\u00edricas<br \/>\n<\/strong>El hecho de que las mujeres s\u00ed hayan reportado tener sue\u00f1os donde sus parejas tienen orgasmos, y los hombres no, refuerza el estereotipo de que los hombres piensan m\u00e1s en su propio placer. Seg\u00fan Zadra, al menos esto es lo que parecen confirmar los sue\u00f1os; aunque el psic\u00f3logo ofrece otra interpretaci\u00f3n: \u201cPodr\u00eda ser m\u00e1s dif\u00edcil durante los sue\u00f1os REM, atribuir esta clase de emociones (orgasmos) a otra persona que no sea uno mismo; y tal vez, a las mujeres se les haga m\u00e1s f\u00e1cil\u201d.<\/p>\n<p style=\"text-align: justify;\">Otra revelaci\u00f3n interesante sobre este estudio, es que el mismo porcentaje de hombres y mujeres han tenido orgasmos durante los sue\u00f1os er\u00f3ticos. Y esto es maravilloso, porque se sabe que durante la vigilia, las mujeres solemos tener m\u00e1s dificultades para alcanzar el cl\u00edmax!<br \/>\n<strong>\u00bfSer\u00e1 que la clave para que el Gran Oooh salga de nuestros sue\u00f1os y entre en nuestras vidas, es que terminemos de liberarnos de todos nuestros tab\u00faes y represiones?<\/strong><\/p>\n<p style=\"text-align: justify;\">Fuente: www.universoalessandra.com<\/p>\n","protected":false},"excerpt":{"rendered":"<p>El erotismo y la sexualidad no se detienen ni siquiera cuando dormimos. \u00bfQui\u00e9n no recuerda, al menos, haber tenido alg\u00fan sue\u00f1o er\u00f3tico? Algunos, pueden ser tan poderosos y tan reales que incluso, mujeres que tienen dificultades en experimentar orgasmos durante sus relaciones sexuales o que jam\u00e1s los han tenido en la vigilia, conocen de qu\u00e9 [&hellip;]<\/p>\n","protected":false},"featured_media":4229,"template":"","meta":[],"product_brand":[],"product_cat":[],"product_tag":[157,181,147,154,279,146,145],"class_list":{"0":"post-4228","1":"product","2":"type-product","3":"status-publish","4":"has-post-thumbnail","6":"product_tag-fantasias-2","7":"product_tag-orgasmos","8":"product_tag-rio-grande","9":"product_tag-sexshop","10":"product_tag-suenos-eroticos","11":"product_tag-tierra-del-fuego","12":"product_tag-ushuaia","14":"first","15":"instock","16":"shipping-taxable","17":"product-type-simple"},"_links":{"self":[{"href":"https:\/\/sexysiempre.com\/web\/wp-json\/wp\/v2\/product\/4228","targetHints":{"allow":["GET"]}}],"collection":[{"href":"https:\/\/sexysiempre.com\/web\/wp-json\/wp\/v2\/product"}],"about":[{"href":"https:\/\/sexysiempre.com\/web\/wp-json\/wp\/v2\/types\/product"}],"wp:featuredmedia":[{"embeddable":true,"href":"https:\/\/sexysiempre.com\/web\/wp-json\/wp\/v2\/media\/4229"}],"wp:attachment":[{"href":"https:\/\/sexysiempre.com\/web\/wp-json\/wp\/v2\/media?parent=4228"}],"wp:term":[{"taxonomy":"product_brand","embeddable":true,"href":"https:\/\/sexysiempre.com\/web\/wp-json\/wp\/v2\/product_brand?post=4228"},{"taxonomy":"product_cat","embeddable":true,"href":"https:\/\/sexysiempre.com\/web\/wp-json\/wp\/v2\/product_cat?post=4228"},{"taxonomy":"product_tag","embeddable":true,"href":"https:\/\/sexysiempre.com\/web\/wp-json\/wp\/v2\/product_tag?post=4228"}],"curies":[{"name":"wp","href":"https:\/\/api.w.org\/{rel}","templated":true}]}}