{"id":4314,"date":"2014-07-23T18:19:57","date_gmt":"2014-07-23T21:19:57","guid":{"rendered":"http:\/\/sexysiempre.com\/web\/?p=4314"},"modified":"2014-07-23T18:20:09","modified_gmt":"2014-07-23T21:20:09","slug":"relacion-abierta-una-opcion","status":"publish","type":"product","link":"https:\/\/sexysiempre.com\/web\/producto\/relacion-abierta-una-opcion","title":{"rendered":"Relaci\u00f3n Abierta: Una opci\u00f3n?"},"content":{"rendered":"<p style=\"text-align: justify;\"><strong>Para escapar de la rutina y renovar la emoci\u00f3n, hay parejas que se permiten mantener relaciones sexuales con terceros. \u00bfLa clave para que funcione? \u00a1Reglas claras!<\/strong><\/p>\n<p style=\"font-weight: 300; text-align: justify;\">El modelo de pareja al que estamos acostumbrados es el monog\u00e1mico. Ya sea por la \u00e9poca en que vivimos o por nuestra cultura occidental, lo m\u00e1s frecuente es que una pareja estable, unida en matrimonio o no, se limite a mantener relaciones sexuales dentro de la pareja. De lo contrario, se considera que est\u00e1 siendo infiel.<\/p>\n<p style=\"font-weight: 300; text-align: justify;\">Sin embargo, no todos se encuentran c\u00f3modos con este modelo y esa especie de contrato.\u00a0 Mientras a algunos los emociona la decisi\u00f3n de pasar el resto de la vida con la misma persona \u2013 y tener sexo solo con ella-, a otros esa misma idea les da escalofr\u00edos. Pero no por eso estos \u00faltimos desean renunciar a una pareja estable, y aqu\u00ed puede entrar la variable de una relaci\u00f3n abierta como una opci\u00f3n viable, siempre y cuando el acuerdo rija de la misma manera para los dos.<\/p>\n<p style=\"font-weight: 300; text-align: justify;\">Hay quienes aseguran que una pareja abierta termina separ\u00e1ndose, pero la realidad es que el divorcio y la separaci\u00f3n son moneda corriente ya sea entre parejas tradicionales o no. Por el momento, las relaciones abiertas suelen ser solamente una faceta que la pareja est\u00e1 experimentando y que tiene fecha de vencimiento. Adem\u00e1s, lo m\u00e1s probable es que se d\u00e9 en personas m\u00e1s maduras, que buscan rehuir de la rutina. Esos encuentros furtivos los llenan de adrenalina, les renuevan la emoci\u00f3n e incluso las ganas de tener sexo con su pareja.<\/p>\n<p style=\"font-weight: 300; text-align: justify;\">Pero que hay riesgos, \u00a1s\u00ed que los hay! El temor m\u00e1s grande es que algunos de los dos se enamore de un tercero. Por lo tanto, si desean mantener una relaci\u00f3n abierta, lo m\u00e1s conveniente es que tengan en cuenta tres cosas:<\/p>\n<p style=\"font-weight: 300; text-align: justify;\"><b>La comunicaci\u00f3n<\/b><\/p>\n<p style=\"font-weight: 300; text-align: justify;\">Es clave conversar y preguntarse c\u00f3mo se sienten con este tipo de relaci\u00f3n. Si bien puede comenzar con mucho entusiasmo por las dos partes, no todos estamos hechos para mantener una relaci\u00f3n as\u00ed, y mientras uno de los dos se encuentra pas\u00e1ndola genial, el otro comienza a sufrir. Entonces, surgen los rencores, los celos y la pareja puede peligrar. As\u00ed que eviten el sufrimiento y compartan sus sentimientos.<\/p>\n<p style=\"font-weight: 300; text-align: justify;\"><b>Un acuerdo<\/b><\/p>\n<p style=\"font-weight: 300; text-align: justify;\">Para evitar malentendidos, lo mejor es establecer un acuerdo entre los dos. No hay f\u00f3rmulas ni recetas para ello, pero es el momento para hablar de aquellas cosas que les podr\u00edan molestar o que consideran una transgresi\u00f3n, porque una relaci\u00f3n abierta tambi\u00e9n tiene sus l\u00edmites. Algunos ejemplos pueden ser: no mantener relaciones sexuales con la misma persona m\u00e1s de una vez, volver siempre a dormir a casa, alejarse de ese tercero si entran sentimientos en juego.\u00a0 Ahora s\u00ed, si realizan cosas fuera de este acuerdo, estar\u00edan siendo deshonestos con su pareja.<\/p>\n<p style=\"font-weight: 300; text-align: justify;\"><b>Sexo seguro<\/b><\/p>\n<p style=\"font-weight: 300; text-align: justify;\">Siempre hay que practicar sexo seguro, pero m\u00e1s a\u00fan si tienen una relaci\u00f3n abierta. Al tener m\u00faltiples amantes, las posibilidades de contraer enfermedades de transmisi\u00f3n sexual se multiplican, \u00a1as\u00ed que por favor usen preservativo! Tampoco querr\u00e1n arriesgarse a un embarazo no deseado, especialmente si es con alguien fuera de la pareja.<\/p>\n<p style=\"font-weight: 300; text-align: justify;\">As\u00ed como surgieron las familias ensambladas, y gozan del visto bueno de la mayor parte de la sociedad occidental, quiz\u00e1s los modelos de pareja tambi\u00e9n vayan mutando con el transcurso del tiempo. \u00a1\u00bfQui\u00e9n les dice?!<\/p>\n<p style=\"font-weight: 300;\"><b>\u00bfAlguna vez mantuviste una relaci\u00f3n abierta? \u00bfC\u00f3mo fue tu experiencia? Cu\u00e9ntanos!!!<\/b><\/p>\n<p style=\"font-weight: 300;\">Fuente: www.sexysiempre.com<\/p>\n","protected":false},"excerpt":{"rendered":"<p>Para escapar de la rutina y renovar la emoci\u00f3n, hay parejas que se permiten mantener relaciones sexuales con terceros. \u00bfLa clave para que funcione? \u00a1Reglas claras! El modelo de pareja al que estamos acostumbrados es el monog\u00e1mico. Ya sea por la \u00e9poca en que vivimos o por nuestra cultura occidental, lo m\u00e1s frecuente es que [&hellip;]<\/p>\n","protected":false},"featured_media":4315,"template":"","meta":[],"product_brand":[],"product_cat":[],"product_tag":[284,147,154,146,145],"class_list":{"0":"post-4314","1":"product","2":"type-product","3":"status-publish","4":"has-post-thumbnail","6":"product_tag-relacion-abierta","7":"product_tag-rio-grande","8":"product_tag-sexshop","9":"product_tag-tierra-del-fuego","10":"product_tag-ushuaia","12":"first","13":"instock","14":"shipping-taxable","15":"product-type-simple"},"_links":{"self":[{"href":"https:\/\/sexysiempre.com\/web\/wp-json\/wp\/v2\/product\/4314","targetHints":{"allow":["GET"]}}],"collection":[{"href":"https:\/\/sexysiempre.com\/web\/wp-json\/wp\/v2\/product"}],"about":[{"href":"https:\/\/sexysiempre.com\/web\/wp-json\/wp\/v2\/types\/product"}],"wp:featuredmedia":[{"embeddable":true,"href":"https:\/\/sexysiempre.com\/web\/wp-json\/wp\/v2\/media\/4315"}],"wp:attachment":[{"href":"https:\/\/sexysiempre.com\/web\/wp-json\/wp\/v2\/media?parent=4314"}],"wp:term":[{"taxonomy":"product_brand","embeddable":true,"href":"https:\/\/sexysiempre.com\/web\/wp-json\/wp\/v2\/product_brand?post=4314"},{"taxonomy":"product_cat","embeddable":true,"href":"https:\/\/sexysiempre.com\/web\/wp-json\/wp\/v2\/product_cat?post=4314"},{"taxonomy":"product_tag","embeddable":true,"href":"https:\/\/sexysiempre.com\/web\/wp-json\/wp\/v2\/product_tag?post=4314"}],"curies":[{"name":"wp","href":"https:\/\/api.w.org\/{rel}","templated":true}]}}