{"id":4321,"date":"2014-07-25T14:35:59","date_gmt":"2014-07-25T17:35:59","guid":{"rendered":"http:\/\/sexysiempre.com\/web\/?p=4321"},"modified":"2019-09-10T19:39:55","modified_gmt":"2019-09-10T22:39:55","slug":"7-mensajes-para-seducir","status":"publish","type":"product","link":"https:\/\/sexysiempre.com\/web\/producto\/7-mensajes-para-seducir","title":{"rendered":"7 mensajes para seducir&#8230;"},"content":{"rendered":"<p style=\"text-align: justify;\"><strong>Una simple combinaci\u00f3n de palabras puede enloquecer a tu chico. Basta que sepas c\u00f3mo provocar sus sentidos, c\u00f3mo incitar su imaginaci\u00f3n y c\u00f3mo desencadenar una charla hot en minutos. <\/strong><br \/>\n<strong>A continuaci\u00f3n te damos algunas ideas. \u00a1Presta atenci\u00f3n a los siguientes mensajes y an\u00edmate a enviarlos!<\/strong><\/p>\n<h2 style=\"font-weight: bold; color: #000000; text-align: justify;\">#7 Te muestro lo m\u00edo si me muestras lo tuyo&#8230;<\/h2>\n<p style=\"color: #000000; text-align: justify;\">\u00a1Sorpr\u00e9ndelo sin inhibiciones! Prov\u00f3calo tentando su imaginaci\u00f3n, prometi\u00e9ndole un campo visual que \u00e9l no podr\u00e1 resistir.<\/p>\n<h2 style=\"font-weight: bold; color: #000000; text-align: justify;\">#6 En este momento no estoy usando ropa interior&#8230;<\/h2>\n<p style=\"color: #000000; text-align: justify;\">\u00a1\u00c9l enloquecer\u00e1 por completo si le comentas que no llevas ropa interior! Su mente no podr\u00e1 descansar, al menos hasta que vuelva a verte.<\/p>\n<h2 style=\"font-weight: bold; color: #000000; text-align: justify;\">#5 Escond\u00ed algo en mi escote. M\u00e1s tarde intenta encontrarlo&#8230;<\/h2>\n<p style=\"color: #000000; text-align: justify;\">Esconder algo en tu ropa interior puede ser un juego muy divertido si quieres subir las temperaturas. \u00c9l tendr\u00e1 que desvestirte para encontrarlo, admirando tu cuerpo al desnudo.<\/p>\n<h2 style=\"font-weight: bold; color: #000000; text-align: justify;\">#4 Hoy tuve un d\u00eda estresante. Quiero que me ayudes a relajarme&#8230;<\/h2>\n<p style=\"color: #000000; text-align: justify;\">Con una frase tan simple, puedes anticipar lo que se avecina\u00a0en\u00a0la noche. \u00c9l sabr\u00e1 que se trata de sexo, aunque tu mensaje haya sido indirecto.<\/p>\n<h2 style=\"font-weight: bold; color: #000000; text-align: justify;\">#3 Estuve pensando en ti todo el d\u00eda. Pero nada inocente&#8230;<\/h2>\n<p style=\"color: #000000; text-align: justify;\">Si no quieres un mensaje demasiado picante, pero s\u00ed un texto para elevar la pasi\u00f3n&#8230; \u00a1prueba estas palabras! No demorar\u00e1n en iniciar una charla\u00a0<em style=\"font-style: italic;\">hot<\/em>, que culminar\u00e1 en un encuentro nocturno.<\/p>\n<h2 style=\"font-weight: bold; color: #000000; text-align: justify;\">#2 Nos vemos en casa esta noche. Llevar ropa es opcional&#8230;<\/h2>\n<p style=\"color: #000000; text-align: justify;\">Luego de concretar una cita, aseg\u00farate de subir sus hormonas. Menci\u00f3nale que llevar ropa es opcional, para que sepa lo que le espera.<\/p>\n<h2 style=\"font-weight: bold; color: #000000; text-align: justify;\">#1 Me gusta tu corbata. Quiz\u00e1s podamos usarla esta noche&#8230;<\/h2>\n<p style=\"color: #000000; text-align: justify;\">Si has visto la corbata que tu chico llev\u00f3 al trabajo, menci\u00f3nale estas palabras. \u00c9l sabr\u00e1 muy bien a qu\u00e9 te refieres.<\/p>\n<p style=\"color: #000000; text-align: justify;\">Fuente: www.mujer.com<\/p>\n","protected":false},"excerpt":{"rendered":"<p>Una simple combinaci\u00f3n de palabras puede enloquecer a tu chico. Basta que sepas c\u00f3mo provocar sus sentidos, c\u00f3mo incitar su imaginaci\u00f3n y c\u00f3mo desencadenar una charla hot en minutos. A continuaci\u00f3n te damos algunas ideas. \u00a1Presta atenci\u00f3n a los siguientes mensajes y an\u00edmate a enviarlos! #7 Te muestro lo m\u00edo si me muestras lo tuyo&#8230; [&hellip;]<\/p>\n","protected":false},"featured_media":4322,"template":"","meta":[],"product_brand":[],"product_cat":[],"product_tag":[147,235,154,146,145],"class_list":{"0":"post-4321","1":"product","2":"type-product","3":"status-publish","4":"has-post-thumbnail","6":"product_tag-rio-grande","7":"product_tag-seduccion","8":"product_tag-sexshop","9":"product_tag-tierra-del-fuego","10":"product_tag-ushuaia","12":"first","13":"instock","14":"shipping-taxable","15":"product-type-simple"},"_links":{"self":[{"href":"https:\/\/sexysiempre.com\/web\/wp-json\/wp\/v2\/product\/4321","targetHints":{"allow":["GET"]}}],"collection":[{"href":"https:\/\/sexysiempre.com\/web\/wp-json\/wp\/v2\/product"}],"about":[{"href":"https:\/\/sexysiempre.com\/web\/wp-json\/wp\/v2\/types\/product"}],"wp:featuredmedia":[{"embeddable":true,"href":"https:\/\/sexysiempre.com\/web\/wp-json\/wp\/v2\/media\/4322"}],"wp:attachment":[{"href":"https:\/\/sexysiempre.com\/web\/wp-json\/wp\/v2\/media?parent=4321"}],"wp:term":[{"taxonomy":"product_brand","embeddable":true,"href":"https:\/\/sexysiempre.com\/web\/wp-json\/wp\/v2\/product_brand?post=4321"},{"taxonomy":"product_cat","embeddable":true,"href":"https:\/\/sexysiempre.com\/web\/wp-json\/wp\/v2\/product_cat?post=4321"},{"taxonomy":"product_tag","embeddable":true,"href":"https:\/\/sexysiempre.com\/web\/wp-json\/wp\/v2\/product_tag?post=4321"}],"curies":[{"name":"wp","href":"https:\/\/api.w.org\/{rel}","templated":true}]}}