{"id":4525,"date":"2014-08-12T19:15:01","date_gmt":"2014-08-12T22:15:01","guid":{"rendered":"http:\/\/sexysiempre.com\/web\/?p=4525"},"modified":"2014-08-12T19:15:01","modified_gmt":"2014-08-12T22:15:01","slug":"besos-y-caricias-un-paso-a-paso-para-delirar-de-placer","status":"publish","type":"product","link":"https:\/\/sexysiempre.com\/web\/producto\/besos-y-caricias-un-paso-a-paso-para-delirar-de-placer","title":{"rendered":"Besos y caricias: un \u201cpaso a paso\u201d para delirar de placer."},"content":{"rendered":"<p style=\"text-align: justify;\"><strong><span style=\"color: #000000;\">Con tu boca y con tus manos, te guiamos para que puedas recorrer el cuerpo de tu amante, sin olvidar las zonas m\u00e1s er\u00f3ticas. Hay consejos para mujeres y hombres\u2026 \u00a1Imperdibles! \u00a0<\/span><\/strong><\/p>\n<p style=\"text-align: justify;\">Por Dr. Walter Ghedin<\/p>\n<p style=\"text-align: justify;\">\n<p style=\"color: #000000; text-align: justify;\">Las caricias y los besos son tan importantes como el\u00a0<a style=\"font-weight: inherit; font-style: inherit; color: #810e53;\" href=\"http:\/\/entremujeres.clarin.com\/pareja-y-sexo\/Animate-placer-oral_0_341365863.html\" target=\"_blank\">cunnilingus\u00a0<\/a>o la<a style=\"font-weight: inherit; font-style: inherit; color: #810e53;\" href=\"http:\/\/entremujeres.clarin.com\/pareja-y-sexo\/sexo-oral-consejos_0_374962507.html\" target=\"_blank\">felatio<\/a>. La estimulaci\u00f3n de los labios y de la mucosa oral induce un fuerte sentimiento de conexi\u00f3n.<\/p>\n<p style=\"color: #000000; text-align: justify;\">Cerrar los ojos durante el beso ayuda a concentrarse en las sensaciones que produce, condici\u00f3n necesaria para adentrarnos en la primera direcci\u00f3n que tiene el v\u00ednculo sexual: conectarnos con nosotros mismos. La atenci\u00f3n autoer\u00f3tica en el adulto reproduce el desarrollo de la sexualidad desde el comienzo de la vida: descubro y reconozco mis placeres para luego abrirme al otro. En esta interacci\u00f3n din\u00e1mica entre uno mismo y el otro se basa todo v\u00ednculo sexual.<\/p>\n<p style=\"color: #000000; text-align: justify;\">El refinamiento de la conexi\u00f3n incluye dar y recibir con un conjunto de pr\u00e1cticas que nos complace y complace al otro. Cuando se abandona este delicado equilibrio y la balanza se orienta hacia los extremos, la conducta var\u00eda entre el ego\u00edsmo (estar centrado en el propio placer) y la necesidad por complacer (centrado en el placer del otro).<\/p>\n<p style=\"text-align: justify;\"><strong style=\"font-weight: bold; font-style: inherit;\">Revanchas: cuando la cama es un ring<\/strong><\/p>\n<p style=\"text-align: justify;\">Escuchamos de muchas mujeres casadas o en pareja: \u201c\u00e9l no me besa\u201d. As\u00ed como de ellos nos llega el cl\u00e1sico: \u201cno quiere que le bese los pechos, y ni hablar de pedirle que me bese el pene\u201d. Cuando investigamos en detalle la intimidad de la relaci\u00f3n sexual nos damos cuenta que las diferencias no solo se asientan en inhibiciones personales, sino tambi\u00e9n, y en gran medida, en la revancha por no hacer lo que al otro le gusta: \u201csi no me bes\u00e1s no te hago sexo oral\u201d.<\/p>\n<p style=\"text-align: justify;\">Una cosa trae la otra, sobre todo cuando en las relaciones sexuales se dirimen cuestiones de poder que no pueden resolverse fuera de la cama. El encuentro \u00edntimo puede convertirse en el Ed\u00e9n del placer (con manzana de la tentaci\u00f3n incluida) o en un ring donde se ajustan temas de dominaci\u00f3n y resistencia a la sumisi\u00f3n. En un escenario de acuerdo, tanto la mujer como el hombre, alternan sus roles para dar y recibir placer.<\/p>\n<p style=\"color: #000000; text-align: justify;\"><strong style=\"font-weight: bold; font-style: inherit; color: #000000;\">Consejos para el hombre<\/strong><\/p>\n<p style=\"color: #000000; text-align: justify;\">* Recorrer suavemente, primero con los dedos y luego con la mano, las diferentes partes de la regi\u00f3n pelviana (la entrepierna) de la mujer, sugiriendo empezar de afuera hacia adentro: desde la cara interna de los muslos hasta los labios mayores, desde el abdomen hasta el monte de Venus (sobre la pelvis, el sector que se cubre de vello).<br \/>\nLas caricias pueden acompa\u00f1arse con besos en la boca, en el cuello, recorrer los senos, la areola mamaria y los pezones.<\/p>\n<p style=\"color: #000000; text-align: justify;\">* La mujer puede invitar, con movimientos corporales, gemidos o palabras, a que el hombre permanezca en esa zona por el placer que le produce. La lubricaci\u00f3n femenina ayuda a recorrer los labios menores, el cl\u00edtoris y a la exploraci\u00f3n suave con los dedos del interior de la vagina.<\/p>\n<p style=\"color: #000000; text-align: justify;\">* El\u00a0<a style=\"font-weight: inherit; font-style: inherit; color: #810e53;\" href=\"http:\/\/entremujeres.clarin.com\/pareja-y-sexo\/sexo\/sexo-clitoris-orgasmo-zonas_erogenas-placer-mujer-climax-cuerpo_0_1025897491.html\" target=\"_blank\">cl\u00edtoris\u00a0<\/a>debe ser estimulado desde la base y no desde la punta, porque la alta sensibilidad de la zona puede generar irritaci\u00f3n.<\/p>\n<p style=\"color: #000000; text-align: justify;\">* El uso de lubricantes \u00edntimos a base de agua, sean los comunes o los que poseen L-arginina (son vasodilatadores, dan calor y mayor sensibilidad), ayudan al contacto, sobre todo en aquellas mujeres con problemas en la lubricaci\u00f3n.<\/p>\n<p style=\"color: #000000; text-align: justify;\">* La introducci\u00f3n de los dedos en la vagina, o el uso de un dildo (consolador), haciendo presi\u00f3n en la parte superior de la vagina puede provocar el orgasmo por acci\u00f3n sobre el punto G.<\/p>\n<p style=\"color: #000000; text-align: justify;\">* No debemos olvidar la regi\u00f3n de la nuca, la espalda, los gl\u00fateos y la parte dorsal de muslos y pies.<\/p>\n<p style=\"text-align: justify;\">* El ano tambi\u00e9n puede recibir los beneficios de las caricias. El esf\u00ednter y la mucosa anal est\u00e1n muy inervados, por lo que su estimulaci\u00f3n despierta sensaciones muy placenteras. El camino intermedio entre la vagina y el ano es tambi\u00e9n una zona muy sensible a los est\u00edmulos t\u00e1ctiles y orales, tanto en la mujer como en el hombre.<\/p>\n<p style=\"text-align: justify;\">\n<p style=\"text-align: justify;\"><strong style=\"font-weight: bold; font-style: inherit;\">Consejos para la mujer<\/strong><\/p>\n<p style=\"text-align: justify;\">* Pod\u00e9s montarte sobre \u00e9l, besarlo, recorrer con tu lengua su cara, cuello, t\u00f3rax, abdomen, mientras tus dedos acarician sus muslos hasta acercarse a los test\u00edculos y al pene.<\/p>\n<p style=\"text-align: justify;\">* Los hombres tambi\u00e9n tienen una alta sensibilidad en los pezones, en las axilas, la cara interna de los muslos, entre otras \u00e1reas. Es importante detenerse en esas zonas corporales y variar la presi\u00f3n y el ritmo para provocar distintas sensaciones.<\/p>\n<p style=\"text-align: justify;\">* M\u00e1s all\u00e1 de la felatio (sexo oral) y el recorrido genital, el intermedio entre los test\u00edculos y el ano puede generar mucho placer. Para algunos hombres el ano es zona vedada al placer por la connotaci\u00f3n homosexual que a\u00fan posee. No saben lo que se pierden por prejuiciosos y por sostener esa pauta absurda del machismo. Si la mujer se aventura en esos terrenos y el hombre permite tan grata intromisi\u00f3n, el placer obtenido puede ser superior a otras pr\u00e1cticas, tanto para el hombre como para la mujer. \u00bfPor qu\u00e9 decimos esto? Por lo menos existen dos motivos fundamentales: el goce que deriva de la sensibilidad de la regi\u00f3n y la ruptura de un mito que ayuda a disipar las diferencias que interpone la virilidad a ultranza. La mujer que estimula a su hombre en el ano y este disfruta, tiene que tener tambi\u00e9n la \u201ccabeza abierta\u201d para no detenerse en falsas creencias.<\/p>\n<p style=\"color: #000000; text-align: justify;\"><strong style=\"font-weight: bold; font-style: inherit; color: #000000;\">R\u00e1pido, lento, suave, fuerte&#8230;<\/strong><\/p>\n<p style=\"color: #000000; text-align: justify;\">Las caricias por todo el cuerpo deben cambiar de intensidad a medida que el juego progresa y los niveles de excitaci\u00f3n aumentan. Y como \u201csobre gustos no hay nada escrito\u201d a algunos\/as les gusta m\u00e1s suave, a otros m\u00e1s fuertes y est\u00e1n los que combinan las intensidades pasando del frenes\u00ed a la calma placentera.<\/p>\n<p style=\"color: #000000; text-align: justify;\">Los momentos de calma permiten encontrar pausas dentro del juego er\u00f3tico, sin perder nada de lo que se viene logrando. Por el contrario, un recurso valioso es suavizar para brindar placer y rotar la experiencia para que cada uno disfrute de las sensaciones brindadas por el otro.<\/p>\n<p style=\"color: #000000; text-align: justify;\">Las caricias en los genitales recorriendo cada una de sus partes anat\u00f3micas introducen a los amantes en la dimensi\u00f3n de un goce alto. Depender\u00e1 de las habilidades de cada uno para convertir estas regiones del cuerpo en fuente de exquisito placer.<\/p>\n<p style=\"color: #000000; text-align: justify;\">\n<p style=\"color: #000000; text-align: justify;\"><strong style=\"font-weight: bold; font-style: inherit; color: #000000;\">Extractos del libro\u00a0<\/strong><em style=\"font-weight: inherit; font-style: italic;\"><strong style=\"font-weight: bold; font-style: inherit; color: #000000;\">Sexo y sexualidad: hacia d\u00f3nde vamos<\/strong><\/em><strong style=\"font-weight: bold; font-style: inherit; color: #000000;\">\u00a0(ediciones Lea) del doctor Walter Ghedin, m\u00e9dico psiquiatra y sex\u00f3logo.<\/strong><\/p>\n<p style=\"text-align: justify;\">\n","protected":false},"excerpt":{"rendered":"<p>Con tu boca y con tus manos, te guiamos para que puedas recorrer el cuerpo de tu amante, sin olvidar las zonas m\u00e1s er\u00f3ticas. Hay consejos para mujeres y hombres\u2026 \u00a1Imperdibles! \u00a0 Por Dr. Walter Ghedin Las caricias y los besos son tan importantes como el\u00a0cunnilingus\u00a0o lafelatio. La estimulaci\u00f3n de los labios y de la [&hellip;]<\/p>\n","protected":false},"featured_media":4526,"template":"","meta":[],"product_brand":[],"product_cat":[],"product_tag":[147,154,177,146,145],"class_list":{"0":"post-4525","1":"product","2":"type-product","3":"status-publish","4":"has-post-thumbnail","6":"product_tag-rio-grande","7":"product_tag-sexshop","8":"product_tag-sexualidad","9":"product_tag-tierra-del-fuego","10":"product_tag-ushuaia","12":"first","13":"instock","14":"shipping-taxable","15":"product-type-simple"},"_links":{"self":[{"href":"https:\/\/sexysiempre.com\/web\/wp-json\/wp\/v2\/product\/4525","targetHints":{"allow":["GET"]}}],"collection":[{"href":"https:\/\/sexysiempre.com\/web\/wp-json\/wp\/v2\/product"}],"about":[{"href":"https:\/\/sexysiempre.com\/web\/wp-json\/wp\/v2\/types\/product"}],"wp:featuredmedia":[{"embeddable":true,"href":"https:\/\/sexysiempre.com\/web\/wp-json\/wp\/v2\/media\/4526"}],"wp:attachment":[{"href":"https:\/\/sexysiempre.com\/web\/wp-json\/wp\/v2\/media?parent=4525"}],"wp:term":[{"taxonomy":"product_brand","embeddable":true,"href":"https:\/\/sexysiempre.com\/web\/wp-json\/wp\/v2\/product_brand?post=4525"},{"taxonomy":"product_cat","embeddable":true,"href":"https:\/\/sexysiempre.com\/web\/wp-json\/wp\/v2\/product_cat?post=4525"},{"taxonomy":"product_tag","embeddable":true,"href":"https:\/\/sexysiempre.com\/web\/wp-json\/wp\/v2\/product_tag?post=4525"}],"curies":[{"name":"wp","href":"https:\/\/api.w.org\/{rel}","templated":true}]}}