{"id":4551,"date":"2014-09-05T22:15:37","date_gmt":"2014-09-06T01:15:37","guid":{"rendered":"http:\/\/sexysiempre.com\/web\/?p=4551"},"modified":"2014-09-05T22:15:37","modified_gmt":"2014-09-06T01:15:37","slug":"para-ellas-besos-intimos","status":"publish","type":"product","link":"https:\/\/sexysiempre.com\/web\/producto\/para-ellas-besos-intimos","title":{"rendered":"Para ellas&#8230;.Besos \u00edntimos!!"},"content":{"rendered":"<p><strong>Una poderosa pr\u00e1ctica para conseguir el misterioso y elusivo orgasmo femenino, es sin lugar a dudas, el sexo oral.\u00a0<\/strong><strong>Considerado por mucho tiempo como sexo tab\u00fa, hoy en d\u00eda es una pr\u00e1ctica generalmente vista con buenos ojos y disfrutada abierta y libremente por la mayor\u00eda de las personas.<\/strong><\/p>\n<p>&nbsp;<\/p>\n<p><span style=\"font-weight: 300;\">Su importancia es tal, que\u00a0<\/span><strong>algunas mujeres s\u00f3lo pueden alcanzar su cl\u00edmax en pareja a trav\u00e9s del cunnilingus (sexo oral practicado a las mujeres).<\/strong><span style=\"font-weight: 300;\">Diversos estudios han concluido que, dada la oportunidad de escoger entre el sexo oral y el\u00a0<\/span><\/p>\n<p style=\"font-weight: 300;\">coito, tanto hombres como mujeres escoger\u00edan los juegos orales.\u00a0 \u00a1Y es que la idea de una lengua estimulando los genitales resulta mucho m\u00e1s picante!\u00a0 Adem\u00e1s, tiene algunas grandes ventajas:<\/p>\n<ul style=\"font-weight: 300;\">\n<li>La lengua suele ser m\u00e1s h\u00fameda, suave, \u00e1gil y calientita que las manos y el pene, factores que aceleran la respuesta er\u00f3tica de quien recibe la caricia.<\/li>\n<li>Da la oportunidad de concentrar exclusivamente en el propio placer: la persona puede tumbarse y recibir, sin tener que corresponder simult\u00e1neamente, enfocando todas sus energ\u00edas y erotismo en su propia experiencia sexual, que a la vez es compartida.<\/li>\n<li>Provee libertad ante posibles preocupaciones de embarazos no deseados.<\/li>\n<\/ul>\n<p style=\"font-weight: 300;\">Sin embargo, el sexo oral es una de las expresiones sexuales que m\u00e1s inseguridad provoca en las personas.\u00a0 \u00a1Sencillamente porque no estamos muy seguros de c\u00f3mo practicarlo correctamente!<br \/>\nAs\u00ed que aqu\u00ed les dejamos algunas t\u00e9cnicas b\u00e1sicas para que se pongan a practicar y le regalen un cunnilingus espectacular a sus parejas:<\/p>\n<ul style=\"font-weight: 300;\">\n<li><strong style=\"color: #db0303;\">Usa tu boca completa:\u00a0<\/strong>Cubre su cl\u00edtoris completamente y succiona suavemente.\u00a0 No se trata s\u00f3lo de acariciar con la puntita de la lengua, sino de involucrar tu boca completa en el acto.<\/li>\n<li><strong style=\"color: #db0303;\">Maneja tu lengua:<\/strong>\u00a0Experimenta con todas las maneras en que puedas estimularla: presi\u00f3n firme y dispersa; caricias suaves, descuidadas, y resbalocitas; caricias duras y en\u00e9rgicas; lamidas largas y prolongadas (bajando desde cl\u00edtoris hasta su perineo); chupaditas (comienza suavemente, y ve variando la presi\u00f3n e intensidad de la succi\u00f3n).<\/li>\n<li><strong style=\"color: #db0303;\">Conc\u00e9ntrate en el cl\u00edtoris:<\/strong>\u00a0Lame su capuch\u00f3n por los laditos, y claro, acar\u00edcialo directamente.<\/li>\n<li><strong style=\"color: #db0303;\">Entra en ritmo:<\/strong>\u00a0No necesitas ir acelerando, sino mantenerte constante.\u00a0 Si algo est\u00e1 funcionando bien, no es el momento para ponerse creativo.\u00a0 Una variaci\u00f3n en ritmo o estimulaci\u00f3n estando cerca del cl\u00edmax org\u00e1smico puede dejarlas nuevamente en cero.\u00a0 Para las mujeres, el ritmo es muy importante.<\/li>\n<li><strong style=\"color: #db0303;\">Si se te cansa tu lengua, usa un dedo si necesitas un descanso.<\/strong><\/li>\n<li><strong style=\"color: #db0303;\">No te detengas al comenzar su orgasmo:<\/strong>\u00a0Muchas mujeres disfrutan de estimulaci\u00f3n continua mientras disfrutan de su cl\u00edmax org\u00e1smico.\u00a0 En el momento que ya no pueda m\u00e1s, cr\u00e9enos que te lo dejar\u00e1 saber.<\/li>\n<\/ul>\n<p style=\"font-weight: 300;\">Y a ustedes chicas, les decimos como siempre: d\u00edganle a sus parejas c\u00f3mo les gusta, denles pistas e indicaciones, y recuerden que el sexo oral puede ser el pasaje a un orgasmo inolvidable!<\/p>\n<p style=\"font-weight: 300;\">Fuente: www.universoalessandra.com<\/p>\n","protected":false},"excerpt":{"rendered":"<p>Una poderosa pr\u00e1ctica para conseguir el misterioso y elusivo orgasmo femenino, es sin lugar a dudas, el sexo oral.\u00a0Considerado por mucho tiempo como sexo tab\u00fa, hoy en d\u00eda es una pr\u00e1ctica generalmente vista con buenos ojos y disfrutada abierta y libremente por la mayor\u00eda de las personas. &nbsp; Su importancia es tal, que\u00a0algunas mujeres s\u00f3lo [&hellip;]<\/p>\n","protected":false},"featured_media":4552,"template":"","meta":[],"product_brand":[],"product_cat":[],"product_tag":[147,288,154,287,145],"class_list":{"0":"post-4551","1":"product","2":"type-product","3":"status-publish","4":"has-post-thumbnail","6":"product_tag-rio-grande","7":"product_tag-sexo-orla","8":"product_tag-sexshop","9":"product_tag-tierra-del-fueto","10":"product_tag-ushuaia","12":"first","13":"instock","14":"shipping-taxable","15":"product-type-simple"},"_links":{"self":[{"href":"https:\/\/sexysiempre.com\/web\/wp-json\/wp\/v2\/product\/4551","targetHints":{"allow":["GET"]}}],"collection":[{"href":"https:\/\/sexysiempre.com\/web\/wp-json\/wp\/v2\/product"}],"about":[{"href":"https:\/\/sexysiempre.com\/web\/wp-json\/wp\/v2\/types\/product"}],"wp:featuredmedia":[{"embeddable":true,"href":"https:\/\/sexysiempre.com\/web\/wp-json\/wp\/v2\/media\/4552"}],"wp:attachment":[{"href":"https:\/\/sexysiempre.com\/web\/wp-json\/wp\/v2\/media?parent=4551"}],"wp:term":[{"taxonomy":"product_brand","embeddable":true,"href":"https:\/\/sexysiempre.com\/web\/wp-json\/wp\/v2\/product_brand?post=4551"},{"taxonomy":"product_cat","embeddable":true,"href":"https:\/\/sexysiempre.com\/web\/wp-json\/wp\/v2\/product_cat?post=4551"},{"taxonomy":"product_tag","embeddable":true,"href":"https:\/\/sexysiempre.com\/web\/wp-json\/wp\/v2\/product_tag?post=4551"}],"curies":[{"name":"wp","href":"https:\/\/api.w.org\/{rel}","templated":true}]}}