{"id":4621,"date":"2014-10-04T17:02:28","date_gmt":"2014-10-04T20:02:28","guid":{"rendered":"http:\/\/sexysiempre.com\/web\/?p=4621"},"modified":"2014-10-04T17:02:28","modified_gmt":"2014-10-04T20:02:28","slug":"el-camino-hacia-el-orgasmo-femenino","status":"publish","type":"product","link":"https:\/\/sexysiempre.com\/web\/producto\/el-camino-hacia-el-orgasmo-femenino","title":{"rendered":"El camino hacia el orgasmo femenino"},"content":{"rendered":"<p><span style=\"color: #444444;\"><strong>El orgasmo es el gran comedor de palabras. S\u00f3lo permite el gemido, el aullido, la expresi\u00f3n infrahumana, pero no la palabra. &#8211;<\/strong>\u00a0<\/span><\/p>\n<p>&nbsp;<\/p>\n<p>&nbsp;<\/p>\n<p style=\"text-align: justify;\"><span style=\"color: #444444;\">Ninguna obra literaria de la India cl\u00e1sica ha tenido la suerte, en Occidente, como el\u00a0<\/span><em style=\"color: #444444;\">Kamasutra<\/em><span style=\"color: #444444;\">, el libro de arte er\u00f3tico escrito e ilustrado por Mallanaga Vatsyayana en el siglo III d. C., \u00a0el que no s\u00f3lo expone posiciones sexuales, explora las relaciones, en general, entre hombres y mujeres. All\u00e1, en la India, desde el inicio de su historia las mujeres no son m\u00e1s que la prolongaci\u00f3n de un hombre, del que dependen siempre y al que siguen en su destino incluso en el m\u00e1s all\u00e1. Generalmente consideradas seres peligrosos a impuros, la ortodoxia las excluye del aprendizaje de la ciencia sagrada y de participar en el rito v\u00e9dico, asimil\u00e1ndolas a los estratos m\u00e1s bajos, serviles, de la colectividad.<\/span><br style=\"color: #444444;\" \/><br style=\"color: #444444;\" \/><span style=\"color: #444444;\">Podr\u00edamos pensar que, al considerarlas seres inferiores, tambi\u00e9n en el \u00e1mbito er\u00f3tico se concibe a la mujer s\u00f3lo como un instrumento para el placer masculino. Pero, por una especie de milagro cultural, sucede todo lo contrario; dado que el amor es su misi\u00f3n reconocida, en la intimidad ella adquiere paridad absoluta con el hombre. Por otra parte, \u00bfc\u00f3mo se podr\u00eda alcanzar la verdadera satisfacci\u00f3n del deseo sin la participaci\u00f3n y los estremecimientos de ambos? Toda la literatura s\u00e1nscrita no cesa de proponer como modelo a una compa\u00f1era de vida satisfecha en la intimidad, sin ego\u00edsmos, y a la que se le consiente. Para Vatsyayana este es un punto firme. Muchas de las partes del Kamasutra, en particular la secci\u00f3n sobre el amor f\u00edsico, resultar\u00edan inconcebibles si en el plano er\u00f3tico las mujeres no fuesen consideradas a todos los efectos iguales a los hombres.<\/span><br style=\"color: #444444;\" \/>\n<\/p>\n<p style=\"text-align: justify;\"><span style=\"color: #444444;\">Mallanaga explor\u00f3, desde hace siglos, las respuestas a la estimulaci\u00f3n lejos de los prejuicios. Un misterio encantador, palpitaciones que desconectan\u2026 un tema de inter\u00e9s y fascinaci\u00f3n \u00a0es el orgasmo femenino, que, a diferencia del masculino, visible por la eyaculaci\u00f3n, el femenino carece de se\u00f1ales evidentes que prueban la obtenci\u00f3n del orgasmo. Tema repleto de tab\u00faes a\u00fan en la actualidad. \u00a0<\/span><br style=\"color: #444444;\" \/>\n<\/p>\n<p style=\"color: #444444; text-align: justify;\" align=\"center\">El orgasmo femenino es a\u00fan un misterio para muchos, despu\u00e9s de a\u00f1os de investigaci\u00f3n, ahora se sabe que justo en el momento del orgasmo, que puede durar hasta 20 segundos, el cerebro de la mujer se \u201cdesactiva\u201d, de esa idea surgi\u00f3 el t\u00e9rmino \u201cla petite mort\u201d.<\/p>\n<p style=\"color: #444444; text-align: justify;\" align=\"center\">Y es que es tan misterios incluso para algunas mujeres que uno de los grandes problemas que dicen tener con respecto a su cl\u00edmax sexual, es que aseguran no saber bien si lo que sientes es o no un orgasmo. Pues bien, a fin de responder esa inquietud y porque el sexo tambi\u00e9n tiene su cultura, algunos investigadores dieron a conocer las etapas para conocer y reconocer uno.<\/p>\n<p style=\"color: #444444; text-align: justify;\" align=\"center\">La respuesta sexual femenina se constituye por cuatro fases: excitaci\u00f3n, meseta, orgasmo y resoluci\u00f3n. Este ciclo podr\u00eda demorar en promedio 20 minutos, con variaciones individuales, a diferencia del hombre que alcanza el orgasmo entre tres y cinco minutos.<\/p>\n<p style=\"color: #444444; text-align: justify;\" align=\"center\">La primera fase, la excitaci\u00f3n, tiene una duraci\u00f3n variable, desde s\u00f3lo unos minutos a varias horas despu\u00e9s de iniciada la estimulaci\u00f3n er\u00f3tica. F\u00edsicamente, la mujer se lubrica, experimenta la expansi\u00f3n de su vagina, hinchaz\u00f3n de los labios mayores y menores de la vagina, cl\u00edtoris y senos. Adem\u00e1s, hay un aceleramiento de los latidos del coraz\u00f3n, de la presi\u00f3n arterial y de la respiraci\u00f3n.<\/p>\n<p style=\"text-align: justify;\"><span style=\"color: #444444;\">En la segunda fase, la meseta, los cambios experimentados en la etapa de excitaci\u00f3n se acent\u00faan. Los labios vaginales se engrosan y cambian levemente de color, adem\u00e1s, las paredes vaginales se llenan de sangre y el orificio vaginal crece. El cl\u00edtoris tambi\u00e9n se llena de sangre. Los latidos del coraz\u00f3n y el pulso contin\u00faan aceler\u00e1ndose.<\/span><br style=\"color: #444444;\" \/><br style=\"color: #444444;\" \/><span style=\"color: #444444;\">La tercera fase, la del orgasmo, es el cl\u00edmax del ciclo. Es la etapa m\u00e1s corta, dura s\u00f3lo unos segundos. En esta etapa, la mujer experimenta una serie de contracciones musculares involuntarias en la vagina, \u00fatero y\/o recto, las cuales resultan muy placenteras. &#8211;\u00a0<\/span><\/p>\n<p style=\"color: #444444; text-align: justify;\" align=\"center\">La cuarta fase, la de resoluci\u00f3n, se caracteriza por el retorno a un estado de reposo. Esta fase puede durar de cinco hasta 60 minutos. Aqu\u00ed es cuando se regresa al estado previo a la estimulaci\u00f3n. Durante esta fase algunas mujeres pueden responder a estimulaci\u00f3n adicional luego del orgasmo, a diferencia del hombre, quien despu\u00e9s de la eyaculaci\u00f3n no responde a est\u00edmulos. Es importante considerar que la mujer presenta una fase de resoluci\u00f3n mucho m\u00e1s larga que la del hombre, por lo que muchas sienten la necesidad de seguir acarici\u00e1ndose con su pareja o de mantener un estado de intimidad.<\/p>\n<p style=\"color: #444444; text-align: justify;\" align=\"center\">Seg\u00fan cerebros escaneados en mujeres durante el proceso para generar un orgasmo, la mayor parte del cerebro \u201cse apaga\u201d, como si de alg\u00fan apag\u00f3n provocado por una explosi\u00f3n se tratara. El rasgo del orgasmo es temporal: es la p\u00e9rdida de la conciencia.<\/p>\n<p style=\"color: #444444; text-align: justify;\" align=\"center\">Quiz\u00e1, mujeres que dicen no alcanzar el orgasmo sea porque lo convierten en un asunto de frustraci\u00f3n, porque, \u00a0como dice Erica Jong en\u00a0<i>Ballada de cada mujer<\/i>\u00a0(1990): Es extra\u00f1o que nosotros, los seres humanos, nos alejemos tanto de la naturaleza tambi\u00e9n al hacer el amor, que la espera del orgasmo, el ansia por alcanzarlo, vuelven teol\u00f3gico a este sentimiento; lo convierten en un asunto de ansias, espera y presi\u00f3n.<\/p>\n<p style=\"color: #444444; text-align: justify;\" align=\"center\">\n<p style=\"color: #444444; text-align: justify;\" align=\"center\">Al final del<em>\u00a0Kamasutra<\/em>,Vatsyayana escribe:\u00a0una persona conocedora de los verdaderos principios de este conocimiento, que preserva su\u00a0<i>dharma<\/i>\u00a0[virtud o m\u00e9rito religioso], su\u00a0<i>artha<\/i>\u00a0[riqueza material] y su\u00a0<i>kama<\/i>\u00a0[placer sexual] y que tiene cuidado con las costumbres de las personas, seguramente obtendr\u00e1 el control sobre sus sentidos. Es decir, un hombre inteligente y conocedor que cuide tanto\u00a0<i>dharma<\/i>\u00a0como<i>artha<\/i>\u00a0y\u00a0<i>kama<\/i>, que no se vuelva esclavo de sus pasiones, obtendr\u00e1 el \u00e9xito en todo lo que quiera hacer.<\/p>\n<p>Fuente:\u00a0Centro Chileno de Sexualidad. &#8211; See more at: http:\/\/culturacolectiva.com\/el-camino-hacia-el-orgasmo-femenino\/#sthash.HTfG2ZHJ.dpuf<\/p>\n<p style=\"text-align: justify;\">\n","protected":false},"excerpt":{"rendered":"<p>El orgasmo es el gran comedor de palabras. S\u00f3lo permite el gemido, el aullido, la expresi\u00f3n infrahumana, pero no la palabra. &#8211;\u00a0 &nbsp; &nbsp; Ninguna obra literaria de la India cl\u00e1sica ha tenido la suerte, en Occidente, como el\u00a0Kamasutra, el libro de arte er\u00f3tico escrito e ilustrado por Mallanaga Vatsyayana en el siglo III d. [&hellip;]<\/p>\n","protected":false},"featured_media":4622,"template":"","meta":[],"product_brand":[],"product_cat":[],"product_tag":[181,147,154,177,146,145],"class_list":{"0":"post-4621","1":"product","2":"type-product","3":"status-publish","4":"has-post-thumbnail","6":"product_tag-orgasmos","7":"product_tag-rio-grande","8":"product_tag-sexshop","9":"product_tag-sexualidad","10":"product_tag-tierra-del-fuego","11":"product_tag-ushuaia","13":"first","14":"instock","15":"shipping-taxable","16":"product-type-simple"},"_links":{"self":[{"href":"https:\/\/sexysiempre.com\/web\/wp-json\/wp\/v2\/product\/4621","targetHints":{"allow":["GET"]}}],"collection":[{"href":"https:\/\/sexysiempre.com\/web\/wp-json\/wp\/v2\/product"}],"about":[{"href":"https:\/\/sexysiempre.com\/web\/wp-json\/wp\/v2\/types\/product"}],"wp:featuredmedia":[{"embeddable":true,"href":"https:\/\/sexysiempre.com\/web\/wp-json\/wp\/v2\/media\/4622"}],"wp:attachment":[{"href":"https:\/\/sexysiempre.com\/web\/wp-json\/wp\/v2\/media?parent=4621"}],"wp:term":[{"taxonomy":"product_brand","embeddable":true,"href":"https:\/\/sexysiempre.com\/web\/wp-json\/wp\/v2\/product_brand?post=4621"},{"taxonomy":"product_cat","embeddable":true,"href":"https:\/\/sexysiempre.com\/web\/wp-json\/wp\/v2\/product_cat?post=4621"},{"taxonomy":"product_tag","embeddable":true,"href":"https:\/\/sexysiempre.com\/web\/wp-json\/wp\/v2\/product_tag?post=4621"}],"curies":[{"name":"wp","href":"https:\/\/api.w.org\/{rel}","templated":true}]}}